{"id":3264,"date":"2024-02-07T17:44:19","date_gmt":"2024-02-07T17:44:19","guid":{"rendered":""},"modified":"2026-03-09T10:32:03","modified_gmt":"2026-03-09T09:32:03","slug":"stativ-fuer-laborruehrer-125x200mm","status":"publish","type":"product","link":"https:\/\/ptm-mechatronics.com\/fr\/product\/stativ-fuer-laborruehrer-125x200mm\/","title":{"rendered":"Statif pour agitateur de laboratoire 125x200mm"},"content":{"rendered":"<p>Ce pied pratique vous offre une possibilit\u00e9 de fixation stable et rapide pour les agitateurs de laboratoire et autres \u00e9quipements de laboratoire. Deux pinces \u00e0 vis permettent de fixer l'\u00e9quipement de mani\u00e8re flexible sur le statif, de sorte que votre application est rapidement et fiablement pr\u00eate \u00e0 l'emploi.<\/p>\n<p>Nos agitateurs de laboratoire eco-Lab et eco-Lab INOX peuvent \u00eatre mont\u00e9s directement et facilement sur le statif gr\u00e2ce \u00e0 leur tige de montage int\u00e9gr\u00e9e. Cela permet un positionnement s\u00fbr et une manipulation confortable pour les applications de laboratoire les plus diverses.<\/p>","protected":false},"excerpt":{"rendered":"<p>Petit tr\u00e9pied pratique pour les r\u00e9cipients d'un diam\u00e8tre maximal de 150 mm, y compris deux pinces \u00e0 vis.<\/p>","protected":false},"featured_media":15327,"comment_status":"open","ping_status":"closed","template":"","meta":{"_acf_changed":false},"product_brand":[],"product_cat":[595,596],"product_tag":[],"class_list":{"0":"post-3264","1":"product","2":"type-product","3":"status-publish","4":"has-post-thumbnail","6":"product_cat-ruehrwerkstechnik","7":"product_cat-laborruehrer","8":"product_shipping_class-karton-paketversand","9":"pa_grundflaeche-125x200mm","10":"pa_hoehe-500mm","11":"pa_stabdurchmesser-10mm","13":"first","14":"instock","15":"taxable","16":"shipping-taxable","17":"purchasable","18":"product-type-simple"},"bundled_by":[],"bundle_stock_status":"instock","bundle_stock_quantity":null,"bundle_virtual":false,"bundle_layout":"","bundle_add_to_cart_form_location":"","bundle_editable_in_cart":false,"bundle_sold_individually_context":"","bundle_item_grouping":"","bundle_min_size":"","bundle_max_size":"","bundle_price":[],"bundled_items":[],"bundle_sell_ids":[],"exclude_global_add_ons":[],"addons":[],"acf":[],"_links":{"self":[{"href":"https:\/\/ptm-mechatronics.com\/fr\/wp-json\/wp\/v2\/product\/3264","targetHints":{"allow":["GET"]}}],"collection":[{"href":"https:\/\/ptm-mechatronics.com\/fr\/wp-json\/wp\/v2\/product"}],"about":[{"href":"https:\/\/ptm-mechatronics.com\/fr\/wp-json\/wp\/v2\/types\/product"}],"replies":[{"embeddable":true,"href":"https:\/\/ptm-mechatronics.com\/fr\/wp-json\/wp\/v2\/comments?post=3264"}],"wp:featuredmedia":[{"embeddable":true,"href":"https:\/\/ptm-mechatronics.com\/fr\/wp-json\/wp\/v2\/media\/15327"}],"wp:attachment":[{"href":"https:\/\/ptm-mechatronics.com\/fr\/wp-json\/wp\/v2\/media?parent=3264"}],"wp:term":[{"taxonomy":"product_brand","embeddable":true,"href":"https:\/\/ptm-mechatronics.com\/fr\/wp-json\/wp\/v2\/product_brand?post=3264"},{"taxonomy":"product_cat","embeddable":true,"href":"https:\/\/ptm-mechatronics.com\/fr\/wp-json\/wp\/v2\/product_cat?post=3264"},{"taxonomy":"product_tag","embeddable":true,"href":"https:\/\/ptm-mechatronics.com\/fr\/wp-json\/wp\/v2\/product_tag?post=3264"}],"curies":[{"name":"wp","href":"https:\/\/api.w.org\/{rel}","templated":true}]}}