{"id":3247,"date":"2024-02-07T17:44:19","date_gmt":"2024-02-07T17:44:19","guid":{"rendered":""},"modified":"2026-03-09T10:30:25","modified_gmt":"2026-03-09T09:30:25","slug":"laborruehrer-eco-lab-450-inox","status":"publish","type":"product","link":"https:\/\/ptm-mechatronics.com\/fr\/product\/laborruehrer-eco-lab-450-inox\/","title":{"rendered":"Agitateur de laboratoire eco-Lab 450 INOX"},"content":{"rendered":"<p class=\"translation-block\" data-start=\"196\" data-end=\"555\">L\"<strong data-start=\"200\" data-end=\"228\">agitateur de laboratoire eco-Lab INOX<\/strong> est fabriqu\u00e9 en <strong data-start=\"251\" data-end=\"275\">inox V4A 1.4404<\/strong> de haute qualit\u00e9 et convainc par sa robustesse, son hygi\u00e8ne et sa performance exceptionnelles. \u00c9quip\u00e9 de l'efficace <strong data-start=\"406\" data-end=\"428\">moteur d'agitation eco<\/strong>, du <strong data-start=\"430\" data-end=\"452\">mandrin \u00e0 serrage rapide<\/strong> et de la <strong data-start=\"457\" data-end=\"472\">tige de montage<\/strong>, l'eco-Lab INOX s'int\u00e8gre sans peine dans les applications les plus diverses.<\/p>\n<p class=\"translation-block\" data-start=\"557\" data-end=\"961\">Sa <strong data-start=\"563\" data-end=\"583\">faible vitesse de rotation<\/strong> associ\u00e9e \u00e0 un <strong data-start=\"601\" data-end=\"626\">couple tr\u00e8s \u00e9lev\u00e9<\/strong> permet un m\u00e9lange fiable et homog\u00e8ne de toutes les substances - des produits \u00e0 faible \u00e0 forte viscosit\u00e9. Gr\u00e2ce \u00e0 <strong data-start=\"749\" data-end=\"783\">des surfaces en acier inoxydable polies<\/strong> et <strong data-start=\"788\" data-end=\"808\">un design soft-edge<\/strong> (peu d'ar\u00eates et de contre-d\u00e9pouilles), le eco-Lab INOX est sp\u00e9cialement con\u00e7u pour une utilisation dans les <strong data-start=\"896\" data-end=\"910\">salles blanches<\/strong> et <strong data-start=\"915\" data-end=\"949\">zones sensibles en mati\u00e8re d'hygi\u00e8ne<\/strong>.<\/p>\n<p class=\"\" data-start=\"963\" data-end=\"994\">Les avantages en un coup d'\u0153il :<\/p>\n<ul>\n<li data-start=\"997\" data-end=\"1033\">Fabriqu\u00e9 en acier inoxydable V4A 1.4404<\/li>\n<li data-start=\"997\" data-end=\"1033\">Haut niveau d'hygi\u00e8ne pour les salles blanches<\/li>\n<li data-start=\"997\" data-end=\"1033\">Convient aux fluides \u00e0 faible et haute viscosit\u00e9<\/li>\n<li data-start=\"997\" data-end=\"1033\">Couple \u00e9lev\u00e9 \u00e0 bas r\u00e9gime<\/li>\n<li data-start=\"997\" data-end=\"1033\">Int\u00e9gration rapide gr\u00e2ce \u00e0 la barre de montage et au mandrin \u00e0 serrage rapide<\/li>\n<li data-start=\"997\" data-end=\"1033\">Surfaces polies et r\u00e9sistantes<\/li>\n<li data-start=\"997\" data-end=\"1033\">Durable et facile \u00e0 entretenir<\/li>\n<\/ul>\n<p><span style=\"font-size: 75%;\">Livr\u00e9 sans pied ni r\u00e9cipient<\/span><\/p>","protected":false},"excerpt":{"rendered":"<p>Agitateur de laboratoire en acier inoxydable V4A 1.4404 de haute qualit\u00e9 avec un couple \u00e9lev\u00e9 \u00e0 faible vitesse, design hygi\u00e9nique pour une utilisation fiable en salles blanches, pour des substances de faible \u00e0 haute viscosit\u00e9.<\/p>","protected":false},"featured_media":15323,"comment_status":"open","ping_status":"closed","template":"","meta":{"_acf_changed":false},"product_brand":[],"product_cat":[595,596],"product_tag":[2835,2836,2837,2838,2839,2840,2841,2842,2843,2834],"class_list":{"0":"post-3247","1":"product","2":"type-product","3":"status-publish","4":"has-post-thumbnail","6":"product_cat-ruehrwerkstechnik","7":"product_cat-laborruehrer","8":"product_tag-eco-lab-inox","9":"product_tag-ruehrwerk-v4a-edelstahl","10":"product_tag-laborruehrwerk-kaufen","11":"product_tag-hygieneruehrwerk-reinraum","12":"product_tag-ruehrwerk-fuer-hochviskose-substanzen","13":"product_tag-ruehrwerk-mit-hohem-drehmoment","14":"product_tag-schnellspannfutter-ruehrwerk","15":"product_tag-laborruehrer-fuer-reinraum","16":"product_tag-hygienisches-ruehrwerk-edelstahl","17":"product_tag-laborruehrer-edelstahl","18":"product_shipping_class-karton-paketversand","19":"pa_antriebsart-pneumatisch","20":"pa_atex-zone-122122","21":"pa_dichtung-ptfe-fda-konform","22":"pa_drehmoment-4nm","23":"pa_drehzahl-0-300-1-min","24":"pa_durchmesser-106mm","25":"pa_ex-gas-ex-ii-2-g-ex-h-iic-t5-gb-x","26":"pa_ex-staub-ex-ii-2-d-ex-h-iiic-t100c-db-x","27":"pa_geraeuschpegel-75db","28":"pa_labeling-lasergravur","29":"pa_labs-oel-und-silikonfrei","30":"pa_material-gehaeuse-v4a-edelstahl-1-4404-elektropoliert","31":"pa_mittlerer-luftverbrauch-25l-min","32":"pa_model-eco-lab-450-inox","33":"pa_montagestab-d12mm","34":"pa_reinraumklassifizierung-iso1-nach-din14644","35":"pa_schutzart-ip68","36":"pa_steckverschraubung-abluft-schlauch-o10mm","37":"pa_steckverschraubung-zuluft-schlauch-o6mm","38":"pa_versorgung-5-6bar","40":"first","41":"instock","42":"taxable","43":"shipping-taxable","44":"purchasable","45":"product-type-simple"},"bundled_by":[],"bundle_stock_status":"instock","bundle_stock_quantity":null,"bundle_virtual":false,"bundle_layout":"","bundle_add_to_cart_form_location":"","bundle_editable_in_cart":false,"bundle_sold_individually_context":"","bundle_item_grouping":"","bundle_min_size":"","bundle_max_size":"","bundle_price":[],"bundled_items":[],"bundle_sell_ids":[],"exclude_global_add_ons":[],"addons":[],"acf":[],"_links":{"self":[{"href":"https:\/\/ptm-mechatronics.com\/fr\/wp-json\/wp\/v2\/product\/3247","targetHints":{"allow":["GET"]}}],"collection":[{"href":"https:\/\/ptm-mechatronics.com\/fr\/wp-json\/wp\/v2\/product"}],"about":[{"href":"https:\/\/ptm-mechatronics.com\/fr\/wp-json\/wp\/v2\/types\/product"}],"replies":[{"embeddable":true,"href":"https:\/\/ptm-mechatronics.com\/fr\/wp-json\/wp\/v2\/comments?post=3247"}],"wp:featuredmedia":[{"embeddable":true,"href":"https:\/\/ptm-mechatronics.com\/fr\/wp-json\/wp\/v2\/media\/15323"}],"wp:attachment":[{"href":"https:\/\/ptm-mechatronics.com\/fr\/wp-json\/wp\/v2\/media?parent=3247"}],"wp:term":[{"taxonomy":"product_brand","embeddable":true,"href":"https:\/\/ptm-mechatronics.com\/fr\/wp-json\/wp\/v2\/product_brand?post=3247"},{"taxonomy":"product_cat","embeddable":true,"href":"https:\/\/ptm-mechatronics.com\/fr\/wp-json\/wp\/v2\/product_cat?post=3247"},{"taxonomy":"product_tag","embeddable":true,"href":"https:\/\/ptm-mechatronics.com\/fr\/wp-json\/wp\/v2\/product_tag?post=3247"}],"curies":[{"name":"wp","href":"https:\/\/api.w.org\/{rel}","templated":true}]}}