{"id":3240,"date":"2024-02-07T17:44:19","date_gmt":"2024-02-07T17:44:19","guid":{"rendered":""},"modified":"2026-03-09T10:29:18","modified_gmt":"2026-03-09T09:29:18","slug":"laborruehrer-eco-lab-900g","status":"publish","type":"product","link":"https:\/\/ptm-mechatronics.com\/fr\/product\/laborruehrer-eco-lab-900g\/","title":{"rendered":"Agitateur de laboratoire eco-Lab 900G"},"content":{"rendered":"<p data-start=\"211\" data-end=\"592\"><span class=\"_fadeIn_pfttw_8\">Le site <\/span><span class=\"_fadeIn_pfttw_8\">Agitateur de laboratoire <\/span><span class=\"_fadeIn_pfttw_8\">eco-<\/span><span class=\"_fadeIn_pfttw_8\">Lab<\/span> <span class=\"_fadeIn_pfttw_8\">est <\/span><span class=\"_fadeIn_pfttw_8\">avec <\/span><span class=\"_fadeIn_pfttw_8\">le site <\/span><span class=\"_fadeIn_pfttw_8\">puissant <\/span><span class=\"_fadeIn_pfttw_8\">Moteur d'agitation <\/span><span class=\"_fadeIn_pfttw_8\">eco<\/span><span class=\"_fadeIn_pfttw_8\">, <\/span><span class=\"_fadeIn_pfttw_8\">un <\/span><span class=\"_fadeIn_pfttw_8\">Mandrin \u00e0 serrage rapide<\/span> <span class=\"_fadeIn_pfttw_8\">et <\/span><span class=\"_fadeIn_pfttw_8\">Tige de montage<\/span> <span class=\"_fadeIn_pfttw_8\">\u00e9quip\u00e9 <\/span><span class=\"_fadeIn_pfttw_8\">et <\/span><span class=\"_fadeIn_pfttw_8\">laisse <\/span><span class=\"_fadeIn_pfttw_8\">se <\/span><span class=\"_fadeIn_pfttw_8\">sans effort <\/span><span class=\"_fadeIn_pfttw_8\">dans <\/span><span class=\"_fadeIn_pfttw_8\">les plus divers <\/span><span class=\"_fadeIn_pfttw_8\">Processus <\/span><span class=\"_fadeIn_pfttw_8\">int\u00e9grer. <\/span><span class=\"_fadeIn_pfttw_8\">Gr\u00e2ce \u00e0 <\/span><span class=\"_fadeIn_pfttw_8\">ATEX-<\/span><span class=\"_fadeIn_pfttw_8\">Certification <\/span><span class=\"_fadeIn_pfttw_8\">pour <\/span><span class=\"_fadeIn_pfttw_8\">Zone <\/span><span class=\"_fadeIn_pfttw_8\">1<\/span> <span class=\"_fadeIn_pfttw_8\">convient <\/span><span class=\"_fadeIn_pfttw_8\">se <\/span><span class=\"_fadeIn_pfttw_8\">le <\/span><span class=\"_fadeIn_pfttw_8\">Agitateur <\/span><span class=\"_fadeIn_pfttw_8\">id\u00e9al <\/span><span class=\"_fadeIn_pfttw_8\">pour <\/span><span class=\"_fadeIn_pfttw_8\">le site <\/span><span class=\"_fadeIn_pfttw_8\">Utilisation <\/span><span class=\"_fadeIn_pfttw_8\">dans <\/span><span class=\"_fadeIn_pfttw_8\">\u00e0 risque d'explosion <\/span><span class=\"_fadeIn_pfttw_8\">Domaines<\/span> <span class=\"_fadeIn_pfttw_8\">le <\/span><span class=\"_fadeIn_pfttw_8\">Chimie-, <\/span><span class=\"_fadeIn_pfttw_8\">Pharma- <\/span><span class=\"_fadeIn_pfttw_8\">ou <\/span><span class=\"_fadeIn_pfttw_8\">Industrie de transformation<\/span><span class=\"_fadeIn_pfttw_8\">.<\/span><\/p>\n<p data-start=\"594\" data-end=\"1051\"><span class=\"_fadeIn_pfttw_8\">Son <\/span><span class=\"_fadeIn_pfttw_8\">faible <\/span><span class=\"_fadeIn_pfttw_8\">Niveau de vitesse<\/span> <span class=\"_fadeIn_pfttw_8\">chez <\/span><span class=\"_fadeIn_pfttw_8\">en m\u00eame temps <\/span><span class=\"_fadeIn_pfttw_8\">tr\u00e8s <\/span><span class=\"_fadeIn_pfttw_8\">\u00e9lev\u00e9 <\/span><span class=\"_fadeIn_pfttw_8\">Couple de rotation<\/span> <span class=\"_fadeIn_pfttw_8\">assure <\/span><span class=\"_fadeIn_pfttw_8\">pour <\/span><span class=\"_fadeIn_pfttw_8\">un <\/span><span class=\"_fadeIn_pfttw_8\">uniforme, <\/span><span class=\"_fadeIn_pfttw_8\">fiable <\/span><span class=\"_fadeIn_pfttw_8\">M\u00e9lange <\/span><span class=\"_fadeIn_pfttw_8\">de tous les <\/span><span class=\"_fadeIn_pfttw_8\">Substances - <\/span><span class=\"_fadeIn_pfttw_8\">de <\/span><span class=\"_fadeIn_pfttw_8\">\u00e0 faible viscosit\u00e9 <\/span><span class=\"_fadeIn_pfttw_8\">Liquides <\/span><span class=\"_fadeIn_pfttw_8\">jusqu'\u00e0 <\/span><span class=\"_fadeIn_pfttw_8\">sur <\/span><span class=\"_fadeIn_pfttw_8\">\u00e0 haute viscosit\u00e9 <\/span><span class=\"_fadeIn_pfttw_8\">M\u00e9dias<\/span><span class=\"_fadeIn_pfttw_8\">. <\/span><span class=\"_fadeIn_pfttw_8\">Un <\/span><span class=\"_fadeIn_pfttw_8\">int\u00e9gr\u00e9 <\/span><span class=\"_fadeIn_pfttw_8\">Bloc de connexion<\/span> <span class=\"_fadeIn_pfttw_8\">permet <\/span><span class=\"_fadeIn_pfttw_8\">le site <\/span><span class=\"_fadeIn_pfttw_8\">simple <\/span><span class=\"_fadeIn_pfttw_8\">Raccordement <\/span><span class=\"_fadeIn_pfttw_8\">de <\/span><span class=\"_fadeIn_pfttw_8\">Zu- <\/span><span class=\"_fadeIn_pfttw_8\">et <\/span><span class=\"_fadeIn_pfttw_8\">Air sortant<\/span><span class=\"_fadeIn_pfttw_8\">, <\/span><span class=\"_fadeIn_pfttw_8\">pendant <\/span><span class=\"_fadeIn_pfttw_8\">un <\/span><span class=\"_fadeIn_pfttw_8\">pr\u00e9cis <\/span><span class=\"_fadeIn_pfttw_8\">Vanne \u00e0 pointeau <\/span><span class=\"_fadeIn_pfttw_8\">avec <\/span><span class=\"_fadeIn_pfttw_8\">\u00c9chelle<\/span> <span class=\"_fadeIn_pfttw_8\">le <\/span><span class=\"_fadeIn_pfttw_8\">en continu <\/span><span class=\"_fadeIn_pfttw_8\">R\u00e9gulation de la vitesse <\/span><span class=\"_fadeIn_pfttw_8\">autorise <\/span><span class=\"_fadeIn_pfttw_8\">et <\/span><span class=\"_fadeIn_pfttw_8\">se <\/span><span class=\"_fadeIn_pfttw_8\">par <\/span><span class=\"_fadeIn_pfttw_8\">Appuyer sur un bouton <\/span><span class=\"_fadeIn_pfttw_8\">en toute s\u00e9curit\u00e9 <\/span><span class=\"_fadeIn_pfttw_8\">verrouiller<\/span> <span class=\"_fadeIn_pfttw_8\">laisse.<\/span><\/p>\n<p data-start=\"1053\" data-end=\"1084\"><span class=\"_fadeIn_pfttw_8\">Avantages <\/span><span class=\"_fadeIn_pfttw_8\">sur <\/span><span class=\"_fadeIn_pfttw_8\">un <\/span><span class=\"_fadeIn_pfttw_8\">Regard :<\/span><\/p>\n<ul>\n<li data-start=\"1087\" data-end=\"1117\"><span class=\"_fadeIn_pfttw_8\">ATEX-<\/span><span class=\"_fadeIn_pfttw_8\">certifi\u00e9 <\/span><span class=\"_fadeIn_pfttw_8\">pour <\/span><span class=\"_fadeIn_pfttw_8\">Zone <\/span><span class=\"_fadeIn_pfttw_8\">1<\/span><\/li>\n<li data-start=\"1087\" data-end=\"1117\"><span class=\"_fadeIn_pfttw_8\">Plus efficace <\/span><span class=\"_fadeIn_pfttw_8\">Moteur d'agitation <\/span><span class=\"_fadeIn_pfttw_8\">eco<\/span><\/li>\n<li data-start=\"1087\" data-end=\"1117\"><span class=\"_fadeIn_pfttw_8\">Mandrin \u00e0 serrage rapide &amp; <\/span><span class=\"_fadeIn_pfttw_8\">Tige de montage <\/span><span class=\"_fadeIn_pfttw_8\">y compris<\/span><\/li>\n<li data-start=\"1087\" data-end=\"1117\"><span class=\"_fadeIn_pfttw_8\">Pour <\/span><span class=\"_fadeIn_pfttw_8\">bas- <\/span><span class=\"_fadeIn_pfttw_8\">et <\/span><span class=\"_fadeIn_pfttw_8\">haute viscosit\u00e9 <\/span><span class=\"_fadeIn_pfttw_8\">M\u00e9dias<\/span><\/li>\n<li data-start=\"1087\" data-end=\"1117\"><span class=\"_fadeIn_pfttw_8\">Un couple puissant <\/span><span class=\"_fadeIn_pfttw_8\">chez <\/span><span class=\"_fadeIn_pfttw_8\">faible <\/span><span class=\"_fadeIn_pfttw_8\">Vitesse de rotation<\/span><\/li>\n<li data-start=\"1087\" data-end=\"1117\"><span class=\"_fadeIn_pfttw_8\">R\u00e9glage continu <\/span><span class=\"_fadeIn_pfttw_8\">R\u00e9gulation de la vitesse <\/span><span class=\"_fadeIn_pfttw_8\">avec <\/span><span class=\"_fadeIn_pfttw_8\">Vanne \u00e0 pointeau<\/span><\/li>\n<li data-start=\"1087\" data-end=\"1117\"><span class=\"_fadeIn_pfttw_8\">Simple <\/span><span class=\"_fadeIn_pfttw_8\">Raccords d'air <\/span><span class=\"_fadeIn_pfttw_8\">sur <\/span><span class=\"_fadeIn_pfttw_8\">Bloc de connexion<\/span><\/li>\n<li data-start=\"1087\" data-end=\"1117\"><span class=\"_fadeIn_pfttw_8\">En toute s\u00e9curit\u00e9 <\/span><span class=\"_fadeIn_pfttw_8\">verrouillable <\/span><span class=\"_fadeIn_pfttw_8\">par <\/span><span class=\"_fadeIn_pfttw_8\">Bouton-pression<\/span><\/li>\n<\/ul>\n<p><span style=\"font-size: 75%;\">Livr\u00e9 sans pied ni r\u00e9cipient<\/span><\/p>","protected":false},"excerpt":{"rendered":"<p class=\"translation-block\"><span class=\"_fadeIn_pfttw_8\">ATEX-<\/span><span class=\"_fadeIn_pfttw_8\">agitateur certifi\u00e9 <\/span><span class=\"_fadeIn_pfttw_8\">de laboratoire<\/span> <span class=\"_fadeIn_pfttw_8\">avec <\/span><span class=\"_fadeIn_pfttw_8\">moteur d'agitation \u00e0 haute performance <\/span><span class=\"_fadeIn_pfttw_8\">, <\/span><span class=\"_fadeIn_pfttw_8\">mandrin \u00e0 serrage rapide <\/span><span class=\"_fadeIn_pfttw_8\">et <\/span><span class=\"_fadeIn_pfttw_8\">vitesse de rotation r\u00e9glable en continu <\/span><span class=\"_fadeIn_pfttw_8\">, <\/span><span class=\"_fadeIn_pfttw_8\">pour <\/span><span class=\"_fadeIn_pfttw_8\">zones \u00e0 risque d'explosion <\/span><span class=\"_fadeIn_pfttw_8\"><\/span><span class=\"_fadeIn_pfttw_8\">de la <\/span><span class=\"_fadeIn_pfttw_8\">ATEX <\/span><span class=\"_fadeIn_pfttw_8\">zone <\/span><span class=\"_fadeIn_pfttw_8\">1, pour<\/span> <span class=\"_fadeIn_pfttw_8\">substances de faible <\/span><span class=\"_fadeIn_pfttw_8\">\u00e0 <\/span><span class=\"_fadeIn_pfttw_8\">viscosit\u00e9 \u00e9lev\u00e9e <\/span><span class=\"_fadeIn_pfttw_8\">.<\/span><\/p>","protected":false},"featured_media":15322,"comment_status":"open","ping_status":"closed","template":"","meta":{"_acf_changed":false},"product_brand":[],"product_cat":[595,596],"product_tag":[],"class_list":{"0":"post-3240","1":"product","2":"type-product","3":"status-publish","4":"has-post-thumbnail","6":"product_cat-ruehrwerkstechnik","7":"product_cat-laborruehrer","8":"product_shipping_class-karton-paketversand","9":"pa_antriebsart-pneumatisch","10":"pa_atex-zone-122122","11":"pa_dichtung-ptfe","12":"pa_drehmoment-4nm","13":"pa_drehzahl-0-600-1-min","14":"pa_durchmesser-106mm","15":"pa_ex-gas-ex-ii-2-g-ex-h-iic-t5-gb-x","16":"pa_ex-staub-ex-ii-2-d-ex-h-iiic-t100c-db-x","17":"pa_geraeuschpegel-75db","18":"pa_labs-oel-und-silikonfrei","19":"pa_material-gehaeuse-aluminium-eloxiert","20":"pa_mittlerer-luftverbrauch-50l-min","21":"pa_model-eco-lab-900g","22":"pa_montagestab-d12mm","23":"pa_schutzart-ip67","24":"pa_steckverschraubung-abluft-schlauch-o10mm","25":"pa_steckverschraubung-zuluft-schlauch-o6mm","26":"pa_versorgung-5-6bar","28":"first","29":"instock","30":"taxable","31":"shipping-taxable","32":"purchasable","33":"product-type-simple"},"bundled_by":[],"bundle_stock_status":"instock","bundle_stock_quantity":null,"bundle_virtual":false,"bundle_layout":"","bundle_add_to_cart_form_location":"","bundle_editable_in_cart":false,"bundle_sold_individually_context":"","bundle_item_grouping":"","bundle_min_size":"","bundle_max_size":"","bundle_price":[],"bundled_items":[],"bundle_sell_ids":[],"exclude_global_add_ons":[],"addons":[],"acf":[],"_links":{"self":[{"href":"https:\/\/ptm-mechatronics.com\/fr\/wp-json\/wp\/v2\/product\/3240","targetHints":{"allow":["GET"]}}],"collection":[{"href":"https:\/\/ptm-mechatronics.com\/fr\/wp-json\/wp\/v2\/product"}],"about":[{"href":"https:\/\/ptm-mechatronics.com\/fr\/wp-json\/wp\/v2\/types\/product"}],"replies":[{"embeddable":true,"href":"https:\/\/ptm-mechatronics.com\/fr\/wp-json\/wp\/v2\/comments?post=3240"}],"wp:featuredmedia":[{"embeddable":true,"href":"https:\/\/ptm-mechatronics.com\/fr\/wp-json\/wp\/v2\/media\/15322"}],"wp:attachment":[{"href":"https:\/\/ptm-mechatronics.com\/fr\/wp-json\/wp\/v2\/media?parent=3240"}],"wp:term":[{"taxonomy":"product_brand","embeddable":true,"href":"https:\/\/ptm-mechatronics.com\/fr\/wp-json\/wp\/v2\/product_brand?post=3240"},{"taxonomy":"product_cat","embeddable":true,"href":"https:\/\/ptm-mechatronics.com\/fr\/wp-json\/wp\/v2\/product_cat?post=3240"},{"taxonomy":"product_tag","embeddable":true,"href":"https:\/\/ptm-mechatronics.com\/fr\/wp-json\/wp\/v2\/product_tag?post=3240"}],"curies":[{"name":"wp","href":"https:\/\/api.w.org\/{rel}","templated":true}]}}