{"id":15710,"date":"2025-12-01T09:36:52","date_gmt":"2025-12-01T08:36:52","guid":{"rendered":"https:\/\/ptm-mechatronics.com\/?post_type=product&#038;p=15710"},"modified":"2026-01-21T09:12:13","modified_gmt":"2026-01-21T08:12:13","slug":"fasspumpe-hygienic-design-max-foerderleistung","status":"publish","type":"product","link":"https:\/\/ptm-mechatronics.com\/fr\/product\/fasspumpe-hygienic-design-max-foerderleistung\/","title":{"rendered":"Pompe vide-f\u00fbts Hygienic Design 0,8 bar"},"content":{"rendered":"<h1 data-start=\"227\" data-end=\"303\"><span style=\"font-size: 75%;\">Kit de pompe \u00e0 f\u00fbts Design hygi\u00e9nique pour un d\u00e9bit maximal<\/span><\/h1>\n<p>Cette puissante pompe vide-f\u00fbts Hygienic Design a \u00e9t\u00e9 sp\u00e9cialement con\u00e7ue pour les applications exigeantes en mati\u00e8re d'hygi\u00e8ne et combine un d\u00e9bit maximal avec une s\u00e9curit\u00e9 de fonctionnement fiable. Le puissant moteur \u00e0 courant alternatif (850 W, 230 V, 8500 tr\/min) est \u00e9quip\u00e9 d'une protection thermique contre les surcharges, d'un d\u00e9clenchement \u00e0 minimum de tension conform\u00e9ment \u00e0 la directive sur les machines 2006\/42\/CE et d'un indice de protection IP24 - id\u00e9al pour une utilisation dans les secteurs sensibles tels que l'industrie alimentaire, cosm\u00e9tique ou pharmaceutique.<\/p>\n<p>La station de pompage est fabriqu\u00e9e en acier inoxydable de haute qualit\u00e9 (1.4571) et dispose d'une garniture m\u00e9canique \u00e0 longue dur\u00e9e de vie carbone\/c\u00e9ramique\/A4\/FKM ainsi que d'une roue \u00e0 refoulement axial. La profondeur d'immersion est de 1000 mm pour un diam\u00e8tre de tuyau de 40 mm. Le syst\u00e8me est certifi\u00e9 ATEX pour la zone II 1\/2 G IIB T3 et convient donc \u00e9galement aux zones \u00e0 risque d'explosion.<\/p>\n<p>Le kit d'accessoires comprend tous les composants n\u00e9cessaires pour un d\u00e9marrage imm\u00e9diat :<\/p>\n<ul>\n<li>2 m de tuyau en PVC tiss\u00e9 DN25<\/li>\n<li>2x fiches de tuyau en acier inoxydable DN25<\/li>\n<li>2x colliers de serrage en acier inoxydable<\/li>\n<li>1x pistolet de distribution en acier inoxydable\/PTFE<\/li>\n<li>1x adaptateur de f\u00fbt PP<\/li>\n<li>1x support mural<\/li>\n<\/ul>","protected":false},"excerpt":{"rendered":"<p>Pompe vide-f\u00fbts Hygienic Design avec moteur de 850 W, m\u00e9canisme de pompage en acier inoxydable et set d'accessoires pour les applications sensibles en mati\u00e8re d'hygi\u00e8ne avec un d\u00e9bit \u00e9lev\u00e9.<\/p>","protected":false},"featured_media":15716,"comment_status":"closed","ping_status":"closed","template":"","meta":{"_acf_changed":false},"product_brand":[],"product_cat":[3206,3266,3224],"product_tag":[3227,3248,3249,3250,3251,3252,3253,3254,3255],"class_list":{"0":"post-15710","1":"product","2":"type-product","3":"status-publish","4":"has-post-thumbnail","6":"product_cat-pumpentechnik","7":"product_cat-hygienic-design-pumpen","8":"product_cat-fasspumpen","9":"product_tag-fasspumpen-komplettset","10":"product_tag-chemie-fasspumpe","11":"product_tag-fasspumpen-set-chemikalien","12":"product_tag-pvdf-pumpe","13":"product_tag-hastelloy-c-pumpwerk","14":"product_tag-zapfpistole-pvdf-fep","15":"product_tag-schlauch-dn25-chemie","16":"product_tag-fasspumpe-aggressiv","17":"product_tag-pumpwerk-dl-pvdf-hc","18":"product_shipping_class-karton-paketversand","19":"pa_dichtung-kohle-keramik-a4-fkm","20":"pa_foerderleistung-max-100-l-min","21":"pa_leistung-850-watt","22":"pa_material-edelstahl","23":"pa_schutzart-ip24","24":"pa_spannung-230v","26":"first","27":"instock","28":"taxable","29":"shipping-taxable","30":"purchasable","31":"product-type-simple"},"bundled_by":[],"bundle_stock_status":"instock","bundle_stock_quantity":null,"bundle_virtual":false,"bundle_layout":"","bundle_add_to_cart_form_location":"","bundle_editable_in_cart":false,"bundle_sold_individually_context":"","bundle_item_grouping":"","bundle_min_size":"","bundle_max_size":"","bundle_price":[],"bundled_items":[],"bundle_sell_ids":[],"exclude_global_add_ons":[],"addons":[],"acf":[],"_links":{"self":[{"href":"https:\/\/ptm-mechatronics.com\/fr\/wp-json\/wp\/v2\/product\/15710","targetHints":{"allow":["GET"]}}],"collection":[{"href":"https:\/\/ptm-mechatronics.com\/fr\/wp-json\/wp\/v2\/product"}],"about":[{"href":"https:\/\/ptm-mechatronics.com\/fr\/wp-json\/wp\/v2\/types\/product"}],"replies":[{"embeddable":true,"href":"https:\/\/ptm-mechatronics.com\/fr\/wp-json\/wp\/v2\/comments?post=15710"}],"wp:featuredmedia":[{"embeddable":true,"href":"https:\/\/ptm-mechatronics.com\/fr\/wp-json\/wp\/v2\/media\/15716"}],"wp:attachment":[{"href":"https:\/\/ptm-mechatronics.com\/fr\/wp-json\/wp\/v2\/media?parent=15710"}],"wp:term":[{"taxonomy":"product_brand","embeddable":true,"href":"https:\/\/ptm-mechatronics.com\/fr\/wp-json\/wp\/v2\/product_brand?post=15710"},{"taxonomy":"product_cat","embeddable":true,"href":"https:\/\/ptm-mechatronics.com\/fr\/wp-json\/wp\/v2\/product_cat?post=15710"},{"taxonomy":"product_tag","embeddable":true,"href":"https:\/\/ptm-mechatronics.com\/fr\/wp-json\/wp\/v2\/product_tag?post=15710"}],"curies":[{"name":"wp","href":"https:\/\/api.w.org\/{rel}","templated":true}]}}