{"id":15636,"date":"2025-11-21T09:08:42","date_gmt":"2025-11-21T08:08:42","guid":{"rendered":"https:\/\/ptm-mechatronics.com\/?post_type=product&#038;p=15636"},"modified":"2025-11-28T11:26:31","modified_gmt":"2025-11-28T10:26:31","slug":"pumpwerk-fuer-faesser-konzentrierte-saeuren-laugen","status":"publish","type":"product","link":"https:\/\/ptm-mechatronics.com\/fr\/product\/pumpwerk-fuer-faesser-konzentrierte-saeuren-laugen\/","title":{"rendered":"Station de pompage pour f\u00fbts, acides\/bases concentr\u00e9s"},"content":{"rendered":"<h1 data-start=\"242\" data-end=\"330\"><span style=\"font-size: 75%;\"><strong data-start=\"242\" data-end=\"330\">Station de pompage 1.000 mm pour f\u00fbts<br \/>\n<\/strong><\/span><span style=\"font-size: 75%;\">- sans joint, radial, arbre Hastelloy<\/span><\/h1>\n<p>La station de pompage \u00e0 refoulement radial est la solution id\u00e9ale pour manipuler en toute s\u00e9curit\u00e9 et avec un minimum d'entretien des produits chimiquement agressifs et \u00e0 faible viscosit\u00e9.<\/p>\n<p>Le bo\u00eetier est en polypropyl\u00e8ne (PP) r\u00e9sistant aux produits chimiques, l'arbre d'entra\u00eenement robuste en Hastelloy (HC) haute performance offre une excellente protection contre la corrosion, m\u00eame dans des conditions extr\u00eames. La construction sans joint minimise l'entretien et les temps d'arr\u00eat - optimal pour les applications industrielles exigeantes.<\/p>\n<p>Livraison sans moteur<\/p>","protected":false},"excerpt":{"rendered":"<p>Station de pompage PP sans joint avec arbre Hastelloy et refoulement radial pour fluides chimiques agressifs.<\/p>","protected":false},"featured_media":15696,"comment_status":"closed","ping_status":"closed","template":"","meta":{"_acf_changed":false},"product_brand":[],"product_cat":[3206,3224],"product_tag":[],"class_list":{"0":"post-15636","1":"product","2":"type-product","3":"status-publish","4":"has-post-thumbnail","6":"product_cat-pumpentechnik","7":"product_cat-fasspumpen","8":"product_shipping_class-karton-paketversand","9":"pa_laenge-1000mm","10":"pa_material-polypropylen-pp","11":"pa_material-hastelloy-c","13":"first","14":"instock","15":"taxable","16":"shipping-taxable","17":"purchasable","18":"product-type-simple"},"bundled_by":[],"bundle_stock_status":"instock","bundle_stock_quantity":null,"bundle_virtual":false,"bundle_layout":"","bundle_add_to_cart_form_location":"","bundle_editable_in_cart":false,"bundle_sold_individually_context":"","bundle_item_grouping":"","bundle_min_size":"","bundle_max_size":"","bundle_price":[],"bundled_items":[],"bundle_sell_ids":[],"exclude_global_add_ons":[],"addons":[],"acf":[],"_links":{"self":[{"href":"https:\/\/ptm-mechatronics.com\/fr\/wp-json\/wp\/v2\/product\/15636","targetHints":{"allow":["GET"]}}],"collection":[{"href":"https:\/\/ptm-mechatronics.com\/fr\/wp-json\/wp\/v2\/product"}],"about":[{"href":"https:\/\/ptm-mechatronics.com\/fr\/wp-json\/wp\/v2\/types\/product"}],"replies":[{"embeddable":true,"href":"https:\/\/ptm-mechatronics.com\/fr\/wp-json\/wp\/v2\/comments?post=15636"}],"wp:featuredmedia":[{"embeddable":true,"href":"https:\/\/ptm-mechatronics.com\/fr\/wp-json\/wp\/v2\/media\/15696"}],"wp:attachment":[{"href":"https:\/\/ptm-mechatronics.com\/fr\/wp-json\/wp\/v2\/media?parent=15636"}],"wp:term":[{"taxonomy":"product_brand","embeddable":true,"href":"https:\/\/ptm-mechatronics.com\/fr\/wp-json\/wp\/v2\/product_brand?post=15636"},{"taxonomy":"product_cat","embeddable":true,"href":"https:\/\/ptm-mechatronics.com\/fr\/wp-json\/wp\/v2\/product_cat?post=15636"},{"taxonomy":"product_tag","embeddable":true,"href":"https:\/\/ptm-mechatronics.com\/fr\/wp-json\/wp\/v2\/product_tag?post=15636"}],"curies":[{"name":"wp","href":"https:\/\/api.w.org\/{rel}","templated":true}]}}