{"id":15634,"date":"2025-11-20T15:34:25","date_gmt":"2025-11-20T14:34:25","guid":{"rendered":"https:\/\/ptm-mechatronics.com\/?post_type=product&#038;p=15634"},"modified":"2025-11-28T11:25:48","modified_gmt":"2025-11-28T10:25:48","slug":"pumpwerk-fuer-faesser-verduennte-saeuren-laugen","status":"publish","type":"product","link":"https:\/\/ptm-mechatronics.com\/fr\/product\/pumpwerk-fuer-faesser-verduennte-saeuren-laugen\/","title":{"rendered":"Station de pompage pour f\u00fbts, acides\/bases dilu\u00e9s"},"content":{"rendered":"<h1 data-start=\"242\" data-end=\"330\"><span style=\"font-size: 75%;\"><strong data-start=\"242\" data-end=\"330\">Station de pompage 1.000 mm pour f\u00fbts<br \/>\n<\/strong><\/span><span style=\"font-size: 75%;\">- sans joint, axial, arbre en acier inoxydable<\/span><\/h1>\n<p>La station de pompage de f\u00fbts robuste et sans joint convient pour une utilisation fiable dans les applications chimiques et industrielles.<\/p>\n<p>Le bo\u00eetier est en polypropyl\u00e8ne (PP) r\u00e9sistant aux produits chimiques, tandis que l'arbre d'entra\u00eenement est en acier inoxydable de haute qualit\u00e9 (V2A\/Niro). La construction \u00e0 refoulement axial assure un pompage efficace des fluides tout en \u00e9tant peu sensible \u00e0 l'usure. Gr\u00e2ce \u00e0 sa construction sans joint, l'unit\u00e9 de pompage ne n\u00e9cessite pratiquement pas d'entretien et convient particuli\u00e8rement aux fluides l\u00e9g\u00e8rement agressifs et peu visqueux.<\/p>\n<p>Livraison sans moteur<\/p>","protected":false},"excerpt":{"rendered":"<p>M\u00e9canisme de pompage sans joint, longueur 1.000mm, en PP r\u00e9sistant aux produits chimiques avec arbre en acier inoxydable pour le transfert s\u00fbr de produits \u00e0 faible viscosit\u00e9.<\/p>","protected":false},"featured_media":15696,"comment_status":"closed","ping_status":"closed","template":"","meta":{"_acf_changed":false},"product_brand":[],"product_cat":[3206,3224],"product_tag":[],"class_list":{"0":"post-15634","1":"product","2":"type-product","3":"status-publish","4":"has-post-thumbnail","6":"product_cat-pumpentechnik","7":"product_cat-fasspumpen","8":"product_shipping_class-karton-paketversand","9":"pa_laenge-1000mm","10":"pa_material-polypropylen-pp","11":"pa_material-edelstahl","13":"first","14":"instock","15":"taxable","16":"shipping-taxable","17":"purchasable","18":"product-type-simple"},"bundled_by":[],"bundle_stock_status":"instock","bundle_stock_quantity":null,"bundle_virtual":false,"bundle_layout":"","bundle_add_to_cart_form_location":"","bundle_editable_in_cart":false,"bundle_sold_individually_context":"","bundle_item_grouping":"","bundle_min_size":"","bundle_max_size":"","bundle_price":[],"bundled_items":[],"bundle_sell_ids":[],"exclude_global_add_ons":[],"addons":[],"acf":[],"_links":{"self":[{"href":"https:\/\/ptm-mechatronics.com\/fr\/wp-json\/wp\/v2\/product\/15634","targetHints":{"allow":["GET"]}}],"collection":[{"href":"https:\/\/ptm-mechatronics.com\/fr\/wp-json\/wp\/v2\/product"}],"about":[{"href":"https:\/\/ptm-mechatronics.com\/fr\/wp-json\/wp\/v2\/types\/product"}],"replies":[{"embeddable":true,"href":"https:\/\/ptm-mechatronics.com\/fr\/wp-json\/wp\/v2\/comments?post=15634"}],"wp:featuredmedia":[{"embeddable":true,"href":"https:\/\/ptm-mechatronics.com\/fr\/wp-json\/wp\/v2\/media\/15696"}],"wp:attachment":[{"href":"https:\/\/ptm-mechatronics.com\/fr\/wp-json\/wp\/v2\/media?parent=15634"}],"wp:term":[{"taxonomy":"product_brand","embeddable":true,"href":"https:\/\/ptm-mechatronics.com\/fr\/wp-json\/wp\/v2\/product_brand?post=15634"},{"taxonomy":"product_cat","embeddable":true,"href":"https:\/\/ptm-mechatronics.com\/fr\/wp-json\/wp\/v2\/product_cat?post=15634"},{"taxonomy":"product_tag","embeddable":true,"href":"https:\/\/ptm-mechatronics.com\/fr\/wp-json\/wp\/v2\/product_tag?post=15634"}],"curies":[{"name":"wp","href":"https:\/\/api.w.org\/{rel}","templated":true}]}}