{"id":15629,"date":"2025-11-19T12:30:48","date_gmt":"2025-11-19T11:30:48","guid":{"rendered":"https:\/\/ptm-mechatronics.com\/?post_type=product&#038;p=15629"},"modified":"2025-12-03T12:53:28","modified_gmt":"2025-12-03T11:53:28","slug":"fasspumpe-atex","status":"publish","type":"product","link":"https:\/\/ptm-mechatronics.com\/fr\/product\/fasspumpe-atex\/","title":{"rendered":"Pompe pour f\u00fbts ATEX"},"content":{"rendered":"<h1 data-start=\"227\" data-end=\"303\"><span style=\"font-size: 75%;\">Kit de pompe pour f\u00fbts ATEX<\/span><\/h1>\n<p>Le kit de pompage de f\u00fbts certifi\u00e9 ATEX est la solution id\u00e9ale pour le transvasement s\u00fbr de liquides inflammables dans des zones \u00e0 risque d'explosion. \u00c9quip\u00e9 d'un moteur Ex puissant (Ex II 2 G EEx de IIC T5, IP54) et d'un groupe de pompage robuste (ATEX II 1\/2 G IIB T4), ce kit r\u00e9pond aux exigences de s\u00e9curit\u00e9 les plus \u00e9lev\u00e9es. Le tuyau de solvant conducteur DN25 de 2 m de long ainsi que le pistolet de distribution en laiton\/PTFE \u00e0 longue dur\u00e9e de vie permettent un pompage s\u00fbr et contr\u00f4l\u00e9. Un c\u00e2ble de compensation de potentiel assure en outre la protection n\u00e9cessaire contre les charges \u00e9lectrostatiques.<\/p>\n<p data-start=\"644\" data-end=\"1136\">La particularit\u00e9 de ce syst\u00e8me : Le moteur peut \u00eatre s\u00e9par\u00e9 de la station de pompage sans outils et mont\u00e9 sur d'autres stations de pompage. Ainsi, un moteur peut \u00eatre utilis\u00e9 de mani\u00e8re flexible avec plusieurs stations de pompage. D'autres composants sont \u00e9galement disponibles s\u00e9par\u00e9ment dans la boutique - pour une modularit\u00e9 et une adaptabilit\u00e9 maximales.<\/p>\n<p data-start=\"644\" data-end=\"1136\">Composants de l'ensemble :<\/p>\n<ul>\n<li>Moteur universel Ex II 2 G EEx de IIC T5, 230V ou USP, 50 Hz, 700W<\/li>\n<li>M\u00e9canisme de pompage ATEX II 1\/2 G IIB T4, Niro sans joint, axial, arbre en acier inoxydable (Niro)<\/li>\n<li>2 m de tuyau \u00e0 solvant DN25<\/li>\n<li>2x raccords de tuyaux en laiton 1 1\/4\u2033<\/li>\n<li>Pistolet de distribution laiton\/PTFE<\/li>\n<li>C\u00e2ble d'\u00e9quipotentialit\u00e9<\/li>\n<\/ul>","protected":false},"excerpt":{"rendered":"<p>Kit de pompe vide-f\u00fbt pour le soutirage en toute s\u00e9curit\u00e9 d'acides et de bases dilu\u00e9s - enti\u00e8rement \u00e9quip\u00e9 et pr\u00eat \u00e0 l'emploi.<\/p>","protected":false},"featured_media":15705,"comment_status":"closed","ping_status":"closed","template":"","meta":{"_acf_changed":false},"product_brand":[],"product_cat":[3206,3224],"product_tag":[3228,3229,3230,3231,3232,3233,3234,3235,3226,3227],"class_list":{"0":"post-15629","1":"product","2":"type-product","3":"status-publish","4":"has-post-thumbnail","6":"product_cat-pumpentechnik","7":"product_cat-fasspumpen","8":"product_tag-labor-fasspumpe","9":"product_tag-fasspumpenset-bs1","10":"product_tag-fasspumpe-verduennte-saeuren","11":"product_tag-fasspumpe-laugen","12":"product_tag-chemiepumpe-set","13":"product_tag-pp-fasspumpensystem","14":"product_tag-edelstahlwelle-fasspumpe","15":"product_tag-zapfpistole-fpm","16":"product_tag-fasspumpe-set","17":"product_tag-fasspumpen-komplettset","18":"product_shipping_class-karton-paketversand","19":"pa_atex-motor-ex-ii-2-g-eex-de-iic-t5","20":"pa_foerderleistung-max-100-l-min","21":"pa_leistung-700-watt","22":"pa_material-ptfe","23":"pa_material-messing","24":"pa_material-edelstahl","25":"pa_schutzart-ip54","27":"first","28":"instock","29":"taxable","30":"shipping-taxable","31":"purchasable","32":"product-type-simple"},"bundled_by":[],"bundle_stock_status":"instock","bundle_stock_quantity":null,"bundle_virtual":false,"bundle_layout":"","bundle_add_to_cart_form_location":"","bundle_editable_in_cart":false,"bundle_sold_individually_context":"","bundle_item_grouping":"","bundle_min_size":"","bundle_max_size":"","bundle_price":[],"bundled_items":[],"bundle_sell_ids":[],"exclude_global_add_ons":[],"addons":[],"acf":[],"_links":{"self":[{"href":"https:\/\/ptm-mechatronics.com\/fr\/wp-json\/wp\/v2\/product\/15629","targetHints":{"allow":["GET"]}}],"collection":[{"href":"https:\/\/ptm-mechatronics.com\/fr\/wp-json\/wp\/v2\/product"}],"about":[{"href":"https:\/\/ptm-mechatronics.com\/fr\/wp-json\/wp\/v2\/types\/product"}],"replies":[{"embeddable":true,"href":"https:\/\/ptm-mechatronics.com\/fr\/wp-json\/wp\/v2\/comments?post=15629"}],"wp:featuredmedia":[{"embeddable":true,"href":"https:\/\/ptm-mechatronics.com\/fr\/wp-json\/wp\/v2\/media\/15705"}],"wp:attachment":[{"href":"https:\/\/ptm-mechatronics.com\/fr\/wp-json\/wp\/v2\/media?parent=15629"}],"wp:term":[{"taxonomy":"product_brand","embeddable":true,"href":"https:\/\/ptm-mechatronics.com\/fr\/wp-json\/wp\/v2\/product_brand?post=15629"},{"taxonomy":"product_cat","embeddable":true,"href":"https:\/\/ptm-mechatronics.com\/fr\/wp-json\/wp\/v2\/product_cat?post=15629"},{"taxonomy":"product_tag","embeddable":true,"href":"https:\/\/ptm-mechatronics.com\/fr\/wp-json\/wp\/v2\/product_tag?post=15629"}],"curies":[{"name":"wp","href":"https:\/\/api.w.org\/{rel}","templated":true}]}}