{"id":15626,"date":"2025-11-18T10:02:52","date_gmt":"2025-11-18T09:02:52","guid":{"rendered":"https:\/\/ptm-mechatronics.com\/?post_type=product&#038;p=15626"},"modified":"2026-01-12T10:10:59","modified_gmt":"2026-01-12T09:10:59","slug":"fasspumpe-fuer-konzentrierte-saeuren-laugen","status":"publish","type":"product","link":"https:\/\/ptm-mechatronics.com\/fr\/product\/fasspumpe-fuer-konzentrierte-saeuren-laugen\/","title":{"rendered":"Pompe vide-f\u00fbt pour acides et bases concentr\u00e9s"},"content":{"rendered":"<h1 data-start=\"227\" data-end=\"303\"><span style=\"font-size: 75%;\">Kit de pompe pour f\u00fbts pour acides et bases concentr\u00e9s, pr\u00eat \u00e0 l'emploi<\/span><\/h1>\n<p data-start=\"269\" data-end=\"557\">Le set complet de pompes pour f\u00fbts a \u00e9t\u00e9 sp\u00e9cialement con\u00e7u pour le pompage s\u00fbr et confortable d'acides et de bases concentr\u00e9s. Avec son moteur \u00e9lectrique puissant, sa station de pompage et ses nombreux accessoires, le kit est imm\u00e9diatement utilisable - id\u00e9al pour une utilisation en laboratoire, en production ou en atelier.<\/p>\n<p data-start=\"559\" data-end=\"1126\">Le m\u00e9canisme de pompage en polypropyl\u00e8ne (PP) r\u00e9sistant aux produits chimiques est \u00e9quip\u00e9 d'un arbre en Hastelloy-C et est id\u00e9al pour les fluides les plus divers - des produits chimiques l\u00e9g\u00e8rement agressifs aux liquides plus exigeants. Le tuyau en PVC renforc\u00e9 de 25 mm de diam\u00e8tre et le connecteur de tuyau en PP garantissent un d\u00e9bit s\u00fbr. Un pistolet de soutirage avec joint FPM et composants Hastelloy-C garantit un soutirage contr\u00f4l\u00e9 et s\u00fbr. Gr\u00e2ce \u00e0 l'adaptateur de f\u00fbt et au support mural, la pompe peut \u00eatre utilis\u00e9e de mani\u00e8re flexible et peu encombrante.<\/p>\n<p data-start=\"559\" data-end=\"1126\">La particularit\u00e9 de ce syst\u00e8me : Le moteur peut \u00eatre s\u00e9par\u00e9 de la station de pompage sans outils et mont\u00e9 sur d'autres stations de pompage. Ainsi, un moteur peut \u00eatre utilis\u00e9 de mani\u00e8re flexible avec plusieurs stations de pompage. D'autres composants sont \u00e9galement disponibles s\u00e9par\u00e9ment dans la boutique - pour une modularit\u00e9 et une adaptabilit\u00e9 maximales.<\/p>\n<p data-start=\"644\" data-end=\"1136\">Composants de l'ensemble :<\/p>\n<ul>\n<li data-start=\"644\" data-end=\"1136\">Moteur universel 230V, 50Hz, 4,5 A, 850W, IP24<\/li>\n<li>M\u00e9canisme de pompage sans joint, radial, polypropyl\u00e8ne, arbre Hastelloy (HC)<\/li>\n<li>Tuyau en PVC renforc\u00e9, 2 m, DN25<\/li>\n<li>Fiche de tuyau PP, DN25<\/li>\n<li>2x colliers de serrage en acier inoxydable<\/li>\n<li>Pistolet de distribution PP\/FPM\/Hastelloy-C, DN25<\/li>\n<li>Adaptateur de f\u00fbt PP<\/li>\n<li>Support mural<\/li>\n<\/ul>","protected":false},"excerpt":{"rendered":"<p>Kit de pompe vide-f\u00fbt pour le soutirage en toute s\u00e9curit\u00e9 d'acides et de bases concentr\u00e9s - enti\u00e8rement \u00e9quip\u00e9 et pr\u00eat \u00e0 l'emploi.<\/p>","protected":false},"featured_media":15656,"comment_status":"closed","ping_status":"closed","template":"","meta":{"_acf_changed":false},"product_brand":[],"product_cat":[3206,3224],"product_tag":[3237,3238,3239,3240,3241,3242,3243,3244,3236],"class_list":{"0":"post-15626","1":"product","2":"type-product","3":"status-publish","4":"has-post-thumbnail","6":"product_cat-pumpentechnik","7":"product_cat-fasspumpen","8":"product_tag-chemiepumpe-komplettset","9":"product_tag-fasspumpe-mit-hastelloy","10":"product_tag-zapfpistole-fpm-hc","11":"product_tag-motor-p400-a-230","12":"product_tag-pumpwerk-dl-pp-r-hc","13":"product_tag-pvc-schlauch-dn25","14":"product_tag-fassadapter-pp","15":"product_tag-fasspumpe-chemikalienbestaendig","16":"product_tag-fasspumpen-set","17":"product_shipping_class-karton-paketversand","18":"pa_dichtung-fpm","19":"pa_foerderleistung-50-80-l-min","20":"pa_leistung-850-watt","21":"pa_material-edelstahl","22":"pa_material-polypropylen-pp","23":"pa_material-pvc","24":"pa_material-hastelloy-c","25":"pa_schutzart-ip24","26":"pa_spannung-230v","28":"first","29":"instock","30":"taxable","31":"shipping-taxable","32":"purchasable","33":"product-type-simple"},"bundled_by":[],"bundle_stock_status":"instock","bundle_stock_quantity":null,"bundle_virtual":false,"bundle_layout":"","bundle_add_to_cart_form_location":"","bundle_editable_in_cart":false,"bundle_sold_individually_context":"","bundle_item_grouping":"","bundle_min_size":"","bundle_max_size":"","bundle_price":[],"bundled_items":[],"bundle_sell_ids":[],"exclude_global_add_ons":[],"addons":[],"acf":[],"_links":{"self":[{"href":"https:\/\/ptm-mechatronics.com\/fr\/wp-json\/wp\/v2\/product\/15626","targetHints":{"allow":["GET"]}}],"collection":[{"href":"https:\/\/ptm-mechatronics.com\/fr\/wp-json\/wp\/v2\/product"}],"about":[{"href":"https:\/\/ptm-mechatronics.com\/fr\/wp-json\/wp\/v2\/types\/product"}],"replies":[{"embeddable":true,"href":"https:\/\/ptm-mechatronics.com\/fr\/wp-json\/wp\/v2\/comments?post=15626"}],"wp:featuredmedia":[{"embeddable":true,"href":"https:\/\/ptm-mechatronics.com\/fr\/wp-json\/wp\/v2\/media\/15656"}],"wp:attachment":[{"href":"https:\/\/ptm-mechatronics.com\/fr\/wp-json\/wp\/v2\/media?parent=15626"}],"wp:term":[{"taxonomy":"product_brand","embeddable":true,"href":"https:\/\/ptm-mechatronics.com\/fr\/wp-json\/wp\/v2\/product_brand?post=15626"},{"taxonomy":"product_cat","embeddable":true,"href":"https:\/\/ptm-mechatronics.com\/fr\/wp-json\/wp\/v2\/product_cat?post=15626"},{"taxonomy":"product_tag","embeddable":true,"href":"https:\/\/ptm-mechatronics.com\/fr\/wp-json\/wp\/v2\/product_tag?post=15626"}],"curies":[{"name":"wp","href":"https:\/\/api.w.org\/{rel}","templated":true}]}}