{"id":15621,"date":"2025-11-26T11:55:40","date_gmt":"2025-11-26T10:55:40","guid":{"rendered":"https:\/\/ptm-mechatronics.com\/?post_type=product&#038;p=15621"},"modified":"2025-12-03T12:48:27","modified_gmt":"2025-12-03T11:48:27","slug":"fasspumpe-fuer-verduennte-saeuren-laugen","status":"publish","type":"product","link":"https:\/\/ptm-mechatronics.com\/fr\/product\/fasspumpe-fuer-verduennte-saeuren-laugen\/","title":{"rendered":"Pompe vide-f\u00fbt pour acides et bases dilu\u00e9s"},"content":{"rendered":"<h1 data-start=\"227\" data-end=\"303\"><span style=\"font-size: 75%;\">Kit de pompe pour f\u00fbts pour acides et bases dilu\u00e9s, pr\u00eat \u00e0 l'emploi<\/span><\/h1>\n<p data-start=\"305\" data-end=\"642\">Le set complet de pompes pour f\u00fbts a \u00e9t\u00e9 sp\u00e9cialement con\u00e7u pour le pompage s\u00fbr et confortable d'acides et de bases dilu\u00e9s. Avec son moteur \u00e9lectrique puissant, sa station de pompage et ses nombreux accessoires, le kit est imm\u00e9diatement utilisable - id\u00e9al pour une utilisation en laboratoire, en production ou en atelier.<\/p>\n<p data-start=\"644\" data-end=\"1136\">L'unit\u00e9 de pompage est fabriqu\u00e9e en polypropyl\u00e8ne (PP) r\u00e9sistant aux produits chimiques avec un arbre d'entra\u00eenement en acier inoxydable, ce qui lui conf\u00e8re une grande long\u00e9vit\u00e9. Le tuyau en PVC renforc\u00e9 fourni (2 m, DN19) avec connecteur et colliers de serrage en acier inoxydable garantit un raccordement s\u00fbr et \u00e9tanche. Le pistolet de soutirage en PP avec joint FPM et composants en acier inoxydable assure un dosage confortable. L'adaptateur de f\u00fbt en PP ainsi que le support mural pratique compl\u00e8tent le kit.<\/p>\n<p data-start=\"644\" data-end=\"1136\">La particularit\u00e9 de ce syst\u00e8me : Le moteur peut \u00eatre s\u00e9par\u00e9 de la station de pompage sans outils et mont\u00e9 sur d'autres stations de pompage. Ainsi, un moteur peut \u00eatre utilis\u00e9 de mani\u00e8re flexible avec plusieurs stations de pompage. D'autres composants sont \u00e9galement disponibles s\u00e9par\u00e9ment dans la boutique - pour une modularit\u00e9 et une adaptabilit\u00e9 maximales.<\/p>\n<p data-start=\"644\" data-end=\"1136\">Composants de l'ensemble :<\/p>\n<ul>\n<li>Moteur universel 230V, 50Hz, 2,5 A, 520W, IP24<\/li>\n<li>M\u00e9canisme de pompage sans joint, axial, polypropyl\u00e8ne, arbre en acier inoxydable (Niro)<\/li>\n<li>Tuyau en PVC renforc\u00e9, 2 m, DN19<\/li>\n<li>Fiche de tuyau PP, DN19<\/li>\n<li>2x colliers de serrage en acier inoxydable<\/li>\n<li>Pistolet de distribution PP\/FPM\/Niro<\/li>\n<li>Adaptateur de f\u00fbt PP<\/li>\n<li>Support mural<\/li>\n<\/ul>","protected":false},"excerpt":{"rendered":"<p>Kit de pompe vide-f\u00fbt pour le soutirage en toute s\u00e9curit\u00e9 d'acides et de bases dilu\u00e9s - enti\u00e8rement \u00e9quip\u00e9 et pr\u00eat \u00e0 l'emploi.<\/p>","protected":false},"featured_media":15655,"comment_status":"closed","ping_status":"closed","template":"","meta":{"_acf_changed":false},"product_brand":[],"product_cat":[3206,3224],"product_tag":[3227,3228,3229,3230,3231,3232,3233,3234,3235,3226],"class_list":{"0":"post-15621","1":"product","2":"type-product","3":"status-publish","4":"has-post-thumbnail","6":"product_cat-pumpentechnik","7":"product_cat-fasspumpen","8":"product_tag-fasspumpen-komplettset","9":"product_tag-labor-fasspumpe","10":"product_tag-fasspumpenset-bs1","11":"product_tag-fasspumpe-verduennte-saeuren","12":"product_tag-fasspumpe-laugen","13":"product_tag-chemiepumpe-set","14":"product_tag-pp-fasspumpensystem","15":"product_tag-edelstahlwelle-fasspumpe","16":"product_tag-zapfpistole-fpm","17":"product_tag-fasspumpe-set","18":"product_shipping_class-karton-paketversand","19":"pa_dichtung-fpm","20":"pa_foerderleistung-30-50-l-min","21":"pa_leistung-520-watt","22":"pa_material-edelstahl","23":"pa_material-polypropylen-pp","24":"pa_material-pvc","25":"pa_schutzart-ip24","26":"pa_spannung-230v","28":"first","29":"instock","30":"taxable","31":"shipping-taxable","32":"purchasable","33":"product-type-simple"},"bundled_by":[],"bundle_stock_status":"instock","bundle_stock_quantity":null,"bundle_virtual":false,"bundle_layout":"","bundle_add_to_cart_form_location":"","bundle_editable_in_cart":false,"bundle_sold_individually_context":"","bundle_item_grouping":"","bundle_min_size":"","bundle_max_size":"","bundle_price":[],"bundled_items":[],"bundle_sell_ids":[],"exclude_global_add_ons":[],"addons":[],"acf":[],"_links":{"self":[{"href":"https:\/\/ptm-mechatronics.com\/fr\/wp-json\/wp\/v2\/product\/15621","targetHints":{"allow":["GET"]}}],"collection":[{"href":"https:\/\/ptm-mechatronics.com\/fr\/wp-json\/wp\/v2\/product"}],"about":[{"href":"https:\/\/ptm-mechatronics.com\/fr\/wp-json\/wp\/v2\/types\/product"}],"replies":[{"embeddable":true,"href":"https:\/\/ptm-mechatronics.com\/fr\/wp-json\/wp\/v2\/comments?post=15621"}],"wp:featuredmedia":[{"embeddable":true,"href":"https:\/\/ptm-mechatronics.com\/fr\/wp-json\/wp\/v2\/media\/15655"}],"wp:attachment":[{"href":"https:\/\/ptm-mechatronics.com\/fr\/wp-json\/wp\/v2\/media?parent=15621"}],"wp:term":[{"taxonomy":"product_brand","embeddable":true,"href":"https:\/\/ptm-mechatronics.com\/fr\/wp-json\/wp\/v2\/product_brand?post=15621"},{"taxonomy":"product_cat","embeddable":true,"href":"https:\/\/ptm-mechatronics.com\/fr\/wp-json\/wp\/v2\/product_cat?post=15621"},{"taxonomy":"product_tag","embeddable":true,"href":"https:\/\/ptm-mechatronics.com\/fr\/wp-json\/wp\/v2\/product_tag?post=15621"}],"curies":[{"name":"wp","href":"https:\/\/api.w.org\/{rel}","templated":true}]}}