{"id":15617,"date":"2025-11-14T13:41:23","date_gmt":"2025-11-14T12:41:23","guid":{"rendered":"https:\/\/ptm-mechatronics.com\/?post_type=product&#038;p=15617"},"modified":"2026-03-09T11:10:49","modified_gmt":"2026-03-09T10:10:49","slug":"laborpumpe-fuer-faesser","status":"publish","type":"product","link":"https:\/\/ptm-mechatronics.com\/fr\/product\/laborpumpe-fuer-faesser\/","title":{"rendered":"Pompe de laboratoire pour f\u00fbts"},"content":{"rendered":"<p data-start=\"344\" data-end=\"712\">Cette pompe de laboratoire \u00e9lectrique pour f\u00fbts est la solution id\u00e9ale pour un transvasement propre et efficace des liquides les plus divers en laboratoire ou en production. Contrairement aux pompes manuelles classiques, ce mod\u00e8le fonctionne avec un puissant moteur \u00e9lectrique de 130 watts, qui garantit un d\u00e9bit r\u00e9gulier et une manipulation confortable.<\/p>\n<p data-start=\"714\" data-end=\"1003\">La particularit\u00e9 de ce syst\u00e8me : Le moteur peut \u00eatre s\u00e9par\u00e9 de la station de pompage sans outils et mont\u00e9 sur d'autres stations de pompage. Ainsi, un moteur peut \u00eatre utilis\u00e9 de mani\u00e8re flexible avec plusieurs stations de pompage. D'autres composants sont \u00e9galement disponibles s\u00e9par\u00e9ment dans la boutique - pour une modularit\u00e9 et une adaptabilit\u00e9 maximales.<\/p>\n<h4 data-start=\"1005\" data-end=\"1038\">Composants de l'ensemble :<\/h4>\n<ul>\n<li data-start=\"1041\" data-end=\"1064\">Station de pompage (700 mm)<\/li>\n<li data-start=\"1041\" data-end=\"1064\">Tube d'aspiration en PP (polypropyl\u00e8ne)<\/li>\n<li data-start=\"1106\" data-end=\"1139\">Arbre d'entra\u00eenement en acier inoxydable<\/li>\n<li data-start=\"1142\" data-end=\"1172\">joint en FKM (Viton)<\/li>\n<li data-start=\"1175\" data-end=\"1212\">moteur \u00e9lectrique d'une puissance de 130 W<\/li>\n<li data-start=\"1215\" data-end=\"1233\">Coude de sortie<\/li>\n<li data-start=\"1236\" data-end=\"1289\">Bouchon de maintien en PP pour ouvertures de r\u00e9cipient 40-58 mm<\/li>\n<\/ul>\n<p data-start=\"1291\" data-end=\"1464\">L'ensemble convainc par sa facilit\u00e9 de nettoyage, sa durabilit\u00e9 et sa r\u00e9sistance aux produits chimiques.<\/p>","protected":false},"excerpt":{"rendered":"<p>Pompe de laboratoire \u00e9lectrique sous forme de kit complet avec moteur, m\u00e9canisme de pompage et accessoires pour f\u00fbts, transformable sans outils, conception modulaire.<\/p>","protected":false},"featured_media":15892,"comment_status":"closed","ping_status":"closed","template":"","meta":{"_acf_changed":false},"product_brand":[],"product_cat":[3206,3215],"product_tag":[],"class_list":{"0":"post-15617","1":"product","2":"type-product","3":"status-publish","4":"has-post-thumbnail","6":"product_cat-pumpentechnik","7":"product_cat-laborpumpen","8":"product_shipping_class-karton-paketversand","9":"pa_dichtung-fkm","10":"pa_foerderleistung-0-30-l-min","11":"pa_laenge-700mm","12":"pa_leistung-130-watt","13":"pa_material-edelstahl","14":"pa_material-polypropylen-pp","16":"first","17":"instock","18":"taxable","19":"shipping-taxable","20":"purchasable","21":"product-type-simple"},"bundled_by":[],"bundle_stock_status":"instock","bundle_stock_quantity":null,"bundle_virtual":false,"bundle_layout":"","bundle_add_to_cart_form_location":"","bundle_editable_in_cart":false,"bundle_sold_individually_context":"","bundle_item_grouping":"","bundle_min_size":"","bundle_max_size":"","bundle_price":[],"bundled_items":[],"bundle_sell_ids":[],"exclude_global_add_ons":[],"addons":[],"acf":[],"_links":{"self":[{"href":"https:\/\/ptm-mechatronics.com\/fr\/wp-json\/wp\/v2\/product\/15617","targetHints":{"allow":["GET"]}}],"collection":[{"href":"https:\/\/ptm-mechatronics.com\/fr\/wp-json\/wp\/v2\/product"}],"about":[{"href":"https:\/\/ptm-mechatronics.com\/fr\/wp-json\/wp\/v2\/types\/product"}],"replies":[{"embeddable":true,"href":"https:\/\/ptm-mechatronics.com\/fr\/wp-json\/wp\/v2\/comments?post=15617"}],"wp:featuredmedia":[{"embeddable":true,"href":"https:\/\/ptm-mechatronics.com\/fr\/wp-json\/wp\/v2\/media\/15892"}],"wp:attachment":[{"href":"https:\/\/ptm-mechatronics.com\/fr\/wp-json\/wp\/v2\/media?parent=15617"}],"wp:term":[{"taxonomy":"product_brand","embeddable":true,"href":"https:\/\/ptm-mechatronics.com\/fr\/wp-json\/wp\/v2\/product_brand?post=15617"},{"taxonomy":"product_cat","embeddable":true,"href":"https:\/\/ptm-mechatronics.com\/fr\/wp-json\/wp\/v2\/product_cat?post=15617"},{"taxonomy":"product_tag","embeddable":true,"href":"https:\/\/ptm-mechatronics.com\/fr\/wp-json\/wp\/v2\/product_tag?post=15617"}],"curies":[{"name":"wp","href":"https:\/\/api.w.org\/{rel}","templated":true}]}}