{"id":15608,"date":"2025-11-14T09:16:10","date_gmt":"2025-11-14T08:16:10","guid":{"rendered":"https:\/\/ptm-mechatronics.com\/?post_type=product&#038;p=15608"},"modified":"2025-12-15T12:41:09","modified_gmt":"2025-12-15T11:41:09","slug":"haltestopfen","status":"publish","type":"product","link":"https:\/\/ptm-mechatronics.com\/fr\/product\/haltestopfen\/","title":{"rendered":"Bouchon de maintien"},"content":{"rendered":"<h1 data-start=\"172\" data-end=\"234\"><span style=\"font-size: 75%;\">Bouchons de maintien en PP<br \/>\n- stable, conique, utilisation flexible<\/span><\/h1>\n<p data-start=\"236\" data-end=\"579\">Le bouchon de maintien conique en polypropyl\u00e8ne (PP) robuste sert \u00e0 fixer de mani\u00e8re s\u00fbre et centr\u00e9e votre pompe de laboratoire dans les petits r\u00e9cipients et les bidons. Gr\u00e2ce \u00e0 son diam\u00e8tre flexible, il convient aux ouvertures de r\u00e9cipients de 40 \u00e0 58 mm et s'adapte de mani\u00e8re fiable aux diff\u00e9rentes ouvertures de r\u00e9cipients gr\u00e2ce \u00e0 sa forme conique.<\/p>\n<p data-start=\"581\" data-end=\"850\">Le mat\u00e9riau PP r\u00e9sistant aux produits chimiques assure une longue dur\u00e9e de vie et une grande r\u00e9sistance aux fluides agressifs. Le bouchon se monte rapidement et se nettoie facilement - id\u00e9al pour les applications qui changent souvent dans les laboratoires et les environnements de production.<\/p>","protected":false},"excerpt":{"rendered":"<p>Bouchon de maintien conique en PP pour les pompes de laboratoire avec des ouvertures de r\u00e9cipient de 40 \u00e0 58 mm, pour un maintien centr\u00e9 et stable.<\/p>","protected":false},"featured_media":15885,"comment_status":"closed","ping_status":"closed","template":"","meta":{"_acf_changed":false},"product_brand":[],"product_cat":[3215,3206],"product_tag":[],"class_list":{"0":"post-15608","1":"product","2":"type-product","3":"status-publish","4":"has-post-thumbnail","6":"product_cat-laborpumpen","7":"product_cat-pumpentechnik","8":"product_shipping_class-karton-paketversand","9":"pa_material-polypropylen-pp","11":"first","12":"instock","13":"taxable","14":"shipping-taxable","15":"purchasable","16":"product-type-simple"},"bundled_by":[],"bundle_stock_status":"instock","bundle_stock_quantity":null,"bundle_virtual":false,"bundle_layout":"","bundle_add_to_cart_form_location":"","bundle_editable_in_cart":false,"bundle_sold_individually_context":"","bundle_item_grouping":"","bundle_min_size":"","bundle_max_size":"","bundle_price":[],"bundled_items":[],"bundle_sell_ids":[],"exclude_global_add_ons":[],"addons":[],"acf":[],"_links":{"self":[{"href":"https:\/\/ptm-mechatronics.com\/fr\/wp-json\/wp\/v2\/product\/15608","targetHints":{"allow":["GET"]}}],"collection":[{"href":"https:\/\/ptm-mechatronics.com\/fr\/wp-json\/wp\/v2\/product"}],"about":[{"href":"https:\/\/ptm-mechatronics.com\/fr\/wp-json\/wp\/v2\/types\/product"}],"replies":[{"embeddable":true,"href":"https:\/\/ptm-mechatronics.com\/fr\/wp-json\/wp\/v2\/comments?post=15608"}],"wp:featuredmedia":[{"embeddable":true,"href":"https:\/\/ptm-mechatronics.com\/fr\/wp-json\/wp\/v2\/media\/15885"}],"wp:attachment":[{"href":"https:\/\/ptm-mechatronics.com\/fr\/wp-json\/wp\/v2\/media?parent=15608"}],"wp:term":[{"taxonomy":"product_brand","embeddable":true,"href":"https:\/\/ptm-mechatronics.com\/fr\/wp-json\/wp\/v2\/product_brand?post=15608"},{"taxonomy":"product_cat","embeddable":true,"href":"https:\/\/ptm-mechatronics.com\/fr\/wp-json\/wp\/v2\/product_cat?post=15608"},{"taxonomy":"product_tag","embeddable":true,"href":"https:\/\/ptm-mechatronics.com\/fr\/wp-json\/wp\/v2\/product_tag?post=15608"}],"curies":[{"name":"wp","href":"https:\/\/api.w.org\/{rel}","templated":true}]}}