{"id":15607,"date":"2025-11-13T13:24:45","date_gmt":"2025-11-13T12:24:45","guid":{"rendered":"https:\/\/ptm-mechatronics.com\/?post_type=product&#038;p=15607"},"modified":"2025-12-15T12:40:27","modified_gmt":"2025-12-15T11:40:27","slug":"auslaufbogen-fuer-laborpumpen","status":"publish","type":"product","link":"https:\/\/ptm-mechatronics.com\/fr\/product\/auslaufbogen-fuer-laborpumpen\/","title":{"rendered":"Coude de sortie pour pompes de laboratoire"},"content":{"rendered":"<h1><span style=\"font-size: 75%;\">Coude de sortie 250mm en PP<br \/>\n- robustes, bien ajust\u00e9s, r\u00e9sistants aux produits chimiques<\/span><\/h1>\n<p data-start=\"253\" data-end=\"600\">Le coude de sortie de 25 cm en polypropyl\u00e8ne (PP) est le compl\u00e9ment id\u00e9al des pompes de laboratoire modulaires PTM pour petits r\u00e9cipients et bidons. Avec un diam\u00e8tre de raccordement de DN 19 et un filetage ext\u00e9rieur de 3\/4\u2033, le coude de sortie assure une sortie contr\u00f4l\u00e9e et propre du liquide - sans gouttes ni \u00e9claboussures.<\/p>\n<p data-start=\"602\" data-end=\"912\">Le mat\u00e9riau PP (polypropyl\u00e8ne) r\u00e9sistant aux produits chimiques est particuli\u00e8rement r\u00e9sistant \u00e0 de nombreux fluides agressifs et convient donc \u00e0 de nombreuses applications en laboratoire et en production. Le coude de sortie se connecte facilement \u00e0 la pompe et peut \u00eatre remplac\u00e9 sans outil si n\u00e9cessaire.<\/p>","protected":false},"excerpt":{"rendered":"<p>Coude de sortie de 25 cm en PP r\u00e9sistant aux produits chimiques avec DN 19 et filetage 3\/4\u2033 pour un soutirage propre et s\u00fbr avec les pompes de laboratoire PTM.<\/p>","protected":false},"featured_media":15884,"comment_status":"closed","ping_status":"closed","template":"","meta":{"_acf_changed":false},"product_brand":[],"product_cat":[3206,3215],"product_tag":[],"class_list":{"0":"post-15607","1":"product","2":"type-product","3":"status-publish","4":"has-post-thumbnail","6":"product_cat-pumpentechnik","7":"product_cat-laborpumpen","8":"product_shipping_class-karton-paketversand","9":"pa_laenge-250mm","10":"pa_material-polypropylen-pp","12":"first","13":"instock","14":"taxable","15":"shipping-taxable","16":"purchasable","17":"product-type-simple"},"bundled_by":[],"bundle_stock_status":"instock","bundle_stock_quantity":1,"bundle_virtual":false,"bundle_layout":"","bundle_add_to_cart_form_location":"","bundle_editable_in_cart":false,"bundle_sold_individually_context":"","bundle_item_grouping":"","bundle_min_size":"","bundle_max_size":"","bundle_price":[],"bundled_items":[],"bundle_sell_ids":[],"exclude_global_add_ons":[],"addons":[],"acf":[],"_links":{"self":[{"href":"https:\/\/ptm-mechatronics.com\/fr\/wp-json\/wp\/v2\/product\/15607","targetHints":{"allow":["GET"]}}],"collection":[{"href":"https:\/\/ptm-mechatronics.com\/fr\/wp-json\/wp\/v2\/product"}],"about":[{"href":"https:\/\/ptm-mechatronics.com\/fr\/wp-json\/wp\/v2\/types\/product"}],"replies":[{"embeddable":true,"href":"https:\/\/ptm-mechatronics.com\/fr\/wp-json\/wp\/v2\/comments?post=15607"}],"wp:featuredmedia":[{"embeddable":true,"href":"https:\/\/ptm-mechatronics.com\/fr\/wp-json\/wp\/v2\/media\/15884"}],"wp:attachment":[{"href":"https:\/\/ptm-mechatronics.com\/fr\/wp-json\/wp\/v2\/media?parent=15607"}],"wp:term":[{"taxonomy":"product_brand","embeddable":true,"href":"https:\/\/ptm-mechatronics.com\/fr\/wp-json\/wp\/v2\/product_brand?post=15607"},{"taxonomy":"product_cat","embeddable":true,"href":"https:\/\/ptm-mechatronics.com\/fr\/wp-json\/wp\/v2\/product_cat?post=15607"},{"taxonomy":"product_tag","embeddable":true,"href":"https:\/\/ptm-mechatronics.com\/fr\/wp-json\/wp\/v2\/product_tag?post=15607"}],"curies":[{"name":"wp","href":"https:\/\/api.w.org\/{rel}","templated":true}]}}