{"id":15596,"date":"2025-11-13T13:01:24","date_gmt":"2025-11-13T12:01:24","guid":{"rendered":"https:\/\/ptm-mechatronics.com\/?post_type=product&#038;p=15596"},"modified":"2025-12-15T13:08:04","modified_gmt":"2025-12-15T12:08:04","slug":"universalmotor-fuer-laborpumpen","status":"publish","type":"product","link":"https:\/\/ptm-mechatronics.com\/fr\/product\/universalmotor-fuer-laborpumpen\/","title":{"rendered":"Moteur universel pour pompes de laboratoire"},"content":{"rendered":"<h1 data-start=\"196\" data-end=\"275\"><span style=\"font-size: 75%;\"><strong data-start=\"196\" data-end=\"275\">Moteur universel pour pompes de laboratoire<br \/>\n<\/strong><\/span><span style=\"font-size: 75%;\">- compact, puissant, polyvalent<\/span><\/h1>\n<p data-start=\"277\" data-end=\"588\">Le moteur universel est l'\u00e9l\u00e9ment d'entra\u00eenement central de votre pompe de laboratoire modulaire pour petits r\u00e9cipients et bidons. Avec une puissance de 130 W et une plage de tension de 130-230 V \u00e0 50 Hz, le moteur offre une puissance fiable pour un fonctionnement continu dans un environnement de laboratoire ou de production.<\/p>\n<p data-start=\"590\" data-end=\"911\">Gr\u00e2ce \u00e0 sa construction compacte et \u00e0 sa classe de protection IP21, le moteur est id\u00e9al pour les applications o\u00f9 l'espace est limit\u00e9 - en combinaison avec les stations de pompage adapt\u00e9es de PTM mechatronics. Le moteur peut \u00eatre mont\u00e9 et d\u00e9mont\u00e9 sans outils, ce qui offre une flexibilit\u00e9 maximale lors de la manipulation et du nettoyage.<\/p>\n<p data-start=\"913\" data-end=\"1078\">Il est compatible avec toutes les stations de pompage PTM de la boutique et convainc par un pompage s\u00fbr, confortable et hygi\u00e9nique des liquides les plus divers.<\/p>","protected":false},"excerpt":{"rendered":"<p>Moteur universel d'une puissance de 130 W, unit\u00e9 d'entra\u00eenement compacte, pouvant \u00eatre mont\u00e9e sans outils, pour les pompes de laboratoire modulaires de PTM mechatronics.<\/p>","protected":false},"featured_media":15890,"comment_status":"closed","ping_status":"closed","template":"","meta":{"_acf_changed":false},"product_brand":[],"product_cat":[3206,3215],"product_tag":[],"class_list":{"0":"post-15596","1":"product","2":"type-product","3":"status-publish","4":"has-post-thumbnail","6":"product_cat-pumpentechnik","7":"product_cat-laborpumpen","8":"product_shipping_class-karton-paketversand","9":"pa_leistung-130-watt","10":"pa_schutzart-ip21","11":"pa_spannung-130-230v","13":"first","14":"instock","15":"taxable","16":"shipping-taxable","17":"purchasable","18":"product-type-simple"},"bundled_by":[],"bundle_stock_status":"instock","bundle_stock_quantity":null,"bundle_virtual":false,"bundle_layout":"","bundle_add_to_cart_form_location":"","bundle_editable_in_cart":false,"bundle_sold_individually_context":"","bundle_item_grouping":"","bundle_min_size":"","bundle_max_size":"","bundle_price":[],"bundled_items":[],"bundle_sell_ids":[],"exclude_global_add_ons":[],"addons":[],"acf":[],"_links":{"self":[{"href":"https:\/\/ptm-mechatronics.com\/fr\/wp-json\/wp\/v2\/product\/15596","targetHints":{"allow":["GET"]}}],"collection":[{"href":"https:\/\/ptm-mechatronics.com\/fr\/wp-json\/wp\/v2\/product"}],"about":[{"href":"https:\/\/ptm-mechatronics.com\/fr\/wp-json\/wp\/v2\/types\/product"}],"replies":[{"embeddable":true,"href":"https:\/\/ptm-mechatronics.com\/fr\/wp-json\/wp\/v2\/comments?post=15596"}],"wp:featuredmedia":[{"embeddable":true,"href":"https:\/\/ptm-mechatronics.com\/fr\/wp-json\/wp\/v2\/media\/15890"}],"wp:attachment":[{"href":"https:\/\/ptm-mechatronics.com\/fr\/wp-json\/wp\/v2\/media?parent=15596"}],"wp:term":[{"taxonomy":"product_brand","embeddable":true,"href":"https:\/\/ptm-mechatronics.com\/fr\/wp-json\/wp\/v2\/product_brand?post=15596"},{"taxonomy":"product_cat","embeddable":true,"href":"https:\/\/ptm-mechatronics.com\/fr\/wp-json\/wp\/v2\/product_cat?post=15596"},{"taxonomy":"product_tag","embeddable":true,"href":"https:\/\/ptm-mechatronics.com\/fr\/wp-json\/wp\/v2\/product_tag?post=15596"}],"curies":[{"name":"wp","href":"https:\/\/api.w.org\/{rel}","templated":true}]}}