{"id":15595,"date":"2025-11-12T13:02:05","date_gmt":"2025-11-12T12:02:05","guid":{"rendered":"https:\/\/ptm-mechatronics.com\/?post_type=product&#038;p=15595"},"modified":"2025-12-15T12:39:44","modified_gmt":"2025-12-15T11:39:44","slug":"pumpwerk-fuer-kleingebinde","status":"publish","type":"product","link":"https:\/\/ptm-mechatronics.com\/fr\/product\/pumpwerk-fuer-kleingebinde\/","title":{"rendered":"Station de pompage pour petits r\u00e9cipients"},"content":{"rendered":"<h1 data-start=\"242\" data-end=\"330\"><span style=\"font-size: 75%;\"><strong data-start=\"242\" data-end=\"330\">M\u00e9canisme de pompage 500 mm pour pompes de laboratoire<br \/>\n<\/strong><\/span><span style=\"font-size: 75%;\">- modulaire, r\u00e9sistant aux produits chimiques, utilisation flexible<\/span><\/h1>\n<p data-start=\"332\" data-end=\"703\">Le groupe de pompage de 500 mm de long est l'extension parfaite de votre pompe de laboratoire modulaire pour petits r\u00e9cipients et bidons. Il est id\u00e9al pour le transvasement des liquides les plus divers dans les laboratoires et les environnements de production, qu'il s'agisse de produits chimiques, d'eau ou d'autres fluides. Gr\u00e2ce \u00e0 ses mat\u00e9riaux de haute qualit\u00e9, la station de pompage est particuli\u00e8rement r\u00e9sistante et durable.<\/p>\n<p data-start=\"705\" data-end=\"1074\">La structure modulaire permet de monter facilement et sans outils un moteur \u00e9lectrique adapt\u00e9, disponible s\u00e9par\u00e9ment. Le tube d'aspiration est en polypropyl\u00e8ne (PP) r\u00e9sistant aux produits chimiques, l'arbre d'entra\u00eenement en acier inoxydable robuste et le joint en FKM (Viton). Le coude de sortie en PP fourni assure un \u00e9coulement propre dans votre r\u00e9cipient cible.<\/p>\n<p data-start=\"1076\" data-end=\"1237\">Le groupe de pompage est compatible avec le syst\u00e8me de pompes de laboratoire de PTM mechatronics et permet un changement rapide pour diff\u00e9rentes applications ou diff\u00e9rents fluides.<\/p>","protected":false},"excerpt":{"rendered":"<p>M\u00e9canisme de pompage de 500 mm de long pour un compl\u00e9ment modulaire pour les pompes de laboratoire PTM, mat\u00e9riaux r\u00e9sistants aux produits chimiques ainsi que montage du moteur sans outil.<\/p>","protected":false},"featured_media":15883,"comment_status":"closed","ping_status":"closed","template":"","meta":{"_acf_changed":false},"product_brand":[],"product_cat":[3206,3215],"product_tag":[],"class_list":{"0":"post-15595","1":"product","2":"type-product","3":"status-publish","4":"has-post-thumbnail","6":"product_cat-pumpentechnik","7":"product_cat-laborpumpen","8":"product_shipping_class-karton-paketversand","9":"pa_dichtung-fkm","10":"pa_laenge-500mm","11":"pa_material-edelstahl","12":"pa_material-polypropylen-pp","14":"first","15":"instock","16":"taxable","17":"shipping-taxable","18":"purchasable","19":"product-type-simple"},"bundled_by":[],"bundle_stock_status":"instock","bundle_stock_quantity":null,"bundle_virtual":false,"bundle_layout":"","bundle_add_to_cart_form_location":"","bundle_editable_in_cart":false,"bundle_sold_individually_context":"","bundle_item_grouping":"","bundle_min_size":"","bundle_max_size":"","bundle_price":[],"bundled_items":[],"bundle_sell_ids":[],"exclude_global_add_ons":[],"addons":[],"acf":[],"_links":{"self":[{"href":"https:\/\/ptm-mechatronics.com\/fr\/wp-json\/wp\/v2\/product\/15595","targetHints":{"allow":["GET"]}}],"collection":[{"href":"https:\/\/ptm-mechatronics.com\/fr\/wp-json\/wp\/v2\/product"}],"about":[{"href":"https:\/\/ptm-mechatronics.com\/fr\/wp-json\/wp\/v2\/types\/product"}],"replies":[{"embeddable":true,"href":"https:\/\/ptm-mechatronics.com\/fr\/wp-json\/wp\/v2\/comments?post=15595"}],"wp:featuredmedia":[{"embeddable":true,"href":"https:\/\/ptm-mechatronics.com\/fr\/wp-json\/wp\/v2\/media\/15883"}],"wp:attachment":[{"href":"https:\/\/ptm-mechatronics.com\/fr\/wp-json\/wp\/v2\/media?parent=15595"}],"wp:term":[{"taxonomy":"product_brand","embeddable":true,"href":"https:\/\/ptm-mechatronics.com\/fr\/wp-json\/wp\/v2\/product_brand?post=15595"},{"taxonomy":"product_cat","embeddable":true,"href":"https:\/\/ptm-mechatronics.com\/fr\/wp-json\/wp\/v2\/product_cat?post=15595"},{"taxonomy":"product_tag","embeddable":true,"href":"https:\/\/ptm-mechatronics.com\/fr\/wp-json\/wp\/v2\/product_tag?post=15595"}],"curies":[{"name":"wp","href":"https:\/\/api.w.org\/{rel}","templated":true}]}}