{"id":14906,"date":"2025-09-08T12:33:49","date_gmt":"2025-09-08T10:33:49","guid":{"rendered":"https:\/\/ptm-mechatronics.com\/?post_type=product&#038;p=14906"},"modified":"2026-05-04T12:28:57","modified_gmt":"2026-05-04T10:28:57","slug":"elektrisches-stativruehrwerk-fuer-30-liter-fass","status":"publish","type":"product","link":"https:\/\/ptm-mechatronics.com\/fr\/product\/elektrisches-stativruehrwerk-fuer-30-liter-fass\/","title":{"rendered":"Agitateur \u00e9lectrique sur pied pour f\u00fbt de 30 litres"},"content":{"rendered":"<h1><span style=\"font-size: 90%;\">Agitateur \u00e9lectrique sur pied pour f\u00fbts de 30 litres - puissant, s\u00fbr, ergonomique<\/span><\/h1>\n<p>L'agitateur sur pied pour f\u00fbts de 30 litres ou hobbocks a \u00e9t\u00e9 con\u00e7u pour le traitement efficace et s\u00fbr de produits de faible \u00e0 forte viscosit\u00e9. Il se compose d'un entra\u00eenement \u00e9lectrique puissant, d'un couvercle massif en acier inoxydable, d'un arbre d'agitation avec organe agitateur ainsi que d'un statif avec dispositif de levage automatique et pupitre de commande. Tous les composants en contact avec le produit - arbre d'agitation et organe d'agitation - sont fabriqu\u00e9s en acier inoxydable V4A (1.4404) et offrent une hygi\u00e8ne et une r\u00e9sistance \u00e0 la corrosion \u00e9lev\u00e9es.<\/p>\n<p>L'agitateur est enti\u00e8rement adapt\u00e9 \u00e0 l'utilisation de f\u00fbts standardis\u00e9s de 30 litres et offre un r\u00e9sultat d'agitation r\u00e9gulier et homog\u00e8ne, m\u00eame avec des substances visqueuses et \u00e9paisses. Le dispositif de levage automatique facilite le levage et l'abaissement de l'agitateur, assure un changement de r\u00e9cipient en toute s\u00e9curit\u00e9 et r\u00e9duit les efforts physiques dans le travail quotidien.<\/p>\n<p>Pour une s\u00e9curit\u00e9 de travail maximale, l'agitateur dispose d'un arr\u00eat automatique lorsque le couvercle est soulev\u00e9 afin d'\u00e9viter toute intervention sur les pi\u00e8ces mobiles. Le processus d'agitation red\u00e9marre automatiquement gr\u00e2ce \u00e0 une d\u00e9tection de r\u00e9cipient lors de l'abaissement - efficace et s\u00fbr.<\/p>\n<p>Vos choix :<\/p>\n<p>Syst\u00e8me de changement rapide de l'arbre d'agitation :<br \/>\nNotre syst\u00e8me de changement rapide eco-Quick vous offre un changement rapide et propre de l'arbre d'agitation en quelques secondes, sans outil suppl\u00e9mentaire.<\/p>\n<p>Organe d'agitation \u00e0 godets eco-Cup ou m\u00e9langeur \u00e0 pales inclin\u00e9es :<br \/>\nGr\u00e2ce \u00e0 son comportement d'agitation laminaire, l'organe d'agitation \u00e0 godets eco-Cup offre un m\u00e9lange homog\u00e8ne - m\u00eame pour les produits exigeants et tr\u00e8s visqueux comme les p\u00e2tes, les suspensions ou les \u00e9mulsions.<\/p>\n<p>Le m\u00e9langeur \u00e0 pales inclin\u00e9es convainc par sa caract\u00e9ristique de transport axiale avec une composante l\u00e9g\u00e8rement radiale et g\u00e9n\u00e8re ainsi un flux turbulent qui permet un m\u00e9lange particuli\u00e8rement efficace. Gr\u00e2ce \u00e0 sa construction robuste, il est id\u00e9al pour les substances \u00e0 viscosit\u00e9 \u00e9lev\u00e9e.<\/p>\n<p>Fixation :<br \/>\nL'agitateur sur pied est disponible avec une fixation murale ou au sol.<\/p>\n<p>Les avantages en un coup d'\u0153il :<\/p>\n<ul>\n<li>Entra\u00eenement \u00e9lectrique pour un brassage puissant<\/li>\n<li>Optimis\u00e9 pour les f\u00fbts de 30 litres<\/li>\n<li>Arbre et organe d'agitation en acier inoxydable V4A<\/li>\n<li>Dispositif de levage automatique pour un travail ergonomique<\/li>\n<li>Panneau de commande pour un contr\u00f4le facile<\/li>\n<li>Arr\u00eat de s\u00e9curit\u00e9 lors de la lev\u00e9e du couvercle<\/li>\n<li>Red\u00e9marrage automatique gr\u00e2ce \u00e0 la d\u00e9tection du r\u00e9cipient<\/li>\n<li>Pour les fluides de faible \u00e0 forte viscosit\u00e9<\/li>\n<li>Hygi\u00e9nique, s\u00fbr, adapt\u00e9 \u00e0 l'industrie<\/li>\n<\/ul>\n<p>Remarque : la livraison s'effectue sans f\u00fbt.<\/p>","protected":false},"excerpt":{"rendered":"<p><span class=\"_fadeIn_m1hgl_8\">Agitateur sur pied <\/span><span class=\"_fadeIn_m1hgl_8\">pour <\/span><span class=\"_fadeIn_m1hgl_8\">30-<\/span><span class=\"_fadeIn_m1hgl_8\">litre-<\/span><span class=\"_fadeIn_m1hgl_8\">F\u00fbts <\/span><span class=\"_fadeIn_m1hgl_8\">avec un syst\u00e8me \u00e9lectrique<\/span><span class=\"_fadeIn_m1hgl_8\">\u00a0<\/span><span class=\"_fadeIn_m1hgl_8\">Entra\u00eenement, <\/span><span class=\"_fadeIn_m1hgl_8\">V4A-<\/span><span class=\"_fadeIn_m1hgl_8\">Composants, <\/span><span class=\"_fadeIn_m1hgl_8\">automatique <\/span><span class=\"_fadeIn_m1hgl_8\">Dispositif de levage, <\/span><span class=\"_fadeIn_m1hgl_8\">Arr\u00eat de s\u00e9curit\u00e9 <\/span><span class=\"_fadeIn_m1hgl_8\">et <\/span><span class=\"_fadeIn_m1hgl_8\">Organe charg\u00e9 d'organiser les \u00e9lections<\/span><span class=\"_fadeIn_m1hgl_8\">\u00a0<\/span><span class=\"_fadeIn_m1hgl_8\">pour <\/span><span class=\"_fadeIn_m1hgl_8\">efficace, <\/span><span class=\"_fadeIn_m1hgl_8\">s\u00e9curis\u00e9 <\/span><span class=\"_fadeIn_m1hgl_8\">Repos <\/span><span class=\"_fadeIn_m1hgl_8\">chez <\/span><span class=\"_fadeIn_m1hgl_8\">tous les <\/span><span class=\"_fadeIn_m1hgl_8\">viscosit\u00e9s, avec fixation murale ou au sol.<\/span><\/p>","protected":false},"featured_media":15565,"comment_status":"open","ping_status":"closed","template":"","meta":{"_acf_changed":false},"product_brand":[],"product_cat":[595,612],"product_tag":[2968,3199,2969,3200,2971,2977,3173,3174,2637,2893,2965,2966,2967],"class_list":{"0":"post-14906","1":"product","2":"type-product","3":"status-publish","4":"has-post-thumbnail","6":"product_cat-ruehrwerkstechnik","7":"product_cat-kleingebinderuehrwerke","8":"product_tag-ergonomisches-ruehrwerk-industrie","9":"product_tag-edelstahl-ruehrwerk-30l","10":"product_tag-automatisches-ruehrsystem","11":"product_tag-ruehrwerk-30-liter","12":"product_tag-bedienpult-ruehrtechnik","13":"product_tag-stativruehrwerk-30-liter","14":"product_tag-ruehrwerk-elektrisch","15":"product_tag-ruehrstation-elektrisch","16":"product_tag-ruehrwerk-fuer-hochviskose-medien","17":"product_tag-ruehrwerk-mit-hebevorrichtung","18":"product_tag-pneumatisches-ruehrwerk-edelstahl","19":"product_tag-v4a-ruehrwelle-eco-cup","20":"product_tag-fassruehrwerk-mit-sicherheit","21":"product_shipping_class-europalette-speditionsversand","22":"pa_antriebsart-elektrisch","23":"pa_befestigung-mit-bodenbefestigung","24":"pa_befestigung-mit-wandbefestigung","25":"pa_behaeltervolumen-30-liter","26":"pa_deckeldurchmesser-380mm","27":"pa_dichtung-ptfe","28":"pa_durchmesser-ruehrwelle-16mm","29":"pa_geeignete-fassdurchmesser-30-liter","30":"pa_gesamtbreite-440mm","31":"pa_gesamthoehe-1335mm","32":"pa_gesamttiefe-600mm","33":"pa_labs-oel-und-silikonfrei","34":"pa_laenge-ruehrwelle-ca-360mm-ab-deckeloberkante","35":"pa_material-deckel-v4a-edelstahl-1-4404","36":"pa_model-eco-station-30","37":"pa_ruehrorgan-schraegblattmischer-175mm","38":"pa_ruehrorgan-becherruehrorgan-eco-cup-170mm","39":"pa_schnellwechselsystem-mit-gewindeverbindung","40":"pa_schnellwechselsystem-mit-schnellwechselsystem","41":"pa_stativverfahrweg-500mm","42":"pa_typ-stativruehrwerk","44":"first","45":"instock","46":"taxable","47":"shipping-taxable","48":"purchasable","49":"product-type-variable"},"bundled_by":[],"bundle_stock_status":"instock","bundle_stock_quantity":null,"bundle_virtual":false,"bundle_layout":"","bundle_add_to_cart_form_location":"","bundle_editable_in_cart":false,"bundle_sold_individually_context":"","bundle_item_grouping":"","bundle_min_size":"","bundle_max_size":"","bundle_price":[],"bundled_items":[],"bundle_sell_ids":[],"exclude_global_add_ons":[],"addons":[],"acf":[],"_links":{"self":[{"href":"https:\/\/ptm-mechatronics.com\/fr\/wp-json\/wp\/v2\/product\/14906","targetHints":{"allow":["GET"]}}],"collection":[{"href":"https:\/\/ptm-mechatronics.com\/fr\/wp-json\/wp\/v2\/product"}],"about":[{"href":"https:\/\/ptm-mechatronics.com\/fr\/wp-json\/wp\/v2\/types\/product"}],"replies":[{"embeddable":true,"href":"https:\/\/ptm-mechatronics.com\/fr\/wp-json\/wp\/v2\/comments?post=14906"}],"wp:featuredmedia":[{"embeddable":true,"href":"https:\/\/ptm-mechatronics.com\/fr\/wp-json\/wp\/v2\/media\/15565"}],"wp:attachment":[{"href":"https:\/\/ptm-mechatronics.com\/fr\/wp-json\/wp\/v2\/media?parent=14906"}],"wp:term":[{"taxonomy":"product_brand","embeddable":true,"href":"https:\/\/ptm-mechatronics.com\/fr\/wp-json\/wp\/v2\/product_brand?post=14906"},{"taxonomy":"product_cat","embeddable":true,"href":"https:\/\/ptm-mechatronics.com\/fr\/wp-json\/wp\/v2\/product_cat?post=14906"},{"taxonomy":"product_tag","embeddable":true,"href":"https:\/\/ptm-mechatronics.com\/fr\/wp-json\/wp\/v2\/product_tag?post=14906"}],"curies":[{"name":"wp","href":"https:\/\/api.w.org\/{rel}","templated":true}]}}