{"id":14535,"date":"2025-08-25T09:52:45","date_gmt":"2025-08-25T07:52:45","guid":{"rendered":"https:\/\/ptm-mechatronics.com\/?post_type=product&#038;p=14535"},"modified":"2026-05-04T11:53:05","modified_gmt":"2026-05-04T09:53:05","slug":"elektrisches-ruehrwerk-mit-deckel-fuer-200-liter-fass-atex","status":"publish","type":"product","link":"https:\/\/ptm-mechatronics.com\/fr\/product\/elektrisches-ruehrwerk-mit-deckel-fuer-200-liter-fass-atex\/","title":{"rendered":"M\u00e9langeur \u00e9lectrique avec couvercle pour f\u00fbt de 200 litres - ATEX"},"content":{"rendered":"<h1 data-start=\"306\" data-end=\"391\"><span style=\"font-size: 75%;\"><span class=\"_fadeIn_m1hgl_8\">ATEX-<\/span><span class=\"_fadeIn_m1hgl_8\">Agitateur <\/span><span class=\"_fadeIn_m1hgl_8\">pour <\/span><span class=\"_fadeIn_m1hgl_8\">200-<\/span><span class=\"_fadeIn_m1hgl_8\">litre-<\/span><span class=\"_fadeIn_m1hgl_8\">F\u00fbts - <\/span><span class=\"_fadeIn_m1hgl_8\">puissant, <\/span><span class=\"_fadeIn_m1hgl_8\">en toute s\u00e9curit\u00e9 <\/span><span class=\"_fadeIn_m1hgl_8\">et <\/span><span class=\"_fadeIn_m1hgl_8\">orient\u00e9 vers le processus<\/span><\/span><\/h1>\n<p data-start=\"393\" data-end=\"819\"><span class=\"_fadeIn_m1hgl_8\">Ce <\/span><span class=\"_fadeIn_m1hgl_8\">ATEX-<\/span><span class=\"_fadeIn_m1hgl_8\">certifi\u00e9 <\/span><span class=\"_fadeIn_m1hgl_8\">Agitateur<\/span> <span class=\"_fadeIn_m1hgl_8\">pour ATEX <\/span><span class=\"_fadeIn_m1hgl_8\">Zone <\/span><span class=\"_fadeIn_m1hgl_8\">0\/1 <\/span><span class=\"_fadeIn_m1hgl_8\">est <\/span><span class=\"_fadeIn_m1hgl_8\">sp\u00e9cialement <\/span><span class=\"_fadeIn_m1hgl_8\">pour <\/span><span class=\"_fadeIn_m1hgl_8\">le site <\/span><span class=\"_fadeIn_m1hgl_8\">Utilisation <\/span><span class=\"_fadeIn_m1hgl_8\">dans <\/span><span class=\"_fadeIn_m1hgl_8\">\u00e0 risque d'explosion <\/span><span class=\"_fadeIn_m1hgl_8\">Domaines<\/span> <span class=\"_fadeIn_m1hgl_8\">et <\/span><span class=\"_fadeIn_m1hgl_8\">pour <\/span><span class=\"_fadeIn_m1hgl_8\">le <\/span><span class=\"_fadeIn_m1hgl_8\">Traitement <\/span><span class=\"_fadeIn_m1hgl_8\">grand <\/span><span class=\"_fadeIn_m1hgl_8\">Quantit\u00e9s de produits<\/span> <span class=\"_fadeIn_m1hgl_8\">dans <\/span><span class=\"_fadeIn_m1hgl_8\">200-<\/span><span class=\"_fadeIn_m1hgl_8\">litre-<\/span><span class=\"_fadeIn_m1hgl_8\">F\u00fbts<\/span> <span class=\"_fadeIn_m1hgl_8\">con\u00e7u. <\/span><span class=\"_fadeIn_m1hgl_8\">Le site <\/span><span class=\"_fadeIn_m1hgl_8\">efficace sur le plan \u00e9nerg\u00e9tique, <\/span><span class=\"_fadeIn_m1hgl_8\">\u00e9lectrique <\/span><span class=\"_fadeIn_m1hgl_8\">Entra\u00eenement<\/span> <span class=\"_fadeIn_m1hgl_8\">assure <\/span><span class=\"_fadeIn_m1hgl_8\">dans <\/span><span class=\"_fadeIn_m1hgl_8\">Combinaison <\/span><span class=\"_fadeIn_m1hgl_8\">avec <\/span><span class=\"_fadeIn_m1hgl_8\">Arbre et organe d'agitation<\/span>\u00a0<span class=\"_fadeIn_m1hgl_8\">pour <\/span><span class=\"_fadeIn_m1hgl_8\">un <\/span><span class=\"_fadeIn_m1hgl_8\">puissant, <\/span><span class=\"_fadeIn_m1hgl_8\">mais <\/span><span class=\"_fadeIn_m1hgl_8\">en m\u00eame temps <\/span><span class=\"_fadeIn_m1hgl_8\">doux <\/span><span class=\"_fadeIn_m1hgl_8\">M\u00e9lange<\/span> <span class=\"_fadeIn_m1hgl_8\">de <\/span><span class=\"_fadeIn_m1hgl_8\">M\u00e9dias <\/span><span class=\"_fadeIn_m1hgl_8\">chaque <\/span><span class=\"_fadeIn_m1hgl_8\">Classe de viscosit\u00e9.<\/span><\/p>\n<p data-start=\"821\" data-end=\"1335\"><span class=\"_fadeIn_m1hgl_8\">Tous les <\/span><span class=\"_fadeIn_m1hgl_8\">en contact avec le milieu <\/span><span class=\"_fadeIn_m1hgl_8\">Composants - <\/span><span class=\"_fadeIn_m1hgl_8\">Arbre d'agitation, <\/span><span class=\"_fadeIn_m1hgl_8\">Organe d'agitation <\/span><span class=\"_fadeIn_m1hgl_8\">et <\/span><span class=\"_fadeIn_m1hgl_8\">Couvercle<\/span><span class=\"_fadeIn_m1hgl_8\"> \u2013 <\/span><span class=\"_fadeIn_m1hgl_8\">existent <\/span><span class=\"_fadeIn_m1hgl_8\">de <\/span><span class=\"_fadeIn_m1hgl_8\">de haute qualit\u00e9 <\/span><span class=\"_fadeIn_m1hgl_8\">V4A <\/span><span class=\"_fadeIn_m1hgl_8\">Acier inoxydable (<\/span><span class=\"_fadeIn_m1hgl_8\">1.4404)<\/span> <span class=\"_fadeIn_m1hgl_8\">et <\/span><span class=\"_fadeIn_m1hgl_8\">garantissent <\/span><span class=\"_fadeIn_m1hgl_8\">pour que <\/span><span class=\"_fadeIn_m1hgl_8\">le plus haut <\/span><span class=\"_fadeIn_m1hgl_8\">l'hygi\u00e8ne, <\/span><span class=\"_fadeIn_m1hgl_8\">R\u00e9sistance \u00e0 la corrosion<\/span> <span class=\"_fadeIn_m1hgl_8\">et <\/span><span class=\"_fadeIn_m1hgl_8\">la long\u00e9vit\u00e9. <\/span><span class=\"_fadeIn_m1hgl_8\">Le site <\/span><span class=\"_fadeIn_m1hgl_8\">Couvercle <\/span><span class=\"_fadeIn_m1hgl_8\">avec <\/span><span class=\"_fadeIn_m1hgl_8\">un <\/span><span class=\"_fadeIn_m1hgl_8\">Plage de serrage <\/span><span class=\"_fadeIn_m1hgl_8\">de <\/span><span class=\"_fadeIn_m1hgl_8\">500 <\/span><span class=\"_fadeIn_m1hgl_8\">jusqu'\u00e0 <\/span><span class=\"_fadeIn_m1hgl_8\">600 <\/span><span class=\"_fadeIn_m1hgl_8\">mm<\/span> <span class=\"_fadeIn_m1hgl_8\">est <\/span><span class=\"_fadeIn_m1hgl_8\">sur <\/span><span class=\"_fadeIn_m1hgl_8\">standardis\u00e9 <\/span><span class=\"_fadeIn_m1hgl_8\">200-<\/span><span class=\"_fadeIn_m1hgl_8\">litre-<\/span><span class=\"_fadeIn_m1hgl_8\">F\u00fbts <\/span><span class=\"_fadeIn_m1hgl_8\">vot\u00e9 <\/span><span class=\"_fadeIn_m1hgl_8\">et <\/span><span class=\"_fadeIn_m1hgl_8\">dispose <\/span><span class=\"_fadeIn_m1hgl_8\">sur <\/span><span class=\"_fadeIn_m1hgl_8\">deux <\/span><span class=\"_fadeIn_m1hgl_8\">Dispositifs de serrage<\/span><span class=\"_fadeIn_m1hgl_8\">, <\/span><span class=\"_fadeIn_m1hgl_8\">un <\/span><span class=\"_fadeIn_m1hgl_8\">pratique <\/span><span class=\"_fadeIn_m1hgl_8\">Clapet d'ajout<\/span> <span class=\"_fadeIn_m1hgl_8\">ainsi que <\/span><span class=\"_fadeIn_m1hgl_8\">un <\/span><span class=\"_fadeIn_m1hgl_8\">int\u00e9gr\u00e9 <\/span><span class=\"_fadeIn_m1hgl_8\">Barri\u00e8re de s\u00e9curit\u00e9<\/span><span class=\"_fadeIn_m1hgl_8\">, <\/span><span class=\"_fadeIn_m1hgl_8\">le <\/span><span class=\"_fadeIn_m1hgl_8\">chez <\/span><span class=\"_fadeIn_m1hgl_8\">en cours <\/span><span class=\"_fadeIn_m1hgl_8\">Exploitation <\/span><span class=\"_fadeIn_m1hgl_8\">avant <\/span><span class=\"_fadeIn_m1hgl_8\">involontaire <\/span><span class=\"_fadeIn_m1hgl_8\">Intervenir <\/span><span class=\"_fadeIn_m1hgl_8\">prot\u00e8ge.<\/span><\/p>\n<h3 data-start=\"1337\" data-end=\"1549\"><span class=\"_fadeIn_m1hgl_8\" style=\"font-size: 90%;\">Vos choix :<\/span><\/h3>\n<p>Trois niveaux de performance pour r\u00e9pondre \u00e0 vos besoins :<\/p>\n<ul>\n<li>Pour les liquides d'une viscosit\u00e9 allant jusqu'\u00e0 2.000 mPas.<\/li>\n<li>Pour les liquides d'une viscosit\u00e9 allant jusqu'\u00e0 10.000 mPas.<\/li>\n<li>Pour les liquides d'une viscosit\u00e9 allant jusqu'\u00e0 50.000 mPas.<\/li>\n<\/ul>\n<p>Syst\u00e8me de changement rapide de l'arbre d'agitation :<br \/>\nNotre <a href=\"https:\/\/youtu.be\/TjagGW4DoyA?feature=shared\" target=\"_blank\" rel=\"noopener\">Syst\u00e8me de changement rapide eco-Quick<\/a> vous offre un changement rapide et propre de l'arbre d'agitation en quelques secondes, sans outil suppl\u00e9mentaire.<\/p>\n<p>Organe d'agitation \u00e0 godets eco-Cup ou m\u00e9langeur \u00e0 pales inclin\u00e9es<br \/>\n<span class=\"_fadeIn_m1hgl_8\">Le site <\/span><span class=\"_fadeIn_m1hgl_8\">eco-<\/span><span class=\"_fadeIn_m1hgl_8\">Coupe <\/span><span class=\"_fadeIn_m1hgl_8\">Organe d'agitation des gobelets<\/span> <span class=\"_fadeIn_m1hgl_8\">offre <\/span><span class=\"_fadeIn_m1hgl_8\">par <\/span><span class=\"_fadeIn_m1hgl_8\">son <\/span><span class=\"_fadeIn_m1hgl_8\">laminaire <\/span><span class=\"_fadeIn_m1hgl_8\">Comportement d'agitation<\/span> <span class=\"_fadeIn_m1hgl_8\">un <\/span><span class=\"_fadeIn_m1hgl_8\">homog\u00e8ne <\/span><span class=\"_fadeIn_m1hgl_8\">M\u00e9lange<\/span><span class=\"_fadeIn_m1hgl_8\"> \u2013 <\/span><span class=\"_fadeIn_m1hgl_8\">m\u00eame <\/span><span class=\"_fadeIn_m1hgl_8\">chez <\/span><span class=\"_fadeIn_m1hgl_8\">exigeants, <\/span><span class=\"_fadeIn_m1hgl_8\">\u00e0 haute viscosit\u00e9 <\/span><span class=\"_fadeIn_m1hgl_8\">M\u00e9dias <\/span><span class=\"_fadeIn_m1hgl_8\">comme <\/span><span class=\"_fadeIn_m1hgl_8\">P\u00e2tes, <\/span><span class=\"_fadeIn_m1hgl_8\">Suspensions <\/span><span class=\"_fadeIn_m1hgl_8\">ou <\/span><span class=\"_fadeIn_m1hgl_8\">\u00c9mulsions.<\/span><\/p>\n<p data-start=\"1337\" data-end=\"1549\">Le m\u00e9langeur \u00e0 pales inclin\u00e9es convainc par sa caract\u00e9ristique de transport axiale avec une composante l\u00e9g\u00e8rement radiale et g\u00e9n\u00e8re ainsi un flux turbulent qui permet un m\u00e9lange particuli\u00e8rement efficace. Gr\u00e2ce \u00e0 sa construction robuste, il est id\u00e9al pour les substances \u00e0 viscosit\u00e9 \u00e9lev\u00e9e.<\/p>\n<p data-start=\"1337\" data-end=\"1549\">Convertisseur de fr\u00e9quence :<br \/>\nChoisissez en option un variateur de fr\u00e9quence \u00e0 monter au mur.<\/p>\n<p data-start=\"1551\" data-end=\"1582\"><span class=\"_fadeIn_m1hgl_8\">Avantages <\/span><span class=\"_fadeIn_m1hgl_8\">sur <\/span><span class=\"_fadeIn_m1hgl_8\">un <\/span><span class=\"_fadeIn_m1hgl_8\">Regard :<\/span><\/p>\n<ul>\n<li data-start=\"1585\" data-end=\"1625\"><span class=\"_fadeIn_m1hgl_8\">ATEX-<\/span><span class=\"_fadeIn_m1hgl_8\">certifi\u00e9 <\/span><span class=\"_fadeIn_m1hgl_8\">Entra\u00eenement<\/span><\/li>\n<li data-start=\"1585\" data-end=\"1625\"><span class=\"_fadeIn_m1hgl_8\">\u00c9lectrique, <\/span><span class=\"_fadeIn_m1hgl_8\">efficace sur le plan \u00e9nerg\u00e9tique <\/span><span class=\"_fadeIn_m1hgl_8\">et <\/span><span class=\"_fadeIn_m1hgl_8\">puissant<\/span><\/li>\n<li data-start=\"1585\" data-end=\"1625\"><span class=\"_fadeIn_m1hgl_8\">Pour <\/span><span class=\"_fadeIn_m1hgl_8\">200-<\/span><span class=\"_fadeIn_m1hgl_8\">litre-<\/span><span class=\"_fadeIn_m1hgl_8\">F\u00fbts <\/span><span class=\"_fadeIn_m1hgl_8\">avec <\/span><span class=\"_fadeIn_m1hgl_8\">\u00d8 <\/span><span class=\"_fadeIn_m1hgl_8\">500-<\/span><span class=\"_fadeIn_m1hgl_8\">600 <\/span><span class=\"_fadeIn_m1hgl_8\">mm<\/span><\/li>\n<li data-start=\"1585\" data-end=\"1625\"><span class=\"_fadeIn_m1hgl_8\">Arbre d'agitation, <\/span><span class=\"_fadeIn_m1hgl_8\">Organe d'agitation <\/span><span class=\"_fadeIn_m1hgl_8\">et <\/span><span class=\"_fadeIn_m1hgl_8\">Couvercle <\/span><span class=\"_fadeIn_m1hgl_8\">de <\/span><span class=\"_fadeIn_m1hgl_8\">V4A <\/span><span class=\"_fadeIn_m1hgl_8\">Acier inoxydable<\/span><\/li>\n<li data-start=\"1585\" data-end=\"1625\"><span class=\"_fadeIn_m1hgl_8\">Deux <\/span><span class=\"_fadeIn_m1hgl_8\">Dispositifs de serrage <\/span><span class=\"_fadeIn_m1hgl_8\">pour <\/span><span class=\"_fadeIn_m1hgl_8\">s\u00e9curis\u00e9 <\/span><span class=\"_fadeIn_m1hgl_8\">Arr\u00eat<\/span><\/li>\n<li data-start=\"1585\" data-end=\"1625\"><span class=\"_fadeIn_m1hgl_8\">Avec <\/span><span class=\"_fadeIn_m1hgl_8\">Clapet d'ajout <\/span><span class=\"_fadeIn_m1hgl_8\">et <\/span><span class=\"_fadeIn_m1hgl_8\">Barri\u00e8re de s\u00e9curit\u00e9<\/span><\/li>\n<li data-start=\"1585\" data-end=\"1625\"><span class=\"_fadeIn_m1hgl_8\">Adapt\u00e9 <\/span><span class=\"_fadeIn_m1hgl_8\">pour <\/span><span class=\"_fadeIn_m1hgl_8\">bas- <\/span><span class=\"_fadeIn_m1hgl_8\">et <\/span><span class=\"_fadeIn_m1hgl_8\">haute viscosit\u00e9 <\/span><span class=\"_fadeIn_m1hgl_8\">M\u00e9dias<\/span><\/li>\n<li data-start=\"1585\" data-end=\"1625\"><span class=\"_fadeIn_m1hgl_8\">Homog\u00e8nes, <\/span><span class=\"_fadeIn_m1hgl_8\">doux <\/span><span class=\"_fadeIn_m1hgl_8\">Comportement d'agitation<\/span><\/li>\n<li data-start=\"1585\" data-end=\"1625\"><span class=\"_fadeIn_m1hgl_8\">Robuste, <\/span><span class=\"_fadeIn_m1hgl_8\">hygi\u00e9nique, <\/span><span class=\"_fadeIn_m1hgl_8\">peu d'entretien<\/span><\/li>\n<\/ul>","protected":false},"excerpt":{"rendered":"<p><span class=\"_fadeIn_m1hgl_8\">ATEX-<\/span><span class=\"_fadeIn_m1hgl_8\">Agitateur <\/span><span class=\"_fadeIn_m1hgl_8\">pour <\/span><span class=\"_fadeIn_m1hgl_8\">200-<\/span><span class=\"_fadeIn_m1hgl_8\">litre-<\/span><span class=\"_fadeIn_m1hgl_8\">F\u00fbts <\/span><span class=\"_fadeIn_m1hgl_8\">avec <\/span><span class=\"_fadeIn_m1hgl_8\">V4A-<\/span><span class=\"_fadeIn_m1hgl_8\">Composants, <\/span><span class=\"_fadeIn_m1hgl_8\">Clapet d'ajout <\/span><span class=\"_fadeIn_m1hgl_8\">avec <\/span><span class=\"_fadeIn_m1hgl_8\">Grille de s\u00e9curit\u00e9, organe d'agitation au choix, <\/span><span class=\"_fadeIn_m1hgl_8\">pour <\/span><span class=\"_fadeIn_m1hgl_8\">un <\/span><span class=\"_fadeIn_m1hgl_8\">s\u00fbr, <\/span><span class=\"_fadeIn_m1hgl_8\">efficace <\/span><span class=\"_fadeIn_m1hgl_8\">et <\/span><span class=\"_fadeIn_m1hgl_8\">hygi\u00e9nique <\/span><span class=\"_fadeIn_m1hgl_8\">Repos <\/span><span class=\"_fadeIn_m1hgl_8\">visqueux <\/span><span class=\"_fadeIn_m1hgl_8\">m\u00e9dias, \u00e9galement <\/span><span class=\"_fadeIn_m1hgl_8\">dans <\/span><span class=\"_fadeIn_m1hgl_8\">\u00e0 risque d'explosion <\/span><span class=\"_fadeIn_m1hgl_8\">Environnement.<\/span><\/p>","protected":false},"featured_media":15562,"comment_status":"open","ping_status":"closed","template":"","meta":{"_acf_changed":false},"product_brand":[],"product_cat":[595,603],"product_tag":[2960,2962,2963,3164,2637,2735,2816,2940,2954,2959],"class_list":{"0":"post-14535","1":"product","2":"type-product","3":"status-publish","4":"has-post-thumbnail","6":"product_cat-ruehrwerkstechnik","7":"product_cat-fassruehrwerke","8":"product_tag-fassruehrwerk-edelstahl","9":"product_tag-sicherheitsgitter-ruehrsystem","10":"product_tag-edelstahl-ruehrwerk-500-600-mm","11":"product_tag-elektrischer-ruehrantrieb-atex","12":"product_tag-ruehrwerk-fuer-hochviskose-medien","13":"product_tag-schragblattmischer","14":"product_tag-explosionsgeschuetztes-ruehrwerk","15":"product_tag-becherruehrorgan-eco-cup","16":"product_tag-zugabeklappe-ruehrwerk","17":"product_tag-atex-ruehrwerk-200-liter","18":"product_shipping_class-europalette-speditionsversand","19":"pa_antriebsart-elektrisch","20":"pa_atex-motor-ex-db-eb-iic-t4-gb","21":"pa_atex-zonentrennung-ex-ii-1-2-g-ex-h-iic-t5-ga-gb","22":"pa_behaeltervolumen-200-liter","23":"pa_dichtung-ptfe","24":"pa_durchmesser-ruehrwelle-20mm","25":"pa_frequenzumrichter-ohne","26":"pa_frequenzumrichter-zur-wandmontage","27":"pa_geeignete-fassdurchmesser-500-600mm","28":"pa_labs-oel-und-silikonfrei","29":"pa_laenge-ruehrwelle-ca-780mm-ab-deckeloberkante","30":"pa_material-deckel-v4a-edelstahl-1-4404","31":"pa_motorgroessen-0-562-1-min-11kw-19nm-bis-2-000mpas","32":"pa_motorgroessen-0-411-1-min-15kw-32nm-bis-10-000mpas","33":"pa_motorgroessen-0-245-1-min-15kw-58nm-bis-50-000mpas","34":"pa_ruehrorgan-becherruehrorgan-eco-cup-320mm","35":"pa_ruehrorgan-schraegblattmischer-325mm","36":"pa_schnellwechselsystem-mit-gewindeverbindung","37":"pa_schnellwechselsystem-mit-schnellwechselsystem","38":"pa_typ-deckelruehrwerk","40":"first","41":"instock","42":"taxable","43":"shipping-taxable","44":"purchasable","45":"product-type-variable"},"bundled_by":[],"bundle_stock_status":"instock","bundle_stock_quantity":null,"bundle_virtual":false,"bundle_layout":"","bundle_add_to_cart_form_location":"","bundle_editable_in_cart":false,"bundle_sold_individually_context":"","bundle_item_grouping":"","bundle_min_size":"","bundle_max_size":"","bundle_price":[],"bundled_items":[],"bundle_sell_ids":[],"exclude_global_add_ons":[],"addons":[],"acf":[],"_links":{"self":[{"href":"https:\/\/ptm-mechatronics.com\/fr\/wp-json\/wp\/v2\/product\/14535","targetHints":{"allow":["GET"]}}],"collection":[{"href":"https:\/\/ptm-mechatronics.com\/fr\/wp-json\/wp\/v2\/product"}],"about":[{"href":"https:\/\/ptm-mechatronics.com\/fr\/wp-json\/wp\/v2\/types\/product"}],"replies":[{"embeddable":true,"href":"https:\/\/ptm-mechatronics.com\/fr\/wp-json\/wp\/v2\/comments?post=14535"}],"wp:featuredmedia":[{"embeddable":true,"href":"https:\/\/ptm-mechatronics.com\/fr\/wp-json\/wp\/v2\/media\/15562"}],"wp:attachment":[{"href":"https:\/\/ptm-mechatronics.com\/fr\/wp-json\/wp\/v2\/media?parent=14535"}],"wp:term":[{"taxonomy":"product_brand","embeddable":true,"href":"https:\/\/ptm-mechatronics.com\/fr\/wp-json\/wp\/v2\/product_brand?post=14535"},{"taxonomy":"product_cat","embeddable":true,"href":"https:\/\/ptm-mechatronics.com\/fr\/wp-json\/wp\/v2\/product_cat?post=14535"},{"taxonomy":"product_tag","embeddable":true,"href":"https:\/\/ptm-mechatronics.com\/fr\/wp-json\/wp\/v2\/product_tag?post=14535"}],"curies":[{"name":"wp","href":"https:\/\/api.w.org\/{rel}","templated":true}]}}