{"id":14473,"date":"2025-08-25T08:34:18","date_gmt":"2025-08-25T06:34:18","guid":{"rendered":"https:\/\/ptm-mechatronics.com\/?post_type=product&#038;p=14473"},"modified":"2026-05-04T12:35:47","modified_gmt":"2026-05-04T10:35:47","slug":"elektro-pneumatisches-stativruehrwerk-fuer-ibc-container","status":"publish","type":"product","link":"https:\/\/ptm-mechatronics.com\/fr\/product\/elektro-pneumatisches-stativruehrwerk-fuer-ibc-container\/","title":{"rendered":"Agitateur \u00e9lectro-pneumatique sur pied pour IBC &amp; conteneurs"},"content":{"rendered":"<h1 data-start=\"188\" data-end=\"272\"><span style=\"font-size: 90%;\"><span class=\"_fadeIn_m1hgl_8\">Agitateur sur pied <\/span><span class=\"_fadeIn_m1hgl_8\">pour <\/span><span class=\"_fadeIn_m1hgl_8\">IBCs <\/span><span class=\"_fadeIn_m1hgl_8\">et <\/span><span class=\"_fadeIn_m1hgl_8\">Conteneur - <\/span><span class=\"_fadeIn_m1hgl_8\">puissant, <\/span><span class=\"_fadeIn_m1hgl_8\">en toute s\u00e9curit\u00e9 <\/span><span class=\"_fadeIn_m1hgl_8\">et <\/span><span class=\"_fadeIn_m1hgl_8\">ergonomique <\/span><span class=\"_fadeIn_m1hgl_8\">remuer<\/span><\/span><\/h1>\n<p data-start=\"274\" data-end=\"737\"><span class=\"_fadeIn_m1hgl_8\">Notre <\/span><span class=\"_fadeIn_m1hgl_8\">Agitateur sur pied <\/span><span class=\"_fadeIn_m1hgl_8\">pour <\/span><span class=\"_fadeIn_m1hgl_8\">IBCs <\/span><span class=\"_fadeIn_m1hgl_8\">et <\/span><span class=\"_fadeIn_m1hgl_8\">Conteneur<\/span> <span class=\"_fadeIn_m1hgl_8\">a \u00e9t\u00e9 <\/span><span class=\"_fadeIn_m1hgl_8\">sp\u00e9cialement <\/span><span class=\"_fadeIn_m1hgl_8\">pour <\/span><span class=\"_fadeIn_m1hgl_8\">le <\/span><span class=\"_fadeIn_m1hgl_8\">puissant <\/span><span class=\"_fadeIn_m1hgl_8\">et <\/span><span class=\"_fadeIn_m1hgl_8\">processus s\u00e9curis\u00e9 <\/span><span class=\"_fadeIn_m1hgl_8\">Repos <\/span><span class=\"_fadeIn_m1hgl_8\">de <\/span><span class=\"_fadeIn_m1hgl_8\">bas- <\/span><span class=\"_fadeIn_m1hgl_8\">jusqu'\u00e0 <\/span><span class=\"_fadeIn_m1hgl_8\">\u00e0 haute viscosit\u00e9 <\/span><span class=\"_fadeIn_m1hgl_8\">M\u00e9dias<\/span> <span class=\"_fadeIn_m1hgl_8\">d\u00e9velopp\u00e9. <\/span><span class=\"_fadeIn_m1hgl_8\">\u00c9quip\u00e9 <\/span><span class=\"_fadeIn_m1hgl_8\">avec <\/span><span class=\"_fadeIn_m1hgl_8\">un <\/span><span class=\"_fadeIn_m1hgl_8\">puissants, <\/span><span class=\"_fadeIn_m1hgl_8\">\u00e9lectriques <\/span><span class=\"_fadeIn_m1hgl_8\">Entra\u00eenement<\/span><span class=\"_fadeIn_m1hgl_8\">, <\/span><span class=\"_fadeIn_m1hgl_8\">un <\/span><span class=\"_fadeIn_m1hgl_8\">robuste <\/span><span class=\"_fadeIn_m1hgl_8\">Syst\u00e8me de couvercles<\/span> <span class=\"_fadeIn_m1hgl_8\">ainsi que <\/span><span class=\"_fadeIn_m1hgl_8\">un <\/span><span class=\"_fadeIn_m1hgl_8\">stable <\/span><span class=\"_fadeIn_m1hgl_8\">Tr\u00e9pied <\/span><span class=\"_fadeIn_m1hgl_8\">avec <\/span><span class=\"_fadeIn_m1hgl_8\">automatique pneumatique <\/span><span class=\"_fadeIn_m1hgl_8\">Dispositif de levage<\/span><span class=\"_fadeIn_m1hgl_8\">, <\/span><span class=\"_fadeIn_m1hgl_8\">est <\/span><span class=\"_fadeIn_m1hgl_8\">ce <\/span><span class=\"_fadeIn_m1hgl_8\">Agitateur <\/span><span class=\"_fadeIn_m1hgl_8\">id\u00e9al <\/span><span class=\"_fadeIn_m1hgl_8\">pour <\/span><span class=\"_fadeIn_m1hgl_8\">le site <\/span><span class=\"_fadeIn_m1hgl_8\">industriel <\/span><span class=\"_fadeIn_m1hgl_8\">Utilisation permanente <\/span><span class=\"_fadeIn_m1hgl_8\">dans <\/span><span class=\"_fadeIn_m1hgl_8\">le <\/span><span class=\"_fadeIn_m1hgl_8\">Chimie-, <\/span><span class=\"_fadeIn_m1hgl_8\">Alimentaire, <\/span><span class=\"_fadeIn_m1hgl_8\">Pharma- <\/span><span class=\"_fadeIn_m1hgl_8\">et <\/span><span class=\"_fadeIn_m1hgl_8\">Industrie cosm\u00e9tique<\/span> <span class=\"_fadeIn_m1hgl_8\">convient.<\/span><\/p>\n<p data-start=\"739\" data-end=\"1149\"><span class=\"_fadeIn_m1hgl_8\">Le site <\/span><span class=\"_fadeIn_m1hgl_8\">int\u00e9gr\u00e9 <\/span><span class=\"_fadeIn_m1hgl_8\">Arbre d'agitation<\/span> <span class=\"_fadeIn_m1hgl_8\">et <\/span><span class=\"_fadeIn_m1hgl_8\">le <\/span><span class=\"_fadeIn_m1hgl_8\">\u00e9prouv\u00e9 <\/span><span class=\"_fadeIn_m1hgl_8\">Pliable<\/span><span class=\"_fadeIn_m1hgl_8\">Organe d'agitation des gobelets <\/span><span class=\"_fadeIn_m1hgl_8\">eco-<\/span><span class=\"_fadeIn_m1hgl_8\">Coupe<\/span><span class=\"_fadeIn_m1hgl_8\"> \u2013 <\/span><span class=\"_fadeIn_m1hgl_8\">les deux <\/span><span class=\"_fadeIn_m1hgl_8\">fabriqu\u00e9 <\/span><span class=\"_fadeIn_m1hgl_8\">de <\/span><span class=\"_fadeIn_m1hgl_8\">de haute qualit\u00e9 <\/span><span class=\"_fadeIn_m1hgl_8\">V4A <\/span><span class=\"_fadeIn_m1hgl_8\">Acier inoxydable (<\/span><span class=\"_fadeIn_m1hgl_8\">1.4404)<\/span><span class=\"_fadeIn_m1hgl_8\"> \u2013 <\/span><span class=\"_fadeIn_m1hgl_8\">garantissent <\/span><span class=\"_fadeIn_m1hgl_8\">un <\/span><span class=\"_fadeIn_m1hgl_8\">efficace <\/span><span class=\"_fadeIn_m1hgl_8\">M\u00e9lange<\/span> <span class=\"_fadeIn_m1hgl_8\">de <\/span><span class=\"_fadeIn_m1hgl_8\">Liquides <\/span><span class=\"_fadeIn_m1hgl_8\">et <\/span><span class=\"_fadeIn_m1hgl_8\">visqueux <\/span><span class=\"_fadeIn_m1hgl_8\">Substances <\/span><span class=\"_fadeIn_m1hgl_8\">direct <\/span><span class=\"_fadeIn_m1hgl_8\">sur le site <\/span><span class=\"_fadeIn_m1hgl_8\">IBC <\/span><span class=\"_fadeIn_m1hgl_8\">ou <\/span><span class=\"_fadeIn_m1hgl_8\">Conteneur. <\/span><span class=\"_fadeIn_m1hgl_8\">Le site <\/span><span class=\"_fadeIn_m1hgl_8\">Composants <\/span><span class=\"_fadeIn_m1hgl_8\">sont <\/span><span class=\"_fadeIn_m1hgl_8\">optimal <\/span><span class=\"_fadeIn_m1hgl_8\">l'un sur l'autre <\/span><span class=\"_fadeIn_m1hgl_8\">vot\u00e9 <\/span><span class=\"_fadeIn_m1hgl_8\">et <\/span><span class=\"_fadeIn_m1hgl_8\">assurent <\/span><span class=\"_fadeIn_m1hgl_8\">pour <\/span><span class=\"_fadeIn_m1hgl_8\">un <\/span><span class=\"_fadeIn_m1hgl_8\">uniforme, <\/span><span class=\"_fadeIn_m1hgl_8\">homog\u00e8ne <\/span><span class=\"_fadeIn_m1hgl_8\">R\u00e9sultat de l'agitation - <\/span><span class=\"_fadeIn_m1hgl_8\">\u00e9galement <\/span><span class=\"_fadeIn_m1hgl_8\">chez <\/span><span class=\"_fadeIn_m1hgl_8\">exigeante <\/span><span class=\"_fadeIn_m1hgl_8\">Les m\u00e9dias.<\/span><\/p>\n<p data-start=\"1151\" data-end=\"1431\"><span class=\"_fadeIn_m1hgl_8\">Le site <\/span><span class=\"_fadeIn_m1hgl_8\">automatique <\/span><span class=\"_fadeIn_m1hgl_8\">Dispositif de levage<\/span> <span class=\"_fadeIn_m1hgl_8\">permet <\/span><span class=\"_fadeIn_m1hgl_8\">un <\/span><span class=\"_fadeIn_m1hgl_8\">confortable <\/span><span class=\"_fadeIn_m1hgl_8\">et <\/span><span class=\"_fadeIn_m1hgl_8\">ergonomique <\/span><span class=\"_fadeIn_m1hgl_8\">Changement de r\u00e9cipient<\/span><span class=\"_fadeIn_m1hgl_8\">, <\/span><span class=\"_fadeIn_m1hgl_8\">r\u00e9duit <\/span><span class=\"_fadeIn_m1hgl_8\">physique <\/span><span class=\"_fadeIn_m1hgl_8\">Charge <\/span><span class=\"_fadeIn_m1hgl_8\">et <\/span><span class=\"_fadeIn_m1hgl_8\">augmente <\/span><span class=\"_fadeIn_m1hgl_8\">le <\/span><span class=\"_fadeIn_m1hgl_8\">la s\u00e9curit\u00e9 au travail. <\/span><span class=\"_fadeIn_m1hgl_8\">Sur <\/span><span class=\"_fadeIn_m1hgl_8\">un <\/span><span class=\"_fadeIn_m1hgl_8\">intuitif <\/span><span class=\"_fadeIn_m1hgl_8\">utilisable <\/span><span class=\"_fadeIn_m1hgl_8\">Panneau de contr\u00f4le <\/span><span class=\"_fadeIn_m1hgl_8\">sur le site <\/span><span class=\"_fadeIn_m1hgl_8\">Tr\u00e9pied<\/span> <span class=\"_fadeIn_m1hgl_8\">laisse <\/span><span class=\"_fadeIn_m1hgl_8\">se <\/span><span class=\"_fadeIn_m1hgl_8\">le <\/span><span class=\"_fadeIn_m1hgl_8\">ensemble du site <\/span><span class=\"_fadeIn_m1hgl_8\">Processus d'agitation <\/span><span class=\"_fadeIn_m1hgl_8\">efficace <\/span><span class=\"_fadeIn_m1hgl_8\">piloter.<\/span><\/p>\n<p data-start=\"1433\" data-end=\"1758\"><span class=\"_fadeIn_m1hgl_8\">Pour <\/span><span class=\"_fadeIn_m1hgl_8\">suppl\u00e9mentaires <\/span><span class=\"_fadeIn_m1hgl_8\">S\u00e9curit\u00e9 <\/span><span class=\"_fadeIn_m1hgl_8\">assure <\/span><span class=\"_fadeIn_m1hgl_8\">le <\/span><span class=\"_fadeIn_m1hgl_8\">int\u00e9gr\u00e9 <\/span><span class=\"_fadeIn_m1hgl_8\">automatique <\/span><span class=\"_fadeIn_m1hgl_8\">Arr\u00eat de l'agitateur <\/span><span class=\"_fadeIn_m1hgl_8\">sur le site <\/span><span class=\"_fadeIn_m1hgl_8\">Soulever <\/span><span class=\"_fadeIn_m1hgl_8\">du site <\/span><span class=\"_fadeIn_m1hgl_8\">Couvercle<\/span><span class=\"_fadeIn_m1hgl_8\">, <\/span><span class=\"_fadeIn_m1hgl_8\">pour <\/span><span class=\"_fadeIn_m1hgl_8\">le <\/span><span class=\"_fadeIn_m1hgl_8\">Mettre la main \u00e0 la p\u00e2te <\/span><span class=\"_fadeIn_m1hgl_8\">dans <\/span><span class=\"_fadeIn_m1hgl_8\">mobile <\/span><span class=\"_fadeIn_m1hgl_8\">Pi\u00e8ces <\/span><span class=\"_fadeIn_m1hgl_8\">sur <\/span><span class=\"_fadeIn_m1hgl_8\">emp\u00eacher. <\/span><span class=\"_fadeIn_m1hgl_8\">Sur le site <\/span><span class=\"_fadeIn_m1hgl_8\">Abaisser <\/span><span class=\"_fadeIn_m1hgl_8\">reconna\u00eet <\/span><span class=\"_fadeIn_m1hgl_8\">le <\/span><span class=\"_fadeIn_m1hgl_8\">Syst\u00e8me <\/span><span class=\"_fadeIn_m1hgl_8\">le site <\/span><span class=\"_fadeIn_m1hgl_8\">R\u00e9cipient <\/span><span class=\"_fadeIn_m1hgl_8\">automatique <\/span><span class=\"_fadeIn_m1hgl_8\">et <\/span><span class=\"_fadeIn_m1hgl_8\">lance <\/span><span class=\"_fadeIn_m1hgl_8\">le site <\/span><span class=\"_fadeIn_m1hgl_8\">Processus d'agitation <\/span><span class=\"_fadeIn_m1hgl_8\">ind\u00e9pendant - <\/span><span class=\"_fadeIn_m1hgl_8\">pour <\/span><span class=\"_fadeIn_m1hgl_8\">un <\/span><span class=\"_fadeIn_m1hgl_8\">sans friction, <\/span><span class=\"_fadeIn_m1hgl_8\">contr\u00f4l\u00e9 <\/span><span class=\"_fadeIn_m1hgl_8\">D\u00e9roulement du processus.<\/span><\/p>\n<h3 data-start=\"1337\" data-end=\"1549\"><span class=\"_fadeIn_m1hgl_8\">Vos choix :<\/span><\/h3>\n<p>Trois niveaux de performance pour r\u00e9pondre \u00e0 vos besoins :<\/p>\n<ul>\n<li>Pour les liquides d'une viscosit\u00e9 allant jusqu'\u00e0 2.000 mPas.<\/li>\n<li>Pour les liquides d'une viscosit\u00e9 allant jusqu'\u00e0 10.000 mPas.<\/li>\n<li>Pour les liquides d'une viscosit\u00e9 allant jusqu'\u00e0 50.000 mPas.<\/li>\n<\/ul>\n<p>Syst\u00e8me de changement rapide de l'arbre d'agitation :<br \/>\nNotre <a href=\"https:\/\/youtu.be\/TjagGW4DoyA?feature=shared\" target=\"_blank\" rel=\"noopener\">Syst\u00e8me de changement rapide eco-Quick<\/a> vous offre un changement rapide et propre de l'arbre d'agitation en quelques secondes, sans outil suppl\u00e9mentaire.<\/p>\n<p data-start=\"1760\" data-end=\"1791\"><span class=\"_fadeIn_m1hgl_8\">Avantages <\/span><span class=\"_fadeIn_m1hgl_8\">sur <\/span><span class=\"_fadeIn_m1hgl_8\">un <\/span><span class=\"_fadeIn_m1hgl_8\">Regard :<\/span><\/p>\n<ul>\n<li data-start=\"1794\" data-end=\"1835\"><span class=\"_fadeIn_m1hgl_8\">Plus performant, <\/span><span class=\"_fadeIn_m1hgl_8\">\u00e9lectrique <\/span><span class=\"_fadeIn_m1hgl_8\">Entra\u00eenement<\/span><\/li>\n<li data-start=\"1794\" data-end=\"1835\"><span class=\"_fadeIn_m1hgl_8\">Robuste <\/span><span class=\"_fadeIn_m1hgl_8\">Acier inoxydable (<\/span><span class=\"_fadeIn_m1hgl_8\">V4A \/ <\/span><span class=\"_fadeIn_m1hgl_8\">1.4404) <\/span><span class=\"_fadeIn_m1hgl_8\">pour <\/span><span class=\"_fadeIn_m1hgl_8\">Arbre d'agitation <\/span><span class=\"_fadeIn_m1hgl_8\">et <\/span><span class=\"_fadeIn_m1hgl_8\">Organe d'agitation<\/span><\/li>\n<li data-start=\"1794\" data-end=\"1835\"><span class=\"_fadeIn_m1hgl_8\">Pliable<\/span><span class=\"_fadeIn_m1hgl_8\">Organe d'agitation des gobelets <\/span><span class=\"_fadeIn_m1hgl_8\">eco-<\/span><span class=\"_fadeIn_m1hgl_8\">Coupe <\/span><span class=\"_fadeIn_m1hgl_8\">pour <\/span><span class=\"_fadeIn_m1hgl_8\">efficace <\/span><span class=\"_fadeIn_m1hgl_8\">M\u00e9lange<\/span><\/li>\n<li data-start=\"1794\" data-end=\"1835\"><span class=\"_fadeIn_m1hgl_8\">Adapt\u00e9 <\/span><span class=\"_fadeIn_m1hgl_8\">pour <\/span><span class=\"_fadeIn_m1hgl_8\">bas- <\/span><span class=\"_fadeIn_m1hgl_8\">jusqu'\u00e0 <\/span><span class=\"_fadeIn_m1hgl_8\">haute viscosit\u00e9 <\/span><span class=\"_fadeIn_m1hgl_8\">M\u00e9dias<\/span><\/li>\n<li data-start=\"1794\" data-end=\"1835\"><span class=\"_fadeIn_m1hgl_8\">Automatique <\/span><span class=\"_fadeIn_m1hgl_8\">Dispositif de levage <\/span><span class=\"_fadeIn_m1hgl_8\">pour <\/span><span class=\"_fadeIn_m1hgl_8\">ergonomique <\/span><span class=\"_fadeIn_m1hgl_8\">Travailler<\/span><\/li>\n<li data-start=\"1794\" data-end=\"1835\"><span class=\"_fadeIn_m1hgl_8\">Int\u00e9gr\u00e9 <\/span><span class=\"_fadeIn_m1hgl_8\">Arr\u00eat de s\u00e9curit\u00e9 <\/span><span class=\"_fadeIn_m1hgl_8\">sur le site <\/span><span class=\"_fadeIn_m1hgl_8\">Course du couvercle<\/span><\/li>\n<li data-start=\"1794\" data-end=\"1835\"><span class=\"_fadeIn_m1hgl_8\">Automatique <\/span><span class=\"_fadeIn_m1hgl_8\">Lancement <\/span><span class=\"_fadeIn_m1hgl_8\">par <\/span><span class=\"_fadeIn_m1hgl_8\">D\u00e9tection de r\u00e9cipients<\/span><\/li>\n<li data-start=\"1794\" data-end=\"1835\"><span class=\"_fadeIn_m1hgl_8\">Pratique <\/span><span class=\"_fadeIn_m1hgl_8\">Panneau de commande <\/span><span class=\"_fadeIn_m1hgl_8\">pour <\/span><span class=\"_fadeIn_m1hgl_8\">simple <\/span><span class=\"_fadeIn_m1hgl_8\">Contr\u00f4le<\/span><\/li>\n<li data-start=\"1794\" data-end=\"1835\"><span class=\"_fadeIn_m1hgl_8\">Id\u00e9al <\/span><span class=\"_fadeIn_m1hgl_8\">pour <\/span><span class=\"_fadeIn_m1hgl_8\">IBCs <\/span><span class=\"_fadeIn_m1hgl_8\">et <\/span><span class=\"_fadeIn_m1hgl_8\">Conteneur<\/span><\/li>\n<\/ul>\n<p data-start=\"1794\" data-end=\"1835\">Livraison sans conteneur, sans chariot \u00e9l\u00e9vateur<\/p>","protected":false},"excerpt":{"rendered":"<p><span class=\"_fadeIn_m1hgl_8\">Agitateur sur pied <\/span><span class=\"_fadeIn_m1hgl_8\">pour <\/span><span class=\"_fadeIn_m1hgl_8\">IBCs <\/span><span class=\"_fadeIn_m1hgl_8\">et <\/span><span class=\"_fadeIn_m1hgl_8\">Conteneur <\/span><span class=\"_fadeIn_m1hgl_8\">avec <\/span><span class=\"_fadeIn_m1hgl_8\">pneumatique <\/span><span class=\"_fadeIn_m1hgl_8\">Entra\u00eenement, <\/span><span class=\"_fadeIn_m1hgl_8\">automatique <\/span><span class=\"_fadeIn_m1hgl_8\">Dispositif de levage, <\/span><span class=\"_fadeIn_m1hgl_8\">Arr\u00eat de s\u00e9curit\u00e9 <\/span><span class=\"_fadeIn_m1hgl_8\">et <\/span><span class=\"_fadeIn_m1hgl_8\">V4A-<\/span><span class=\"_fadeIn_m1hgl_8\">Acier inoxydable-<\/span><span class=\"_fadeIn_m1hgl_8\">Composants, <\/span><span class=\"_fadeIn_m1hgl_8\">optimal <\/span><span class=\"_fadeIn_m1hgl_8\">sur <\/span><span class=\"_fadeIn_m1hgl_8\">le <\/span><span class=\"_fadeIn_m1hgl_8\">efficace <\/span><span class=\"_fadeIn_m1hgl_8\">et <\/span><span class=\"_fadeIn_m1hgl_8\">s\u00e9curis\u00e9 <\/span><span class=\"_fadeIn_m1hgl_8\">Repos <\/span><span class=\"_fadeIn_m1hgl_8\">de <\/span><span class=\"_fadeIn_m1hgl_8\">bas- <\/span><span class=\"_fadeIn_m1hgl_8\">jusqu'\u00e0 <\/span><span class=\"_fadeIn_m1hgl_8\">\u00e0 haute viscosit\u00e9 <\/span><span class=\"_fadeIn_m1hgl_8\">M\u00e9dias <\/span><span class=\"_fadeIn_m1hgl_8\">vot\u00e9.<\/span><\/p>","protected":false},"featured_media":15559,"comment_status":"open","ping_status":"closed","template":"","meta":{"_acf_changed":false},"product_brand":[],"product_cat":[595,614],"product_tag":[2637,2890,2891,2893,2894,2895,2897,2898,3155,3165],"class_list":{"0":"post-14473","1":"product","2":"type-product","3":"status-publish","4":"has-post-thumbnail","6":"product_cat-ruehrwerkstechnik","7":"product_cat-containerruehrwerke","8":"product_tag-ruehrwerk-fuer-hochviskose-medien","9":"product_tag-stativruehrwerk-ibc","10":"product_tag-container-ruehrwerk","11":"product_tag-ruehrwerk-mit-hebevorrichtung","12":"product_tag-edelstahl-ruehrwerk-v4a","13":"product_tag-ruehrwerk-mit-sicherheitsabschaltung","14":"product_tag-automatisches-stativruehrwerk","15":"product_tag-ruehrwerk-mit-bedienpult","16":"product_tag-ibc-ruehrwerk","17":"product_tag-elektro-pneumatisches-ruehrwerk","18":"product_shipping_class-sonderpalette-speditionsversand","19":"pa_antriebsart-elektrisch","20":"pa_behaeltervolumen-ibc","21":"pa_deckeldurchmesser-fuer-ibc-oeffnungen-dn150-und-dn225-geeignet","22":"pa_dichtung-ptfe","23":"pa_durchmesser-ruehrwelle-25mm","24":"pa_geeignete-container-600-1200-liter-ibc","25":"pa_gesamtbreite-1290mm","26":"pa_gesamthoehe-2825mm","27":"pa_labs-oel-und-silikonfrei","28":"pa_laenge-ruehrwelle-ca-739mm-ab-deckeloberkante","29":"pa_material-deckel-v4a-edelstahl-1-4404","30":"pa_model-eco-station-ibc","31":"pa_motorgroessen-0-411-1-min-15kw-32nm-bis-2-000mpas","32":"pa_motorgroessen-0-245-1-min-15kw-58nm-bis-10-000mpas","33":"pa_motorgroessen-0-337-1-min-3kw-85nm-bis-50-000mpas","34":"pa_ruehrorgan-becherruehrorgan-eco-cup-500mm","35":"pa_schnellwechselsystem-mit-schnellwechselsystem","36":"pa_schnellwechselsystem-mit-gewindeverbindung","37":"pa_stativverfahrweg-1200mm","38":"pa_typ-stativruehrwerk","40":"first","41":"instock","42":"taxable","43":"shipping-taxable","44":"purchasable","45":"product-type-variable"},"bundled_by":[],"bundle_stock_status":"instock","bundle_stock_quantity":null,"bundle_virtual":false,"bundle_layout":"","bundle_add_to_cart_form_location":"","bundle_editable_in_cart":false,"bundle_sold_individually_context":"","bundle_item_grouping":"","bundle_min_size":"","bundle_max_size":"","bundle_price":[],"bundled_items":[],"bundle_sell_ids":[],"exclude_global_add_ons":[],"addons":[],"acf":[],"_links":{"self":[{"href":"https:\/\/ptm-mechatronics.com\/fr\/wp-json\/wp\/v2\/product\/14473","targetHints":{"allow":["GET"]}}],"collection":[{"href":"https:\/\/ptm-mechatronics.com\/fr\/wp-json\/wp\/v2\/product"}],"about":[{"href":"https:\/\/ptm-mechatronics.com\/fr\/wp-json\/wp\/v2\/types\/product"}],"replies":[{"embeddable":true,"href":"https:\/\/ptm-mechatronics.com\/fr\/wp-json\/wp\/v2\/comments?post=14473"}],"wp:featuredmedia":[{"embeddable":true,"href":"https:\/\/ptm-mechatronics.com\/fr\/wp-json\/wp\/v2\/media\/15559"}],"wp:attachment":[{"href":"https:\/\/ptm-mechatronics.com\/fr\/wp-json\/wp\/v2\/media?parent=14473"}],"wp:term":[{"taxonomy":"product_brand","embeddable":true,"href":"https:\/\/ptm-mechatronics.com\/fr\/wp-json\/wp\/v2\/product_brand?post=14473"},{"taxonomy":"product_cat","embeddable":true,"href":"https:\/\/ptm-mechatronics.com\/fr\/wp-json\/wp\/v2\/product_cat?post=14473"},{"taxonomy":"product_tag","embeddable":true,"href":"https:\/\/ptm-mechatronics.com\/fr\/wp-json\/wp\/v2\/product_tag?post=14473"}],"curies":[{"name":"wp","href":"https:\/\/api.w.org\/{rel}","templated":true}]}}