{"id":14070,"date":"2025-07-17T10:12:53","date_gmt":"2025-07-17T08:12:53","guid":{"rendered":"https:\/\/ptm-mechatronics.com\/?post_type=product&#038;p=14070"},"modified":"2025-11-07T15:55:17","modified_gmt":"2025-11-07T14:55:17","slug":"ruehrwelle-fuer-ibc-fuer-restmengenruehrorgan-mit-gewindenabe","status":"publish","type":"product","link":"https:\/\/ptm-mechatronics.com\/fr\/product\/ruehrwelle-fuer-ibc-fuer-restmengenruehrorgan-mit-gewindenabe\/","title":{"rendered":"Arbre d'agitation pour IBC pour organe d'agitation de quantit\u00e9 r\u00e9siduelle avec moyeu filet\u00e9"},"content":{"rendered":"<h1 data-start=\"179\" data-end=\"263\"><span style=\"font-size: 75%;\">Arbre d'agitation avec \u00e9paulement pour organes d'agitation \u00e0 quantit\u00e9 r\u00e9siduelle - pr\u00e9cis, hygi\u00e9nique, efficace<\/span><\/h1>\n<p data-start=\"265\" data-end=\"475\">Nos arbres d'agitation en acier inoxydable V4A 1.4404 de haute qualit\u00e9 sont extr\u00eamement r\u00e9sistants \u00e0 la corrosion, hygi\u00e9niques et robustes - id\u00e9aux pour les applications exigeantes dans l'industrie alimentaire, cosm\u00e9tique ou chimique.<\/p>\n<p data-start=\"477\" data-end=\"803\">Cette variante sp\u00e9ciale a \u00e9t\u00e9 d\u00e9velopp\u00e9e sp\u00e9cifiquement pour l'utilisation avec des organes d'agitation \u00e0 quantit\u00e9 r\u00e9siduelle. Elle dispose d'une surlongueur avec un \u00e9paulement de \u230020mm pour un positionnement optimal de l'organe d'agitation r\u00e9siduel suppl\u00e9mentaire dans le r\u00e9servoir. Le moyeu filet\u00e9 brevet\u00e9 permet un montage s\u00fbr et simple sur tous les entra\u00eenements PTM.<\/p>\n<p data-start=\"805\" data-end=\"967\">Lors de la s\u00e9lection, veuillez tenir compte du diam\u00e8tre d'arbre adapt\u00e9 \u00e0 votre entra\u00eenement. Si vous avez des questions, notre service client\u00e8le PTM se tient \u00e0 votre disposition pour vous conseiller.<\/p>","protected":false},"excerpt":{"rendered":"<p>Arbres d'agitation en acier inoxydable V4A 1.4404 avec \u00e9paulement et moyeu filet\u00e9 pour organes d'agitation r\u00e9siduels suppl\u00e9mentaires, permet un placement optimal dans la cuve en cas de faible niveau de remplissage.<\/p>","protected":false},"featured_media":15364,"comment_status":"closed","ping_status":"closed","template":"","meta":{"_acf_changed":false},"product_brand":[],"product_cat":[595,651],"product_tag":[3141,3142,3120,3123,3135,3136,3137,3138,3139,3140],"class_list":{"0":"post-14070","1":"product","2":"type-product","3":"status-publish","4":"has-post-thumbnail","6":"product_cat-ruehrwerkstechnik","7":"product_cat-ruehrwellen","8":"product_tag-restmengenruehrwerk-zubehoer","9":"product_tag-ptm-antrieb-ruehrwelle","10":"product_tag-ruehrwelle-1-4404","11":"product_tag-hygienische-ruehrwelle","12":"product_tag-ptm-ruehrwelle","13":"product_tag-ruehrwelle-restmengen","14":"product_tag-edelstahlruehrwelle-v4a","15":"product_tag-ruehrwelle-absatz","16":"product_tag-ruehrwelle-gewindenabe","17":"product_tag-ruehrwelle-sonderlaenge","18":"product_shipping_class-karton-paketversand","19":"pa_absatz-20mm","20":"pa_gewinde-m16","21":"pa_material-v4a-edelstahl-1-4404","22":"pa_patentnummer-20-2020-107-558","24":"first","25":"instock","26":"taxable","27":"shipping-taxable","28":"purchasable","29":"product-type-variable"},"bundled_by":[],"bundle_stock_status":"instock","bundle_stock_quantity":null,"bundle_virtual":false,"bundle_layout":"","bundle_add_to_cart_form_location":"","bundle_editable_in_cart":false,"bundle_sold_individually_context":"","bundle_item_grouping":"","bundle_min_size":"","bundle_max_size":"","bundle_price":[],"bundled_items":[],"bundle_sell_ids":[],"exclude_global_add_ons":[],"addons":[],"acf":[],"_links":{"self":[{"href":"https:\/\/ptm-mechatronics.com\/fr\/wp-json\/wp\/v2\/product\/14070","targetHints":{"allow":["GET"]}}],"collection":[{"href":"https:\/\/ptm-mechatronics.com\/fr\/wp-json\/wp\/v2\/product"}],"about":[{"href":"https:\/\/ptm-mechatronics.com\/fr\/wp-json\/wp\/v2\/types\/product"}],"replies":[{"embeddable":true,"href":"https:\/\/ptm-mechatronics.com\/fr\/wp-json\/wp\/v2\/comments?post=14070"}],"wp:featuredmedia":[{"embeddable":true,"href":"https:\/\/ptm-mechatronics.com\/fr\/wp-json\/wp\/v2\/media\/15364"}],"wp:attachment":[{"href":"https:\/\/ptm-mechatronics.com\/fr\/wp-json\/wp\/v2\/media?parent=14070"}],"wp:term":[{"taxonomy":"product_brand","embeddable":true,"href":"https:\/\/ptm-mechatronics.com\/fr\/wp-json\/wp\/v2\/product_brand?post=14070"},{"taxonomy":"product_cat","embeddable":true,"href":"https:\/\/ptm-mechatronics.com\/fr\/wp-json\/wp\/v2\/product_cat?post=14070"},{"taxonomy":"product_tag","embeddable":true,"href":"https:\/\/ptm-mechatronics.com\/fr\/wp-json\/wp\/v2\/product_tag?post=14070"}],"curies":[{"name":"wp","href":"https:\/\/api.w.org\/{rel}","templated":true}]}}