{"id":13916,"date":"2025-07-08T09:21:15","date_gmt":"2025-07-08T07:21:15","guid":{"rendered":"https:\/\/ptm-mechatronics.com\/?post_type=product&#038;p=13916"},"modified":"2025-11-07T15:55:17","modified_gmt":"2025-11-07T14:55:17","slug":"ruehrwellen-mit-gewindenabe","status":"publish","type":"product","link":"https:\/\/ptm-mechatronics.com\/fr\/product\/ruehrwellen-mit-gewindenabe\/","title":{"rendered":"Arbres d'agitation avec moyeu filet\u00e9"},"content":{"rendered":"<h1 data-start=\"221\" data-end=\"305\"><span style=\"font-size: 75%;\">Arbre d'agitation en acier inoxydable V4A 1.4404 avec moyeu filet\u00e9 - pr\u00e9cis, robuste, compatible<\/span><\/h1>\n<p data-start=\"307\" data-end=\"568\">Nos arbres d'agitation en acier inoxydable V4A 1.4404 de haute qualit\u00e9 se distinguent par leur excellente r\u00e9sistance \u00e0 la corrosion, leur longue dur\u00e9e de vie et leur surface hygi\u00e9nique - id\u00e9al pour les applications exigeantes dans l'industrie alimentaire, pharmaceutique ou chimique.<\/p>\n<p data-start=\"570\" data-end=\"837\">Le moyeu filet\u00e9 brevet\u00e9 permet de raccorder rapidement et en toute s\u00e9curit\u00e9 les arbres \u00e0 tous les entra\u00eenements d'agitateurs PTM. Nous avons le diam\u00e8tre d'arbre adapt\u00e9 \u00e0 chaque entra\u00eenement - veuillez choisir le diam\u00e8tre en fonction de votre mod\u00e8le d'entra\u00eenement.<\/p>\n<p data-start=\"839\" data-end=\"1001\">Les arbres en acier inoxydable usin\u00e9s avec pr\u00e9cision assurent un fonctionnement stable et sans vibrations et conviennent parfaitement aux fluides \u00e0 faible ou \u00e0 forte viscosit\u00e9.<\/p>\n<p data-start=\"1003\" data-end=\"1103\">Si vous avez des questions sur le choix de l'arbre d'agitation appropri\u00e9, notre service client\u00e8le PTM se fera un plaisir de vous aider : <a href=\"tel:+498134257970\">+49 8134 25 797 0<\/a>.<\/p>\n<p data-start=\"1003\" data-end=\"1103\">Num\u00e9ros de brevets :<br \/>\npour f\u00fbt de 10 litres : 20 2020 107 551<br \/>\npour f\u00fbt de 30 litres : 20 2020 107 552<br \/>\npour f\u00fbt de 60 litres : 20 2020 107 553<br \/>\npour f\u00fbt de 100 litres : 20 2020 107 554<br \/>\npour f\u00fbt de 200 litres : 20 2020 107 555<br \/>\npour IBC de 600 litres : 20 2020 107 556<br \/>\npour IBC de 1000 litres : 20 2020 107 557<\/p>","protected":false},"excerpt":{"rendered":"<p>Arbre d'agitation en acier inoxydable V4A 1.4404 avec moyeu filet\u00e9 pour une connexion s\u00fbre et parfaitement ajust\u00e9e avec les entra\u00eenements PTM - r\u00e9sistant \u00e0 la corrosion, hygi\u00e9nique et pr\u00e9cis.<\/p>","protected":false},"featured_media":15364,"comment_status":"closed","ping_status":"closed","template":"","meta":{"_acf_changed":false},"product_brand":[],"product_cat":[651],"product_tag":[3119,3120,3121,3122,3123,3124,3125,3116,3117,3118],"class_list":{"0":"post-13916","1":"product","2":"type-product","3":"status-publish","4":"has-post-thumbnail","6":"product_cat-ruehrwellen","7":"product_tag-gewindenabe-ptm","8":"product_tag-ruehrwelle-1-4404","9":"product_tag-ptm-ruehrwellen","10":"product_tag-edelstahlruehrwelle-gewinde","11":"product_tag-hygienische-ruehrwelle","12":"product_tag-ruehrwelle-fuer-antrieb","13":"product_tag-ruehrwelle-industrie","14":"product_tag-ruehrwelle-edelstahl","15":"product_tag-v4a-ruehrwelle","16":"product_tag-edelstahlwelle-ruehrwerk","17":"product_shipping_class-karton-paketversand","18":"pa_material-v4a-edelstahl-1-4404","20":"first","21":"instock","22":"taxable","23":"shipping-taxable","24":"purchasable","25":"product-type-variable"},"bundled_by":[],"bundle_stock_status":"instock","bundle_stock_quantity":null,"bundle_virtual":false,"bundle_layout":"","bundle_add_to_cart_form_location":"","bundle_editable_in_cart":false,"bundle_sold_individually_context":"","bundle_item_grouping":"","bundle_min_size":"","bundle_max_size":"","bundle_price":[],"bundled_items":[],"bundle_sell_ids":[],"exclude_global_add_ons":[],"addons":[],"acf":[],"_links":{"self":[{"href":"https:\/\/ptm-mechatronics.com\/fr\/wp-json\/wp\/v2\/product\/13916","targetHints":{"allow":["GET"]}}],"collection":[{"href":"https:\/\/ptm-mechatronics.com\/fr\/wp-json\/wp\/v2\/product"}],"about":[{"href":"https:\/\/ptm-mechatronics.com\/fr\/wp-json\/wp\/v2\/types\/product"}],"replies":[{"embeddable":true,"href":"https:\/\/ptm-mechatronics.com\/fr\/wp-json\/wp\/v2\/comments?post=13916"}],"wp:featuredmedia":[{"embeddable":true,"href":"https:\/\/ptm-mechatronics.com\/fr\/wp-json\/wp\/v2\/media\/15364"}],"wp:attachment":[{"href":"https:\/\/ptm-mechatronics.com\/fr\/wp-json\/wp\/v2\/media?parent=13916"}],"wp:term":[{"taxonomy":"product_brand","embeddable":true,"href":"https:\/\/ptm-mechatronics.com\/fr\/wp-json\/wp\/v2\/product_brand?post=13916"},{"taxonomy":"product_cat","embeddable":true,"href":"https:\/\/ptm-mechatronics.com\/fr\/wp-json\/wp\/v2\/product_cat?post=13916"},{"taxonomy":"product_tag","embeddable":true,"href":"https:\/\/ptm-mechatronics.com\/fr\/wp-json\/wp\/v2\/product_tag?post=13916"}],"curies":[{"name":"wp","href":"https:\/\/api.w.org\/{rel}","templated":true}]}}