{"id":13892,"date":"2025-07-11T16:48:14","date_gmt":"2025-07-11T14:48:14","guid":{"rendered":"https:\/\/ptm-mechatronics.com\/?post_type=product&#038;p=13892"},"modified":"2025-11-07T15:55:05","modified_gmt":"2025-11-07T14:55:05","slug":"abluftfilter-paket-fuer-ptm-antriebe-reinraum","status":"publish","type":"product","link":"https:\/\/ptm-mechatronics.com\/fr\/product\/abluftfilter-paket-fuer-ptm-antriebe-reinraum\/","title":{"rendered":"Ensemble de filtres d'extraction d'air pour entra\u00eenements PTM Salle blanche"},"content":{"rendered":"<h2 data-start=\"159\" data-end=\"220\"><span style=\"font-size: 75%;\">Abluftfilter Paket \u2013 effizient, kompakt, prozesssicher<\/span><\/h2>\n<p data-start=\"222\" data-end=\"681\">Das Abluftfilter-Paket wurde speziell entwickelt, um die Abluft von pneumatischen Anlagen zuverl\u00e4ssig zu filtern (Abscheidegrad 0,01 [\u00b5m]) und gleichzeitig den Ger\u00e4uschpegel wirkungsvoll zu d\u00e4mpfen (Ger\u00e4uschd\u00e4mmung 40dB [A]). Dank der kompakten Bauweise l\u00e4sst es sich platzsparend und unkompliziert in bestehende Druckluftsysteme integrieren. Der Filterschalld\u00e4mpfer entfernt zuverl\u00e4ssig Partikel und \u00d6lnebel aus der Abluft und sorgt so f\u00fcr eine saubere, sichere und angenehm leise Arbeitsumgebung.<\/p>\n<p data-start=\"683\" data-end=\"1127\">Hochwertige Materialien und pr\u00e4zise Verarbeitung garantieren eine lange Lebensdauer sowie einen wartungsarmen Betrieb. Der modulare Aufbau erm\u00f6glicht eine schnelle Reinigung oder einen einfachen Austausch und minimiert so Ausfallzeiten in der Produktion. Damit eignet sich das Abluftfilter-Paket ideal f\u00fcr Anwendungen in Industrie, Maschinenbau, Automation und Laboren, wo Reinraumbedingungen vorherrschen und reduzierte Ger\u00e4uschemissionen gefragt sind.<\/p>\n","protected":false},"excerpt":{"rendered":"<p>Filtre silencieux pour une filtration fiable des particules et des brouillards d'huile de l'air d'\u00e9chappement des installations pneumatiques, r\u00e9duit en m\u00eame temps le niveau sonore - compact, durable et facile \u00e0 entretenir.<\/p>","protected":false},"featured_media":15548,"comment_status":"closed","ping_status":"closed","template":"","meta":{"_acf_changed":false},"product_brand":[],"product_cat":[1421,595],"product_tag":[3105,3034,3097,3098,3099,3100,3101,3102,3103,3104],"class_list":{"0":"post-13892","1":"product","2":"type-product","3":"status-publish","4":"has-post-thumbnail","6":"product_cat-zubehoer-ruehrwerkstechnik","7":"product_cat-ruehrwerkstechnik","8":"product_tag-filter-schalldaempfer-industrie","9":"product_tag-geraeuschreduzierung-druckluft","10":"product_tag-filterschalldaempfer-druckluft","11":"product_tag-pneumatischer-schalldaempfer","12":"product_tag-druckluftfilter-schalldaempfer","13":"product_tag-geraeuschdaempfer-druckluft","14":"product_tag-abluftfilter-schalldaempfer","15":"product_tag-druckluft-schalldaempfer-industrie","16":"product_tag-schalldaempfer-pneumatik","17":"product_tag-kompakter-filterschalldaempfer","18":"product_shipping_class-karton-paketversand","20":"first","21":"instock","22":"taxable","23":"shipping-taxable","24":"purchasable","25":"product-type-variable"},"bundled_by":[],"bundle_stock_status":"instock","bundle_stock_quantity":null,"bundle_virtual":false,"bundle_layout":"","bundle_add_to_cart_form_location":"","bundle_editable_in_cart":false,"bundle_sold_individually_context":"","bundle_item_grouping":"","bundle_min_size":"","bundle_max_size":"","bundle_price":[],"bundled_items":[],"bundle_sell_ids":[],"exclude_global_add_ons":[],"addons":[],"acf":[],"_links":{"self":[{"href":"https:\/\/ptm-mechatronics.com\/fr\/wp-json\/wp\/v2\/product\/13892","targetHints":{"allow":["GET"]}}],"collection":[{"href":"https:\/\/ptm-mechatronics.com\/fr\/wp-json\/wp\/v2\/product"}],"about":[{"href":"https:\/\/ptm-mechatronics.com\/fr\/wp-json\/wp\/v2\/types\/product"}],"replies":[{"embeddable":true,"href":"https:\/\/ptm-mechatronics.com\/fr\/wp-json\/wp\/v2\/comments?post=13892"}],"wp:featuredmedia":[{"embeddable":true,"href":"https:\/\/ptm-mechatronics.com\/fr\/wp-json\/wp\/v2\/media\/15548"}],"wp:attachment":[{"href":"https:\/\/ptm-mechatronics.com\/fr\/wp-json\/wp\/v2\/media?parent=13892"}],"wp:term":[{"taxonomy":"product_brand","embeddable":true,"href":"https:\/\/ptm-mechatronics.com\/fr\/wp-json\/wp\/v2\/product_brand?post=13892"},{"taxonomy":"product_cat","embeddable":true,"href":"https:\/\/ptm-mechatronics.com\/fr\/wp-json\/wp\/v2\/product_cat?post=13892"},{"taxonomy":"product_tag","embeddable":true,"href":"https:\/\/ptm-mechatronics.com\/fr\/wp-json\/wp\/v2\/product_tag?post=13892"}],"curies":[{"name":"wp","href":"https:\/\/api.w.org\/{rel}","templated":true}]}}