{"id":13854,"date":"2025-06-23T12:01:04","date_gmt":"2025-06-23T10:01:04","guid":{"rendered":"https:\/\/ptm-mechatronics.com\/?post_type=product&#038;p=13854"},"modified":"2025-11-07T15:55:05","modified_gmt":"2025-11-07T14:55:05","slug":"frequenzumrichter-und-motorschutzschalter-montiert-auf-motorwinkel","status":"publish","type":"product","link":"https:\/\/ptm-mechatronics.com\/fr\/product\/frequenzumrichter-und-motorschutzschalter-montiert-auf-motorwinkel\/","title":{"rendered":"Convertisseur de fr\u00e9quence et disjoncteur-moteur mont\u00e9s sur l'\u00e9querre du moteur"},"content":{"rendered":"<div id=\"tab-description\" class=\"woocommerce-Tabs-panel woocommerce-Tabs-panel--description panel entry-content active\" role=\"tabpanel\" aria-labelledby=\"tab-title-description\">\n<h2 data-start=\"240\" data-end=\"337\">Convertisseur de fr\u00e9quence avec disjoncteur moteur int\u00e9gr\u00e9 - pr\u00e9mont\u00e9, s\u00fbr, pr\u00eat \u00e0 \u00eatre raccord\u00e9<\/h2>\n<p data-start=\"339\" data-end=\"671\">Le convertisseur de fr\u00e9quence avec disjoncteur-moteur int\u00e9gr\u00e9 permet de commander et de r\u00e9guler en toute s\u00e9curit\u00e9 les entra\u00eenements \u00e9lectriques des agitateurs de PTM. L'\u00e9cran int\u00e9gr\u00e9 affiche les donn\u00e9es de fonctionnement telles que la vitesse, la fr\u00e9quence, le courant du moteur et d'autres param\u00e8tres. L'entra\u00eenement peut \u00eatre param\u00e9tr\u00e9 directement via le menu.<\/p>\n<p data-start=\"673\" data-end=\"1006\">Pour une s\u00e9curit\u00e9 maximale, un arr\u00eat d'urgence int\u00e9gr\u00e9 permet \u00e0 l'installation de fonctionner conform\u00e9ment \u00e0 la <a href=\"https:\/\/de.wikipedia.org\/wiki\/Unfallverh%C3%BCtungsvorschriften\" target=\"_blank\" rel=\"noopener\">UVV<\/a> de l'appareil. Pour faciliter le montage, le variateur de fr\u00e9quence est d\u00e9j\u00e0 pr\u00e9mont\u00e9 avec une \u00e9querre de montage. La livraison comprend \u00e9galement un c\u00e2ble de 3 m\u00e8tres de long pour relier le convertisseur de fr\u00e9quence au moteur.<\/p>\n<\/div>","protected":false},"excerpt":{"rendered":"<p>Convertisseur de fr\u00e9quence avec disjoncteur-moteur int\u00e9gr\u00e9, \u00e9cran, arr\u00eat d'urgence et c\u00e2ble de 3 m - pr\u00e9mont\u00e9 avec \u00e9querre de montage pour une commande s\u00fbre des entra\u00eenements \u00e9lectriques.<\/p>","protected":false},"featured_media":15542,"comment_status":"open","ping_status":"closed","template":"","meta":{"_acf_changed":false},"product_brand":[],"product_cat":[595,1421],"product_tag":[3070,3071,3072,3073,3074,2854,3066,3067,3068,3069],"class_list":{"0":"post-13854","1":"product","2":"type-product","3":"status-publish","4":"has-post-thumbnail","6":"product_cat-ruehrwerkstechnik","7":"product_cat-zubehoer-ruehrwerkstechnik","8":"product_tag-frequenzumrichter-display","9":"product_tag-ruehrwerksantrieb-steuern","10":"product_tag-frequenzumrichter-3m-kabel","11":"product_tag-uvv-konform","12":"product_tag-frequenzumrichter-vormontiert","13":"product_tag-frequenzumrichter-ruehrwerk","14":"product_tag-motorschutzschalter-integriert","15":"product_tag-ptm-frequenzumrichter","16":"product_tag-antriebsregelung-elektrisch","17":"product_tag-not-aus-frequenzumrichter","18":"product_shipping_class-karton-paketversand","19":"pa_montage-motorwinkel","21":"first","22":"instock","23":"taxable","24":"shipping-taxable","25":"purchasable","26":"product-type-variable"},"bundled_by":[],"bundle_stock_status":"instock","bundle_stock_quantity":null,"bundle_virtual":false,"bundle_layout":"","bundle_add_to_cart_form_location":"","bundle_editable_in_cart":false,"bundle_sold_individually_context":"","bundle_item_grouping":"","bundle_min_size":"","bundle_max_size":"","bundle_price":[],"bundled_items":[],"bundle_sell_ids":[],"exclude_global_add_ons":[],"addons":[],"acf":[],"_links":{"self":[{"href":"https:\/\/ptm-mechatronics.com\/fr\/wp-json\/wp\/v2\/product\/13854","targetHints":{"allow":["GET"]}}],"collection":[{"href":"https:\/\/ptm-mechatronics.com\/fr\/wp-json\/wp\/v2\/product"}],"about":[{"href":"https:\/\/ptm-mechatronics.com\/fr\/wp-json\/wp\/v2\/types\/product"}],"replies":[{"embeddable":true,"href":"https:\/\/ptm-mechatronics.com\/fr\/wp-json\/wp\/v2\/comments?post=13854"}],"wp:featuredmedia":[{"embeddable":true,"href":"https:\/\/ptm-mechatronics.com\/fr\/wp-json\/wp\/v2\/media\/15542"}],"wp:attachment":[{"href":"https:\/\/ptm-mechatronics.com\/fr\/wp-json\/wp\/v2\/media?parent=13854"}],"wp:term":[{"taxonomy":"product_brand","embeddable":true,"href":"https:\/\/ptm-mechatronics.com\/fr\/wp-json\/wp\/v2\/product_brand?post=13854"},{"taxonomy":"product_cat","embeddable":true,"href":"https:\/\/ptm-mechatronics.com\/fr\/wp-json\/wp\/v2\/product_cat?post=13854"},{"taxonomy":"product_tag","embeddable":true,"href":"https:\/\/ptm-mechatronics.com\/fr\/wp-json\/wp\/v2\/product_tag?post=13854"}],"curies":[{"name":"wp","href":"https:\/\/api.w.org\/{rel}","templated":true}]}}