{"id":13740,"date":"2025-05-27T11:00:30","date_gmt":"2025-05-27T09:00:30","guid":{"rendered":"https:\/\/ptm-mechatronics.com\/?post_type=product&#038;p=13740"},"modified":"2025-11-07T15:54:49","modified_gmt":"2025-11-07T14:54:49","slug":"hdpe-ruehrorgan-fuer-container","status":"publish","type":"product","link":"https:\/\/ptm-mechatronics.com\/fr\/product\/hdpe-ruehrorgan-fuer-container\/","title":{"rendered":"Organe agitateur en plastique HDPE 450mm, pliable"},"content":{"rendered":"<h1 data-start=\"215\" data-end=\"309\"><span style=\"font-size: 75%;\">Organe d'agitation rabattable en PEHD \u00d8450 mm pour IBC - l\u00e9ger, r\u00e9sistant aux produits chimiques, conception bien pens\u00e9e<\/span><\/h1>\n<p data-start=\"311\" data-end=\"767\">L'organe d'agitation rabattable HDPE Disc \u00d8450 mm a \u00e9t\u00e9 sp\u00e9cialement con\u00e7u pour \u00eatre utilis\u00e9 dans des conteneurs IBC avec des ouvertures \u00e0 partir de DN160 et offre une solution efficace et s\u00fbre pour l'agitation de diff\u00e9rents fluides - des liquides \u00e0 faible viscosit\u00e9 aux substances plus \u00e9paisses. Le disque d'agitation est fabriqu\u00e9 en HDPE r\u00e9sistant aux produits chimiques (p. ex. le chlore) et convainc par son faible poids et sa grande r\u00e9sistance aux substances agressives.<\/p>\n<p data-start=\"769\" data-end=\"1189\">L'organe d'agitation rabattable est mont\u00e9 sur un arbre creux en plastique avec un arbre en acier inoxydable \u00e0 l'int\u00e9rieur et dispose d'une fixation M16 pour un raccordement s\u00fbr et stable au syst\u00e8me d'entra\u00eenement. Gr\u00e2ce au m\u00e9canisme rabattable, l'organe d'agitation s'introduit facilement par l'ouverture du GRV (\u00e0 partir de DN160) et se d\u00e9ploie automatiquement sur tout son diam\u00e8tre lors de la rotation - sans aucune intervention manuelle.<\/p>\n<p data-start=\"1191\" data-end=\"1371\">Cette conception bien pens\u00e9e permet une manipulation peu encombrante, une mise en service rapide et un r\u00e9sultat d'agitation homog\u00e8ne avec un minimum d'efforts.<\/p>","protected":false},"excerpt":{"rendered":"<p>Organe d'agitation rabattable en PEHD \u00d8450 mm avec fixation M16 et arbre int\u00e9rieur en acier inoxydable pour ouvertures IBC \u00e0 partir de DN160, se d\u00e9ploie automatiquement lors de la rotation - id\u00e9al pour une agitation efficace et r\u00e9sistante aux produits chimiques dans les conteneurs IBC.<\/p>","protected":false},"featured_media":15538,"comment_status":"closed","ping_status":"closed","template":"","meta":{"_acf_changed":false},"product_brand":[],"product_cat":[1421,631],"product_tag":[2990,2991,2992,2993,2983,2994,2984,2985,2986,2987,2988,2989],"class_list":{"0":"post-13740","1":"product","2":"type-product","3":"status-publish","4":"has-post-thumbnail","6":"product_cat-zubehoer-ruehrwerkstechnik","7":"product_cat-ruehrorgane","8":"product_tag-ruehrorgan-mit-m16-befestigung","9":"product_tag-kunststoff-hohlwelle","10":"product_tag-ruehrorgan-fuer-ibc-behaelter","11":"product_tag-kunststoff-ruehrorgan","12":"product_tag-hdpe-ruehrorgan","13":"product_tag-ruehrorgan-chlorbestaendig","14":"product_tag-klappruehrorgan-ibc","15":"product_tag-ruehrscheibe-dn160","16":"product_tag-ruehrorgan-o450-mm","17":"product_tag-hdpe-ruehrfluegel","18":"product_tag-ruehrwerk-ibc-container","19":"product_tag-chemikalienbestaendiges-ruehrorgan","20":"product_shipping_class-karton-paketversand","21":"pa_durchmesser-450mm","22":"pa_material-hdpe","23":"pa_oeffnung-dn160-und-dn225","25":"first","26":"instock","27":"taxable","28":"shipping-taxable","29":"purchasable","30":"product-type-simple"},"bundled_by":[],"bundle_stock_status":"instock","bundle_stock_quantity":null,"bundle_virtual":false,"bundle_layout":"","bundle_add_to_cart_form_location":"","bundle_editable_in_cart":false,"bundle_sold_individually_context":"","bundle_item_grouping":"","bundle_min_size":"","bundle_max_size":"","bundle_price":[],"bundled_items":[],"bundle_sell_ids":[],"exclude_global_add_ons":[],"addons":[],"acf":[],"_links":{"self":[{"href":"https:\/\/ptm-mechatronics.com\/fr\/wp-json\/wp\/v2\/product\/13740","targetHints":{"allow":["GET"]}}],"collection":[{"href":"https:\/\/ptm-mechatronics.com\/fr\/wp-json\/wp\/v2\/product"}],"about":[{"href":"https:\/\/ptm-mechatronics.com\/fr\/wp-json\/wp\/v2\/types\/product"}],"replies":[{"embeddable":true,"href":"https:\/\/ptm-mechatronics.com\/fr\/wp-json\/wp\/v2\/comments?post=13740"}],"wp:featuredmedia":[{"embeddable":true,"href":"https:\/\/ptm-mechatronics.com\/fr\/wp-json\/wp\/v2\/media\/15538"}],"wp:attachment":[{"href":"https:\/\/ptm-mechatronics.com\/fr\/wp-json\/wp\/v2\/media?parent=13740"}],"wp:term":[{"taxonomy":"product_brand","embeddable":true,"href":"https:\/\/ptm-mechatronics.com\/fr\/wp-json\/wp\/v2\/product_brand?post=13740"},{"taxonomy":"product_cat","embeddable":true,"href":"https:\/\/ptm-mechatronics.com\/fr\/wp-json\/wp\/v2\/product_cat?post=13740"},{"taxonomy":"product_tag","embeddable":true,"href":"https:\/\/ptm-mechatronics.com\/fr\/wp-json\/wp\/v2\/product_tag?post=13740"}],"curies":[{"name":"wp","href":"https:\/\/api.w.org\/{rel}","templated":true}]}}