{"id":13516,"date":"2025-05-08T09:42:50","date_gmt":"2025-05-08T07:42:50","guid":{"rendered":"https:\/\/ptm-mechatronics.com\/?post_type=product&#038;p=13516"},"modified":"2026-05-04T10:54:58","modified_gmt":"2026-05-04T08:54:58","slug":"elektr-ruehrwerksantrieb-atex-mit-gewindenabe-m16","status":"publish","type":"product","link":"https:\/\/ptm-mechatronics.com\/fr\/product\/elektr-ruehrwerksantrieb-atex-mit-gewindenabe-m16\/","title":{"rendered":"Entra\u00eenement \u00e9lectrique de l'agitateur ATEX avec moyeu filet\u00e9 M16"},"content":{"rendered":"<p data-start=\"124\" data-end=\"216\"><span class=\"_fadeIn_pfttw_8\">\u00c9lectrique <\/span><span class=\"_fadeIn_pfttw_8\">Entra\u00eenements pour agitateurs - <\/span><span class=\"_fadeIn_pfttw_8\">ATEX-<\/span><span class=\"_fadeIn_pfttw_8\">certifi\u00e9s, <\/span><span class=\"_fadeIn_pfttw_8\">puissant <\/span><span class=\"_fadeIn_pfttw_8\">et <\/span><span class=\"_fadeIn_pfttw_8\">flexible <\/span><span class=\"_fadeIn_pfttw_8\">contr\u00f4lable<\/span><\/p>\n<p data-start=\"218\" data-end=\"588\"><span class=\"_fadeIn_pfttw_8\">Notre site <\/span><span class=\"_fadeIn_pfttw_8\">\u00e9lectriques <\/span><span class=\"_fadeIn_pfttw_8\">Entra\u00eenements pour agitateurs<\/span> <span class=\"_fadeIn_pfttw_8\">sont <\/span><span class=\"_fadeIn_pfttw_8\">le <\/span><span class=\"_fadeIn_pfttw_8\">id\u00e9al <\/span><span class=\"_fadeIn_pfttw_8\">Solution <\/span><span class=\"_fadeIn_pfttw_8\">pour <\/span><span class=\"_fadeIn_pfttw_8\">exigeant <\/span><span class=\"_fadeIn_pfttw_8\">industriel <\/span><span class=\"_fadeIn_pfttw_8\">Processus d'agitation<\/span><span class=\"_fadeIn_pfttw_8\">, <\/span><span class=\"_fadeIn_pfttw_8\">chez <\/span><span class=\"_fadeIn_pfttw_8\">dont <\/span><span class=\"_fadeIn_pfttw_8\">\u00e0 la fois <\/span><span class=\"_fadeIn_pfttw_8\">Puissance<\/span> <span class=\"_fadeIn_pfttw_8\">comme <\/span><span class=\"_fadeIn_pfttw_8\">\u00e9galement <\/span><span class=\"_fadeIn_pfttw_8\">Fiabilit\u00e9 <\/span><span class=\"_fadeIn_pfttw_8\">et <\/span><span class=\"_fadeIn_pfttw_8\">S\u00e9curit\u00e9<\/span> <span class=\"_fadeIn_pfttw_8\">demand\u00e9 <\/span><span class=\"_fadeIn_pfttw_8\">sont. <\/span><span class=\"_fadeIn_pfttw_8\">Fabriqu\u00e9 <\/span><span class=\"_fadeIn_pfttw_8\">pour <\/span><span class=\"_fadeIn_pfttw_8\">le site <\/span><span class=\"_fadeIn_pfttw_8\">Fonctionnement continu<\/span> <span class=\"_fadeIn_pfttw_8\">sur <\/span><span class=\"_fadeIn_pfttw_8\">dur <\/span><span class=\"_fadeIn_pfttw_8\">Conditions, <\/span><span class=\"_fadeIn_pfttw_8\">dessiner <\/span><span class=\"_fadeIn_pfttw_8\">elle <\/span><span class=\"_fadeIn_pfttw_8\">se <\/span><span class=\"_fadeIn_pfttw_8\">par <\/span><span class=\"_fadeIn_pfttw_8\">leur <\/span><span class=\"_fadeIn_pfttw_8\">Robustesse<\/span><span class=\"_fadeIn_pfttw_8\">, <\/span><span class=\"_fadeIn_pfttw_8\">Long\u00e9vit\u00e9<\/span> <span class=\"_fadeIn_pfttw_8\">et <\/span><span class=\"_fadeIn_pfttw_8\">flexible <\/span><span class=\"_fadeIn_pfttw_8\">Utilisabilit\u00e9<\/span> <span class=\"_fadeIn_pfttw_8\">de.<\/span><\/p>\n<p data-start=\"590\" data-end=\"1011\"><span class=\"_fadeIn_pfttw_8\">En particulier <\/span><span class=\"_fadeIn_pfttw_8\">\u00e0 mettre en \u00e9vidence : <\/span><span class=\"_fadeIn_pfttw_8\">Ce <\/span><span class=\"_fadeIn_pfttw_8\">Entra\u00eenements <\/span><span class=\"_fadeIn_pfttw_8\">sont <\/span><span class=\"_fadeIn_pfttw_8\">ATEX-<\/span><span class=\"_fadeIn_pfttw_8\">certifi\u00e9 <\/span><span class=\"_fadeIn_pfttw_8\">pour <\/span><span class=\"_fadeIn_pfttw_8\">Zone <\/span><span class=\"_fadeIn_pfttw_8\">0\/<\/span><span class=\"_fadeIn_pfttw_8\">1<\/span> <span class=\"_fadeIn_pfttw_8\">et <\/span><span class=\"_fadeIn_pfttw_8\">pour que <\/span><span class=\"_fadeIn_pfttw_8\">\u00e9galement <\/span><span class=\"_fadeIn_pfttw_8\">pour <\/span><span class=\"_fadeIn_pfttw_8\">le site <\/span><span class=\"_fadeIn_pfttw_8\">Utilisation <\/span><span class=\"_fadeIn_pfttw_8\">dans <\/span><span class=\"_fadeIn_pfttw_8\">\u00e0 risque d'explosion <\/span><span class=\"_fadeIn_pfttw_8\">Domaines<\/span> <span class=\"_fadeIn_pfttw_8\">appropri\u00e9 - <\/span><span class=\"_fadeIn_pfttw_8\">environ <\/span><span class=\"_fadeIn_pfttw_8\">dans <\/span><span class=\"_fadeIn_pfttw_8\">le <\/span><span class=\"_fadeIn_pfttw_8\">Chimie-, <\/span><span class=\"_fadeIn_pfttw_8\">Pharma- <\/span><span class=\"_fadeIn_pfttw_8\">ou <\/span><span class=\"_fadeIn_pfttw_8\">Industrie alimentaire<\/span><span class=\"_fadeIn_pfttw_8\">. <\/span><span class=\"_fadeIn_pfttw_8\">Dans <\/span><span class=\"_fadeIn_pfttw_8\">Combinaison <\/span><span class=\"_fadeIn_pfttw_8\">avec <\/span><span class=\"_fadeIn_pfttw_8\">un <\/span><span class=\"_fadeIn_pfttw_8\">s\u00e9par\u00e9 <\/span><span class=\"_fadeIn_pfttw_8\">disponibles sur <\/span><span class=\"_fadeIn_pfttw_8\">Convertisseur de fr\u00e9quence<\/span> <span class=\"_fadeIn_pfttw_8\">laissent <\/span><span class=\"_fadeIn_pfttw_8\">se <\/span><span class=\"_fadeIn_pfttw_8\">le <\/span><span class=\"_fadeIn_pfttw_8\">Entra\u00eenements <\/span><span class=\"_fadeIn_pfttw_8\">pr\u00e9cis <\/span><span class=\"_fadeIn_pfttw_8\">r\u00e9gler, <\/span><span class=\"_fadeIn_pfttw_8\">limiter <\/span><span class=\"_fadeIn_pfttw_8\">et <\/span><span class=\"_fadeIn_pfttw_8\">lire<\/span><span class=\"_fadeIn_pfttw_8\">, <\/span><span class=\"_fadeIn_pfttw_8\">sans <\/span><span class=\"_fadeIn_pfttw_8\">que <\/span><span class=\"_fadeIn_pfttw_8\">le <\/span><span class=\"_fadeIn_pfttw_8\">Convertisseur de fr\u00e9quence <\/span><span class=\"_fadeIn_pfttw_8\">sur le site <\/span><span class=\"_fadeIn_pfttw_8\">Moteur <\/span><span class=\"_fadeIn_pfttw_8\">int\u00e9gr\u00e9 <\/span><span class=\"_fadeIn_pfttw_8\">son <\/span><span class=\"_fadeIn_pfttw_8\">doit.<\/span><\/p>\n<p data-start=\"1013\" data-end=\"1044\"><span class=\"_fadeIn_pfttw_8\">Avantages <\/span><span class=\"_fadeIn_pfttw_8\">sur <\/span><span class=\"_fadeIn_pfttw_8\">un <\/span><span class=\"_fadeIn_pfttw_8\">Regard :<\/span><\/p>\n<ul>\n<li data-start=\"1047\" data-end=\"1079\"><span class=\"_fadeIn_pfttw_8\">ATEX-<\/span><span class=\"_fadeIn_pfttw_8\">certifi\u00e9 <\/span><span class=\"_fadeIn_pfttw_8\">pour <\/span><span class=\"_fadeIn_pfttw_8\">Zone <\/span><span class=\"_fadeIn_pfttw_8\">0\/<\/span><span class=\"_fadeIn_pfttw_8\">1<\/span><\/li>\n<li data-start=\"1047\" data-end=\"1079\"><span class=\"_fadeIn_pfttw_8\">Plus performant, <\/span><span class=\"_fadeIn_pfttw_8\">\u00e9lectrique <\/span><span class=\"_fadeIn_pfttw_8\">Entra\u00eenement de l'agitateur<\/span><\/li>\n<li data-start=\"1047\" data-end=\"1079\"><span class=\"_fadeIn_pfttw_8\">En particulier <\/span><span class=\"_fadeIn_pfttw_8\">durable <\/span><span class=\"_fadeIn_pfttw_8\">et <\/span><span class=\"_fadeIn_pfttw_8\">peu d'entretien<\/span><\/li>\n<li data-start=\"1047\" data-end=\"1079\"><span class=\"_fadeIn_pfttw_8\">K<\/span><span class=\"_fadeIn_pfttw_8\">ompatible <\/span><span class=\"_fadeIn_pfttw_8\">avec <\/span><span class=\"_fadeIn_pfttw_8\">externe <\/span><span class=\"_fadeIn_pfttw_8\">Convertisseur de fr\u00e9quence<\/span><\/li>\n<li data-start=\"1047\" data-end=\"1079\"><span class=\"_fadeIn_pfttw_8\">Simple <\/span><span class=\"_fadeIn_pfttw_8\">R\u00e9gulation <\/span><span class=\"_fadeIn_pfttw_8\">et <\/span><span class=\"_fadeIn_pfttw_8\">Contr\u00f4le <\/span><span class=\"_fadeIn_pfttw_8\">possible<\/span><\/li>\n<li data-start=\"1047\" data-end=\"1079\"><span class=\"_fadeIn_pfttw_8\">Robuste <\/span><span class=\"_fadeIn_pfttw_8\">Version <\/span><span class=\"_fadeIn_pfttw_8\">pour <\/span><span class=\"_fadeIn_pfttw_8\">Fonctionnement continu<\/span><\/li>\n<li data-start=\"1047\" data-end=\"1079\"><span class=\"_fadeIn_pfttw_8\">Flexible <\/span><span class=\"_fadeIn_pfttw_8\">utilisable <\/span><span class=\"_fadeIn_pfttw_8\">dans <\/span><span class=\"_fadeIn_pfttw_8\">\u00e0 risque d'explosion <\/span><span class=\"_fadeIn_pfttw_8\">Environnements<\/span><\/li>\n<\/ul>","protected":false},"excerpt":{"rendered":"<p><span class=\"_fadeIn_pfttw_8\">L<\/span><span class=\"_fadeIn_pfttw_8\">anglebige, <\/span><span class=\"_fadeIn_pfttw_8\">\u00e9lectrique <\/span><span class=\"_fadeIn_pfttw_8\">Entra\u00eenements pour agitateurs avec <\/span><span class=\"_fadeIn_pfttw_8\">haute <\/span><span class=\"_fadeIn_pfttw_8\">Performance <\/span><span class=\"_fadeIn_pfttw_8\">et <\/span><span class=\"_fadeIn_pfttw_8\">Robustesse, certifi\u00e9e pour la zone ATEX 0\/1, <\/span><span class=\"_fadeIn_pfttw_8\">par l'interm\u00e9diaire d'un <\/span><span class=\"_fadeIn_pfttw_8\">Convertisseur de fr\u00e9quence <\/span><span class=\"_fadeIn_pfttw_8\">simplement <\/span><span class=\"_fadeIn_pfttw_8\">r\u00e9guli\u00e8re-, <\/span><span class=\"_fadeIn_pfttw_8\">imp\u00f4ts- <\/span><span class=\"_fadeIn_pfttw_8\">et <\/span><span class=\"_fadeIn_pfttw_8\">lisible - <\/span><span class=\"_fadeIn_pfttw_8\">id\u00e9al <\/span><span class=\"_fadeIn_pfttw_8\">pour <\/span><span class=\"_fadeIn_pfttw_8\">le site <\/span><span class=\"_fadeIn_pfttw_8\">industriel <\/span><span class=\"_fadeIn_pfttw_8\">Utilisation permanente.<\/span><\/p>","protected":false},"featured_media":15536,"comment_status":"open","ping_status":"closed","template":"","meta":{"_acf_changed":false},"product_brand":[],"product_cat":[595,632],"product_tag":[2864,2865,2866,2867,2868,2869,2578,2861,2862,2863],"class_list":{"0":"post-13516","1":"product","2":"type-product","3":"status-publish","4":"has-post-thumbnail","6":"product_cat-ruehrwerkstechnik","7":"product_cat-ruehrwerksantriebe","8":"product_tag-ruehrantrieb-elektrisch-industrie","9":"product_tag-robuster-atex-motor","10":"product_tag-zone-1-ruehrantrieb","11":"product_tag-atex-ruehrwerk-elektrisch","12":"product_tag-ex-geschuetzter-antrieb-ruehrtechnik","13":"product_tag-atex-ruehrwerksantrieb-zone-0-1","14":"product_tag-explosionsgeschuetzter-ruehrantrieb","15":"product_tag-elektrischer-ruehrmotor-atex","16":"product_tag-ruehrwerksantrieb-mit-atex-zulassung","17":"product_tag-frequenzumrichter-optional","18":"product_shipping_class-karton-paketversand","19":"pa_antriebsart-elektrisch","20":"pa_atex-zone-0-1","21":"pa_atex-motor-ex-ii-2d-ex-h-iiic-t120c","22":"pa_atex-zonentrennung-ex-ii-1-2-g-ex-h-iic-t5-ga-gb","23":"pa_model-e-drive","24":"pa_motor-spannung-230-400v","25":"pa_nabe-gewinde-m16","26":"pa_schaltart-dreieck-stern","28":"first","29":"instock","30":"taxable","31":"shipping-taxable","32":"purchasable","33":"product-type-variable"},"bundled_by":[],"bundle_stock_status":"instock","bundle_stock_quantity":null,"bundle_virtual":false,"bundle_layout":"","bundle_add_to_cart_form_location":"","bundle_editable_in_cart":false,"bundle_sold_individually_context":"","bundle_item_grouping":"","bundle_min_size":"","bundle_max_size":"","bundle_price":[],"bundled_items":[],"bundle_sell_ids":[],"exclude_global_add_ons":[],"addons":[],"acf":[],"_links":{"self":[{"href":"https:\/\/ptm-mechatronics.com\/fr\/wp-json\/wp\/v2\/product\/13516","targetHints":{"allow":["GET"]}}],"collection":[{"href":"https:\/\/ptm-mechatronics.com\/fr\/wp-json\/wp\/v2\/product"}],"about":[{"href":"https:\/\/ptm-mechatronics.com\/fr\/wp-json\/wp\/v2\/types\/product"}],"replies":[{"embeddable":true,"href":"https:\/\/ptm-mechatronics.com\/fr\/wp-json\/wp\/v2\/comments?post=13516"}],"wp:featuredmedia":[{"embeddable":true,"href":"https:\/\/ptm-mechatronics.com\/fr\/wp-json\/wp\/v2\/media\/15536"}],"wp:attachment":[{"href":"https:\/\/ptm-mechatronics.com\/fr\/wp-json\/wp\/v2\/media?parent=13516"}],"wp:term":[{"taxonomy":"product_brand","embeddable":true,"href":"https:\/\/ptm-mechatronics.com\/fr\/wp-json\/wp\/v2\/product_brand?post=13516"},{"taxonomy":"product_cat","embeddable":true,"href":"https:\/\/ptm-mechatronics.com\/fr\/wp-json\/wp\/v2\/product_cat?post=13516"},{"taxonomy":"product_tag","embeddable":true,"href":"https:\/\/ptm-mechatronics.com\/fr\/wp-json\/wp\/v2\/product_tag?post=13516"}],"curies":[{"name":"wp","href":"https:\/\/api.w.org\/{rel}","templated":true}]}}