{"id":13500,"date":"2025-05-06T12:17:56","date_gmt":"2025-05-06T10:17:56","guid":{"rendered":"https:\/\/ptm-mechatronics.com\/?post_type=product&#038;p=13500"},"modified":"2025-11-07T15:54:50","modified_gmt":"2025-11-07T14:54:50","slug":"elektr-ruehrwerksantrieb-mit-schnellwechselsystem","status":"publish","type":"product","link":"https:\/\/ptm-mechatronics.com\/fr\/product\/elektr-ruehrwerksantrieb-mit-schnellwechselsystem\/","title":{"rendered":"Entra\u00eenement \u00e9lectrique du m\u00e9langeur avec syst\u00e8me de changement rapide"},"content":{"rendered":"<p data-start=\"207\" data-end=\"291\"><span class=\"_fadeIn_pfttw_8\">\u00c9lectrique <\/span><span class=\"_fadeIn_pfttw_8\">Entra\u00eenements pour agitateurs - <\/span><span class=\"_fadeIn_pfttw_8\">puissant, <\/span><span class=\"_fadeIn_pfttw_8\">durable <\/span><span class=\"_fadeIn_pfttw_8\">et <\/span><span class=\"_fadeIn_pfttw_8\">flexible <\/span><span class=\"_fadeIn_pfttw_8\">contr\u00f4lable<\/span><\/p>\n<p data-start=\"293\" data-end=\"625\"><span class=\"_fadeIn_pfttw_8\">Notre site <\/span><span class=\"_fadeIn_pfttw_8\">\u00e9lectriques <\/span><span class=\"_fadeIn_pfttw_8\">Entra\u00eenements pour agitateurs<\/span> <span class=\"_fadeIn_pfttw_8\">convaincre <\/span><span class=\"_fadeIn_pfttw_8\">par <\/span><span class=\"_fadeIn_pfttw_8\">haute <\/span><span class=\"_fadeIn_pfttw_8\">Puissance<\/span><span class=\"_fadeIn_pfttw_8\">, <\/span><span class=\"_fadeIn_pfttw_8\">Robustesse<\/span> <span class=\"_fadeIn_pfttw_8\">et <\/span><span class=\"_fadeIn_pfttw_8\">un <\/span><span class=\"_fadeIn_pfttw_8\">long <\/span><span class=\"_fadeIn_pfttw_8\">Dur\u00e9e de vie<\/span><span class=\"_fadeIn_pfttw_8\">, <\/span><span class=\"_fadeIn_pfttw_8\">ce que <\/span><span class=\"_fadeIn_pfttw_8\">elle <\/span><span class=\"_fadeIn_pfttw_8\">id\u00e9al <\/span><span class=\"_fadeIn_pfttw_8\">pour <\/span><span class=\"_fadeIn_pfttw_8\">le site <\/span><span class=\"_fadeIn_pfttw_8\">industriel <\/span><span class=\"_fadeIn_pfttw_8\">Fonctionnement continu<\/span> <span class=\"_fadeIn_pfttw_8\">fait - <\/span><span class=\"_fadeIn_pfttw_8\">\u00e9galement <\/span><span class=\"_fadeIn_pfttw_8\">sur <\/span><span class=\"_fadeIn_pfttw_8\">exigeante <\/span><span class=\"_fadeIn_pfttw_8\">Conditions. <\/span><span class=\"_fadeIn_pfttw_8\">Elle <\/span><span class=\"_fadeIn_pfttw_8\">sont <\/span><span class=\"_fadeIn_pfttw_8\">polyvalent <\/span><span class=\"_fadeIn_pfttw_8\">utilisable <\/span><span class=\"_fadeIn_pfttw_8\">dans <\/span><span class=\"_fadeIn_pfttw_8\">Domaines <\/span><span class=\"_fadeIn_pfttw_8\">comme <\/span><span class=\"_fadeIn_pfttw_8\">Chimie-, <\/span><span class=\"_fadeIn_pfttw_8\">Pharma-, <\/span><span class=\"_fadeIn_pfttw_8\">Aliments- <\/span><span class=\"_fadeIn_pfttw_8\">et <\/span><span class=\"_fadeIn_pfttw_8\">Technique des proc\u00e9d\u00e9s<\/span><span class=\"_fadeIn_pfttw_8\">.<\/span><\/p>\n<p data-start=\"627\" data-end=\"909\"><span class=\"_fadeIn_pfttw_8\">Dans <\/span><span class=\"_fadeIn_pfttw_8\">Combinaison <\/span><span class=\"_fadeIn_pfttw_8\">avec <\/span><span class=\"_fadeIn_pfttw_8\">un <\/span><span class=\"_fadeIn_pfttw_8\">s\u00e9par\u00e9 <\/span><span class=\"_fadeIn_pfttw_8\">disponibles sur <\/span><span class=\"_fadeIn_pfttw_8\">Convertisseur de fr\u00e9quence<\/span> <span class=\"_fadeIn_pfttw_8\">laissent <\/span><span class=\"_fadeIn_pfttw_8\">se <\/span><span class=\"_fadeIn_pfttw_8\">le <\/span><span class=\"_fadeIn_pfttw_8\">Entra\u00eenements <\/span><span class=\"_fadeIn_pfttw_8\">pr\u00e9cis <\/span><span class=\"_fadeIn_pfttw_8\">r\u00e9gler, <\/span><span class=\"_fadeIn_pfttw_8\">limiter <\/span><span class=\"_fadeIn_pfttw_8\">et <\/span><span class=\"_fadeIn_pfttw_8\">lire<\/span><span class=\"_fadeIn_pfttw_8\">. <\/span><span class=\"_fadeIn_pfttw_8\">Ainsi <\/span><span class=\"_fadeIn_pfttw_8\">peuvent \u00eatre <\/span><span class=\"_fadeIn_pfttw_8\">Vitesse de rotation <\/span><span class=\"_fadeIn_pfttw_8\">et <\/span><span class=\"_fadeIn_pfttw_8\">Puissance <\/span><span class=\"_fadeIn_pfttw_8\">individuel <\/span><span class=\"_fadeIn_pfttw_8\">\u00e0 <\/span><span class=\"_fadeIn_pfttw_8\">le site <\/span><span class=\"_fadeIn_pfttw_8\">respectifs <\/span><span class=\"_fadeIn_pfttw_8\">Processus <\/span><span class=\"_fadeIn_pfttw_8\">adapt\u00e9 <\/span><span class=\"_fadeIn_pfttw_8\">\u00eatre - <\/span><span class=\"_fadeIn_pfttw_8\">tout <\/span><span class=\"_fadeIn_pfttw_8\">sans <\/span><span class=\"_fadeIn_pfttw_8\">complexe <\/span><span class=\"_fadeIn_pfttw_8\">Int\u00e9gration de la technologie <\/span><span class=\"_fadeIn_pfttw_8\">sur le site <\/span><span class=\"_fadeIn_pfttw_8\">Moteur <\/span><span class=\"_fadeIn_pfttw_8\">m\u00eame.<\/span><\/p>\n<p data-start=\"627\" data-end=\"909\">Avec le syst\u00e8me int\u00e9gr\u00e9 <a href=\"https:\/\/youtu.be\/TjagGW4DoyA?si=lXRZJ308ABPXrtLk\" target=\"_blank\" rel=\"noopener\">Syst\u00e8me de changement rapide eco-Quick<\/a> vous remplacez les arbres d'agitation en quelques secondes, sans outil suppl\u00e9mentaire.<\/p>\n<p data-start=\"911\" data-end=\"942\"><span class=\"_fadeIn_pfttw_8\">Avantages <\/span><span class=\"_fadeIn_pfttw_8\">sur <\/span><span class=\"_fadeIn_pfttw_8\">un <\/span><span class=\"_fadeIn_pfttw_8\">Regard :<\/span><\/p>\n<ul>\n<li data-start=\"945\" data-end=\"994\"><span class=\"_fadeIn_pfttw_8\">Plus performant, <\/span><span class=\"_fadeIn_pfttw_8\">\u00e9lectrique <\/span><span class=\"_fadeIn_pfttw_8\">Entra\u00eenement de l'agitateur<\/span><\/li>\n<li data-start=\"945\" data-end=\"994\"><span class=\"_fadeIn_pfttw_8\">En particulier <\/span><span class=\"_fadeIn_pfttw_8\">durable <\/span><span class=\"_fadeIn_pfttw_8\">et <\/span><span class=\"_fadeIn_pfttw_8\">robuste<\/span><\/li>\n<li data-start=\"945\" data-end=\"994\"><span class=\"_fadeIn_pfttw_8\">Id\u00e9al <\/span><span class=\"_fadeIn_pfttw_8\">pour <\/span><span class=\"_fadeIn_pfttw_8\">le site <\/span><span class=\"_fadeIn_pfttw_8\">Fonctionnement continu<\/span><\/li>\n<li data-start=\"945\" data-end=\"994\"><span class=\"_fadeIn_pfttw_8\">Compatible <\/span><span class=\"_fadeIn_pfttw_8\">avec <\/span><span class=\"_fadeIn_pfttw_8\">externe <\/span><span class=\"_fadeIn_pfttw_8\">Convertisseurs de fr\u00e9quence<\/span><\/li>\n<li data-start=\"945\" data-end=\"994\"><span class=\"_fadeIn_pfttw_8\">Simple <\/span><span class=\"_fadeIn_pfttw_8\">R\u00e9gulation <\/span><span class=\"_fadeIn_pfttw_8\">et <\/span><span class=\"_fadeIn_pfttw_8\">Contr\u00f4le (<\/span><span class=\"_fadeIn_pfttw_8\">facultatif)<\/span><\/li>\n<li data-start=\"945\" data-end=\"994\"><span class=\"_fadeIn_pfttw_8\">Flexible <\/span><span class=\"_fadeIn_pfttw_8\">utilisable <\/span><span class=\"_fadeIn_pfttw_8\">dans <\/span><span class=\"_fadeIn_pfttw_8\">Environnements industriels<\/span><\/li>\n<li data-start=\"945\" data-end=\"994\">Syst\u00e8me de changement rapide pour arbres d'agitation eco-Quick<\/li>\n<\/ul>","protected":false},"excerpt":{"rendered":"<p><span class=\"_fadeIn_pfttw_8\">L<\/span><span class=\"_fadeIn_pfttw_8\">anglebige, <\/span><span class=\"_fadeIn_pfttw_8\">\u00e9lectrique <\/span><span class=\"_fadeIn_pfttw_8\">Entra\u00eenements pour agitateurs avec <\/span><span class=\"_fadeIn_pfttw_8\">haute <\/span><span class=\"_fadeIn_pfttw_8\">Performance <\/span><span class=\"_fadeIn_pfttw_8\">et <\/span><span class=\"_fadeIn_pfttw_8\">La robustesse, <\/span><span class=\"_fadeIn_pfttw_8\">par l'interm\u00e9diaire d'un <\/span><span class=\"_fadeIn_pfttw_8\">Convertisseur de fr\u00e9quence <\/span><span class=\"_fadeIn_pfttw_8\">simplement <\/span><span class=\"_fadeIn_pfttw_8\">r\u00e9guli\u00e8re-, <\/span><span class=\"_fadeIn_pfttw_8\">imp\u00f4ts- <\/span><span class=\"_fadeIn_pfttw_8\">et <\/span><span class=\"_fadeIn_pfttw_8\">lisible - <\/span><span class=\"_fadeIn_pfttw_8\">id\u00e9al <\/span><span class=\"_fadeIn_pfttw_8\">pour <\/span><span class=\"_fadeIn_pfttw_8\">le site <\/span><span class=\"_fadeIn_pfttw_8\">industriel <\/span><span class=\"_fadeIn_pfttw_8\">Utilisation permanente.<\/span><\/p>","protected":false},"featured_media":15419,"comment_status":"open","ping_status":"closed","template":"","meta":{"_acf_changed":false},"product_brand":[],"product_cat":[595,632],"product_tag":[2624,2852,2853,2854,2855,2856,2857,2858,2859,2860],"class_list":{"0":"post-13500","1":"product","2":"type-product","3":"status-publish","4":"has-post-thumbnail","6":"product_cat-ruehrwerkstechnik","7":"product_cat-ruehrwerksantriebe","8":"product_tag-industrieller-ruehrwerksantrieb","9":"product_tag-elektrischer-ruehrwerksantrieb","10":"product_tag-ruehrwerksmotor-elektrisch","11":"product_tag-frequenzumrichter-ruehrwerk","12":"product_tag-regelbarer-ruehrantrieb","13":"product_tag-robuster-ruehrmotor","14":"product_tag-langlebiger-ruehrmotor","15":"product_tag-antriebstechnik-ruehrwerk","16":"product_tag-ruehrantrieb-steuern","17":"product_tag-elektrischer-antrieb-industrie","18":"product_shipping_class-karton-paketversand","19":"pa_antriebsart-elektrisch","20":"pa_model-e-drive","21":"pa_motor-spannung-230-400v","22":"pa_nabe-schnellwechselsystem","23":"pa_schaltart-dreieck-stern","25":"first","26":"instock","27":"taxable","28":"shipping-taxable","29":"purchasable","30":"product-type-variable"},"bundled_by":[],"bundle_stock_status":"instock","bundle_stock_quantity":null,"bundle_virtual":false,"bundle_layout":"","bundle_add_to_cart_form_location":"","bundle_editable_in_cart":false,"bundle_sold_individually_context":"","bundle_item_grouping":"","bundle_min_size":"","bundle_max_size":"","bundle_price":[],"bundled_items":[],"bundle_sell_ids":[],"exclude_global_add_ons":[],"addons":[],"acf":[],"_links":{"self":[{"href":"https:\/\/ptm-mechatronics.com\/fr\/wp-json\/wp\/v2\/product\/13500","targetHints":{"allow":["GET"]}}],"collection":[{"href":"https:\/\/ptm-mechatronics.com\/fr\/wp-json\/wp\/v2\/product"}],"about":[{"href":"https:\/\/ptm-mechatronics.com\/fr\/wp-json\/wp\/v2\/types\/product"}],"replies":[{"embeddable":true,"href":"https:\/\/ptm-mechatronics.com\/fr\/wp-json\/wp\/v2\/comments?post=13500"}],"wp:featuredmedia":[{"embeddable":true,"href":"https:\/\/ptm-mechatronics.com\/fr\/wp-json\/wp\/v2\/media\/15419"}],"wp:attachment":[{"href":"https:\/\/ptm-mechatronics.com\/fr\/wp-json\/wp\/v2\/media?parent=13500"}],"wp:term":[{"taxonomy":"product_brand","embeddable":true,"href":"https:\/\/ptm-mechatronics.com\/fr\/wp-json\/wp\/v2\/product_brand?post=13500"},{"taxonomy":"product_cat","embeddable":true,"href":"https:\/\/ptm-mechatronics.com\/fr\/wp-json\/wp\/v2\/product_cat?post=13500"},{"taxonomy":"product_tag","embeddable":true,"href":"https:\/\/ptm-mechatronics.com\/fr\/wp-json\/wp\/v2\/product_tag?post=13500"}],"curies":[{"name":"wp","href":"https:\/\/api.w.org\/{rel}","templated":true}]}}