{"id":13435,"date":"2025-04-07T09:56:22","date_gmt":"2025-04-07T07:56:22","guid":{"rendered":"https:\/\/ptm-mechatronics.com\/?post_type=product&#038;p=13435"},"modified":"2025-11-07T15:54:40","modified_gmt":"2025-11-07T14:54:40","slug":"wellendichtring-ptfe-fda-weiss","status":"publish","type":"product","link":"https:\/\/ptm-mechatronics.com\/fr\/product\/wellendichtring-ptfe-fda-weiss\/","title":{"rendered":"Bague d'\u00e9tanch\u00e9it\u00e9 PTFE FDA blanc"},"content":{"rendered":"<p class=\"\" data-start=\"187\" data-end=\"307\">Bague d'\u00e9tanch\u00e9it\u00e9 d'arbre en PTFE blanc (conforme FDA) pour moteurs pneumatiques PTM - solution d'\u00e9tanch\u00e9it\u00e9 hygi\u00e9nique pour les exigences les plus \u00e9lev\u00e9es<\/p>\n<p class=\"\" data-start=\"309\" data-end=\"733\">La bague \u00e0 l\u00e8vres en PTFE blanc (conforme aux normes FDA) r\u00e9pond aux exigences les plus \u00e9lev\u00e9es en mati\u00e8re d'hygi\u00e8ne, de r\u00e9sistance aux produits chimiques et de stabilit\u00e9 thermique. Le mat\u00e9riau PTFE utilis\u00e9, conforme aux normes alimentaires, est approuv\u00e9 selon les directives de la FDA et donc id\u00e9al pour les applications dans les industries alimentaire, cosm\u00e9tique et pharmaceutique.<\/p>\n<p class=\"\" data-start=\"735\" data-end=\"1054\">Gr\u00e2ce \u00e0 sa surface \u00e0 faible frottement et r\u00e9sistante \u00e0 l'usure ainsi qu'\u00e0 son excellente r\u00e9sistance aux fluides agressifs, aux produits de nettoyage et aux temp\u00e9ratures \u00e9lev\u00e9es, la bague d'\u00e9tanch\u00e9it\u00e9 est parfaitement adapt\u00e9e \u00e0 une utilisation dans des processus sensibles en mati\u00e8re d'hygi\u00e8ne - que ce soit pour une maintenance pr\u00e9ventive ou comme pi\u00e8ce de rechange \u00e0 longue dur\u00e9e de vie.<\/p>\n<p class=\"\" data-start=\"1056\" data-end=\"1087\">Les avantages en un coup d'\u0153il :<\/p>\n<ul>\n<li data-start=\"1090\" data-end=\"1124\">Convient aux moteurs pneumatiques PTM<\/li>\n<li data-start=\"1090\" data-end=\"1124\">PTFE blanc, conforme \u00e0 la FDA<\/li>\n<li data-start=\"1090\" data-end=\"1124\">Convient pour les aliments et hygi\u00e9nique<\/li>\n<li data-start=\"1090\" data-end=\"1124\">R\u00e9sistant aux produits chimiques et \u00e0 la temp\u00e9rature<\/li>\n<li data-start=\"1090\" data-end=\"1124\">Faible frottement et r\u00e9sistance \u00e0 l'usure<\/li>\n<li data-start=\"1090\" data-end=\"1124\">Id\u00e9al pour les applications o\u00f9 l'hygi\u00e8ne est primordiale<\/li>\n<li data-start=\"1090\" data-end=\"1124\">Facile \u00e0 entretenir et durable<\/li>\n<\/ul>","protected":false},"excerpt":{"rendered":"<p>Etanch\u00e9it\u00e9 hygi\u00e9nique, r\u00e9sistante aux produits chimiques et \u00e0 la temp\u00e9rature, id\u00e9ale pour l'utilisation dans les industries alimentaire, pharmaceutique et cosm\u00e9tique.<\/p>","protected":false},"featured_media":15374,"comment_status":"open","ping_status":"closed","template":"","meta":{"_acf_changed":false},"product_brand":[],"product_cat":[2745],"product_tag":[2813,2790,2805,2806,2807,2808,2809,2810,2811,2812],"class_list":{"0":"post-13435","1":"product","2":"type-product","3":"status-publish","4":"has-post-thumbnail","6":"product_cat-ersatzteile","7":"product_tag-lebensmitteltechnik-dichtungsring","8":"product_tag-ptm-ersatzteile-kaufen","9":"product_tag-ptfe-wellendichtring-weiss","10":"product_tag-fda-dichtung-ptm","11":"product_tag-ptfe-dichtungsring-lebensmittel","12":"product_tag-hygienedichtung-druckluftmotor","13":"product_tag-ruehrwerksantrieb-fda-konform","14":"product_tag-wellendichtring-pharmaindustrie","15":"product_tag-ptfe-weiss-dichtung","16":"product_tag-fda-konforme-ruehrwerksdichtung","17":"product_shipping_class-karton-paketversand","19":"first","20":"instock","21":"taxable","22":"shipping-taxable","23":"purchasable","24":"product-type-variable"},"bundled_by":[],"bundle_stock_status":"instock","bundle_stock_quantity":null,"bundle_virtual":false,"bundle_layout":"","bundle_add_to_cart_form_location":"","bundle_editable_in_cart":false,"bundle_sold_individually_context":"","bundle_item_grouping":"","bundle_min_size":"","bundle_max_size":"","bundle_price":[],"bundled_items":[],"bundle_sell_ids":[],"exclude_global_add_ons":[],"addons":[],"acf":[],"_links":{"self":[{"href":"https:\/\/ptm-mechatronics.com\/fr\/wp-json\/wp\/v2\/product\/13435","targetHints":{"allow":["GET"]}}],"collection":[{"href":"https:\/\/ptm-mechatronics.com\/fr\/wp-json\/wp\/v2\/product"}],"about":[{"href":"https:\/\/ptm-mechatronics.com\/fr\/wp-json\/wp\/v2\/types\/product"}],"replies":[{"embeddable":true,"href":"https:\/\/ptm-mechatronics.com\/fr\/wp-json\/wp\/v2\/comments?post=13435"}],"wp:featuredmedia":[{"embeddable":true,"href":"https:\/\/ptm-mechatronics.com\/fr\/wp-json\/wp\/v2\/media\/15374"}],"wp:attachment":[{"href":"https:\/\/ptm-mechatronics.com\/fr\/wp-json\/wp\/v2\/media?parent=13435"}],"wp:term":[{"taxonomy":"product_brand","embeddable":true,"href":"https:\/\/ptm-mechatronics.com\/fr\/wp-json\/wp\/v2\/product_brand?post=13435"},{"taxonomy":"product_cat","embeddable":true,"href":"https:\/\/ptm-mechatronics.com\/fr\/wp-json\/wp\/v2\/product_cat?post=13435"},{"taxonomy":"product_tag","embeddable":true,"href":"https:\/\/ptm-mechatronics.com\/fr\/wp-json\/wp\/v2\/product_tag?post=13435"}],"curies":[{"name":"wp","href":"https:\/\/api.w.org\/{rel}","templated":true}]}}