{"id":13424,"date":"2025-04-04T09:51:39","date_gmt":"2025-04-04T07:51:39","guid":{"rendered":"https:\/\/ptm-mechatronics.com\/?post_type=product&#038;p=13424"},"modified":"2025-11-07T15:54:39","modified_gmt":"2025-11-07T14:54:39","slug":"wellendichtring-nbr","status":"publish","type":"product","link":"https:\/\/ptm-mechatronics.com\/fr\/product\/wellendichtring-nbr\/","title":{"rendered":"Joint d'arbre NBR"},"content":{"rendered":"<p class=\"\" data-start=\"208\" data-end=\"309\">Bague d'\u00e9tanch\u00e9it\u00e9 NBR pour moteurs et entra\u00eenements pneumatiques PTM - solution d'\u00e9tanch\u00e9it\u00e9 \u00e9prouv\u00e9e pour la maintenance<\/p>\n<p class=\"\" data-start=\"311\" data-end=\"641\">La bague d'\u00e9tanch\u00e9it\u00e9 \u00e0 l\u00e8vres NBR est sp\u00e9cialement con\u00e7ue pour l'entretien et la maintenance des moteurs pneumatiques PTM et des entra\u00eenements d'agitateurs. Fabriqu\u00e9 en caoutchouc nitrile robuste (NBR), il offre une \u00e9tanch\u00e9it\u00e9 fiable contre les huiles, les graisses et autres fluides non agressifs - id\u00e9al pour une utilisation industrielle continue.<\/p>\n<p class=\"\" data-start=\"643\" data-end=\"964\">Gr\u00e2ce \u00e0 sa bonne r\u00e9sistance \u00e0 l'abrasion et \u00e0 sa r\u00e9sistance \u00e0 des temp\u00e9ratures allant jusqu'\u00e0 +100 \u00b0C environ, la bague d'\u00e9tanch\u00e9it\u00e9 \u00e0 l\u00e8vres NBR convient parfaitement aux applications standard dans la construction de machines et d'installations. Il contribue \u00e0 pr\u00e9venir les fuites, \u00e0 r\u00e9duire l'usure et \u00e0 augmenter durablement la dur\u00e9e de vie des moteurs et des entra\u00eenements PTM.<\/p>\n<p class=\"\" data-start=\"966\" data-end=\"997\">Les avantages en un coup d'\u0153il :<\/p>\n<ul>\n<li data-start=\"1000\" data-end=\"1034\">Pour les moteurs\/entra\u00eenements PTM<\/li>\n<li data-start=\"1000\" data-end=\"1034\">Mat\u00e9riau NBR robuste<\/li>\n<li data-start=\"1000\" data-end=\"1034\">R\u00e9sistant \u00e0 l'huile et \u00e0 la graisse<\/li>\n<li data-start=\"1000\" data-end=\"1034\">Id\u00e9al pour les applications standard<\/li>\n<li data-start=\"1000\" data-end=\"1034\">Pour l'entretien et le remplacement<\/li>\n<li data-start=\"1000\" data-end=\"1034\">Bonne protection contre l'usure<\/li>\n<\/ul>","protected":false},"excerpt":{"rendered":"<p>\u00c9tanch\u00e9it\u00e9 fiable aux huiles et aux graisses, id\u00e9ale pour les applications standard dans l'industrie.<\/p>","protected":false},"featured_media":15371,"comment_status":"open","ping_status":"closed","template":"","meta":{"_acf_changed":false},"product_brand":[],"product_cat":[2745],"product_tag":[2790,2791,2792,2793,2794,2795,2796,2787,2788,2789],"class_list":{"0":"post-13424","1":"product","2":"type-product","3":"status-publish","4":"has-post-thumbnail","6":"product_cat-ersatzteile","7":"product_tag-ptm-ersatzteile-kaufen","8":"product_tag-wellendichtung-nbr","9":"product_tag-ptm-wartungsdichtung","10":"product_tag-nitrilkautschuk-dichtungsring","11":"product_tag-ptm-motor-dichtung","12":"product_tag-ruehrwerk-wellendichtring","13":"product_tag-industrie-dichtung-nbr","14":"product_tag-nbr-wellendichtring-ptm","15":"product_tag-dichtung-druckluftmotor","16":"product_tag-ruehrwerksantrieb-dichtung","17":"product_shipping_class-karton-paketversand","19":"first","20":"instock","21":"taxable","22":"shipping-taxable","23":"purchasable","24":"product-type-variable"},"bundled_by":[],"bundle_stock_status":"instock","bundle_stock_quantity":null,"bundle_virtual":false,"bundle_layout":"","bundle_add_to_cart_form_location":"","bundle_editable_in_cart":false,"bundle_sold_individually_context":"","bundle_item_grouping":"","bundle_min_size":"","bundle_max_size":"","bundle_price":[],"bundled_items":[],"bundle_sell_ids":[],"exclude_global_add_ons":[],"addons":[],"acf":[],"_links":{"self":[{"href":"https:\/\/ptm-mechatronics.com\/fr\/wp-json\/wp\/v2\/product\/13424","targetHints":{"allow":["GET"]}}],"collection":[{"href":"https:\/\/ptm-mechatronics.com\/fr\/wp-json\/wp\/v2\/product"}],"about":[{"href":"https:\/\/ptm-mechatronics.com\/fr\/wp-json\/wp\/v2\/types\/product"}],"replies":[{"embeddable":true,"href":"https:\/\/ptm-mechatronics.com\/fr\/wp-json\/wp\/v2\/comments?post=13424"}],"wp:featuredmedia":[{"embeddable":true,"href":"https:\/\/ptm-mechatronics.com\/fr\/wp-json\/wp\/v2\/media\/15371"}],"wp:attachment":[{"href":"https:\/\/ptm-mechatronics.com\/fr\/wp-json\/wp\/v2\/media?parent=13424"}],"wp:term":[{"taxonomy":"product_brand","embeddable":true,"href":"https:\/\/ptm-mechatronics.com\/fr\/wp-json\/wp\/v2\/product_brand?post=13424"},{"taxonomy":"product_cat","embeddable":true,"href":"https:\/\/ptm-mechatronics.com\/fr\/wp-json\/wp\/v2\/product_cat?post=13424"},{"taxonomy":"product_tag","embeddable":true,"href":"https:\/\/ptm-mechatronics.com\/fr\/wp-json\/wp\/v2\/product_tag?post=13424"}],"curies":[{"name":"wp","href":"https:\/\/api.w.org\/{rel}","templated":true}]}}