{"id":13393,"date":"2025-04-03T09:53:46","date_gmt":"2025-04-03T07:53:46","guid":{"rendered":"https:\/\/ptm-mechatronics.com\/?post_type=product&#038;p=13393"},"modified":"2025-11-07T15:54:39","modified_gmt":"2025-11-07T14:54:39","slug":"kugellager-serviceset-fuer-ptm-druckluftmotoren-und-antriebe","status":"publish","type":"product","link":"https:\/\/ptm-mechatronics.com\/fr\/product\/kugellager-serviceset-fuer-ptm-druckluftmotoren-und-antriebe\/","title":{"rendered":"Kit de maintenance des roulements \u00e0 billes pour moteurs et entra\u00eenements pneumatiques PTM"},"content":{"rendered":"<p class=\"\" data-start=\"159\" data-end=\"235\">Roulements \u00e0 billes pour moteurs pneumatiques PTM - pr\u00e9cis, durables, performants<\/p>\n<p class=\"\" data-start=\"237\" data-end=\"605\">Les roulements \u00e0 billes pour moteurs et entra\u00eenements pneumatiques PTM garantissent un fonctionnement sans probl\u00e8me, une longue dur\u00e9e de vie et une capacit\u00e9 de charge maximale dans des conditions industrielles. Ils sont sp\u00e9cialement adapt\u00e9s aux exigences de la technique d'agitation et d'entra\u00eenement PTM et assurent une rotation pr\u00e9cise ainsi qu'un fonctionnement sans probl\u00e8me \u00e0 long terme de vos entra\u00eenements pneumatiques.<\/p>\n<p class=\"\" data-start=\"607\" data-end=\"881\">Fabriqu\u00e9s \u00e0 partir de mat\u00e9riaux de haute qualit\u00e9 et optimis\u00e9s pour une utilisation dans des environnements exigeants, les roulements \u00e0 billes contribuent de mani\u00e8re d\u00e9cisive \u00e0 la performance et \u00e0 l'efficacit\u00e9 de votre entra\u00eenement.<\/p>\n<p class=\"\" data-start=\"883\" data-end=\"914\">Les avantages en un coup d'\u0153il :<\/p>\n<ul>\n<li data-start=\"917\" data-end=\"945\">Parfaitement adapt\u00e9 aux entra\u00eenements PTM<\/li>\n<li data-start=\"917\" data-end=\"945\">Haute pr\u00e9cision de fonctionnement<\/li>\n<li data-start=\"917\" data-end=\"945\">Qualit\u00e9 industrielle robuste<\/li>\n<li data-start=\"917\" data-end=\"945\">Longue dur\u00e9e de vie<\/li>\n<li data-start=\"917\" data-end=\"945\">Fonctionnement \u00e0 faible friction<\/li>\n<li data-start=\"917\" data-end=\"945\">Peu d'entretien<\/li>\n<li data-start=\"917\" data-end=\"945\">Id\u00e9al pour le remplacement ou le service<\/li>\n<\/ul>\n<p>Pour trouver le kit adapt\u00e9 \u00e0 votre mod\u00e8le, veuillez consulter l'aper\u00e7u sous T\u00e9l\u00e9chargements.<\/p>","protected":false},"excerpt":{"rendered":"<p>Fonctionnement pr\u00e9cis, \u00e0 faible frottement et dur\u00e9e de vie maximale en utilisation industrielle continue - id\u00e9al comme pi\u00e8ce de rechange de haute qualit\u00e9 pour des performances fiables.<\/p>","protected":false},"featured_media":15534,"comment_status":"closed","ping_status":"closed","template":"","meta":{"_acf_changed":false},"product_brand":[],"product_cat":[2745],"product_tag":[2767,2768,2769,2770,2771,2772,2773,2774,2775,2776],"class_list":{"0":"post-13393","1":"product","2":"type-product","3":"status-publish","4":"has-post-thumbnail","6":"product_cat-ersatzteile","7":"product_tag-kugellager-ptm","8":"product_tag-ptm-antrieb-ersatzteile","9":"product_tag-kugellager-druckluftmotor","10":"product_tag-industrie-kugellager","11":"product_tag-lager-fuer-druckluftmotor","12":"product_tag-ptm-motorlager","13":"product_tag-kugellager-kaufen","14":"product_tag-praezisionslager-ptm","15":"product_tag-ersatzteil-ptm-antrieb","16":"product_tag-rillenkugellager-druckluftantrieb","17":"product_shipping_class-karton-paketversand","19":"first","20":"instock","21":"taxable","22":"shipping-taxable","23":"purchasable","24":"product-type-variable"},"bundled_by":[],"bundle_stock_status":"instock","bundle_stock_quantity":null,"bundle_virtual":false,"bundle_layout":"","bundle_add_to_cart_form_location":"","bundle_editable_in_cart":false,"bundle_sold_individually_context":"","bundle_item_grouping":"","bundle_min_size":"","bundle_max_size":"","bundle_price":[],"bundled_items":[],"bundle_sell_ids":[],"exclude_global_add_ons":[],"addons":[],"acf":[],"_links":{"self":[{"href":"https:\/\/ptm-mechatronics.com\/fr\/wp-json\/wp\/v2\/product\/13393","targetHints":{"allow":["GET"]}}],"collection":[{"href":"https:\/\/ptm-mechatronics.com\/fr\/wp-json\/wp\/v2\/product"}],"about":[{"href":"https:\/\/ptm-mechatronics.com\/fr\/wp-json\/wp\/v2\/types\/product"}],"replies":[{"embeddable":true,"href":"https:\/\/ptm-mechatronics.com\/fr\/wp-json\/wp\/v2\/comments?post=13393"}],"wp:featuredmedia":[{"embeddable":true,"href":"https:\/\/ptm-mechatronics.com\/fr\/wp-json\/wp\/v2\/media\/15534"}],"wp:attachment":[{"href":"https:\/\/ptm-mechatronics.com\/fr\/wp-json\/wp\/v2\/media?parent=13393"}],"wp:term":[{"taxonomy":"product_brand","embeddable":true,"href":"https:\/\/ptm-mechatronics.com\/fr\/wp-json\/wp\/v2\/product_brand?post=13393"},{"taxonomy":"product_cat","embeddable":true,"href":"https:\/\/ptm-mechatronics.com\/fr\/wp-json\/wp\/v2\/product_cat?post=13393"},{"taxonomy":"product_tag","embeddable":true,"href":"https:\/\/ptm-mechatronics.com\/fr\/wp-json\/wp\/v2\/product_tag?post=13393"}],"curies":[{"name":"wp","href":"https:\/\/api.w.org\/{rel}","templated":true}]}}