{"id":13375,"date":"2025-04-03T08:58:00","date_gmt":"2025-04-03T06:58:00","guid":{"rendered":"https:\/\/ptm-mechatronics.com\/?post_type=product&#038;p=13375"},"modified":"2025-11-07T15:54:39","modified_gmt":"2025-11-07T14:54:39","slug":"dichtung-serviceset-fuer-ptm-druckluftmotoren-und-antriebe","status":"publish","type":"product","link":"https:\/\/ptm-mechatronics.com\/fr\/product\/dichtung-serviceset-fuer-ptm-druckluftmotoren-und-antriebe\/","title":{"rendered":"Joint Kit de service pour moteurs et entra\u00eenements pneumatiques PTM"},"content":{"rendered":"<p class=\"\" data-start=\"150\" data-end=\"235\">Kit de service d'\u00e9tanch\u00e9it\u00e9 pour moteurs pneumatiques et entra\u00eenements PTM - fiable, pr\u00e9cis, durable<\/p>\n<p class=\"\" data-start=\"237\" data-end=\"651\">Le kit d'entretien des joints pour les moteurs pneumatiques et les entra\u00eenements PTM contient tous les joints n\u00e9cessaires \u00e0 la maintenance et \u00e0 l'entretien professionnels de vos composants PTM. Les joints parfaitement adapt\u00e9s, fabriqu\u00e9s dans des mat\u00e9riaux de haute qualit\u00e9, assurent une \u00e9tanch\u00e9it\u00e9 fiable, prolongent la dur\u00e9e de vie de vos moteurs pneumatiques et de vos entra\u00eenements et garantissent un fonctionnement sans probl\u00e8me - m\u00eame dans des conditions exigeantes.<\/p>\n<p class=\"\" data-start=\"653\" data-end=\"822\">Le kit est exactement adapt\u00e9 aux modules et mod\u00e8les de la technique d'entra\u00eenement et d'agitation PTM et est id\u00e9al pour les intervalles de service planifi\u00e9s.<\/p>\n<p class=\"\" data-start=\"824\" data-end=\"855\">Les avantages en un coup d'\u0153il :<\/p>\n<ul data-start=\"856\" data-end=\"1060\">\n<li class=\"\" data-start=\"856\" data-end=\"895\">\n<p class=\"\" data-start=\"858\" data-end=\"895\">Compatible avec les moteurs et entra\u00eenements pneumatiques PTM<\/p>\n<\/li>\n<li class=\"\" data-start=\"896\" data-end=\"921\">\n<p class=\"\" data-start=\"898\" data-end=\"921\">Joints parfaitement ajust\u00e9s<\/p>\n<\/li>\n<li class=\"\" data-start=\"922\" data-end=\"949\">\n<p class=\"\" data-start=\"924\" data-end=\"949\">Mat\u00e9riaux de haute qualit\u00e9<\/p>\n<\/li>\n<li class=\"\" data-start=\"950\" data-end=\"972\">\n<p class=\"\" data-start=\"952\" data-end=\"972\">Une protection durable<\/p>\n<\/li>\n<li class=\"\" data-start=\"973\" data-end=\"1002\">\n<p class=\"\" data-start=\"975\" data-end=\"1002\">Pour l'entretien et la r\u00e9paration<\/p>\n<\/li>\n<li class=\"\" data-start=\"1003\" data-end=\"1032\">\n<p class=\"\" data-start=\"1005\" data-end=\"1032\">Augmente la s\u00e9curit\u00e9 de fonctionnement<\/p>\n<\/li>\n<li class=\"\" data-start=\"1033\" data-end=\"1060\">\n<p class=\"\" data-start=\"1035\" data-end=\"1060\">Minimise les temps d'arr\u00eat<\/p>\n<\/li>\n<\/ul>\n<p>Veuillez commander la bague d'\u00e9tanch\u00e9it\u00e9 de l'arbre s\u00e9par\u00e9ment. Les kits de maintenance sont en partie con\u00e7us pour plusieurs variantes de moteurs et d'entra\u00eenements et peuvent donc contenir plus de joints que n\u00e9cessaire pour une seule application (photo exemple de produit).<\/p>","protected":false},"excerpt":{"rendered":"<p>Des joints parfaitement ajust\u00e9s et de haute qualit\u00e9 pour une maintenance fiable, une dur\u00e9e de vie prolong\u00e9e et une s\u00e9curit\u00e9 de fonctionnement maximale de vos entra\u00eenements pneumatiques.<\/p>","protected":false},"featured_media":15533,"comment_status":"closed","ping_status":"closed","template":"","meta":{"_acf_changed":false},"product_brand":[],"product_cat":[2745],"product_tag":[2752,2753,2754,2755,2756,2747,2748,2749,2750,2751],"class_list":{"0":"post-13375","1":"product","2":"type-product","3":"status-publish","4":"has-post-thumbnail","6":"product_cat-ersatzteile","7":"product_tag-wartungsset-druckluftantrieb","8":"product_tag-dichtungsservice-ptm","9":"product_tag-druckluftmotor-reparieren","10":"product_tag-ptm-ersatzdichtungen","11":"product_tag-industrieantrieb-dichtung","12":"product_tag-dichtungsset-ptm","13":"product_tag-serviceset-druckluftmotor","14":"product_tag-ptm-antrieb-dichtung","15":"product_tag-dichtungssatz-druckluftantrieb","16":"product_tag-ersatzteile-ptm-motor","17":"product_shipping_class-karton-paketversand","19":"first","20":"instock","21":"taxable","22":"shipping-taxable","23":"purchasable","24":"product-type-variable"},"bundled_by":[],"bundle_stock_status":"instock","bundle_stock_quantity":null,"bundle_virtual":false,"bundle_layout":"","bundle_add_to_cart_form_location":"","bundle_editable_in_cart":false,"bundle_sold_individually_context":"","bundle_item_grouping":"","bundle_min_size":"","bundle_max_size":"","bundle_price":[],"bundled_items":[],"bundle_sell_ids":[],"exclude_global_add_ons":[],"addons":[],"acf":[],"_links":{"self":[{"href":"https:\/\/ptm-mechatronics.com\/fr\/wp-json\/wp\/v2\/product\/13375","targetHints":{"allow":["GET"]}}],"collection":[{"href":"https:\/\/ptm-mechatronics.com\/fr\/wp-json\/wp\/v2\/product"}],"about":[{"href":"https:\/\/ptm-mechatronics.com\/fr\/wp-json\/wp\/v2\/types\/product"}],"replies":[{"embeddable":true,"href":"https:\/\/ptm-mechatronics.com\/fr\/wp-json\/wp\/v2\/comments?post=13375"}],"wp:featuredmedia":[{"embeddable":true,"href":"https:\/\/ptm-mechatronics.com\/fr\/wp-json\/wp\/v2\/media\/15533"}],"wp:attachment":[{"href":"https:\/\/ptm-mechatronics.com\/fr\/wp-json\/wp\/v2\/media?parent=13375"}],"wp:term":[{"taxonomy":"product_brand","embeddable":true,"href":"https:\/\/ptm-mechatronics.com\/fr\/wp-json\/wp\/v2\/product_brand?post=13375"},{"taxonomy":"product_cat","embeddable":true,"href":"https:\/\/ptm-mechatronics.com\/fr\/wp-json\/wp\/v2\/product_cat?post=13375"},{"taxonomy":"product_tag","embeddable":true,"href":"https:\/\/ptm-mechatronics.com\/fr\/wp-json\/wp\/v2\/product_tag?post=13375"}],"curies":[{"name":"wp","href":"https:\/\/api.w.org\/{rel}","templated":true}]}}