{"id":13335,"date":"2025-03-31T11:08:31","date_gmt":"2025-03-31T09:08:31","guid":{"rendered":"https:\/\/ptm-mechatronics.com\/?post_type=product&#038;p=13335"},"modified":"2026-02-23T13:00:12","modified_gmt":"2026-02-23T12:00:12","slug":"schraegblattmischer-klappbar","status":"publish","type":"product","link":"https:\/\/ptm-mechatronics.com\/fr\/product\/schraegblattmischer-klappbar\/","title":{"rendered":"M\u00e9langeur \u00e0 lame inclin\u00e9e rabattable"},"content":{"rendered":"<p class=\"\" data-start=\"136\" data-end=\"226\">M\u00e9langeurs \u00e0 pales inclin\u00e9es - un m\u00e9lange puissant pour les produits visqueux et les processus exigeants<\/p>\n<p class=\"\" data-start=\"228\" data-end=\"580\">Le m\u00e9langeur \u00e0 pales inclin\u00e9es convainc par sa caract\u00e9ristique de transport axiale avec une composante l\u00e9g\u00e8rement radiale et g\u00e9n\u00e8re ainsi un flux turbulent qui permet un m\u00e9lange particuli\u00e8rement efficace. Gr\u00e2ce \u00e0 sa construction robuste, il est id\u00e9al pour les substances \u00e0 viscosit\u00e9 \u00e9lev\u00e9e ainsi que pour de nombreuses applications dans l'industrie.<\/p>\n<p class=\"\" data-start=\"582\" data-end=\"773\">Les domaines d'application typiques sont l'homog\u00e9n\u00e9isation, la dispersion et la mise en suspension des milieux les plus divers - du processus chimique \u00e0 la fabrication de produits alimentaires ou cosm\u00e9tiques.<\/p>\n<p data-start=\"582\" data-end=\"773\">Le m\u00e9langeur rabattable se d\u00e9ploie automatiquement par la force centrifuge lors de la rotation, passant de \u00d850mm repli\u00e9 \u00e0 \u00d8150 ou 200 mm, permettant ainsi un m\u00e9lange puissant m\u00eame dans les ouvertures de r\u00e9cipient \u00e9troites.<\/p>\n<p class=\"\" data-start=\"775\" data-end=\"806\">Les avantages en un coup d'\u0153il :<\/p>\n<ul>\n<li data-start=\"809\" data-end=\"846\">Transport axial \u00e0 l\u00e9g\u00e8rement radial<\/li>\n<li data-start=\"809\" data-end=\"846\">Flux turbulent pour un m\u00e9lange intensif<\/li>\n<li data-start=\"809\" data-end=\"846\">Convient pour les fluides visqueux<\/li>\n<li data-start=\"809\" data-end=\"846\">Id\u00e9al pour l'homog\u00e9n\u00e9isation, la dispersion et la mise en suspension<\/li>\n<li data-start=\"809\" data-end=\"846\">Polyvalent<\/li>\n<li data-start=\"809\" data-end=\"846\">Grande s\u00e9curit\u00e9 du processus<\/li>\n<\/ul>","protected":false},"excerpt":{"rendered":"<p>Organe d'agitation \u00e0 transport axial (l\u00e9g\u00e8rement radial) et \u00e0 \u00e9coulement turbulent, id\u00e9al pour l'homog\u00e9n\u00e9isation, la dispersion et la mise en suspension de substances m\u00eame tr\u00e8s visqueuses.<\/p>","protected":false},"featured_media":15348,"comment_status":"closed","ping_status":"closed","template":"","meta":{"_acf_changed":false},"product_brand":[],"product_cat":[595,631],"product_tag":[2729,2730,2731,2732,2733,2706,2715,2735,2726,2727,2728],"class_list":{"0":"post-13335","1":"product","2":"type-product","3":"status-publish","4":"has-post-thumbnail","6":"product_cat-ruehrwerkstechnik","7":"product_cat-ruehrorgane","8":"product_tag-dispergieren-ruehrwerk","9":"product_tag-suspendieren-mischtechnik","10":"product_tag-industrielles-ruehrwerkzeug","11":"product_tag-turbulente-stroemung","12":"product_tag-mischtechnik-industrie","13":"product_tag-ruehrorgan-kaufen","14":"product_tag-ruehrorgan-axial","15":"product_tag-schragblattmischer","16":"product_tag-schraegblattruehrer","17":"product_tag-ruehrwerk-viskose-medien","18":"product_tag-ruehrtechnik-homogenisieren","19":"product_shipping_class-karton-paketversand","20":"pa_blatt-4-blaettrig-28x2","21":"pa_blattanstellung-1060","22":"pa_gewicht-03kg","23":"pa_material-v4a-edelstahl-1-4571","24":"pa_oberflaeche-glasperlengestrahlt","25":"pa_schiebenabe-20mm","27":"first","28":"instock","29":"taxable","30":"shipping-taxable","31":"purchasable","32":"product-type-variable"},"bundled_by":[],"bundle_stock_status":"instock","bundle_stock_quantity":null,"bundle_virtual":false,"bundle_layout":"","bundle_add_to_cart_form_location":"","bundle_editable_in_cart":false,"bundle_sold_individually_context":"","bundle_item_grouping":"","bundle_min_size":"","bundle_max_size":"","bundle_price":[],"bundled_items":[],"bundle_sell_ids":[],"exclude_global_add_ons":[],"addons":[],"acf":[],"_links":{"self":[{"href":"https:\/\/ptm-mechatronics.com\/fr\/wp-json\/wp\/v2\/product\/13335","targetHints":{"allow":["GET"]}}],"collection":[{"href":"https:\/\/ptm-mechatronics.com\/fr\/wp-json\/wp\/v2\/product"}],"about":[{"href":"https:\/\/ptm-mechatronics.com\/fr\/wp-json\/wp\/v2\/types\/product"}],"replies":[{"embeddable":true,"href":"https:\/\/ptm-mechatronics.com\/fr\/wp-json\/wp\/v2\/comments?post=13335"}],"wp:featuredmedia":[{"embeddable":true,"href":"https:\/\/ptm-mechatronics.com\/fr\/wp-json\/wp\/v2\/media\/15348"}],"wp:attachment":[{"href":"https:\/\/ptm-mechatronics.com\/fr\/wp-json\/wp\/v2\/media?parent=13335"}],"wp:term":[{"taxonomy":"product_brand","embeddable":true,"href":"https:\/\/ptm-mechatronics.com\/fr\/wp-json\/wp\/v2\/product_brand?post=13335"},{"taxonomy":"product_cat","embeddable":true,"href":"https:\/\/ptm-mechatronics.com\/fr\/wp-json\/wp\/v2\/product_cat?post=13335"},{"taxonomy":"product_tag","embeddable":true,"href":"https:\/\/ptm-mechatronics.com\/fr\/wp-json\/wp\/v2\/product_tag?post=13335"}],"curies":[{"name":"wp","href":"https:\/\/api.w.org\/{rel}","templated":true}]}}