{"id":13183,"date":"2025-03-25T10:36:17","date_gmt":"2025-03-25T09:36:17","guid":{"rendered":"https:\/\/ptm-mechatronics.com\/?post_type=product&#038;p=13183"},"modified":"2025-11-07T15:54:22","modified_gmt":"2025-11-07T14:54:22","slug":"ruehrwerksantrieb-eco-seal-g1-inox-mit-platzsparender-befestigung-und-gewindenabe","status":"publish","type":"product","link":"https:\/\/ptm-mechatronics.com\/fr\/product\/ruehrwerksantrieb-eco-seal-g1-inox-mit-platzsparender-befestigung-und-gewindenabe\/","title":{"rendered":"Entra\u00eenement du m\u00e9langeur eco-Seal G1\u2033 INOX avec fixation peu encombrante et moyeu filet\u00e9"},"content":{"rendered":"<h2><span style=\"font-size: 75%;\">Entra\u00eenement d'agitateur ATEX pour petits r\u00e9cipients &amp; r\u00e9servoirs sous pression - Compact, puissant &amp; antid\u00e9flagrant<\/span><\/h2>\n<p class=\"\" data-start=\"160\" data-end=\"631\">L'entra\u00eenement d'agitateur \u00e0 haut rendement \u00e9nerg\u00e9tique et certifi\u00e9 ATEX en acier inoxydable V4A 1.4404 de haute qualit\u00e9 a \u00e9t\u00e9 sp\u00e9cialement con\u00e7u pour \u00eatre utilis\u00e9 dans des petits r\u00e9cipients et des r\u00e9servoirs sous pression et offre une solution fiable pour les applications hygi\u00e9niques, \u00e0 risque d'explosion et \u00e0 espace critique. Gr\u00e2ce \u00e0 la bride de s\u00e9paration de zone innovante, le fonctionnement est possible dans les zones ATEX 0\/1 - id\u00e9al pour les applications dans l'industrie chimique, alimentaire ou pharmaceutique, qui exigent une s\u00e9curit\u00e9 et une hygi\u00e8ne maximales.<\/p>\n<h3 class=\"\" data-start=\"633\" data-end=\"712\"><span style=\"font-size: 75%;\">Peu encombrant &amp; performant - sp\u00e9cialement con\u00e7u pour les petits r\u00e9cipients<\/span><\/h3>\n<p class=\"\" data-start=\"713\" data-end=\"987\">Avec un diam\u00e8tre de raccordement de 35 \u00e0 50 mm, l'entra\u00eenement s'adapte parfaitement \u00e0 l'al\u00e9sage de s\u00e9rie des r\u00e9servoirs sous pression. Le contre-\u00e9crou en acier inoxydable fourni permet un montage simple et s\u00fbr par le bas, m\u00eame dans des espaces restreints.<\/p>\n<p class=\"\" data-start=\"989\" data-end=\"1217\">Malgr\u00e9 sa construction compacte, l'entra\u00eenement convainc par son couple \u00e9lev\u00e9 et assure un r\u00e9sultat d'agitation homog\u00e8ne, m\u00eame avec des produits tr\u00e8s visqueux. Les applications en surpression et en d\u00e9pression sont \u00e9galement r\u00e9alisables sans probl\u00e8me.<\/p>\n<p class=\"\" data-start=\"1219\" data-end=\"1510\">Sa construction purement m\u00e9canique lui conf\u00e8re une extr\u00eame robustesse, n\u00e9cessite peu d'entretien et garantit une longue dur\u00e9e de vie. Sa construction silencieuse et peu encombrante en fait la solution id\u00e9ale pour les processus d'agitation compacts et hygi\u00e9niques dans des conditions exigeantes.<\/p>\n<h3 class=\"\" data-start=\"1517\" data-end=\"1551\">Les avantages en un coup d'\u0153il<\/h3>\n<ul>\n<li data-start=\"1554\" data-end=\"1585\">Compatible avec les zones ATEX 0\/1<\/li>\n<li data-start=\"1554\" data-end=\"1585\">Compatible avec les petits r\u00e9cipients (raccord 35-50 mm)<\/li>\n<li data-start=\"1554\" data-end=\"1585\">En acier inoxydable V4A 1.4404 de haute qualit\u00e9<\/li>\n<li data-start=\"1554\" data-end=\"1585\">Pour les plus hautes exigences en mati\u00e8re d'hygi\u00e8ne<\/li>\n<li data-start=\"1554\" data-end=\"1585\">Couple \u00e9lev\u00e9 pour les fluides tr\u00e8s visqueux<\/li>\n<li data-start=\"1554\" data-end=\"1585\">Pour la surpression et la d\u00e9pression<\/li>\n<li data-start=\"1554\" data-end=\"1585\">Silencieux, peu encombrant, robuste<\/li>\n<\/ul>","protected":false},"excerpt":{"rendered":"<p>Entra\u00eenement d'agitateur \u00e0 haute efficacit\u00e9 \u00e9nerg\u00e9tique, certifi\u00e9 ATEX, en acier inoxydable V4A 1.4404 de haute qualit\u00e9, pour petits r\u00e9cipients et r\u00e9servoirs sous pression - construction compacte, couple \u00e9lev\u00e9, aptitude aux zones ATEX 0\/1, contre-\u00e9crou inclus pour un montage facile.<\/p>","protected":false},"featured_media":15525,"comment_status":"open","ping_status":"closed","template":"","meta":{"_acf_changed":false},"product_brand":[],"product_cat":[595,632],"product_tag":[2672,2684,2673,2685,2674,2686,2675,2687,2665,2676,2688,2666,2677,2667,2678,2668,2679,2669,2680,2670,2682,2671,2683],"class_list":{"0":"post-13183","1":"product","2":"type-product","3":"status-publish","4":"has-post-thumbnail","6":"product_cat-ruehrwerkstechnik","7":"product_cat-ruehrwerksantriebe","8":"product_tag-zonentrennflansch-ruehrantrieb-hygienisch","9":"product_tag-langlebiger-edelstahl-ruehrwerksmotor","10":"product_tag-v4a-edelstahl-ruehrwerksantrieb","11":"product_tag-ruehrwerksmotor-pharmaindustrie-edelstahl","12":"product_tag-ruehrwerk-fuer-hochviskose-medien-v4a","13":"product_tag-lebensmittelkonformer-ruehrwerksantrieb-v4a","14":"product_tag-platzsparender-edelstahl-ruehrwerksmotor","15":"product_tag-sterilisierbarer-ruehrantrieb-1-4404","16":"product_tag-atex-ruehrwerksantrieb-v4a","17":"product_tag-geraeuscharmer-ruehrantrieb-v4a","18":"product_tag-reinraum-ruehrwerksmotor-din-14644","19":"product_tag-hygienischer-ruehrwerksmotor-edelstahl-1-4404","20":"product_tag-unterdruck-ruehrwerksmotor-edelstahl","21":"product_tag-ruehrwerksmotor-kleinbehaelter-edelstahl","22":"product_tag-ueberdruck-ruehrwerk-1-4404","23":"product_tag-ruehrwerksantrieb-drucktank-v4a","24":"product_tag-hygienischer-ruehrwerksantrieb-edelstahl","25":"product_tag-kompakter-ruehrwerksmotor-edelstahl","26":"product_tag-ruehrwerksantrieb-mit-kontermutter-v4a","27":"product_tag-explosionsgeschuetzter-ruehrwerksantrieb-1-4404","28":"product_tag-ruehrmotor-druckbehaelter-hygienisch","29":"product_tag-ruehrwerk-zone-0-edelstahl","30":"product_tag-kleiner-atex-ruehrantrieb-v4a","31":"product_shipping_class-karton-paketversand","32":"pa_antriebsart-pneumatisch","33":"pa_antriebswelle-ptm-gewindenabe-m12","34":"pa_atex-zone-0-1","35":"pa_dichtung-ptfe","36":"pa_drehzahl-0-300-1-min","37":"pa_ex-gas-ex-ii-1-2-g-ex-h-iic-t5-ga-gb","38":"pa_ex-staub-ex-ii-1-2-d-ex-h-iiic-t100c-da-db","39":"pa_geraeuschpegel-75db","40":"pa_labs-oel-und-silikonfrei","41":"pa_material-gehaeuse-v4a-edelstahl-1-4404-elektropoliert","42":"pa_model-eco-seal-atex-zone-0-1-edelstahl","43":"pa_schutzart-ip67","44":"pa_steckverschraubung-abluft-schlauch-o10mm","45":"pa_steckverschraubung-zuluft-schlauch-o6mm","46":"pa_versorgung-5-6bar","48":"first","49":"instock","50":"taxable","51":"shipping-taxable","52":"purchasable","53":"product-type-variable"},"bundled_by":[],"bundle_stock_status":"instock","bundle_stock_quantity":null,"bundle_virtual":false,"bundle_layout":"","bundle_add_to_cart_form_location":"","bundle_editable_in_cart":false,"bundle_sold_individually_context":"","bundle_item_grouping":"","bundle_min_size":"","bundle_max_size":"","bundle_price":[],"bundled_items":[],"bundle_sell_ids":[],"exclude_global_add_ons":[],"addons":[],"acf":[],"_links":{"self":[{"href":"https:\/\/ptm-mechatronics.com\/fr\/wp-json\/wp\/v2\/product\/13183","targetHints":{"allow":["GET"]}}],"collection":[{"href":"https:\/\/ptm-mechatronics.com\/fr\/wp-json\/wp\/v2\/product"}],"about":[{"href":"https:\/\/ptm-mechatronics.com\/fr\/wp-json\/wp\/v2\/types\/product"}],"replies":[{"embeddable":true,"href":"https:\/\/ptm-mechatronics.com\/fr\/wp-json\/wp\/v2\/comments?post=13183"}],"wp:featuredmedia":[{"embeddable":true,"href":"https:\/\/ptm-mechatronics.com\/fr\/wp-json\/wp\/v2\/media\/15525"}],"wp:attachment":[{"href":"https:\/\/ptm-mechatronics.com\/fr\/wp-json\/wp\/v2\/media?parent=13183"}],"wp:term":[{"taxonomy":"product_brand","embeddable":true,"href":"https:\/\/ptm-mechatronics.com\/fr\/wp-json\/wp\/v2\/product_brand?post=13183"},{"taxonomy":"product_cat","embeddable":true,"href":"https:\/\/ptm-mechatronics.com\/fr\/wp-json\/wp\/v2\/product_cat?post=13183"},{"taxonomy":"product_tag","embeddable":true,"href":"https:\/\/ptm-mechatronics.com\/fr\/wp-json\/wp\/v2\/product_tag?post=13183"}],"curies":[{"name":"wp","href":"https:\/\/api.w.org\/{rel}","templated":true}]}}