{"id":13162,"date":"2025-03-25T09:37:01","date_gmt":"2025-03-25T08:37:01","guid":{"rendered":"https:\/\/ptm-mechatronics.com\/?post_type=product&#038;p=13162"},"modified":"2025-11-07T15:54:22","modified_gmt":"2025-11-07T14:54:22","slug":"ruehrwerksantrieb-eco-seal-inox-atex-zone-0-1-mit-schnellwechselsystem","status":"publish","type":"product","link":"https:\/\/ptm-mechatronics.com\/fr\/product\/ruehrwerksantrieb-eco-seal-inox-atex-zone-0-1-mit-schnellwechselsystem\/","title":{"rendered":"Entra\u00eenement du m\u00e9langeur eco-Seal INOX, ATEX zone 0\/1, avec syst\u00e8me de changement rapide"},"content":{"rendered":"<p><span style=\"font-size: 105%;\">Entra\u00eenement d'agitateur ATEX en acier inoxydable V4A - adapt\u00e9 aux salles blanches, aux produits alimentaires et pharmaceutiques, zone 0\/1<\/span><\/p>\n<p class=\"\" data-start=\"194\" data-end=\"618\">L'entra\u00eenement d'agitateur \u00e0 faible consommation d'\u00e9nergie et certifi\u00e9 ATEX a \u00e9t\u00e9 sp\u00e9cialement con\u00e7u pour les processus de m\u00e9lange industriels exigeants dans les zones hygi\u00e9niquement sensibles et \u00e0 risque d'explosion. Gr\u00e2ce au plan de per\u00e7age PTM, l'entra\u00eenement peut \u00eatre int\u00e9gr\u00e9 rapidement et facilement dans des installations existantes. Gr\u00e2ce \u00e0 la bride de s\u00e9paration de zone int\u00e9gr\u00e9e, le fonctionnement dans les zones ATEX 0\/1 est possible de mani\u00e8re fiable et s\u00fbre. Le site <a href=\"https:\/\/youtu.be\/TjagGW4DoyA?si=nim_aJO3gQNp4S_-\" target=\"_blank\" rel=\"noopener\">Syst\u00e8me de changement rapide eco-Quick<\/a> permet de changer facilement l'arbre d'agitation en quelques secondes, sans outil suppl\u00e9mentaire.<\/p>\n<p class=\"\" data-start=\"620\" data-end=\"1032\">Gr\u00e2ce \u00e0 son couple \u00e9lev\u00e9, l'entra\u00eenement garantit un r\u00e9sultat d'agitation r\u00e9gulier et homog\u00e8ne, m\u00eame avec des produits tr\u00e8s visqueux. Le syst\u00e8me ma\u00eetrise \u00e9galement sans peine les applications en conditions de surpression ou de d\u00e9pression. La structure compacte et silencieuse permet de gagner de la place et d'am\u00e9liorer l'environnement de travail, tandis que la construction purement m\u00e9canique est synonyme de robustesse maximale et d'absence d'entretien.<\/p>\n<p class=\"\" data-start=\"1034\" data-end=\"1090\">Fabriqu\u00e9 en acier inoxydable V4A 1.4404, l'entra\u00eenement :<\/p>\n<ul>\n<li data-start=\"1093\" data-end=\"1131\">conforme aux normes pharmaceutiques et alimentaires,<\/li>\n<li data-start=\"1093\" data-end=\"1131\">r\u00e9sistant aux acides et aux produits chimiques,<\/li>\n<li data-start=\"1093\" data-end=\"1131\">st\u00e9rilisable et<\/li>\n<li data-start=\"1093\" data-end=\"1131\">IP67 \u00e9tanche.<\/li>\n<\/ul>\n<p class=\"\" data-start=\"1225\" data-end=\"1652\">La surface est \u00e9lectropolie afin de minimiser l'adh\u00e9rence des germes et de permettre un nettoyage facile. Le design innovant Soft-Edge \u00e9vite les coins sales et les contre-d\u00e9pouilles et r\u00e9pond ainsi aux exigences les plus \u00e9lev\u00e9es dans la technique des salles blanches (class\u00e9es selon la norme DIN 14644). Pour un marquage durablement hygi\u00e9nique, l'inscription se fait par gravure au laser au lieu d'utiliser des autocollants traditionnels.<\/p>\n<p class=\"\" data-start=\"1654\" data-end=\"1899\">Cet entra\u00eenement d'agitateur est la solution id\u00e9ale pour les secteurs qui exigent le plus de s\u00e9curit\u00e9, d'hygi\u00e8ne et d'efficacit\u00e9 - par exemple dans l'industrie pharmaceutique, la production alimentaire, la fabrication de cosm\u00e9tiques ou le g\u00e9nie chimique.<\/p>","protected":false},"excerpt":{"rendered":"<p>Entra\u00eenement d'agitateur \u00e0 haut rendement \u00e9nerg\u00e9tique, certifi\u00e9 ATEX, en acier inoxydable V4A \u00e9lectropoli - hygi\u00e9nique, robuste, silencieux et id\u00e9al pour les fluides \u00e0 haute viscosit\u00e9 ainsi que pour les applications en salle blanche et en zone Ex.<\/p>","protected":false},"featured_media":15521,"comment_status":"open","ping_status":"closed","template":"","meta":{"_acf_changed":false},"product_brand":[],"product_cat":[595,632],"product_tag":[2641,2609,2642,2626,2643,2633,2644,2634,2645,2635,2646,2636,2647,2637,2648,2638,2649,2639,2640,2576],"class_list":{"0":"post-13162","1":"product","2":"type-product","3":"status-publish","4":"has-post-thumbnail","6":"product_cat-ruehrwerkstechnik","7":"product_cat-ruehrwerksantriebe","8":"product_tag-ip68-ruehrwerksmotor","9":"product_tag-ruehrwerksmotor-fuer-reinraeume","10":"product_tag-sterilisierbarer-ruehrantrieb","11":"product_tag-platzsparender-ruehrwerksmotor","12":"product_tag-chemikalienbestaendiger-antrieb","13":"product_tag-atex-ruehrwerksantrieb","14":"product_tag-elektropolierter-edelstahlmotor","15":"product_tag-explosionsgeschuetzter-antrieb","16":"product_tag-hygienischer-ruehrwerksantrieb","17":"product_tag-ruehrwerksmotor-zone-0","18":"product_tag-soft-edge-design-antrieb","19":"product_tag-zonentrennflansch-ruehrwerk","20":"product_tag-din-14644-ruehrwerk","21":"product_tag-ruehrwerk-fuer-hochviskose-medien","22":"product_tag-wartungsarmer-antrieb","23":"product_tag-v4a-edelstahl-ruehrwerksmotor","24":"product_tag-geraeuscharmer-ruehrantrieb","25":"product_tag-lebensmittelkonformer-ruehrwerksantrieb","26":"product_tag-pharma-ruehrwerk","27":"product_tag-energieeffizienter-ruehrwerksmotor","28":"product_shipping_class-karton-paketversand","29":"pa_antriebsart-pneumatisch","30":"pa_antriebswelle-eco-drive-450-900-eco-quick-v2","31":"pa_antriebswelle-eco-drive-450-900-eco-quick-v3","32":"pa_atex-zone-0-1","33":"pa_dichtung-ptfe-fda-konform","34":"pa_durchmesser-108mm","35":"pa_ex-gas-ex-ii-1-2-g-ex-h-iic-t5-ga-gb","36":"pa_ex-staub-ex-ii-1-2-d-ex-h-iiic-t100c-da-db","37":"pa_geraeuschpegel-75db","38":"pa_labs-oel-und-silikonfrei","39":"pa_material-gehaeuse-v4a-edelstahl-1-4404-elektropoliert","40":"pa_model-eco-seal-atex-zone-0-1-edelstahl","41":"pa_reinraumklassifizierung-iso1-nach-din14644","42":"pa_schutzart-ip67","43":"pa_steckverschraubung-abluft-schlauch-o10mm","44":"pa_steckverschraubung-zuluft-schlauch-o6mm","45":"pa_versorgung-5-6bar","47":"first","48":"instock","49":"taxable","50":"shipping-taxable","51":"purchasable","52":"product-type-variable"},"bundled_by":[],"bundle_stock_status":"instock","bundle_stock_quantity":null,"bundle_virtual":false,"bundle_layout":"","bundle_add_to_cart_form_location":"","bundle_editable_in_cart":false,"bundle_sold_individually_context":"","bundle_item_grouping":"","bundle_min_size":"","bundle_max_size":"","bundle_price":[],"bundled_items":[],"bundle_sell_ids":[],"exclude_global_add_ons":[],"addons":[],"acf":[],"_links":{"self":[{"href":"https:\/\/ptm-mechatronics.com\/fr\/wp-json\/wp\/v2\/product\/13162","targetHints":{"allow":["GET"]}}],"collection":[{"href":"https:\/\/ptm-mechatronics.com\/fr\/wp-json\/wp\/v2\/product"}],"about":[{"href":"https:\/\/ptm-mechatronics.com\/fr\/wp-json\/wp\/v2\/types\/product"}],"replies":[{"embeddable":true,"href":"https:\/\/ptm-mechatronics.com\/fr\/wp-json\/wp\/v2\/comments?post=13162"}],"wp:featuredmedia":[{"embeddable":true,"href":"https:\/\/ptm-mechatronics.com\/fr\/wp-json\/wp\/v2\/media\/15521"}],"wp:attachment":[{"href":"https:\/\/ptm-mechatronics.com\/fr\/wp-json\/wp\/v2\/media?parent=13162"}],"wp:term":[{"taxonomy":"product_brand","embeddable":true,"href":"https:\/\/ptm-mechatronics.com\/fr\/wp-json\/wp\/v2\/product_brand?post=13162"},{"taxonomy":"product_cat","embeddable":true,"href":"https:\/\/ptm-mechatronics.com\/fr\/wp-json\/wp\/v2\/product_cat?post=13162"},{"taxonomy":"product_tag","embeddable":true,"href":"https:\/\/ptm-mechatronics.com\/fr\/wp-json\/wp\/v2\/product_tag?post=13162"}],"curies":[{"name":"wp","href":"https:\/\/api.w.org\/{rel}","templated":true}]}}