{"id":13139,"date":"2025-03-24T10:52:35","date_gmt":"2025-03-24T09:52:35","guid":{"rendered":"https:\/\/ptm-mechatronics.com\/?post_type=product&#038;p=13139"},"modified":"2026-05-04T10:34:38","modified_gmt":"2026-05-04T08:34:38","slug":"ruehrwerksantrieb-eco-seal-atex-zone-0-1-mit-schnellwechselsystem","status":"publish","type":"product","link":"https:\/\/ptm-mechatronics.com\/fr\/product\/ruehrwerksantrieb-eco-seal-atex-zone-0-1-mit-schnellwechselsystem\/","title":{"rendered":"Entra\u00eenement du m\u00e9langeur eco-Seal, ATEX zone 0\/1, avec syst\u00e8me de changement rapide"},"content":{"rendered":"<h3 data-start=\"0\" data-end=\"106\">Entra\u00eenement de l'agitateur certifi\u00e9 ATEX et \u00e9conome en \u00e9nergie - Puissant, s\u00fbr et durable<\/h3>\n<p data-start=\"108\" data-end=\"475\">L'entra\u00eenement de l'agitateur certifi\u00e9 ATEX et \u00e9conome en \u00e9nergie a \u00e9t\u00e9 sp\u00e9cialement con\u00e7u pour \u00eatre utilis\u00e9 dans des zones \u00e0 risque d'explosion et peut \u00eatre mont\u00e9 facilement et directement gr\u00e2ce au gabarit de per\u00e7age PTM. Gr\u00e2ce \u00e0 la bride de s\u00e9paration de zone int\u00e9gr\u00e9e, il est con\u00e7u pour fonctionner en toute s\u00e9curit\u00e9 dans les zones ATEX 0\/1 et r\u00e9pond aux normes de s\u00e9curit\u00e9 les plus strictes. Gr\u00e2ce au syst\u00e8me de changement rapide int\u00e9gr\u00e9 eco-Quick, vous pouvez changer les arbres d'agitation en quelques secondes, en un seul geste et sans outil suppl\u00e9mentaire.<\/p>\n<p data-start=\"477\" data-end=\"953\">Gr\u00e2ce \u00e0 son couple \u00e9lev\u00e9, l'entra\u00eenement garantit un r\u00e9sultat d'agitation homog\u00e8ne, m\u00eame avec des produits tr\u00e8s visqueux. De plus, il permet une utilisation dans des applications en surpression et en d\u00e9pression, ce qui le rend particuli\u00e8rement polyvalent. Sa conception silencieuse et peu encombrante assure une int\u00e9gration optimale dans les syst\u00e8mes existants, tandis que sa construction purement m\u00e9canique est synonyme de robustesse exceptionnelle, de long\u00e9vit\u00e9 et de maintenance r\u00e9duite.<\/p>\n<p data-start=\"955\" data-end=\"1102\">Sa grande efficacit\u00e9 \u00e9nerg\u00e9tique r\u00e9duit la consommation d'\u00e9nergie, optimise le fonctionnement et contribue \u00e0 des processus de production durables.<\/p>\n<h3 data-start=\"1104\" data-end=\"1139\">Caract\u00e9ristiques et avantages :<\/h3>\n<ul>\n<li data-start=\"1140\" data-end=\"1713\">Certification ATEX pour les zones 0\/1 - S\u00e9curit\u00e9 maximale dans les environnements explosifs<\/li>\n<li data-start=\"1140\" data-end=\"1713\">Syst\u00e8me de changement rapide eco-Quick - Changement rapide et propre de l'organe agitateur sans outillage<\/li>\n<li data-start=\"1140\" data-end=\"1713\">Efficacit\u00e9 \u00e9nerg\u00e9tique &amp; performance - Haut rendement pour des processus optimis\u00e9s et une consommation d'\u00e9nergie r\u00e9duite<\/li>\n<li data-start=\"1140\" data-end=\"1713\">Couple \u00e9lev\u00e9 - r\u00e9sultats parfaits m\u00eame avec des fluides tr\u00e8s visqueux<\/li>\n<li data-start=\"1140\" data-end=\"1713\">Applications en surpression et en d\u00e9pression - Polyvalent pour r\u00e9pondre aux diff\u00e9rentes exigences des processus<\/li>\n<li data-start=\"1140\" data-end=\"1713\">Peu encombrant &amp; silencieux - Construction compacte pour une int\u00e9gration facile<\/li>\n<li data-start=\"1140\" data-end=\"1713\">Extr\u00eamement robuste &amp; peu d'entretien - construction purement m\u00e9canique pour une fiabilit\u00e9 maximale<\/li>\n<\/ul>\n<p data-start=\"1715\" data-end=\"1892\">Cet entra\u00eenement d'agitateur ATEX de haute qualit\u00e9 et \u00e0 faible consommation d'\u00e9nergie est la solution id\u00e9ale pour les applications industrielles qui exigent efficacit\u00e9, s\u00e9curit\u00e9 et durabilit\u00e9.<\/p>","protected":false},"excerpt":{"rendered":"<p>Entra\u00eenement d'agitateur puissant et efficace avec bride de s\u00e9paration de zone pour ATEX zones 0\/1 pour un montage facile sur des installations existantes<\/p>","protected":false},"featured_media":15516,"comment_status":"open","ping_status":"closed","template":"","meta":{"_acf_changed":false},"product_brand":[],"product_cat":[595,632],"product_tag":[2630,2576,2620,2631,2581,2621,2632,2585,2622,2588,2623,2599,2624,2600,2625,2626,2627,2628,2629,2575],"class_list":{"0":"post-13139","1":"product","2":"type-product","3":"status-publish","4":"has-post-thumbnail","6":"product_cat-ruehrwerkstechnik","7":"product_cat-ruehrwerksantriebe","8":"product_tag-wartungsarmer-ruehrwerksmotor","9":"product_tag-energieeffizienter-ruehrwerksmotor","10":"product_tag-ruehrwerksantrieb-fuer-zone-0-1","11":"product_tag-zuverlaessiger-ruehrwerksmotor-fuer-industrieanwendungen","12":"product_tag-geraeuscharmer-ruehrwerksantrieb","13":"product_tag-atex-ruehrwerksmotor-mit-zonentrennflansch","14":"product_tag-nachhaltiger-antrieb-fuer-ruehrwerke","15":"product_tag-langlebiger-ruehrwerksmotor","16":"product_tag-nachhaltiger-ruehrwerksmotor","17":"product_tag-leistungsstarker-ruehrwerksantrieb","18":"product_tag-ruehrwerksmotor-mit-optimiertem-energieverbrauch","19":"product_tag-explosionsgeschuetzter-ruehrwerksmotor","20":"product_tag-industrieller-ruehrwerksantrieb","21":"product_tag-ruehrwerksmotor-fuer-hochviskose-medien","22":"product_tag-robuster-ruehrwerksmotor","23":"product_tag-platzsparender-ruehrwerksmotor","24":"product_tag-ruehrwerksmotor-fuer-explosionsgefaehrdete-bereiche","25":"product_tag-ptm-bohrbild-ruehrwerksantrieb","26":"product_tag-ruehrwerksmotor-fuer-ueber-und-unterdruckanwendungen","27":"product_tag-atex-zertifizierter-ruehrwerksantrieb","28":"product_shipping_class-karton-paketversand","29":"pa_antriebsart-pneumatisch","30":"pa_antriebswelle-eco-drive-450-900-m12","31":"pa_antriebswelle-eco-drive-450-900-eco-quick-v3","32":"pa_atex-zone-0-1","33":"pa_dichtung-ptfe","34":"pa_durchmesser-108mm","35":"pa_ex-gas-ex-ii-1-2-g-ex-h-iic-t5-ga-gb","36":"pa_ex-staub-ex-ii-1-2-d-ex-h-iiic-t100c-da-db","37":"pa_geraeuschpegel-75db","38":"pa_labs-oel-und-silikonfrei","39":"pa_material-gehaeuse-aluminium-eloxiert","40":"pa_model-eco-seal-atex-zone-0-1","41":"pa_schutzart-ip67","42":"pa_steckverschraubung-abluft-eco-seal-1800-3600-schlauch-o12mm","43":"pa_steckverschraubung-abluft-eco-seal-450-900-schlauch-o10mm","44":"pa_steckverschraubung-zuluft-eco-seal-450-900-schlauch-o6mm","45":"pa_steckverschraubung-zuluft-eco-seal-1800-3600-schlauch-o8mm","46":"pa_versorgung-5-6bar","48":"first","49":"instock","50":"taxable","51":"shipping-taxable","52":"purchasable","53":"product-type-variable"},"bundled_by":[],"bundle_stock_status":"instock","bundle_stock_quantity":null,"bundle_virtual":false,"bundle_layout":"","bundle_add_to_cart_form_location":"","bundle_editable_in_cart":false,"bundle_sold_individually_context":"","bundle_item_grouping":"","bundle_min_size":"","bundle_max_size":"","bundle_price":[],"bundled_items":[],"bundle_sell_ids":[],"exclude_global_add_ons":[],"addons":[],"acf":[],"_links":{"self":[{"href":"https:\/\/ptm-mechatronics.com\/fr\/wp-json\/wp\/v2\/product\/13139","targetHints":{"allow":["GET"]}}],"collection":[{"href":"https:\/\/ptm-mechatronics.com\/fr\/wp-json\/wp\/v2\/product"}],"about":[{"href":"https:\/\/ptm-mechatronics.com\/fr\/wp-json\/wp\/v2\/types\/product"}],"replies":[{"embeddable":true,"href":"https:\/\/ptm-mechatronics.com\/fr\/wp-json\/wp\/v2\/comments?post=13139"}],"wp:featuredmedia":[{"embeddable":true,"href":"https:\/\/ptm-mechatronics.com\/fr\/wp-json\/wp\/v2\/media\/15516"}],"wp:attachment":[{"href":"https:\/\/ptm-mechatronics.com\/fr\/wp-json\/wp\/v2\/media?parent=13139"}],"wp:term":[{"taxonomy":"product_brand","embeddable":true,"href":"https:\/\/ptm-mechatronics.com\/fr\/wp-json\/wp\/v2\/product_brand?post=13139"},{"taxonomy":"product_cat","embeddable":true,"href":"https:\/\/ptm-mechatronics.com\/fr\/wp-json\/wp\/v2\/product_cat?post=13139"},{"taxonomy":"product_tag","embeddable":true,"href":"https:\/\/ptm-mechatronics.com\/fr\/wp-json\/wp\/v2\/product_tag?post=13139"}],"curies":[{"name":"wp","href":"https:\/\/api.w.org\/{rel}","templated":true}]}}