{"id":13105,"date":"2025-03-20T08:11:35","date_gmt":"2025-03-20T07:11:35","guid":{"rendered":"https:\/\/ptm-mechatronics.com\/?post_type=product&#038;p=13105"},"modified":"2026-05-05T10:48:16","modified_gmt":"2026-05-05T08:48:16","slug":"ruehrwerksantrieb-eco-drive-inox-mit-gewindenabe","status":"publish","type":"product","link":"https:\/\/ptm-mechatronics.com\/fr\/product\/ruehrwerksantrieb-eco-drive-inox-mit-gewindenabe\/","title":{"rendered":"Entra\u00eenement pour agitateur eco-Drive INOX, ATEX zone 1, avec moyeu filet\u00e9"},"content":{"rendered":"<h3 data-start=\"0\" data-end=\"96\">Entra\u00eenement de l'agitateur certifi\u00e9 ATEX - Hygi\u00e9nique, performant et efficace sur le plan \u00e9nerg\u00e9tique<\/h3>\n<p data-start=\"98\" data-end=\"479\">L'entra\u00eenement d'agitateur certifi\u00e9 ATEX et \u00e0 faible consommation d'\u00e9nergie a \u00e9t\u00e9 sp\u00e9cialement con\u00e7u pour les processus exigeants de m\u00e9lange, d'homog\u00e9n\u00e9isation et d'agitation dans des environnements sensibles en mati\u00e8re d'hygi\u00e8ne. Gr\u00e2ce \u00e0 son couple \u00e9lev\u00e9, l'entra\u00eenement fournit un r\u00e9sultat d'agitation homog\u00e8ne, m\u00eame avec des produits tr\u00e8s visqueux et dans des conditions extr\u00eames.<\/p>\n<p data-start=\"481\" data-end=\"749\">Gr\u00e2ce au sch\u00e9ma de per\u00e7age PTM, l'entra\u00eenement peut \u00eatre mont\u00e9 directement, tandis que sa structure silencieuse et peu encombrante permet une int\u00e9gration flexible dans les syst\u00e8mes existants. Sa construction purement m\u00e9canique le rend en outre extr\u00eamement robuste et n\u00e9cessite peu d'entretien.<\/p>\n<p data-start=\"751\" data-end=\"883\">Fabriqu\u00e9 en acier inoxydable V4A 1.4404 de haute qualit\u00e9, l'entra\u00eenement du m\u00e9langeur r\u00e9pond aux normes d'hygi\u00e8ne et de s\u00e9curit\u00e9 les plus strictes :<\/p>\n<ul>\n<li data-start=\"885\" data-end=\"1535\">Conforme aux normes pharmaceutiques et alimentaires - Parfait pour les applications alimentaires, pharmaceutiques et en salle blanche<\/li>\n<li data-start=\"885\" data-end=\"1535\">R\u00e9sistant aux acides et aux produits chimiques - R\u00e9sistant aux milieux agressifs<\/li>\n<li data-start=\"885\" data-end=\"1535\">St\u00e9rilisable &amp; \u00e9tanche IP67 - Pour une hygi\u00e8ne et une long\u00e9vit\u00e9 maximales<\/li>\n<li data-start=\"885\" data-end=\"1535\">Class\u00e9 salle blanche selon la norme DIN 14644 - Pour les exigences de propret\u00e9 les plus \u00e9lev\u00e9es<\/li>\n<li data-start=\"885\" data-end=\"1535\">Design Soft-Edge - pas de coins sales ni de contre-d\u00e9pouilles pour une facilit\u00e9 de nettoyage optimale<\/li>\n<li data-start=\"885\" data-end=\"1535\">Surface \u00e9lectropolie - minimise l'adh\u00e9rence des germes et facilite le nettoyage<\/li>\n<li data-start=\"885\" data-end=\"1535\">Gravure laser hygi\u00e9nique au lieu d'un autocollant - R\u00e9sistant \u00e0 l'abrasion et durable, id\u00e9al pour les environnements st\u00e9riles<\/li>\n<\/ul>\n<p data-start=\"1537\" data-end=\"1717\">Cet entra\u00eenement de m\u00e9langeur est la solution id\u00e9ale pour tous ceux qui recherchent une technologie de m\u00e9lange performante, hygi\u00e9nique et durable pour les applications critiques en mati\u00e8re d'hygi\u00e8ne.<\/p>","protected":false},"excerpt":{"rendered":"<p>Entra\u00eenement d'agitateur certifi\u00e9 ATEX - la solution puissante, \u00e9conome en \u00e9nergie et n\u00e9cessitant peu d'entretien pour les processus de m\u00e9lange industriels, id\u00e9ale pour les fluides \u00e0 haute viscosit\u00e9 et les zones \u00e0 risque d'explosion.<\/p>","protected":false},"featured_media":15509,"comment_status":"open","ping_status":"closed","template":"","meta":{"_acf_changed":false},"product_brand":[],"product_cat":[595,632],"product_tag":[2595,2606,2596,2607,2597,2608,2598,2609,2599,2610,2600,2611,2575,2601,2612,2576,2602,2585,2603,2604,2594,2605],"class_list":{"0":"post-13105","1":"product","2":"type-product","3":"status-publish","4":"has-post-thumbnail","6":"product_cat-ruehrwerkstechnik","7":"product_cat-ruehrwerksantriebe","8":"product_tag-ruehrwerksmotor-aus-v4a-edelstahl","9":"product_tag-sterilisierbarer-ruehrwerksmotor","10":"product_tag-elektropolierter-edelstahl-ruehrwerksmotor","11":"product_tag-vibrationsarmer-ruehrwerksantrieb","12":"product_tag-reinraum-ruehrwerksmotor-iso-1","13":"product_tag-soft-edge-design-ruehrwerksmotor","14":"product_tag-din-14644-ruehrwerksantrieb","15":"product_tag-ruehrwerksmotor-fuer-reinraeume","16":"product_tag-explosionsgeschuetzter-ruehrwerksmotor","17":"product_tag-hygienische-lasergravur-ruehrwerksmotor","18":"product_tag-ruehrwerksmotor-fuer-hochviskose-medien","19":"product_tag-edelstahl-ruehrwerksantrieb-fuer-reinraum","20":"product_tag-atex-zertifizierter-ruehrwerksantrieb","21":"product_tag-ruehrwerksmotor-fuer-lebensmittelindustrie","22":"product_tag-hygienischer-antrieb-fuer-pharmaindustrie","23":"product_tag-energieeffizienter-ruehrwerksmotor","24":"product_tag-ruehrwerksmotor-fuer-pharmaindustrie","25":"product_tag-langlebiger-ruehrwerksmotor","26":"product_tag-saeurebestaendiger-ruehrwerksmotor","27":"product_tag-chemikalienbestaendiger-ruehrwerksmotor","28":"product_tag-hygienischer-ruehrwerksmotor","29":"product_tag-ip68-wasserdichter-ruehrwerksmotor","30":"product_shipping_class-karton-paketversand","31":"pa_antriebsart-pneumatisch","32":"pa_antriebswelle-eco-drive-450-900-m12","33":"pa_antriebswelle-eco-drive-1800-3600-m16","34":"pa_atex-zone-122122","35":"pa_dichtung-ptfe-fda-konform","36":"pa_durchmesser-eco-drive-450-900-108mm","37":"pa_durchmesser-eco-drive-1800-3600-169mm","38":"pa_ex-gas-ex-ii-2-g-ex-h-iic-t5-gb-x","39":"pa_ex-staub-ex-ii-2-d-ex-h-iiic-t100c-db-x","40":"pa_geraeuschpegel-75db","41":"pa_labs-oel-und-silikonfrei","42":"pa_material-gehaeuse-v4a-edelstahl-1-4404-elektropoliert","43":"pa_model-eco-drive-atex-zone-1-edelstahl","44":"pa_reinraumklassifizierung-iso1-nach-din14644","45":"pa_schutzart-ip67","46":"pa_steckverschraubung-abluft-eco-drive-450-900-schlauch-o10mm","47":"pa_steckverschraubung-abluft-eco-drive-1800-3600-schlauch-o12mm","48":"pa_steckverschraubung-zuluft-eco-drive-450-900-schlauch-o6mm","49":"pa_steckverschraubung-zuluft-eco-drive-1800-3600-schlauch-o8mm","50":"pa_versorgung-5-6bar","52":"first","53":"instock","54":"taxable","55":"shipping-taxable","56":"purchasable","57":"product-type-variable"},"bundled_by":[],"bundle_stock_status":"instock","bundle_stock_quantity":null,"bundle_virtual":false,"bundle_layout":"","bundle_add_to_cart_form_location":"","bundle_editable_in_cart":false,"bundle_sold_individually_context":"","bundle_item_grouping":"","bundle_min_size":"","bundle_max_size":"","bundle_price":[],"bundled_items":[],"bundle_sell_ids":[],"exclude_global_add_ons":[],"addons":[],"acf":[],"_links":{"self":[{"href":"https:\/\/ptm-mechatronics.com\/fr\/wp-json\/wp\/v2\/product\/13105","targetHints":{"allow":["GET"]}}],"collection":[{"href":"https:\/\/ptm-mechatronics.com\/fr\/wp-json\/wp\/v2\/product"}],"about":[{"href":"https:\/\/ptm-mechatronics.com\/fr\/wp-json\/wp\/v2\/types\/product"}],"replies":[{"embeddable":true,"href":"https:\/\/ptm-mechatronics.com\/fr\/wp-json\/wp\/v2\/comments?post=13105"}],"wp:featuredmedia":[{"embeddable":true,"href":"https:\/\/ptm-mechatronics.com\/fr\/wp-json\/wp\/v2\/media\/15509"}],"wp:attachment":[{"href":"https:\/\/ptm-mechatronics.com\/fr\/wp-json\/wp\/v2\/media?parent=13105"}],"wp:term":[{"taxonomy":"product_brand","embeddable":true,"href":"https:\/\/ptm-mechatronics.com\/fr\/wp-json\/wp\/v2\/product_brand?post=13105"},{"taxonomy":"product_cat","embeddable":true,"href":"https:\/\/ptm-mechatronics.com\/fr\/wp-json\/wp\/v2\/product_cat?post=13105"},{"taxonomy":"product_tag","embeddable":true,"href":"https:\/\/ptm-mechatronics.com\/fr\/wp-json\/wp\/v2\/product_tag?post=13105"}],"curies":[{"name":"wp","href":"https:\/\/api.w.org\/{rel}","templated":true}]}}