{"id":13066,"date":"2025-03-10T09:43:10","date_gmt":"2025-03-10T08:43:10","guid":{"rendered":"https:\/\/ptm-mechatronics.com\/?post_type=product&#038;p=13066"},"modified":"2025-11-07T15:54:32","modified_gmt":"2025-11-07T14:54:32","slug":"kolben-serviceset-fuer-ptm-druckluftmotoren-und-antriebe","status":"publish","type":"product","link":"https:\/\/ptm-mechatronics.com\/fr\/product\/kolben-serviceset-fuer-ptm-druckluftmotoren-und-antriebe\/","title":{"rendered":"Kit de service pour pistons pour moteurs et entra\u00eenements pneumatiques PTM"},"content":{"rendered":"<p data-start=\"158\" data-end=\"481\">Assurez des performances fiables et durables \u00e0 votre moteur ou entra\u00eenement pneumatique PTM gr\u00e2ce \u00e0 notre kit d'entretien de piston de haute qualit\u00e9. Ce kit de pi\u00e8ces de rechange est sp\u00e9cialement con\u00e7u pour les moteurs et entra\u00eenements pneumatiques PTM et permet une maintenance efficace afin d'optimiser la dur\u00e9e de vie et les performances de votre entra\u00eenement.<\/p>\n<p data-start=\"158\" data-end=\"481\">Le kit se compose d'une notice d'entretien d\u00e9taill\u00e9e, de pistons de rechange selon le mod\u00e8le d'entra\u00eenement avec aide \u00e0 l'insertion et de graisse. Vous trouverez \u00e9galement de l'aide pour le changement de piston dans notre vid\u00e9o \u201e<a href=\"https:\/\/youtu.be\/RxvrSIWG86M?si=pGI6yubvJ-mvYXet\" target=\"_blank\" rel=\"noopener\">Le remplacement du piston du moteur pneumatique<\/a>\u201e.<\/p>\n<p data-start=\"483\" data-end=\"507\">Caract\u00e9ristiques :<\/p>\n<ul>\n<li data-start=\"508\" data-end=\"725\">Parfaitement adapt\u00e9 aux moteurs et entra\u00eenements pneumatiques PTM<\/li>\n<li data-start=\"508\" data-end=\"725\">Mat\u00e9riaux de haute qualit\u00e9 pour une durabilit\u00e9 maximale<\/li>\n<li data-start=\"508\" data-end=\"725\">Montage facile pour une remise en \u00e9tat rapide<\/li>\n<\/ul>\n<p>Vous trouverez les sets de service par mod\u00e8le dans la zone de t\u00e9l\u00e9chargement.<\/p>","protected":false},"excerpt":{"rendered":"<p>Kit de service de piston de haute qualit\u00e9 pour les moteurs pneumatiques PTM - parfaitement adapt\u00e9, durable et facile \u00e0 monter pour une performance optimale du moteur.<\/p>","protected":false},"featured_media":15499,"comment_status":"open","ping_status":"closed","template":"","meta":{"_acf_changed":false},"product_brand":[],"product_cat":[2745],"product_tag":[2536,2537,2538,2539,2540,2541,2542,2543,2746,2535],"class_list":{"0":"post-13066","1":"product","2":"type-product","3":"status-publish","4":"has-post-thumbnail","6":"product_cat-ersatzteile","7":"product_tag-kolbenkit-druckluftmotor","8":"product_tag-ersatzteile-druckluftmotor","9":"product_tag-ptm-motor-wartung","10":"product_tag-ptm-ersatzteile","11":"product_tag-ptm-kolben-reparatur","12":"product_tag-ptm-pneumatikmotor","13":"product_tag-ptm-motor-kolbenwechsel","14":"product_tag-pneumatischer-antrieb-ersatzteile","15":"product_tag-serviceset-kolben","16":"product_tag-kolbenkitt-ptm","17":"product_shipping_class-karton-paketversand","19":"first","20":"instock","21":"taxable","22":"shipping-taxable","23":"purchasable","24":"product-type-variable"},"bundled_by":[],"bundle_stock_status":"instock","bundle_stock_quantity":null,"bundle_virtual":false,"bundle_layout":"","bundle_add_to_cart_form_location":"","bundle_editable_in_cart":false,"bundle_sold_individually_context":"","bundle_item_grouping":"","bundle_min_size":"","bundle_max_size":"","bundle_price":[],"bundled_items":[],"bundle_sell_ids":[],"exclude_global_add_ons":[],"addons":[],"acf":[],"_links":{"self":[{"href":"https:\/\/ptm-mechatronics.com\/fr\/wp-json\/wp\/v2\/product\/13066","targetHints":{"allow":["GET"]}}],"collection":[{"href":"https:\/\/ptm-mechatronics.com\/fr\/wp-json\/wp\/v2\/product"}],"about":[{"href":"https:\/\/ptm-mechatronics.com\/fr\/wp-json\/wp\/v2\/types\/product"}],"replies":[{"embeddable":true,"href":"https:\/\/ptm-mechatronics.com\/fr\/wp-json\/wp\/v2\/comments?post=13066"}],"wp:featuredmedia":[{"embeddable":true,"href":"https:\/\/ptm-mechatronics.com\/fr\/wp-json\/wp\/v2\/media\/15499"}],"wp:attachment":[{"href":"https:\/\/ptm-mechatronics.com\/fr\/wp-json\/wp\/v2\/media?parent=13066"}],"wp:term":[{"taxonomy":"product_brand","embeddable":true,"href":"https:\/\/ptm-mechatronics.com\/fr\/wp-json\/wp\/v2\/product_brand?post=13066"},{"taxonomy":"product_cat","embeddable":true,"href":"https:\/\/ptm-mechatronics.com\/fr\/wp-json\/wp\/v2\/product_cat?post=13066"},{"taxonomy":"product_tag","embeddable":true,"href":"https:\/\/ptm-mechatronics.com\/fr\/wp-json\/wp\/v2\/product_tag?post=13066"}],"curies":[{"name":"wp","href":"https:\/\/api.w.org\/{rel}","templated":true}]}}