{"id":13051,"date":"2025-02-25T09:00:39","date_gmt":"2025-02-25T08:00:39","guid":{"rendered":"https:\/\/ptm-mechatronics.com\/?post_type=product&#038;p=13051"},"modified":"2025-11-07T15:53:43","modified_gmt":"2025-11-07T14:53:43","slug":"propeller-ptfe-mit-ruehrwelle","status":"publish","type":"product","link":"https:\/\/ptm-mechatronics.com\/fr\/product\/propeller-ptfe-mit-ruehrwelle\/","title":{"rendered":"H\u00e9lice PTFE avec arbre d'agitation"},"content":{"rendered":"<p data-start=\"82\" data-end=\"587\">L'h\u00e9lice en PTFE (polyt\u00e9trafluoro\u00e9thyl\u00e8ne) est la solution id\u00e9ale pour les processus d'agitation et de m\u00e9lange exigeants, notamment dans les industries chimique, pharmaceutique et biotechnologique. Gr\u00e2ce \u00e0 sa r\u00e9sistance chimique exceptionnelle, elle est parfaitement adapt\u00e9e aux fluides agressifs, aux applications de grande puret\u00e9 et aux substances sensibles. La g\u00e9om\u00e9trie sp\u00e9ciale de l'h\u00e9lice assure une g\u00e9n\u00e9ration de flux efficace, ce qui permet de m\u00e9langer et d'homog\u00e9n\u00e9iser les liquides de mani\u00e8re optimale.<\/p>\n<h3 data-start=\"589\" data-end=\"624\">Caract\u00e9ristiques et avantages :<\/h3>\n<ul data-start=\"625\" data-end=\"964\">\n<li data-start=\"625\" data-end=\"713\">Haute r\u00e9sistance aux produits chimiques - R\u00e9siste aux acides, aux bases et aux solvants<\/li>\n<li data-start=\"714\" data-end=\"800\">M\u00e9lange optimal - G\u00e9n\u00e9ration de flux efficace pour des m\u00e9langes homog\u00e8nes<\/li>\n<li data-start=\"801\" data-end=\"872\">Propri\u00e9t\u00e9s anti-adh\u00e9rentes - emp\u00eache l'adh\u00e9rence et les d\u00e9p\u00f4ts<\/li>\n<li data-start=\"873\" data-end=\"964\">Non-corrosif &amp; r\u00e9sistant \u00e0 la temp\u00e9rature - Id\u00e9al pour les processus agressifs ou de grande puret\u00e9<\/li>\n<\/ul>\n<h3 data-start=\"966\" data-end=\"991\">Fonctionnement :<\/h3>\n<p data-start=\"992\" data-end=\"1288\">Gr\u00e2ce \u00e0 la g\u00e9om\u00e9trie sp\u00e9ciale de ses pales, l'h\u00e9lice en PTFE g\u00e9n\u00e8re un flux axial qui assure une r\u00e9partition uniforme des liquides et des solides. Gr\u00e2ce \u00e0 son faible frottement et \u00e0 ses propri\u00e9t\u00e9s anti-adh\u00e9rentes, le mat\u00e9riau reste propre et r\u00e9duit les d\u00e9p\u00f4ts lors du processus d'agitation.<\/p>\n<h3 data-start=\"1290\" data-end=\"1319\">Domaines d'application :<\/h3>\n<ul data-start=\"1320\" data-end=\"1450\">\n<li data-start=\"1320\" data-end=\"1343\">Industrie chimique<\/li>\n<li data-start=\"1344\" data-end=\"1374\">Production pharmaceutique<\/li>\n<li data-start=\"1375\" data-end=\"1408\">Biotechnologie et technique de laboratoire<\/li>\n<li data-start=\"1409\" data-end=\"1450\">Fabrication de produits alimentaires et cosm\u00e9tiques<\/li>\n<\/ul>\n<p data-start=\"1452\" data-end=\"1612\">Avec une h\u00e9lice en PTFE, vous misez sur un outil d'agitation durable et r\u00e9sistant aux produits chimiques, qui r\u00e9pond aux exigences les plus \u00e9lev\u00e9es en mati\u00e8re de puret\u00e9 et d'efficacit\u00e9.<\/p>","protected":false},"excerpt":{"rendered":"<p>Outil d'agitation r\u00e9sistant aux produits chimiques, flux axial pour un m\u00e9lange efficace et homog\u00e8ne.<\/p>","protected":false},"featured_media":15498,"comment_status":"open","ping_status":"closed","template":"","meta":{"_acf_changed":false},"product_brand":[],"product_cat":[596,1421,595],"product_tag":[2528,2529,2530,2531,2502,2532,2511,2533,2523,2534,2524,2525,2526,2527],"class_list":{"0":"post-13051","1":"product","2":"type-product","3":"status-publish","4":"has-post-thumbnail","6":"product_cat-laborruehrer","7":"product_cat-zubehoer-ruehrwerkstechnik","8":"product_cat-ruehrwerkstechnik","9":"product_tag-labortechnik","10":"product_tag-biotechnologische-prozesse","11":"product_tag-aggressive-chemikalien","12":"product_tag-korrosionsfreier-propeller","13":"product_tag-mischtechnik","14":"product_tag-hochreine-anwendungen","15":"product_tag-ruehrwerk","16":"product_tag-industrielles-ruehrwerk","17":"product_tag-ptfe-propeller","18":"product_tag-ptfe-ruehrfluegel","19":"product_tag-chemikalienbestaendiger-propeller","20":"product_tag-ptfe-ruehrwerk","21":"product_tag-axiale-stroemung","22":"product_tag-pharmaindustrie","23":"product_shipping_class-karton-paketversand","24":"pa_material-ex-ptfe-leitfaehig-1-000kohm","26":"first","27":"outofstock","28":"taxable","29":"shipping-taxable","30":"product-type-simple"},"bundled_by":[],"bundle_stock_status":"outofstock","bundle_stock_quantity":null,"bundle_virtual":false,"bundle_layout":"","bundle_add_to_cart_form_location":"","bundle_editable_in_cart":false,"bundle_sold_individually_context":"","bundle_item_grouping":"","bundle_min_size":"","bundle_max_size":"","bundle_price":[],"bundled_items":[],"bundle_sell_ids":[],"exclude_global_add_ons":[],"addons":[],"acf":[],"_links":{"self":[{"href":"https:\/\/ptm-mechatronics.com\/fr\/wp-json\/wp\/v2\/product\/13051","targetHints":{"allow":["GET"]}}],"collection":[{"href":"https:\/\/ptm-mechatronics.com\/fr\/wp-json\/wp\/v2\/product"}],"about":[{"href":"https:\/\/ptm-mechatronics.com\/fr\/wp-json\/wp\/v2\/types\/product"}],"replies":[{"embeddable":true,"href":"https:\/\/ptm-mechatronics.com\/fr\/wp-json\/wp\/v2\/comments?post=13051"}],"wp:featuredmedia":[{"embeddable":true,"href":"https:\/\/ptm-mechatronics.com\/fr\/wp-json\/wp\/v2\/media\/15498"}],"wp:attachment":[{"href":"https:\/\/ptm-mechatronics.com\/fr\/wp-json\/wp\/v2\/media?parent=13051"}],"wp:term":[{"taxonomy":"product_brand","embeddable":true,"href":"https:\/\/ptm-mechatronics.com\/fr\/wp-json\/wp\/v2\/product_brand?post=13051"},{"taxonomy":"product_cat","embeddable":true,"href":"https:\/\/ptm-mechatronics.com\/fr\/wp-json\/wp\/v2\/product_cat?post=13051"},{"taxonomy":"product_tag","embeddable":true,"href":"https:\/\/ptm-mechatronics.com\/fr\/wp-json\/wp\/v2\/product_tag?post=13051"}],"curies":[{"name":"wp","href":"https:\/\/api.w.org\/{rel}","templated":true}]}}