{"id":13047,"date":"2025-02-25T08:42:33","date_gmt":"2025-02-25T07:42:33","guid":{"rendered":"https:\/\/ptm-mechatronics.com\/?post_type=product&#038;p=13047"},"modified":"2025-11-07T15:53:40","modified_gmt":"2025-11-07T14:53:40","slug":"scheibenruehrer-mit-ruehrwelle","status":"publish","type":"product","link":"https:\/\/ptm-mechatronics.com\/fr\/product\/scheibenruehrer-mit-ruehrwelle\/","title":{"rendered":"Agitateur \u00e0 disque avec arbre d'agitation"},"content":{"rendered":"<p data-start=\"76\" data-end=\"467\">L'agitateur \u00e0 disque est un organe d'agitation puissant, id\u00e9al pour disperser, homog\u00e9n\u00e9iser et \u00e9mulsionner les liquides et les solides. Gr\u00e2ce \u00e0 sa g\u00e9om\u00e9trie sp\u00e9ciale, l'agitateur g\u00e9n\u00e8re des forces de cisaillement \u00e9lev\u00e9es et assure un m\u00e9lange homog\u00e8ne dans l'industrie chimique, la fabrication de peintures et de vernis ainsi que dans la production alimentaire et cosm\u00e9tique.<\/p>\n<h3 data-start=\"469\" data-end=\"504\">Caract\u00e9ristiques et avantages :<\/h3>\n<ul data-start=\"505\" data-end=\"958\">\n<li data-start=\"505\" data-end=\"591\">Effet de cisaillement \u00e9lev\u00e9 pour une fragmentation et une distribution optimales des particules<\/li>\n<li data-start=\"592\" data-end=\"666\">M\u00e9lange efficace de liquides et de p\u00e2tes tr\u00e8s visqueux<\/li>\n<li data-start=\"667\" data-end=\"764\">Construction robuste en acier inoxydable de haute qualit\u00e9 pour une longue dur\u00e9e de vie et une bonne r\u00e9sistance \u00e0 la corrosion<\/li>\n<li data-start=\"765\" data-end=\"857\">Polyvalent dans l'industrie chimique, pharmaceutique et cosm\u00e9tique<\/li>\n<li data-start=\"858\" data-end=\"958\">Personnalisable - diff\u00e9rents diam\u00e8tres et mat\u00e9riaux pour des applications sp\u00e9cifiques<\/li>\n<\/ul>\n<h3 data-start=\"960\" data-end=\"985\">Fonctionnement :<\/h3>\n<p data-start=\"986\" data-end=\"1264\">Gr\u00e2ce \u00e0 son disque rotatif, l'agitateur \u00e0 disque g\u00e9n\u00e8re des turbulences intenses qui dispersent efficacement les mati\u00e8res solides et m\u00e9langent les liquides de mani\u00e8re homog\u00e8ne. Il en r\u00e9sulte des \u00e9mulsions tr\u00e8s fines et des dispersions uniformes qui offrent des propri\u00e9t\u00e9s de traitement optimales.<\/p>\n<h3 data-start=\"1266\" data-end=\"1295\">Domaines d'application :<\/h3>\n<ul data-start=\"1296\" data-end=\"1447\">\n<li data-start=\"1296\" data-end=\"1325\">Industrie des peintures et des vernis<\/li>\n<li data-start=\"1326\" data-end=\"1370\">Production chimique et pharmaceutique<\/li>\n<li data-start=\"1371\" data-end=\"1412\">Fabrication de produits cosm\u00e9tiques et alimentaires<\/li>\n<li data-start=\"1413\" data-end=\"1447\">Chimie du b\u00e2timent et technique des colles<\/li>\n<\/ul>\n<p data-start=\"1449\" data-end=\"1569\">Misez sur l'agitateur \u00e0 disque pour une efficacit\u00e9 maximale et une qualit\u00e9 \u00e9lev\u00e9e et constante dans vos processus de m\u00e9lange.<\/p>","protected":false},"excerpt":{"rendered":"<p>Agitateur \u00e0 disques avec des forces de cisaillement \u00e9lev\u00e9es pour une dispersion, une homog\u00e9n\u00e9isation et une \u00e9mulsification efficaces.<\/p>","protected":false},"featured_media":15496,"comment_status":"open","ping_status":"closed","template":"","meta":{"_acf_changed":false},"product_brand":[],"product_cat":[1421,595,596],"product_tag":[2507,2510,2511,2512,2496,2513,2497,2514,2498,2515,2499,2516,2500,2517,2502,2505],"class_list":{"0":"post-13047","1":"product","2":"type-product","3":"status-publish","4":"has-post-thumbnail","6":"product_cat-zubehoer-ruehrwerkstechnik","7":"product_cat-ruehrwerkstechnik","8":"product_cat-laborruehrer","9":"product_tag-bauchemie","10":"product_tag-scheibenruehrer","11":"product_tag-ruehrwerk","12":"product_tag-homogenisieren","13":"product_tag-ruehrorgan","14":"product_tag-emulgieren","15":"product_tag-industriemischer","16":"product_tag-farben-und-lackherstellung","17":"product_tag-hochleistungsmischer","18":"product_tag-lebensmittelproduktion","19":"product_tag-scherkraefte","20":"product_tag-kosmetikherstellung","21":"product_tag-dispergieren","22":"product_tag-edelstahl-ruehrwerk","23":"product_tag-mischtechnik","24":"product_tag-chemische-industrie","25":"product_shipping_class-karton-paketversand","26":"pa_material-v4a-edelstahl-1-4404","28":"first","29":"outofstock","30":"taxable","31":"shipping-taxable","32":"product-type-simple"},"bundled_by":[],"bundle_stock_status":"outofstock","bundle_stock_quantity":null,"bundle_virtual":false,"bundle_layout":"","bundle_add_to_cart_form_location":"","bundle_editable_in_cart":false,"bundle_sold_individually_context":"","bundle_item_grouping":"","bundle_min_size":"","bundle_max_size":"","bundle_price":[],"bundled_items":[],"bundle_sell_ids":[],"exclude_global_add_ons":[],"addons":[],"acf":[],"_links":{"self":[{"href":"https:\/\/ptm-mechatronics.com\/fr\/wp-json\/wp\/v2\/product\/13047","targetHints":{"allow":["GET"]}}],"collection":[{"href":"https:\/\/ptm-mechatronics.com\/fr\/wp-json\/wp\/v2\/product"}],"about":[{"href":"https:\/\/ptm-mechatronics.com\/fr\/wp-json\/wp\/v2\/types\/product"}],"replies":[{"embeddable":true,"href":"https:\/\/ptm-mechatronics.com\/fr\/wp-json\/wp\/v2\/comments?post=13047"}],"wp:featuredmedia":[{"embeddable":true,"href":"https:\/\/ptm-mechatronics.com\/fr\/wp-json\/wp\/v2\/media\/15496"}],"wp:attachment":[{"href":"https:\/\/ptm-mechatronics.com\/fr\/wp-json\/wp\/v2\/media?parent=13047"}],"wp:term":[{"taxonomy":"product_brand","embeddable":true,"href":"https:\/\/ptm-mechatronics.com\/fr\/wp-json\/wp\/v2\/product_brand?post=13047"},{"taxonomy":"product_cat","embeddable":true,"href":"https:\/\/ptm-mechatronics.com\/fr\/wp-json\/wp\/v2\/product_cat?post=13047"},{"taxonomy":"product_tag","embeddable":true,"href":"https:\/\/ptm-mechatronics.com\/fr\/wp-json\/wp\/v2\/product_tag?post=13047"}],"curies":[{"name":"wp","href":"https:\/\/api.w.org\/{rel}","templated":true}]}}