{"id":13023,"date":"2025-02-12T09:52:34","date_gmt":"2025-02-12T08:52:34","guid":{"rendered":"https:\/\/ptm-mechatronics.com\/?post_type=product&#038;p=13023"},"modified":"2026-03-09T10:23:35","modified_gmt":"2026-03-09T09:23:35","slug":"hobbock-fixierung-fuer-kleingebindestative","status":"publish","type":"product","link":"https:\/\/ptm-mechatronics.com\/fr\/product\/hobbock-fixierung-fuer-kleingebindestative\/","title":{"rendered":"Fixation de hobbock pour petits tr\u00e9pieds de fixation"},"content":{"rendered":"<h1 data-start=\"90\" data-end=\"188\"><span style=\"font-size: 90%;\">Fixation universelle pour les petits pieds de bridage - Parfait pour les agitateurs sur pied PTM &amp; les laboratoires<\/span><\/h1>\n<p data-start=\"190\" data-end=\"577\">Flexibilit\u00e9 maximale pour votre agitateur ! Notre fixation de haute qualit\u00e9 pour petits pieds de botte est facile \u00e0 placer sous chaque PTM <a href=\"https:\/\/ptm-mechatronics.com\/fr\/product\/stativruehrwerk-fuer-30-liter-fass-antrieb-atex-zone-1\/\" target=\"_blank\" rel=\"noopener\">Agitateur sur pied pour f\u00fbts de 30 litres<\/a> ou <a href=\"https:\/\/ptm-mechatronics.com\/fr\/product\/stativruehrwerk-fuer-kleingebinde-antrieb-atex-zone-1\/\" target=\"_blank\" rel=\"noopener\">Agitateurs sur pied pour petits r\u00e9cipients et laboratoire<\/a> peut \u00eatre mont\u00e9 sur un plateau. Il offre un support s\u00fbr et stable pour jusqu'\u00e0 trois seaux diff\u00e9rents en fer blanc ou hobbocks pr\u00e9d\u00e9finis, ce qui vous permet de travailler de mani\u00e8re efficace et flexible.<\/p>\n<p data-start=\"579\" data-end=\"759\">Gr\u00e2ce au support de serrage pr\u00e9cis, les r\u00e9cipients restent fix\u00e9s de mani\u00e8re fiable - sans torsion ni glissement. Id\u00e9al pour les applications industrielles, les laboratoires et la production.<\/p>\n<ul>\n<li data-start=\"761\" data-end=\"946\">Montage facile &amp; compatibilit\u00e9 universelle<\/li>\n<li data-start=\"761\" data-end=\"946\">Fixation s\u00fbre et anti-torsion pour diff\u00e9rentes tailles de conteneurs<\/li>\n<li data-start=\"761\" data-end=\"946\">Parfait pour les agitateurs sur pied PTM &amp; l'utilisation en laboratoire<\/li>\n<\/ul>\n<p data-start=\"948\" data-end=\"1070\">Apr\u00e8s l'achat, nous vous contacterons pour convenir individuellement des tailles de conteneurs appropri\u00e9es.<\/p>\n<p data-start=\"948\" data-end=\"1070\">Livr\u00e9 sans tr\u00e9pied\/agitateur sur pied<\/p>","protected":false},"excerpt":{"rendered":"<p>La fixation pour petits tr\u00e9pieds de r\u00e9cipient s\u00e9curise jusqu'\u00e0 trois r\u00e9cipients sans risque de rotation et peut \u00eatre facilement mont\u00e9e sous les agitateurs sur tr\u00e9pied PTM.<\/p>","protected":false},"featured_media":15493,"comment_status":"open","ping_status":"closed","template":"","meta":{"_acf_changed":false},"product_brand":[],"product_cat":[595,612],"product_tag":[2490,2491,2492,2493,2494,2489],"class_list":{"0":"post-13023","1":"product","2":"type-product","3":"status-publish","4":"has-post-thumbnail","6":"product_cat-ruehrwerkstechnik","7":"product_cat-kleingebinderuehrwerke","8":"product_tag-stativruehrwerk-fixierung","9":"product_tag-ptm-stativruehrwerk-zubehoer","10":"product_tag-kleingebinde-ruehrwerk","11":"product_tag-laborruehrwerk-halterung","12":"product_tag-verdrehsichere-fixierung-behaelter","13":"product_tag-fixierung-fuer-kleingebindestative","14":"product_shipping_class-europalette-speditionsversand","15":"pa_typ-stativruehrwerk","17":"first","18":"instock","19":"taxable","20":"shipping-taxable","21":"purchasable","22":"product-type-simple"},"bundled_by":[],"bundle_stock_status":"instock","bundle_stock_quantity":null,"bundle_virtual":false,"bundle_layout":"","bundle_add_to_cart_form_location":"","bundle_editable_in_cart":false,"bundle_sold_individually_context":"","bundle_item_grouping":"","bundle_min_size":"","bundle_max_size":"","bundle_price":[],"bundled_items":[],"bundle_sell_ids":[],"exclude_global_add_ons":[],"addons":[],"acf":[],"_links":{"self":[{"href":"https:\/\/ptm-mechatronics.com\/fr\/wp-json\/wp\/v2\/product\/13023","targetHints":{"allow":["GET"]}}],"collection":[{"href":"https:\/\/ptm-mechatronics.com\/fr\/wp-json\/wp\/v2\/product"}],"about":[{"href":"https:\/\/ptm-mechatronics.com\/fr\/wp-json\/wp\/v2\/types\/product"}],"replies":[{"embeddable":true,"href":"https:\/\/ptm-mechatronics.com\/fr\/wp-json\/wp\/v2\/comments?post=13023"}],"wp:featuredmedia":[{"embeddable":true,"href":"https:\/\/ptm-mechatronics.com\/fr\/wp-json\/wp\/v2\/media\/15493"}],"wp:attachment":[{"href":"https:\/\/ptm-mechatronics.com\/fr\/wp-json\/wp\/v2\/media?parent=13023"}],"wp:term":[{"taxonomy":"product_brand","embeddable":true,"href":"https:\/\/ptm-mechatronics.com\/fr\/wp-json\/wp\/v2\/product_brand?post=13023"},{"taxonomy":"product_cat","embeddable":true,"href":"https:\/\/ptm-mechatronics.com\/fr\/wp-json\/wp\/v2\/product_cat?post=13023"},{"taxonomy":"product_tag","embeddable":true,"href":"https:\/\/ptm-mechatronics.com\/fr\/wp-json\/wp\/v2\/product_tag?post=13023"}],"curies":[{"name":"wp","href":"https:\/\/api.w.org\/{rel}","templated":true}]}}