{"id":12820,"date":"2025-01-22T09:27:20","date_gmt":"2025-01-22T08:27:20","guid":{"rendered":"https:\/\/ptm-mechatronics.com\/?post_type=product&#038;p=12820"},"modified":"2026-03-09T11:18:36","modified_gmt":"2026-03-09T10:18:36","slug":"druckluftmotor-inox-pmo900-mit-anschlussblock","status":"publish","type":"product","link":"https:\/\/ptm-mechatronics.com\/fr\/product\/druckluftmotor-inox-pmo900-mit-anschlussblock\/","title":{"rendered":"Moteur pneumatique INOX, PMO900 avec bloc de connexion"},"content":{"rendered":"<div id=\"tab-description\" class=\"woocommerce-Tabs-panel woocommerce-Tabs-panel--description panel entry-content active\" role=\"tabpanel\" aria-labelledby=\"tab-title-description\">\n<h1><span style=\"font-size: 90%;\">Moteurs pneumatiques PTM - Des solutions d'entra\u00eenement efficaces, durables et polyvalentes<\/span><\/h1>\n<p>Les moteurs pneumatiques PTM sont synonymes d'efficacit\u00e9 maximale et de performances exceptionnelles dans les applications industrielles. Gr\u00e2ce \u00e0 leur construction robuste et purement m\u00e9canique et \u00e0 la technologie innovante des pistons radiaux, ils offrent une solution fiable pour les entra\u00eenements dans les machines et les installations ainsi que pour les mouvements de rotation et de pivotement pr\u00e9cis. Le bloc de connexion int\u00e9gr\u00e9 assure une plus longue dur\u00e9e de vie du produit pour les applications dans un sens de rotation (en regardant le moyeu dans le sens inverse des aiguilles d'une montre).<\/p>\n<h4>Caract\u00e9ristiques importantes des moteurs pneumatiques PTM<\/h4>\n<ul>\n<li>Technologie efficace : principe des pistons radiaux pour un rendement maximal et une consommation d'air minimale.<\/li>\n<li>Capacit\u00e9 de charge \u00e9lev\u00e9e : Op\u00e9rable en rotation \u00e0 gauche et \u00e0 droite, peut supporter une charge jusqu'\u00e0 l'arr\u00eat.<\/li>\n<li>Construction compacte : Facile \u00e0 int\u00e9grer, m\u00eame si l'espace est limit\u00e9.<\/li>\n<li>Rentable : une alternative moderne et \u00e9conome en \u00e9nergie aux moteurs \u00e0 lamelles traditionnels.<\/li>\n<\/ul>\n<h3>Mod\u00e8le INOX - Sp\u00e9cialement con\u00e7u pour les domaines d'application exigeants<\/h3>\n<p>Le mod\u00e8le INOX est la version haut de gamme pour les environnements ayant des exigences strictes en mati\u00e8re de s\u00e9curit\u00e9 et d'hygi\u00e8ne :<\/p>\n<ul>\n<li>Certification ATEX : protection contre les explosions pour les zones 1, 2, 21 et 22.<\/li>\n<li>Conformit\u00e9 alimentaire et pharmaceutique : Convient aux secteurs ayant des exigences d'hygi\u00e8ne tr\u00e8s strictes.<\/li>\n<li>Classe de salle blanche ISO1 : id\u00e9al pour les salles blanches selon la norme DIN 14644.<\/li>\n<li>\u00c9tanche et r\u00e9sistant \u00e0 l'eau : Indice de protection IP67, r\u00e9sistant aux acides et aux produits chimiques.<\/li>\n<\/ul>\n<h4>Pourquoi choisir les moteurs pneumatiques PTM ?<\/h4>\n<p>Avec les moteurs pneumatiques PTM, vous disposez de solutions performantes, durables et efficaces sur le plan \u00e9nerg\u00e9tique, qui r\u00e9duisent les co\u00fbts et augmentent la productivit\u00e9. Le mod\u00e8le INOX, en particulier, convainc dans des secteurs tels que la production alimentaire, l'industrie pharmaceutique et d'autres applications o\u00f9 l'hygi\u00e8ne est primordiale.<\/p>\n<\/div>","protected":false},"excerpt":{"rendered":"<p>Puissant, efficace sur le plan \u00e9nerg\u00e9tique et avec une consommation d'air minimale. Offre un rendement \u00e9lev\u00e9 et un couple important. Certifi\u00e9 ATEX, conforme aux normes alimentaires et pharmaceutiques, adapt\u00e9 aux salles blanches de classe ISO1, r\u00e9sistant \u00e0 l'eau selon IP67 et aux acides et produits chimiques. La solution id\u00e9ale pour les applications exigeantes avec les plus hautes exigences en mati\u00e8re d'hygi\u00e8ne et de performance. \u00c9quip\u00e9 d'un bloc de connexion pour une longue dur\u00e9e de fonctionnement dans un seul sens de rotation.<\/p>","protected":false},"featured_media":15382,"comment_status":"open","ping_status":"closed","template":"","meta":{"_acf_changed":false},"product_brand":[],"product_cat":[428,560],"product_tag":[],"class_list":{"0":"post-12820","1":"product","2":"type-product","3":"status-publish","4":"has-post-thumbnail","6":"product_cat-antriebstechnik","7":"product_cat-druckluftmotor-inox","8":"product_shipping_class-karton-paketversand","9":"pa_antriebsart-pneumatisch","10":"pa_antriebswelle-edelstahl-o14mm-mit-passfeder-5n9","11":"pa_atex-zone-122122","12":"pa_dichtung-ptfe-fda-konform","13":"pa_durchmesser-99mm","14":"pa_ex-gas-ex-ii-2-g-ex-h-iic-t5-gb-x","15":"pa_ex-staub-ex-ii-2-d-ex-h-iiic-t100c-db-x","16":"pa_geraeuschpegel-75db","17":"pa_labs-oel-und-silikonfrei","18":"pa_material-gehaeuse-v4a-edelstahl-1-4404-elektropoliert","19":"pa_model-pmo-900-inox","20":"pa_reinraumklassifizierung-iso1-nach-din14644","21":"pa_schutzart-ip67","22":"pa_steckverschraubung-abluft-schlauch-o10mm","23":"pa_steckverschraubung-zuluft-schlauch-o6mm","24":"pa_versorgung-5-6bar","26":"first","27":"instock","28":"taxable","29":"shipping-taxable","30":"purchasable","31":"product-type-variable"},"bundled_by":[],"bundle_stock_status":"instock","bundle_stock_quantity":null,"bundle_virtual":false,"bundle_layout":"","bundle_add_to_cart_form_location":"","bundle_editable_in_cart":false,"bundle_sold_individually_context":"","bundle_item_grouping":"","bundle_min_size":"","bundle_max_size":"","bundle_price":[],"bundled_items":[],"bundle_sell_ids":[],"exclude_global_add_ons":[],"addons":[],"acf":[],"_links":{"self":[{"href":"https:\/\/ptm-mechatronics.com\/fr\/wp-json\/wp\/v2\/product\/12820","targetHints":{"allow":["GET"]}}],"collection":[{"href":"https:\/\/ptm-mechatronics.com\/fr\/wp-json\/wp\/v2\/product"}],"about":[{"href":"https:\/\/ptm-mechatronics.com\/fr\/wp-json\/wp\/v2\/types\/product"}],"replies":[{"embeddable":true,"href":"https:\/\/ptm-mechatronics.com\/fr\/wp-json\/wp\/v2\/comments?post=12820"}],"wp:featuredmedia":[{"embeddable":true,"href":"https:\/\/ptm-mechatronics.com\/fr\/wp-json\/wp\/v2\/media\/15382"}],"wp:attachment":[{"href":"https:\/\/ptm-mechatronics.com\/fr\/wp-json\/wp\/v2\/media?parent=12820"}],"wp:term":[{"taxonomy":"product_brand","embeddable":true,"href":"https:\/\/ptm-mechatronics.com\/fr\/wp-json\/wp\/v2\/product_brand?post=12820"},{"taxonomy":"product_cat","embeddable":true,"href":"https:\/\/ptm-mechatronics.com\/fr\/wp-json\/wp\/v2\/product_cat?post=12820"},{"taxonomy":"product_tag","embeddable":true,"href":"https:\/\/ptm-mechatronics.com\/fr\/wp-json\/wp\/v2\/product_tag?post=12820"}],"curies":[{"name":"wp","href":"https:\/\/api.w.org\/{rel}","templated":true}]}}