{"id":12776,"date":"2025-01-21T10:18:58","date_gmt":"2025-01-21T09:18:58","guid":{"rendered":"https:\/\/ptm-mechatronics.com\/?post_type=product&#038;p=12776"},"modified":"2026-03-09T11:23:12","modified_gmt":"2026-03-09T10:23:12","slug":"druckluftmotor-atex-pmo1800-mit-anschlussblock","status":"publish","type":"product","link":"https:\/\/ptm-mechatronics.com\/fr\/product\/druckluftmotor-atex-pmo1800-mit-anschlussblock\/","title":{"rendered":"Moteur pneumatique ATEX, PMO1800 avec bloc de connexion"},"content":{"rendered":"<div id=\"tab-description\" class=\"woocommerce-Tabs-panel woocommerce-Tabs-panel--description panel entry-content active\" role=\"tabpanel\" aria-labelledby=\"tab-title-description\">\n<div id=\"tab-description\" class=\"woocommerce-Tabs-panel woocommerce-Tabs-panel--description panel entry-content active\" role=\"tabpanel\" aria-labelledby=\"tab-title-description\">\n<p>Les moteurs pneumatiques PTM sont la solution id\u00e9ale pour les applications industrielles exigeantes o\u00f9 la robustesse et l'efficacit\u00e9 sont au centre des pr\u00e9occupations. Avec leur structure purement m\u00e9canique et leurs performances impressionnantes, ils conviennent \u00e0 une multitude d'applications, de l'int\u00e9gration dans des installations et des machines \u00e0 la g\u00e9n\u00e9ration pr\u00e9cise de mouvements de rotation et de pivotement. Le bloc de connexion int\u00e9gr\u00e9 assure une plus longue dur\u00e9e de vie du produit pour les applications dans un sens de rotation (en regardant le moyeu dans le sens inverse des aiguilles d'une montre).<\/p>\n<h4>Les avantages en un coup d'\u0153il<\/h4>\n<ul>\n<li>Principe innovant du piston radial : un rendement \u00e9lev\u00e9 pour une consommation d'air minimale, combin\u00e9 \u00e0 un couple puissant.<\/li>\n<li>Une alternative rentable : une solution moderne et \u00e9conomique par rapport aux moteurs \u00e0 lamelles traditionnels.<\/li>\n<li>Flexibilit\u00e9 d'utilisation : fonctionnement possible aussi bien \u00e0 gauche qu'\u00e0 droite, supporte des charges jusqu'\u00e0 l'arr\u00eat.<\/li>\n<li>Conception compacte : Id\u00e9al pour une utilisation m\u00eame dans des espaces limit\u00e9s.<\/li>\n<\/ul>\n<h4>Pour une utilisation s\u00fbre dans des environnements explosifs<\/h4>\n<p>Le mod\u00e8le ATEX des moteurs pneumatiques PTM offre une protection fiable contre les explosions et r\u00e9pond aux exigences des zones ATEX 1, 2, 21 et 22, ce qui les rend parfaitement adapt\u00e9s aux applications critiques en termes de s\u00e9curit\u00e9.<\/p>\n<p>Les moteurs pneumatiques PTM allient puissance, efficacit\u00e9 et polyvalence - un choix id\u00e9al pour les exigences industrielles modernes.<\/p>\n<\/div>\n<\/div>","protected":false},"excerpt":{"rendered":"<p>Moteur pneumatique puissant, efficacit\u00e9 \u00e9nerg\u00e9tique, faible consommation d'air, tr\u00e8s haut rendement et couple tr\u00e8s \u00e9lev\u00e9. Protection s\u00fbre contre les explosions dans les zones ATEX 1 , 2, 21 et 22. \u00c9quip\u00e9 d'un bloc de raccordement pour une longue dur\u00e9e de fonctionnement dans un sens de rotation.<\/p>","protected":false},"featured_media":15312,"comment_status":"open","ping_status":"closed","template":"","meta":{"_acf_changed":false},"product_brand":[],"product_cat":[428,463],"product_tag":[],"class_list":{"0":"post-12776","1":"product","2":"type-product","3":"status-publish","4":"has-post-thumbnail","6":"product_cat-antriebstechnik","7":"product_cat-druckluftmotor-atex","8":"product_shipping_class-karton-paketversand","9":"pa_antriebsart-pneumatisch","10":"pa_antriebswelle-o19mm-mit-passfeder-6n9","11":"pa_atex-zone-122122","12":"pa_dichtung-ptfe","13":"pa_durchmesser-159mm","14":"pa_ex-gas-ex-ii-2-g-ex-h-iic-t5-gb-x","15":"pa_ex-staub-ex-ii-2-d-ex-h-iiic-t100c-db-x","16":"pa_geraeuschpegel-75db","17":"pa_labs-oel-und-silikonfrei","18":"pa_material-gehaeuse-aluminium-eloxiert","19":"pa_model-pmo-1800-ex","20":"pa_schutzart-ip67","21":"pa_steckverschraubung-abluft-schlauch-o12mm","22":"pa_steckverschraubung-zuluft-schlauch-o8mm","23":"pa_versorgung-5-6bar","25":"first","26":"instock","27":"taxable","28":"shipping-taxable","29":"purchasable","30":"product-type-variable"},"bundled_by":[],"bundle_stock_status":"instock","bundle_stock_quantity":null,"bundle_virtual":false,"bundle_layout":"","bundle_add_to_cart_form_location":"","bundle_editable_in_cart":false,"bundle_sold_individually_context":"","bundle_item_grouping":"","bundle_min_size":"","bundle_max_size":"","bundle_price":[],"bundled_items":[],"bundle_sell_ids":[],"exclude_global_add_ons":[],"addons":[],"acf":[],"_links":{"self":[{"href":"https:\/\/ptm-mechatronics.com\/fr\/wp-json\/wp\/v2\/product\/12776","targetHints":{"allow":["GET"]}}],"collection":[{"href":"https:\/\/ptm-mechatronics.com\/fr\/wp-json\/wp\/v2\/product"}],"about":[{"href":"https:\/\/ptm-mechatronics.com\/fr\/wp-json\/wp\/v2\/types\/product"}],"replies":[{"embeddable":true,"href":"https:\/\/ptm-mechatronics.com\/fr\/wp-json\/wp\/v2\/comments?post=12776"}],"wp:featuredmedia":[{"embeddable":true,"href":"https:\/\/ptm-mechatronics.com\/fr\/wp-json\/wp\/v2\/media\/15312"}],"wp:attachment":[{"href":"https:\/\/ptm-mechatronics.com\/fr\/wp-json\/wp\/v2\/media?parent=12776"}],"wp:term":[{"taxonomy":"product_brand","embeddable":true,"href":"https:\/\/ptm-mechatronics.com\/fr\/wp-json\/wp\/v2\/product_brand?post=12776"},{"taxonomy":"product_cat","embeddable":true,"href":"https:\/\/ptm-mechatronics.com\/fr\/wp-json\/wp\/v2\/product_cat?post=12776"},{"taxonomy":"product_tag","embeddable":true,"href":"https:\/\/ptm-mechatronics.com\/fr\/wp-json\/wp\/v2\/product_tag?post=12776"}],"curies":[{"name":"wp","href":"https:\/\/api.w.org\/{rel}","templated":true}]}}