{"id":12696,"date":"2025-01-16T10:42:58","date_gmt":"2025-01-16T09:42:58","guid":{"rendered":"https:\/\/ptm-mechatronics.com\/?post_type=product&#038;p=12696"},"modified":"2025-11-07T15:53:03","modified_gmt":"2025-11-07T14:53:03","slug":"steckverschraubung-fuer-druckluftmotor-pmo450-900","status":"publish","type":"product","link":"https:\/\/ptm-mechatronics.com\/fr\/product\/steckverschraubung-fuer-druckluftmotor-pmo450-900\/","title":{"rendered":"Raccord \u00e0 visser pour moteur pneumatique PMO450\/900"},"content":{"rendered":"<p class=\"\" data-start=\"129\" data-end=\"207\">Raccord \u00e0 vis enfichable pour moteurs pneumatiques PTM - s\u00fbr, rapide, fiable<\/p>\n<p class=\"\" data-start=\"209\" data-end=\"529\">Le raccord \u00e0 visser de haute qualit\u00e9 pour les moteurs pneumatiques PTM assure une connexion s\u00fbre et \u00e9tanche entre l'alimentation en air et l'entra\u00eenement. Gr\u00e2ce \u00e0 son ajustement pr\u00e9cis et \u00e0 sa construction robuste, il garantit un fonctionnement fiable de vos syst\u00e8mes d'air comprim\u00e9 - m\u00eame dans des conditions industrielles exigeantes.<\/p>\n<p class=\"\" data-start=\"531\" data-end=\"872\">Gr\u00e2ce \u00e0 sa facilit\u00e9 d'utilisation, le raccord enfichable permet un raccordement rapide sans outil suppl\u00e9mentaire et est donc id\u00e9al pour l'entretien, le remplacement ou les installations flexibles. Parfaitement adapt\u00e9 aux raccords des moteurs pneumatiques PTM, il convainc par sa long\u00e9vit\u00e9, son \u00e9tanch\u00e9it\u00e9 et sa grande s\u00e9curit\u00e9 de processus.<\/p>\n<p class=\"\" data-start=\"874\" data-end=\"905\">Les avantages en un coup d'\u0153il :<\/p>\n<ul>\n<li data-start=\"908\" data-end=\"942\">Convient aux moteurs pneumatiques PTM<\/li>\n<li data-start=\"908\" data-end=\"942\">Montage sans outil<\/li>\n<li data-start=\"908\" data-end=\"942\">Connexion a\u00e9rienne s\u00e9curis\u00e9e<\/li>\n<li data-start=\"908\" data-end=\"942\">Qualit\u00e9 industrielle robuste<\/li>\n<li data-start=\"908\" data-end=\"942\">Haute performance d'\u00e9tanch\u00e9it\u00e9<\/li>\n<li data-start=\"908\" data-end=\"942\">Facile \u00e0 entretenir<\/li>\n<\/ul>","protected":false},"excerpt":{"rendered":"<p>Deux raccords enfichables pour tuyau de 6 mm de diam\u00e8tre, filetage M6x0,75. Raccord s\u00fbr, \u00e9tanche et sans outil pour l'alimentation en air, id\u00e9al pour un montage rapide et fiable en milieu industriel.<\/p>","protected":false},"featured_media":15486,"comment_status":"open","ping_status":"closed","template":"","meta":{"_acf_changed":false},"product_brand":[],"product_cat":[2745,1906],"product_tag":[2761,2762,2763,2764,2765,2766,2757,2758,2759,2760],"class_list":{"0":"post-12696","1":"product","2":"type-product","3":"status-publish","4":"has-post-thumbnail","6":"product_cat-ersatzteile","7":"product_cat-zubehoer-druckluftmotor","8":"product_tag-ptm-verbindungstechnik","9":"product_tag-druckluftanschluss-motor","10":"product_tag-pneumatik-steckverschraubung","11":"product_tag-schnellkupplung-ptm","12":"product_tag-zubehoer-ptm-antrieb","13":"product_tag-druckluftverschraubung-kaufen","14":"product_tag-steckverschraubung-ptm","15":"product_tag-druckluftmotor-anschluss","16":"product_tag-ptm-luftanschluss","17":"product_tag-steckkupplung-druckluftmotor","18":"product_shipping_class-karton-paketversand","20":"first","21":"instock","22":"taxable","23":"shipping-taxable","24":"purchasable","25":"product-type-simple"},"bundled_by":[],"bundle_stock_status":"instock","bundle_stock_quantity":null,"bundle_virtual":false,"bundle_layout":"","bundle_add_to_cart_form_location":"","bundle_editable_in_cart":false,"bundle_sold_individually_context":"","bundle_item_grouping":"","bundle_min_size":"","bundle_max_size":"","bundle_price":[],"bundled_items":[],"bundle_sell_ids":[],"exclude_global_add_ons":[],"addons":[],"acf":[],"_links":{"self":[{"href":"https:\/\/ptm-mechatronics.com\/fr\/wp-json\/wp\/v2\/product\/12696","targetHints":{"allow":["GET"]}}],"collection":[{"href":"https:\/\/ptm-mechatronics.com\/fr\/wp-json\/wp\/v2\/product"}],"about":[{"href":"https:\/\/ptm-mechatronics.com\/fr\/wp-json\/wp\/v2\/types\/product"}],"replies":[{"embeddable":true,"href":"https:\/\/ptm-mechatronics.com\/fr\/wp-json\/wp\/v2\/comments?post=12696"}],"wp:featuredmedia":[{"embeddable":true,"href":"https:\/\/ptm-mechatronics.com\/fr\/wp-json\/wp\/v2\/media\/15486"}],"wp:attachment":[{"href":"https:\/\/ptm-mechatronics.com\/fr\/wp-json\/wp\/v2\/media?parent=12696"}],"wp:term":[{"taxonomy":"product_brand","embeddable":true,"href":"https:\/\/ptm-mechatronics.com\/fr\/wp-json\/wp\/v2\/product_brand?post=12696"},{"taxonomy":"product_cat","embeddable":true,"href":"https:\/\/ptm-mechatronics.com\/fr\/wp-json\/wp\/v2\/product_cat?post=12696"},{"taxonomy":"product_tag","embeddable":true,"href":"https:\/\/ptm-mechatronics.com\/fr\/wp-json\/wp\/v2\/product_tag?post=12696"}],"curies":[{"name":"wp","href":"https:\/\/api.w.org\/{rel}","templated":true}]}}