{"id":12662,"date":"2024-12-17T09:05:07","date_gmt":"2024-12-17T08:05:07","guid":{"rendered":"https:\/\/ptm-mechatronics.com\/?post_type=product&#038;p=12662"},"modified":"2026-05-04T10:38:30","modified_gmt":"2026-05-04T08:38:30","slug":"ruehrwerksantrieb-eco-seal-450-g1-mit-platzsparender-befestigung-und-gewindenabe","status":"publish","type":"product","link":"https:\/\/ptm-mechatronics.com\/fr\/product\/ruehrwerksantrieb-eco-seal-450-g1-mit-platzsparender-befestigung-und-gewindenabe\/","title":{"rendered":"Entra\u00eenement pour agitateur eco-Seal G1\u2033 avec fixation peu encombrante et moyeu filet\u00e9"},"content":{"rendered":"<h2>Entra\u00eenement d'agitateur ATEX pour petits r\u00e9cipients &amp; r\u00e9servoirs sous pression - Compact, puissant &amp; antid\u00e9flagrant<\/h2>\n<p class=\"\" data-start=\"160\" data-end=\"631\">L'entra\u00eenement d'agitateur \u00e0 haut rendement \u00e9nerg\u00e9tique et certifi\u00e9 ATEX a \u00e9t\u00e9 sp\u00e9cialement con\u00e7u pour \u00eatre utilis\u00e9 dans des petits r\u00e9cipients et des r\u00e9servoirs sous pression et offre une solution fiable pour les applications hygi\u00e9niques, \u00e0 risque d'explosion et \u00e0 espace critique. Gr\u00e2ce \u00e0 la bride de s\u00e9paration de zone innovante, le fonctionnement est possible dans les zones ATEX 0\/1 - id\u00e9al pour les applications dans l'industrie chimique, alimentaire ou pharmaceutique qui exigent une s\u00e9curit\u00e9 maximale.<\/p>\n<h3 class=\"\" data-start=\"633\" data-end=\"712\">Peu encombrant &amp; performant - sp\u00e9cialement con\u00e7u pour les petits r\u00e9cipients<\/h3>\n<p class=\"\" data-start=\"713\" data-end=\"987\">Avec un diam\u00e8tre de raccordement de 35 \u00e0 50 mm, l'entra\u00eenement s'adapte parfaitement \u00e0 l'al\u00e9sage de s\u00e9rie des r\u00e9servoirs sous pression. Le contre-\u00e9crou en acier inoxydable fourni permet un montage simple et s\u00fbr par le bas, m\u00eame dans des espaces restreints.<\/p>\n<p class=\"\" data-start=\"989\" data-end=\"1217\">Malgr\u00e9 sa construction compacte, l'entra\u00eenement convainc par son couple \u00e9lev\u00e9 et assure un r\u00e9sultat d'agitation homog\u00e8ne, m\u00eame avec des produits tr\u00e8s visqueux. Les applications en surpression et en d\u00e9pression sont \u00e9galement r\u00e9alisables sans probl\u00e8me.<\/p>\n<p class=\"\" data-start=\"1219\" data-end=\"1510\">Sa construction purement m\u00e9canique lui conf\u00e8re une extr\u00eame robustesse, n\u00e9cessite peu d'entretien et garantit une longue dur\u00e9e de vie. Sa construction silencieuse et peu encombrante en fait la solution id\u00e9ale pour les processus d'agitation compacts et hygi\u00e9niques dans des conditions exigeantes.<\/p>\n<h3 class=\"\" data-start=\"1517\" data-end=\"1551\">Les avantages en un coup d'\u0153il<\/h3>\n<ul>\n<li data-start=\"1554\" data-end=\"1585\">Compatible avec les zones ATEX 0\/1<\/li>\n<li data-start=\"1554\" data-end=\"1585\">Compatible avec les petits r\u00e9cipients (raccord 35-50 mm)<\/li>\n<li data-start=\"1554\" data-end=\"1585\">Contre-\u00e9crou en acier inoxydable inclus<\/li>\n<li data-start=\"1554\" data-end=\"1585\">Couple \u00e9lev\u00e9 pour les fluides tr\u00e8s visqueux<\/li>\n<li data-start=\"1554\" data-end=\"1585\">Pour la surpression et la d\u00e9pression<\/li>\n<li data-start=\"1554\" data-end=\"1585\">Silencieux, peu encombrant, robuste<\/li>\n<\/ul>","protected":false},"excerpt":{"rendered":"<p>Entra\u00eenement d'agitateur \u00e0 haut rendement \u00e9nerg\u00e9tique, certifi\u00e9 ATEX, pour petits r\u00e9cipients et r\u00e9servoirs sous pression - construction compacte, couple \u00e9lev\u00e9, aptitude aux zones ATEX 0\/1, composants hygi\u00e9niques en acier inoxydable, y compris contre-\u00e9crou pour un montage facile.<\/p>","protected":false},"featured_media":15484,"comment_status":"open","ping_status":"closed","template":"","meta":{"_acf_changed":false},"product_brand":[],"product_cat":[595,632],"product_tag":[2649,2661,2651,2662,2652,2663,2653,2664,2585,2654,2599,2655,2656,2626,2657,2633,2658,2636,2659,2637,2660],"class_list":{"0":"post-12662","1":"product","2":"type-product","3":"status-publish","4":"has-post-thumbnail","6":"product_cat-ruehrwerkstechnik","7":"product_cat-ruehrwerksantriebe","8":"product_tag-geraeuscharmer-ruehrantrieb","9":"product_tag-ruehrwerk-fuer-unterdruck","10":"product_tag-ruehrwerksantrieb-kleinbehaelter","11":"product_tag-wartungsfreier-ruehrantrieb","12":"product_tag-ruehrwerksmotor-drucktank","13":"product_tag-ruehrwerksantrieb-fuer-lebensmittelindustrie","14":"product_tag-kompakter-ruehrantrieb","15":"product_tag-ruehrwerk-fuer-pharmaindustrie","16":"product_tag-langlebiger-ruehrwerksmotor","17":"product_tag-ruehrwerk-zone-0","18":"product_tag-explosionsgeschuetzter-ruehrwerksmotor","19":"product_tag-edelstahl-ruehrwerksantrieb","20":"product_tag-hygienischer-ruehrantrieb","21":"product_tag-platzsparender-ruehrwerksmotor","22":"product_tag-ruehrwerksmotor-mit-kontermutter","23":"product_tag-atex-ruehrwerksantrieb","24":"product_tag-ruehrwerk-35-mm","25":"product_tag-zonentrennflansch-ruehrwerk","26":"product_tag-ruehrwerk-50-mm","27":"product_tag-ruehrwerk-fuer-hochviskose-medien","28":"product_tag-ruehrwerk-fuer-ueberdruck","29":"product_shipping_class-karton-paketversand","30":"pa_antriebsart-pneumatisch","31":"pa_antriebswelle-ptm-gewindenabe-m12","32":"pa_atex-zone-0-1","33":"pa_dichtung-ptfe","34":"pa_drehzahl-0-300-1-min","35":"pa_ex-gas-ex-ii-1-2-g-ex-h-iic-t5-ga-gb","36":"pa_ex-staub-ex-ii-1-2-d-ex-h-iiic-t100c-da-db","37":"pa_geraeuschpegel-75db","38":"pa_labs-oel-und-silikonfrei","39":"pa_material-gehaeuse-aluminium-eloxiert","40":"pa_model-eco-seal-atex-zone-0-1","41":"pa_schutzart-ip67","42":"pa_steckverschraubung-abluft-schlauch-o10mm","43":"pa_steckverschraubung-zuluft-schlauch-o6mm","44":"pa_versorgung-5-6bar","46":"first","47":"instock","48":"taxable","49":"shipping-taxable","50":"purchasable","51":"product-type-variable"},"bundled_by":[],"bundle_stock_status":"instock","bundle_stock_quantity":null,"bundle_virtual":false,"bundle_layout":"","bundle_add_to_cart_form_location":"","bundle_editable_in_cart":false,"bundle_sold_individually_context":"","bundle_item_grouping":"","bundle_min_size":"","bundle_max_size":"","bundle_price":[],"bundled_items":[],"bundle_sell_ids":[],"exclude_global_add_ons":[],"addons":[],"acf":[],"_links":{"self":[{"href":"https:\/\/ptm-mechatronics.com\/fr\/wp-json\/wp\/v2\/product\/12662","targetHints":{"allow":["GET"]}}],"collection":[{"href":"https:\/\/ptm-mechatronics.com\/fr\/wp-json\/wp\/v2\/product"}],"about":[{"href":"https:\/\/ptm-mechatronics.com\/fr\/wp-json\/wp\/v2\/types\/product"}],"replies":[{"embeddable":true,"href":"https:\/\/ptm-mechatronics.com\/fr\/wp-json\/wp\/v2\/comments?post=12662"}],"wp:featuredmedia":[{"embeddable":true,"href":"https:\/\/ptm-mechatronics.com\/fr\/wp-json\/wp\/v2\/media\/15484"}],"wp:attachment":[{"href":"https:\/\/ptm-mechatronics.com\/fr\/wp-json\/wp\/v2\/media?parent=12662"}],"wp:term":[{"taxonomy":"product_brand","embeddable":true,"href":"https:\/\/ptm-mechatronics.com\/fr\/wp-json\/wp\/v2\/product_brand?post=12662"},{"taxonomy":"product_cat","embeddable":true,"href":"https:\/\/ptm-mechatronics.com\/fr\/wp-json\/wp\/v2\/product_cat?post=12662"},{"taxonomy":"product_tag","embeddable":true,"href":"https:\/\/ptm-mechatronics.com\/fr\/wp-json\/wp\/v2\/product_tag?post=12662"}],"curies":[{"name":"wp","href":"https:\/\/api.w.org\/{rel}","templated":true}]}}