{"id":12546,"date":"2024-11-26T09:02:55","date_gmt":"2024-11-26T08:02:55","guid":{"rendered":"https:\/\/ptm-mechatronics.com\/?post_type=product&#038;p=12546"},"modified":"2025-11-07T15:52:55","modified_gmt":"2025-11-07T14:52:55","slug":"druckluftmotor-ip67-pmo450","status":"publish","type":"product","link":"https:\/\/ptm-mechatronics.com\/fr\/product\/druckluftmotor-ip67-pmo450\/","title":{"rendered":"Moteur pneumatique IP67, PMO450"},"content":{"rendered":"<p>Les moteurs pneumatiques PTM convainquent par leur construction extr\u00eamement robuste, purement m\u00e9canique, et leur puissance exceptionnelle. Ils peuvent \u00eatre utilis\u00e9s de mani\u00e8re polyvalente, que ce soit comme entra\u00eenement dans des machines et des installations ou pour g\u00e9n\u00e9rer des mouvements de rotation et de pivotement. Gr\u00e2ce \u00e0 leur construction bien pens\u00e9e et \u00e0 leur technologie innovante, ils offrent une alternative moderne et \u00e9conomique aux moteurs \u00e0 palettes traditionnels.<\/p>\n<h4>Une technologie efficace \u00e0 pistons radiaux<\/h4>\n<p>Les moteurs pneumatiques PTM sont bas\u00e9s sur le principe tr\u00e8s efficace du piston radial, qui se caract\u00e9rise par une consommation d'air minimale et en m\u00eame temps un rendement impressionnant. M\u00eame dans les applications exigeantes, les moteurs fournissent un couple exceptionnel et restent r\u00e9sistants jusqu'\u00e0 l'arr\u00eat. Le fonctionnement est possible aussi bien \u00e0 gauche qu'\u00e0 droite, ce qui garantit une flexibilit\u00e9 maximale.<\/p>\n<h4>Compact et adaptable<\/h4>\n<p>Gr\u00e2ce \u00e0 leur taille compacte, les moteurs pneumatiques PTM s'int\u00e8grent facilement dans presque toutes les applications. Ils s'int\u00e8grent parfaitement dans les syst\u00e8mes existants et offrent une solution peu encombrante gr\u00e2ce \u00e0 leur petite taille et \u00e0 leurs performances \u00e9lev\u00e9es.<\/p>\n<h4>Classe de protection IP67 : pour les exigences particuli\u00e8res<\/h4>\n<p>Le mod\u00e8le IP67 offre une protection suppl\u00e9mentaire : il est \u00e9tanche aux projections d'eau et r\u00e9siste m\u00eame \u00e0 une immersion temporaire. Il est donc parfaitement adapt\u00e9 aux environnements humides ou exigeants.<\/p>\n<h4>Les avantages en un coup d'\u0153il :<\/h4>\n<ul>\n<li>Construction robuste, purement m\u00e9canique<\/li>\n<li>Technologie \u00e0 piston radial tr\u00e8s efficace pour une faible consommation d'air<\/li>\n<li>Rendement \u00e9lev\u00e9 et couple exceptionnel<\/li>\n<li>Taille compacte pour une int\u00e9gration facile<\/li>\n<li>Rotation \u00e0 gauche et \u00e0 droite et chargeable jusqu'\u00e0 l'arr\u00eat<\/li>\n<li>Classe de protection IP67 : r\u00e9sistant aux \u00e9claboussures et submersible<\/li>\n<\/ul>","protected":false},"excerpt":{"rendered":"<p>Moteur pneumatique efficace et puissant, prot\u00e9g\u00e9 contre les projections d'eau selon IP67, faible consommation d'air, haut rendement, couple \u00e9lev\u00e9.<\/p>","protected":false},"featured_media":15313,"comment_status":"open","ping_status":"closed","template":"","meta":{"_acf_changed":false},"product_brand":[],"product_cat":[496,428],"product_tag":[],"class_list":{"0":"post-12546","1":"product","2":"type-product","3":"status-publish","4":"has-post-thumbnail","6":"product_cat-druckluftmotor-ip67","7":"product_cat-antriebstechnik","8":"product_shipping_class-karton-paketversand","9":"pa_antriebsart-pneumatisch","10":"pa_antriebswelle-edelstahl-o14mm-mit-passfeder-5n9","11":"pa_dichtung-ptfe","12":"pa_durchmesser-99mm","13":"pa_geraeuschpegel-75db","14":"pa_labs-oel-und-silikonfrei","15":"pa_luftanschluesse-2xm6x075","16":"pa_material-gehaeuse-aluminium-eloxiert","17":"pa_model-pmo-450-ip67","18":"pa_schutzart-ip67","19":"pa_steckverschraubung-2xschlauch-o6mm","20":"pa_versorgung-5-6bar","22":"first","23":"instock","24":"taxable","25":"shipping-taxable","26":"purchasable","27":"product-type-variable"},"bundled_by":[],"bundle_stock_status":"instock","bundle_stock_quantity":null,"bundle_virtual":false,"bundle_layout":"","bundle_add_to_cart_form_location":"","bundle_editable_in_cart":false,"bundle_sold_individually_context":"","bundle_item_grouping":"","bundle_min_size":"","bundle_max_size":"","bundle_price":[],"bundled_items":[],"bundle_sell_ids":[],"exclude_global_add_ons":[],"addons":[],"acf":[],"_links":{"self":[{"href":"https:\/\/ptm-mechatronics.com\/fr\/wp-json\/wp\/v2\/product\/12546","targetHints":{"allow":["GET"]}}],"collection":[{"href":"https:\/\/ptm-mechatronics.com\/fr\/wp-json\/wp\/v2\/product"}],"about":[{"href":"https:\/\/ptm-mechatronics.com\/fr\/wp-json\/wp\/v2\/types\/product"}],"replies":[{"embeddable":true,"href":"https:\/\/ptm-mechatronics.com\/fr\/wp-json\/wp\/v2\/comments?post=12546"}],"wp:featuredmedia":[{"embeddable":true,"href":"https:\/\/ptm-mechatronics.com\/fr\/wp-json\/wp\/v2\/media\/15313"}],"wp:attachment":[{"href":"https:\/\/ptm-mechatronics.com\/fr\/wp-json\/wp\/v2\/media?parent=12546"}],"wp:term":[{"taxonomy":"product_brand","embeddable":true,"href":"https:\/\/ptm-mechatronics.com\/fr\/wp-json\/wp\/v2\/product_brand?post=12546"},{"taxonomy":"product_cat","embeddable":true,"href":"https:\/\/ptm-mechatronics.com\/fr\/wp-json\/wp\/v2\/product_cat?post=12546"},{"taxonomy":"product_tag","embeddable":true,"href":"https:\/\/ptm-mechatronics.com\/fr\/wp-json\/wp\/v2\/product_tag?post=12546"}],"curies":[{"name":"wp","href":"https:\/\/api.w.org\/{rel}","templated":true}]}}