{"id":12494,"date":"2024-11-14T11:06:50","date_gmt":"2024-11-14T10:06:50","guid":{"rendered":"https:\/\/ptm-mechatronics.com\/?post_type=product&#038;p=12494"},"modified":"2025-11-07T15:56:13","modified_gmt":"2025-11-07T14:56:13","slug":"elektrisches-ruehrwerk-mit-traverse-fuer-ibc-container","status":"publish","type":"product","link":"https:\/\/ptm-mechatronics.com\/fr\/product\/elektrisches-ruehrwerk-mit-traverse-fuer-ibc-container\/","title":{"rendered":"Agitateur \u00e9lectrique avec traverse pour IBC &amp; conteneurs"},"content":{"rendered":"<p>Agitateur \u00e9lectrique pour IBCs &amp; conteneurs - Flexible, puissant et facile \u00e0 utiliser<\/p>\n<p>Nos agitateurs \u00e9lectriques pour IBCs et conteneurs convainquent par leur facilit\u00e9 d'utilisation et leur qualit\u00e9 robuste. Gr\u00e2ce \u00e0 la traverse pratique en acier inoxydable V4A (1.4404) de haute qualit\u00e9, vous pouvez fixer l'agitateur rapidement et en toute s\u00e9curit\u00e9 sur votre conteneur. Gr\u00e2ce aux deux attaches rapides, le montage se fait en quelques secondes !<\/p>\n<p>La traverse est r\u00e9glable de mani\u00e8re flexible et convient aux IBCs d'un volume de 600 \u00e0 1200 litres. L'agitateur est livr\u00e9 enti\u00e8rement pr\u00eat \u00e0 l'emploi, y compris un arbre d'agitation adapt\u00e9 et l'organe d'agitation \u00e0 godets rabattables eco-Cup sp\u00e9cialement adapt\u00e9, \u00e9galement en acier inoxydable V4A durable (1.4404).<\/p>\n<p>En option, la vitesse de rotation peut \u00eatre r\u00e9gl\u00e9e et lue de mani\u00e8re pr\u00e9cise et pratique via un convertisseur de fr\u00e9quence avec circuit de protection du moteur et arr\u00eat d'urgence. Les pattes de chariot \u00e9l\u00e9vateur pr\u00e9mont\u00e9es, id\u00e9ales pour une utilisation avec un chariot \u00e9l\u00e9vateur, assurent un transport sans complication.<\/p>\n<h3 data-start=\"1337\" data-end=\"1549\"><span class=\"_fadeIn_m1hgl_8\">Vos choix :<\/span><\/h3>\n<p>Trois niveaux de performance pour r\u00e9pondre \u00e0 vos besoins :<\/p>\n<ul>\n<li>Pour les liquides d'une viscosit\u00e9 allant jusqu'\u00e0 2.000 mPas.<\/li>\n<li>Pour les liquides d'une viscosit\u00e9 allant jusqu'\u00e0 10.000 mPas.<\/li>\n<li>Pour les liquides d'une viscosit\u00e9 allant jusqu'\u00e0 50.000 mPas.<\/li>\n<\/ul>\n<p>Syst\u00e8me de changement rapide de l'arbre d'agitation :<br \/>\nNotre <a href=\"https:\/\/youtu.be\/TjagGW4DoyA?feature=shared\" target=\"_blank\" rel=\"noopener\">Syst\u00e8me de changement rapide eco-Quick<\/a> vous offre un changement rapide et propre de l'arbre d'agitation en quelques secondes, sans outil suppl\u00e9mentaire.<\/p>\n<p>Convertisseur de fr\u00e9quence :<br \/>\nChoisissez entre un convertisseur de fr\u00e9quence mont\u00e9 directement sur l'appareil ou pouvant \u00eatre mont\u00e9 au mur sur votre site.<\/p>\n<p>Remarque importante :<br \/>\nLes conteneurs IBC n'\u00e9tant pas normalis\u00e9s, nous vous demandons de bien vouloir v\u00e9rifier au pr\u00e9alable les dimensions de vos conteneurs. Si vous avez des questions, nous sommes toujours \u00e0 votre disposition - nous vous conseillons volontiers personnellement !<\/p>\n<p>Contenu de la livraison :<br \/>\nL'agitateur est livr\u00e9 sans conteneur.<\/p>","protected":false},"excerpt":{"rendered":"<p>Agitateur IBC puissant pr\u00eat \u00e0 l'emploi, \u00e9quip\u00e9 d'un arbre d'agitation, d'un organe d'agitation et d'une traverse. Moteur \u00e9lectrique disponible en trois versions de puissance.<\/p>","protected":false},"featured_media":15481,"comment_status":"open","ping_status":"closed","template":"","meta":{"_acf_changed":false},"product_brand":[],"product_cat":[595,614],"product_tag":[],"class_list":{"0":"post-12494","1":"product","2":"type-product","3":"status-publish","4":"has-post-thumbnail","6":"product_cat-ruehrwerkstechnik","7":"product_cat-containerruehrwerke","8":"product_shipping_class-europalette-speditionsversand","9":"pa_antriebsart-elektrisch","10":"pa_behaeltervolumen-ibc","11":"pa_durchmesser-ruehrwelle-25mm","12":"pa_frequenzumrichter-ohne","13":"pa_frequenzumrichter-am-geraet","14":"pa_frequenzumrichter-zur-wandmontage","15":"pa_geeignete-ibc-groessen-600-1200-liter","16":"pa_laenge-ruehrwelle-ca-795mm-ab-deckeloberkante","17":"pa_material-traverse-v4a-edelstahl-1-4404","18":"pa_motorart-stirnradgetriebemotor","19":"pa_motorgroessen-0-411-1-min-15kw-32nm-bis-2-000mpas","20":"pa_motorgroessen-0-245-1-min-15kw-58nm-bis-10-000mpas","21":"pa_motorgroessen-0-337-1-min-3kw-85nm-bis-50-000mpas","22":"pa_ruehrorgan-becherruehrorgan-eco-cup-500mm","23":"pa_schaltart-dreieck-stern","24":"pa_schnellwechselsystem-mit-gewindeverbindung","25":"pa_schnellwechselsystem-mit-schnellwechselsystem","26":"pa_typ-traversenruehrwerk","28":"first","29":"instock","30":"taxable","31":"shipping-taxable","32":"purchasable","33":"product-type-variable"},"bundled_by":[],"bundle_stock_status":"instock","bundle_stock_quantity":null,"bundle_virtual":false,"bundle_layout":"","bundle_add_to_cart_form_location":"","bundle_editable_in_cart":false,"bundle_sold_individually_context":"","bundle_item_grouping":"","bundle_min_size":"","bundle_max_size":"","bundle_price":[],"bundled_items":[],"bundle_sell_ids":[],"exclude_global_add_ons":[],"addons":[],"acf":[],"_links":{"self":[{"href":"https:\/\/ptm-mechatronics.com\/fr\/wp-json\/wp\/v2\/product\/12494","targetHints":{"allow":["GET"]}}],"collection":[{"href":"https:\/\/ptm-mechatronics.com\/fr\/wp-json\/wp\/v2\/product"}],"about":[{"href":"https:\/\/ptm-mechatronics.com\/fr\/wp-json\/wp\/v2\/types\/product"}],"replies":[{"embeddable":true,"href":"https:\/\/ptm-mechatronics.com\/fr\/wp-json\/wp\/v2\/comments?post=12494"}],"wp:featuredmedia":[{"embeddable":true,"href":"https:\/\/ptm-mechatronics.com\/fr\/wp-json\/wp\/v2\/media\/15481"}],"wp:attachment":[{"href":"https:\/\/ptm-mechatronics.com\/fr\/wp-json\/wp\/v2\/media?parent=12494"}],"wp:term":[{"taxonomy":"product_brand","embeddable":true,"href":"https:\/\/ptm-mechatronics.com\/fr\/wp-json\/wp\/v2\/product_brand?post=12494"},{"taxonomy":"product_cat","embeddable":true,"href":"https:\/\/ptm-mechatronics.com\/fr\/wp-json\/wp\/v2\/product_cat?post=12494"},{"taxonomy":"product_tag","embeddable":true,"href":"https:\/\/ptm-mechatronics.com\/fr\/wp-json\/wp\/v2\/product_tag?post=12494"}],"curies":[{"name":"wp","href":"https:\/\/api.w.org\/{rel}","templated":true}]}}