{"id":10430,"date":"2024-07-03T11:06:05","date_gmt":"2024-07-03T09:06:05","guid":{"rendered":"https:\/\/ptm-mechatronics.com\/?post_type=product&#038;p=10430"},"modified":"2025-11-07T15:52:33","modified_gmt":"2025-11-07T14:52:33","slug":"absaugungen","status":"publish","type":"product","link":"https:\/\/ptm-mechatronics.com\/fr\/product\/absaugungen\/","title":{"rendered":"Aspirations"},"content":{"rendered":"<p>Lors de l'agitation, une charge de poussi\u00e8re ou de gaz peut \u00eatre g\u00e9n\u00e9r\u00e9e dans l'air ambiant (par exemple lors de l'agitation de poudres ou de l'ajout de poudres dans le m\u00e9lange). Avec un syst\u00e8me d'aspiration, vous assurez un processus d'agitation sans poussi\u00e8re\/gaz. Nous vous fournissons \u00e9galement des aspirations certifi\u00e9es ATEX pour les zones \u00e0 risque d'explosion.<\/p>\n<p>Pour d\u00e9terminer la taille et la puissance, il vous suffit de prendre directement contact avec nous. Nos experts se feront un plaisir de vous conseiller.<\/p>\n<p>(Photos de produits : exemple de r\u00e9alisation)<\/p>","protected":false},"excerpt":{"rendered":"<p>Aspirations de diff\u00e9rentes tailles et puissances, \u00e9galement certifi\u00e9es ATEX<\/p>","protected":false},"featured_media":15463,"comment_status":"open","ping_status":"closed","template":"","meta":{"_acf_changed":false},"product_brand":[],"product_cat":[595,603,612,614,1421],"product_tag":[],"class_list":{"0":"post-10430","1":"product","2":"type-product","3":"status-publish","4":"has-post-thumbnail","6":"product_cat-ruehrwerkstechnik","7":"product_cat-fassruehrwerke","8":"product_cat-kleingebinderuehrwerke","9":"product_cat-containerruehrwerke","10":"product_cat-zubehoer-ruehrwerkstechnik","11":"product_shipping_class-europalette-speditionsversand","13":"first","14":"outofstock","15":"taxable","16":"shipping-taxable","17":"product-type-simple"},"bundled_by":[],"bundle_stock_status":"outofstock","bundle_stock_quantity":null,"bundle_virtual":false,"bundle_layout":"","bundle_add_to_cart_form_location":"","bundle_editable_in_cart":false,"bundle_sold_individually_context":"","bundle_item_grouping":"","bundle_min_size":"","bundle_max_size":"","bundle_price":[],"bundled_items":[],"bundle_sell_ids":[],"exclude_global_add_ons":[],"addons":[],"acf":[],"_links":{"self":[{"href":"https:\/\/ptm-mechatronics.com\/fr\/wp-json\/wp\/v2\/product\/10430","targetHints":{"allow":["GET"]}}],"collection":[{"href":"https:\/\/ptm-mechatronics.com\/fr\/wp-json\/wp\/v2\/product"}],"about":[{"href":"https:\/\/ptm-mechatronics.com\/fr\/wp-json\/wp\/v2\/types\/product"}],"replies":[{"embeddable":true,"href":"https:\/\/ptm-mechatronics.com\/fr\/wp-json\/wp\/v2\/comments?post=10430"}],"wp:featuredmedia":[{"embeddable":true,"href":"https:\/\/ptm-mechatronics.com\/fr\/wp-json\/wp\/v2\/media\/15463"}],"wp:attachment":[{"href":"https:\/\/ptm-mechatronics.com\/fr\/wp-json\/wp\/v2\/media?parent=10430"}],"wp:term":[{"taxonomy":"product_brand","embeddable":true,"href":"https:\/\/ptm-mechatronics.com\/fr\/wp-json\/wp\/v2\/product_brand?post=10430"},{"taxonomy":"product_cat","embeddable":true,"href":"https:\/\/ptm-mechatronics.com\/fr\/wp-json\/wp\/v2\/product_cat?post=10430"},{"taxonomy":"product_tag","embeddable":true,"href":"https:\/\/ptm-mechatronics.com\/fr\/wp-json\/wp\/v2\/product_tag?post=10430"}],"curies":[{"name":"wp","href":"https:\/\/api.w.org\/{rel}","templated":true}]}}