{"id":10392,"date":"2024-06-26T09:34:50","date_gmt":"2024-06-26T07:34:50","guid":{"rendered":"https:\/\/ptm-mechatronics.com\/?post_type=product&#038;p=10392"},"modified":"2025-11-07T15:52:31","modified_gmt":"2025-11-07T14:52:31","slug":"ibc-container","status":"publish","type":"product","link":"https:\/\/ptm-mechatronics.com\/fr\/product\/ibc-container\/","title":{"rendered":"Conteneur IBC"},"content":{"rendered":"<p>Nous vous fournissons des conteneurs IBC de diff\u00e9rentes tailles et avec diff\u00e9rents \u00e9quipements :<\/p>\n<p>Capacit\u00e9 : 300, 500, 600, 800, 1.000 ou 1.200 litres<br \/>\nDimensions du couvercle : DN160 et DN225<br \/>\nConformit\u00e9 : par ex. ATEX, denr\u00e9es alimentaires, etc.<br \/>\nSur palette en acier ou en plastique<br \/>\nConteneurs en acier ou en plastique<br \/>\nRobinet d'\u00e9coulement en option<br \/>\n2\u2033 Ouverture en option<br \/>\nFond inclin\u00e9 en option<br \/>\net bien d'autres choses encore.<\/p>\n<p>Pour obtenir la taille et l'\u00e9quipement que vous souhaitez, il vous suffit de prendre directement contact avec nous. Nos experts se feront un plaisir de vous conseiller.<\/p>","protected":false},"excerpt":{"rendered":"<p>Conteneurs IBC personnalis\u00e9s, pouvant \u00eatre \u00e9quip\u00e9s individuellement<\/p>","protected":false},"featured_media":15458,"comment_status":"open","ping_status":"closed","template":"","meta":{"_acf_changed":false},"product_brand":[],"product_cat":[595,614,1421],"product_tag":[],"class_list":{"0":"post-10392","1":"product","2":"type-product","3":"status-publish","4":"has-post-thumbnail","6":"product_cat-ruehrwerkstechnik","7":"product_cat-containerruehrwerke","8":"product_cat-zubehoer-ruehrwerkstechnik","9":"product_shipping_class-europalette-speditionsversand","11":"first","12":"outofstock","13":"taxable","14":"shipping-taxable","15":"product-type-simple"},"bundled_by":[],"bundle_stock_status":"outofstock","bundle_stock_quantity":null,"bundle_virtual":false,"bundle_layout":"","bundle_add_to_cart_form_location":"","bundle_editable_in_cart":false,"bundle_sold_individually_context":"","bundle_item_grouping":"","bundle_min_size":"","bundle_max_size":"","bundle_price":[],"bundled_items":[],"bundle_sell_ids":[],"exclude_global_add_ons":[],"addons":[],"acf":[],"_links":{"self":[{"href":"https:\/\/ptm-mechatronics.com\/fr\/wp-json\/wp\/v2\/product\/10392","targetHints":{"allow":["GET"]}}],"collection":[{"href":"https:\/\/ptm-mechatronics.com\/fr\/wp-json\/wp\/v2\/product"}],"about":[{"href":"https:\/\/ptm-mechatronics.com\/fr\/wp-json\/wp\/v2\/types\/product"}],"replies":[{"embeddable":true,"href":"https:\/\/ptm-mechatronics.com\/fr\/wp-json\/wp\/v2\/comments?post=10392"}],"wp:featuredmedia":[{"embeddable":true,"href":"https:\/\/ptm-mechatronics.com\/fr\/wp-json\/wp\/v2\/media\/15458"}],"wp:attachment":[{"href":"https:\/\/ptm-mechatronics.com\/fr\/wp-json\/wp\/v2\/media?parent=10392"}],"wp:term":[{"taxonomy":"product_brand","embeddable":true,"href":"https:\/\/ptm-mechatronics.com\/fr\/wp-json\/wp\/v2\/product_brand?post=10392"},{"taxonomy":"product_cat","embeddable":true,"href":"https:\/\/ptm-mechatronics.com\/fr\/wp-json\/wp\/v2\/product_cat?post=10392"},{"taxonomy":"product_tag","embeddable":true,"href":"https:\/\/ptm-mechatronics.com\/fr\/wp-json\/wp\/v2\/product_tag?post=10392"}],"curies":[{"name":"wp","href":"https:\/\/api.w.org\/{rel}","templated":true}]}}