{"id":10389,"date":"2024-06-26T09:23:36","date_gmt":"2024-06-26T07:23:36","guid":{"rendered":"https:\/\/ptm-mechatronics.com\/?post_type=product&#038;p=10389"},"modified":"2025-11-07T15:52:30","modified_gmt":"2025-11-07T14:52:30","slug":"kompressor","status":"publish","type":"product","link":"https:\/\/ptm-mechatronics.com\/fr\/product\/kompressor\/","title":{"rendered":"Compresseur"},"content":{"rendered":"<p>Nous vous fournissons des compresseurs dont la puissance est adapt\u00e9e \u00e0 vos besoins. Pour d\u00e9terminer la puissance, il vous suffit de prendre directement contact avec nous. Nos experts se feront un plaisir de vous conseiller.<\/p>","protected":false},"excerpt":{"rendered":"<p>Compresseurs personnalis\u00e9s<\/p>","protected":false},"featured_media":15457,"comment_status":"open","ping_status":"closed","template":"","meta":{"_acf_changed":false},"product_brand":[],"product_cat":[1421,1906,428,595],"product_tag":[],"class_list":{"0":"post-10389","1":"product","2":"type-product","3":"status-publish","4":"has-post-thumbnail","6":"product_cat-zubehoer-ruehrwerkstechnik","7":"product_cat-zubehoer-druckluftmotor","8":"product_cat-antriebstechnik","9":"product_cat-ruehrwerkstechnik","10":"product_shipping_class-europalette-speditionsversand","12":"first","13":"outofstock","14":"taxable","15":"shipping-taxable","16":"product-type-simple"},"bundled_by":[],"bundle_stock_status":"outofstock","bundle_stock_quantity":null,"bundle_virtual":false,"bundle_layout":"","bundle_add_to_cart_form_location":"","bundle_editable_in_cart":false,"bundle_sold_individually_context":"","bundle_item_grouping":"","bundle_min_size":"","bundle_max_size":"","bundle_price":[],"bundled_items":[],"bundle_sell_ids":[],"exclude_global_add_ons":[],"addons":[],"acf":[],"_links":{"self":[{"href":"https:\/\/ptm-mechatronics.com\/fr\/wp-json\/wp\/v2\/product\/10389","targetHints":{"allow":["GET"]}}],"collection":[{"href":"https:\/\/ptm-mechatronics.com\/fr\/wp-json\/wp\/v2\/product"}],"about":[{"href":"https:\/\/ptm-mechatronics.com\/fr\/wp-json\/wp\/v2\/types\/product"}],"replies":[{"embeddable":true,"href":"https:\/\/ptm-mechatronics.com\/fr\/wp-json\/wp\/v2\/comments?post=10389"}],"wp:featuredmedia":[{"embeddable":true,"href":"https:\/\/ptm-mechatronics.com\/fr\/wp-json\/wp\/v2\/media\/15457"}],"wp:attachment":[{"href":"https:\/\/ptm-mechatronics.com\/fr\/wp-json\/wp\/v2\/media?parent=10389"}],"wp:term":[{"taxonomy":"product_brand","embeddable":true,"href":"https:\/\/ptm-mechatronics.com\/fr\/wp-json\/wp\/v2\/product_brand?post=10389"},{"taxonomy":"product_cat","embeddable":true,"href":"https:\/\/ptm-mechatronics.com\/fr\/wp-json\/wp\/v2\/product_cat?post=10389"},{"taxonomy":"product_tag","embeddable":true,"href":"https:\/\/ptm-mechatronics.com\/fr\/wp-json\/wp\/v2\/product_tag?post=10389"}],"curies":[{"name":"wp","href":"https:\/\/api.w.org\/{rel}","templated":true}]}}