{"id":30,"date":"2022-11-10T16:18:31","date_gmt":"2022-11-10T15:18:31","guid":{"rendered":"http:\/\/wp14192964.server-he.de\/bezahlmoeglichkeiten\/"},"modified":"2022-12-06T09:54:43","modified_gmt":"2022-12-06T08:54:43","slug":"bezahlmoeglichkeiten","status":"publish","type":"page","link":"https:\/\/ptm-mechatronics.com\/fr\/bezahlmoeglichkeiten\/","title":{"rendered":"Modes de paiement"},"content":{"rendered":"<section class=\"section\" id=\"section_998938810\">\n\t\t<div class=\"section-bg fill\" >\n\t\t\t\t\t\t\t\t\t\n\t\t\t\n\n\t\t<\/div>\n\n\t\t\n\n\t\t<div class=\"section-content relative\">\n\t\t\t\n<div class=\"row\"  id=\"row-201811649\">\n\n\t<div id=\"col-247885724\" class=\"col small-12 large-12\"  >\n\t\t\t\t<div class=\"col-inner\"  >\n\t\t\t\n\t\t\t\n<h1 class=\"nitro-offscreen\">Possibilit\u00e9s de paiement<\/h1>\n<p class=\"nitro-offscreen\">Nous vous proposons les modes de paiement suivants. Il vous suffit de choisir le mode de paiement qui vous convient le mieux.<\/p>\n<p>-Klarna<\/p>\n<p>Facture (l'achat sur facture est trait\u00e9 par le prestataire de services de paiement Klarna Bank AB (\u201cKlarna\u201d). L'offre de l'option de paiement \"achat sur facture\" n'existe pas pour toutes les offres de Picadera et pr\u00e9suppose, entre autres, une v\u00e9rification d'identit\u00e9 et de solvabilit\u00e9 r\u00e9ussie).<\/p>\n<p>Note de d\u00e9bit (le montant du paiement est d\u00fb \u00e0 la conclusion du contrat par pr\u00e9l\u00e8vement automatique et sera pr\u00e9lev\u00e9 par Klarna Bank AB (\u201cKlarna\u201d), apr\u00e8s autorisation expresse, sur le compte bancaire que vous avez indiqu\u00e9).<\/p>\n<p>-carte de cr\u00e9dit<\/p>\n<p>Payer confortablement par MasterCard, Visa ou American Express<\/p>\n<p>-Giropay<\/p>\n<p>Payer rapidement, facilement et en toute s\u00e9curit\u00e9 par virement bancaire en ligne.<\/p>\n<p>-Przelewy24<\/p>\n<p>Payer en Pologne de mani\u00e8re s\u00fbre, simple et rapide avec Przelewy24.<\/p>\n<p>-Virement bancaire imm\u00e9diat<\/p>\n<p>Payer facilement avec Sofort \u00dcberweisung<\/p>\n<p>-paypal<\/p>\n<p>Payer encore plus rapidement et en toute s\u00e9curit\u00e9 avec son compte PayPal.<\/p>\n<p>-Apple Pay<\/p>\n<p>Payer maintenant aussi directement par t\u00e9l\u00e9phone portable avec Apple Pay<\/p>\n\t\t<\/div>\n\t\t\t\t\t<\/div>\n\n\t\n<\/div>\n\t\t<\/div>\n\n\t\t\n<style>\n#section_998938810 {\n  padding-top: 30px;\n  padding-bottom: 30px;\n}\n<\/style>\n\t<\/section>","protected":false},"excerpt":{"rendered":"","protected":false},"author":51,"featured_media":0,"parent":0,"menu_order":0,"comment_status":"closed","ping_status":"closed","template":"page-blank.php","meta":{"_acf_changed":false,"footnotes":""},"class_list":["post-30","page","type-page","status-publish","hentry"],"acf":[],"_links":{"self":[{"href":"https:\/\/ptm-mechatronics.com\/fr\/wp-json\/wp\/v2\/pages\/30","targetHints":{"allow":["GET"]}}],"collection":[{"href":"https:\/\/ptm-mechatronics.com\/fr\/wp-json\/wp\/v2\/pages"}],"about":[{"href":"https:\/\/ptm-mechatronics.com\/fr\/wp-json\/wp\/v2\/types\/page"}],"author":[{"embeddable":true,"href":"https:\/\/ptm-mechatronics.com\/fr\/wp-json\/wp\/v2\/users\/51"}],"replies":[{"embeddable":true,"href":"https:\/\/ptm-mechatronics.com\/fr\/wp-json\/wp\/v2\/comments?post=30"}],"version-history":[{"count":4,"href":"https:\/\/ptm-mechatronics.com\/fr\/wp-json\/wp\/v2\/pages\/30\/revisions"}],"predecessor-version":[{"id":67,"href":"https:\/\/ptm-mechatronics.com\/fr\/wp-json\/wp\/v2\/pages\/30\/revisions\/67"}],"wp:attachment":[{"href":"https:\/\/ptm-mechatronics.com\/fr\/wp-json\/wp\/v2\/media?parent=30"}],"curies":[{"name":"wp","href":"https:\/\/api.w.org\/{rel}","templated":true}]}}