{"id":28,"date":"2022-11-10T16:18:31","date_gmt":"2022-11-10T15:18:31","guid":{"rendered":"http:\/\/wp14192964.server-he.de\/widerrufsbelehrung\/"},"modified":"2025-06-02T13:18:38","modified_gmt":"2025-06-02T11:18:38","slug":"widerrufsbelehrung","status":"publish","type":"page","link":"https:\/\/ptm-mechatronics.com\/fr\/widerrufsbelehrung\/","title":{"rendered":"Widerrufsbelehrung"},"content":{"rendered":"<h3 data-start=\"269\" data-end=\"308\"><span class=\"_fadeIn_m1hgl_8\">Pas de\u00a0<\/span><span class=\"_fadeIn_m1hgl_8\">Droit de r\u00e9tractation\u00a0<\/span><span class=\"_fadeIn_m1hgl_8\">pour\u00a0<\/span><span class=\"_fadeIn_m1hgl_8\">Entrepreneur<\/span><\/h3>\n<p data-start=\"310\" data-end=\"601\"><span class=\"_fadeIn_m1hgl_8\">Notre\u00a0<\/span><span class=\"_fadeIn_m1hgl_8\">Offre\u00a0<\/span><span class=\"_fadeIn_m1hgl_8\">oriente\u00a0<\/span><span class=\"_fadeIn_m1hgl_8\">se\u00a0<\/span><span class=\"_fadeIn_m1hgl_8\">exclusivement\u00a0<\/span><span class=\"_fadeIn_m1hgl_8\">\u00e0\u00a0<\/span><span class=\"_fadeIn_m1hgl_8\">Entrepreneur\u00a0<\/span><span class=\"_fadeIn_m1hgl_8\">sur le site\u00a0<\/span><span class=\"_fadeIn_m1hgl_8\">Sens\u00a0<\/span><span class=\"_fadeIn_m1hgl_8\">du site\u00a0<a href=\"https:\/\/www.gesetze-im-internet.de\/bgb\/__14.html\" target=\"_blank\" rel=\"noopener\">\u00a7\u00a0<\/a><\/span><span class=\"_fadeIn_m1hgl_8\">14\u00a0<\/span><span class=\"_fadeIn_m1hgl_8\">BGB<\/span><span class=\"_fadeIn_m1hgl_8\">,\u00a0<\/span><span class=\"_fadeIn_m1hgl_8\">donc\u00a0<\/span><span class=\"_fadeIn_m1hgl_8\">\u00e0\u00a0<\/span><span class=\"_fadeIn_m1hgl_8\">naturel\u00a0<\/span><span class=\"_fadeIn_m1hgl_8\">ou\u00a0<\/span><span class=\"_fadeIn_m1hgl_8\">juridique\u00a0<\/span><span class=\"_fadeIn_m1hgl_8\">Personnes\u00a0<\/span><span class=\"_fadeIn_m1hgl_8\">respectivement.\u00a0<\/span><span class=\"_fadeIn_m1hgl_8\">dot\u00e9 d'une personnalit\u00e9 juridique\u00a0<\/span><span class=\"_fadeIn_m1hgl_8\">les soci\u00e9t\u00e9s de personnes,\u00a0<\/span><span class=\"_fadeIn_m1hgl_8\">le\u00a0<\/span><span class=\"_fadeIn_m1hgl_8\">chez\u00a0<\/span><span class=\"_fadeIn_m1hgl_8\">Conclusion\u00a0<\/span><span class=\"_fadeIn_m1hgl_8\">du site\u00a0<\/span><span class=\"_fadeIn_m1hgl_8\">Acte juridique\u00a0<\/span><span class=\"_fadeIn_m1hgl_8\">dans\u00a0<\/span><span class=\"_fadeIn_m1hgl_8\">Exercice\u00a0<\/span><span class=\"_fadeIn_m1hgl_8\">de leur\u00a0<\/span><span class=\"_fadeIn_m1hgl_8\">commercial\u00a0<\/span><span class=\"_fadeIn_m1hgl_8\">ou\u00a0<\/span><span class=\"_fadeIn_m1hgl_8\">ind\u00e9pendant\u00a0<\/span><span class=\"_fadeIn_m1hgl_8\">professionnel\u00a0<\/span><span class=\"_fadeIn_m1hgl_8\">Activit\u00e9\u00a0<\/span><span class=\"_fadeIn_m1hgl_8\">agir.<\/span><\/p>\n<p data-start=\"603\" data-end=\"659\"><span class=\"_fadeIn_m1hgl_8\">Un\u00a0<\/span><span class=\"_fadeIn_m1hgl_8\">l\u00e9gal\u00a0<\/span><span class=\"_fadeIn_m1hgl_8\">Droit de r\u00e9tractation\u00a0<\/span><span class=\"_fadeIn_m1hgl_8\">existe\u00a0<\/span><span class=\"_fadeIn_m1hgl_8\">donc\u00a0<\/span><span class=\"_fadeIn_m1hgl_8\">pas.<\/span><\/p>\n<h3 data-start=\"661\" data-end=\"699\"><span class=\"_fadeIn_m1hgl_8\">Pourquoi\u00a0<\/span><span class=\"_fadeIn_m1hgl_8\">sans objet\u00a0<\/span><span class=\"_fadeIn_m1hgl_8\">le\u00a0<\/span><span class=\"_fadeIn_m1hgl_8\">Droit de r\u00e9tractation ?<\/span><\/h3>\n<p data-start=\"701\" data-end=\"976\"><span class=\"_fadeIn_m1hgl_8\">Le site\u00a0<\/span><span class=\"_fadeIn_m1hgl_8\">Droit de r\u00e9tractation\u00a0<\/span><span class=\"_fadeIn_m1hgl_8\">selon\u00a0<a href=\"https:\/\/www.gesetze-im-internet.de\/bgb\/__355.html\" target=\"_blank\" rel=\"noopener\">\u00a7\u00a0<\/a><\/span><a href=\"https:\/\/ptm-mechatronics.com\/fr\/widerrufsrecht\/_wp_link_placeholder\/\"><span class=\"_fadeIn_m1hgl_8\">355\u00a0<\/span><span class=\"_fadeIn_m1hgl_8\">BGB\u00a0<\/span><\/a><span class=\"_fadeIn_m1hgl_8\">s'applique\u00a0<\/span><span class=\"_fadeIn_m1hgl_8\">exclusivement\u00a0<\/span><span class=\"_fadeIn_m1hgl_8\">pour\u00a0<\/span><span class=\"_fadeIn_m1hgl_8\">consommateurs.\u00a0<\/span><span class=\"_fadeIn_m1hgl_8\">Puisque\u00a0<\/span><span class=\"_fadeIn_m1hgl_8\">nous\u00a0<\/span><span class=\"_fadeIn_m1hgl_8\">exclusivement\u00a0<\/span><span class=\"_fadeIn_m1hgl_8\">avec\u00a0<\/span><span class=\"_fadeIn_m1hgl_8\">Clients professionnels\u00a0<\/span><span class=\"_fadeIn_m1hgl_8\">travailler ensemble,\u00a0<\/span><span class=\"_fadeIn_m1hgl_8\">sans objet\u00a0<\/span><span class=\"_fadeIn_m1hgl_8\">le\u00a0<\/span><span class=\"_fadeIn_m1hgl_8\">Obligatoire\u00a0<\/span><span class=\"_fadeIn_m1hgl_8\">vers\u00a0<\/span><span class=\"_fadeIn_m1hgl_8\">Concession\u00a0<\/span><span class=\"_fadeIn_m1hgl_8\">d'un\u00a0<\/span><span class=\"_fadeIn_m1hgl_8\">un tel\u00a0<\/span><span class=\"_fadeIn_m1hgl_8\">droit de r\u00e9tractation.\u00a0<\/span><span class=\"_fadeIn_m1hgl_8\">Ce\u00a0<\/span><span class=\"_fadeIn_m1hgl_8\">R\u00e9gulation\u00a0<\/span><span class=\"_fadeIn_m1hgl_8\">sert \u00e0\u00a0<\/span><span class=\"_fadeIn_m1hgl_8\">le\u00a0<\/span><span class=\"_fadeIn_m1hgl_8\">Clart\u00e9\u00a0<\/span><span class=\"_fadeIn_m1hgl_8\">et\u00a0<\/span><span class=\"_fadeIn_m1hgl_8\">le\u00a0<\/span><span class=\"_fadeIn_m1hgl_8\">\u00c9quit\u00e9\u00a0<\/span><span class=\"_fadeIn_m1hgl_8\">sur le site\u00a0<\/span><span class=\"_fadeIn_m1hgl_8\">d'affaires\u00a0<\/span><span class=\"_fadeIn_m1hgl_8\">Trafic.<\/span><\/p>\n<h3 data-start=\"978\" data-end=\"1015\"><span class=\"_fadeIn_m1hgl_8\">Notre site\u00a0<\/span><span class=\"_fadeIn_m1hgl_8\">volontaire\u00a0<\/span><span class=\"_fadeIn_m1hgl_8\">R\u00e9gime de faveur<\/span><\/h3>\n<p data-start=\"1017\" data-end=\"1322\"><span class=\"_fadeIn_m1hgl_8\">Aussi\u00a0<\/span><span class=\"_fadeIn_m1hgl_8\">si\u00a0<\/span><span class=\"_fadeIn_m1hgl_8\">pas de\u00a0<\/span><span class=\"_fadeIn_m1hgl_8\">l\u00e9gal\u00a0<\/span><span class=\"_fadeIn_m1hgl_8\">Droit\u00a0<\/span><span class=\"_fadeIn_m1hgl_8\">sur\u00a0<\/span><span class=\"_fadeIn_m1hgl_8\">R\u00e9vocation\u00a0<\/span><span class=\"_fadeIn_m1hgl_8\">existe,\u00a0<\/span><span class=\"_fadeIn_m1hgl_8\">est\u00a0<\/span><span class=\"_fadeIn_m1hgl_8\">nous\u00a0<\/span><span class=\"_fadeIn_m1hgl_8\">Votre\u00a0<\/span><span class=\"_fadeIn_m1hgl_8\">Satisfaction\u00a0<\/span><span class=\"_fadeIn_m1hgl_8\">important.\u00a0<\/span><span class=\"_fadeIn_m1hgl_8\">Devrait\u00a0<\/span><span class=\"_fadeIn_m1hgl_8\">il\u00a0<\/span><span class=\"_fadeIn_m1hgl_8\">une fois\u00a0<\/span><span class=\"_fadeIn_m1hgl_8\">sur\u00a0<\/span><span class=\"_fadeIn_m1hgl_8\">Probl\u00e8mes\u00a0<\/span><span class=\"_fadeIn_m1hgl_8\">avec\u00a0<\/span><span class=\"_fadeIn_m1hgl_8\">d'une\u00a0<\/span><span class=\"_fadeIn_m1hgl_8\">Livraison\u00a0<\/span><span class=\"_fadeIn_m1hgl_8\">ou\u00a0<\/span><span class=\"_fadeIn_m1hgl_8\">un\u00a0<\/span><span class=\"_fadeIn_m1hgl_8\">Produit\u00a0<\/span><span class=\"_fadeIn_m1hgl_8\">venir,\u00a0<\/span><span class=\"_fadeIn_m1hgl_8\">mettre\u00a0<\/span><span class=\"_fadeIn_m1hgl_8\">Elle\u00a0<\/span><span class=\"_fadeIn_m1hgl_8\">se\u00a0<\/span><span class=\"_fadeIn_m1hgl_8\">s'il vous pla\u00eet\u00a0<\/span><span class=\"_fadeIn_m1hgl_8\">avec\u00a0<\/span><span class=\"_fadeIn_m1hgl_8\">nous\u00a0<\/span><span class=\"_fadeIn_m1hgl_8\">dans\u00a0<\/span><span class=\"_fadeIn_m1hgl_8\">connexion.\u00a0<\/span><span class=\"_fadeIn_m1hgl_8\">Nous\u00a0<\/span><span class=\"_fadeIn_m1hgl_8\">v\u00e9rifier\u00a0<\/span><span class=\"_fadeIn_m1hgl_8\">ensemble\u00a0<\/span><span class=\"_fadeIn_m1hgl_8\">un\u00a0<\/span><span class=\"_fadeIn_m1hgl_8\">orient\u00e9 vers le client\u00a0<\/span><span class=\"_fadeIn_m1hgl_8\">Solution\u00a0<\/span><span class=\"_fadeIn_m1hgl_8\">sur le site\u00a0<\/span><span class=\"_fadeIn_m1hgl_8\">Cadre\u00a0<\/span><span class=\"_fadeIn_m1hgl_8\">de notre\u00a0<\/span><span class=\"_fadeIn_m1hgl_8\">R\u00e9gime de faveur<\/span><span class=\"_fadeIn_m1hgl_8\">.<\/span><\/p>\n<p data-start=\"1324\" data-end=\"1439\"><span class=\"_fadeIn_m1hgl_8\">Contacter\u00a0<\/span><span class=\"_fadeIn_m1hgl_8\">Elle\u00a0<\/span><span class=\"_fadeIn_m1hgl_8\">nous\u00a0<\/span><span class=\"_fadeIn_m1hgl_8\">en plus\u00a0<\/span><span class=\"_fadeIn_m1hgl_8\">simplement\u00a0<\/span><span class=\"_fadeIn_m1hgl_8\">par\u00a0<\/span><span class=\"_fadeIn_m1hgl_8\">E-<\/span><span class=\"_fadeIn_m1hgl_8\">Courrier \u00e9lectronique\u00a0<\/span><span class=\"_fadeIn_m1hgl_8\">\u00e0 l'adresse info@ptm-mechatronics.<\/span><span class=\"_fadeIn_m1hgl_8\">com<\/span>\u00a0<span class=\"_fadeIn_m1hgl_8\">ou\u00a0<\/span><span class=\"_fadeIn_m1hgl_8\">par t\u00e9l\u00e9phone\u00a0<\/span><span class=\"_fadeIn_m1hgl_8\">sous +<\/span><span class=\"_fadeIn_m1hgl_8\">49 8134 25 797 0<\/span><span class=\"_fadeIn_m1hgl_8\">.<\/span><\/p>\n<h3 data-start=\"1441\" data-end=\"1466\"><span class=\"_fadeIn_m1hgl_8\">Autres\u00a0<\/span><span class=\"_fadeIn_m1hgl_8\">Informations<\/span><\/h3>\n<p data-start=\"1468\" data-end=\"1655\"><span class=\"_fadeIn_m1hgl_8\">d\u00e9taill\u00e9\u00a0<\/span><span class=\"_fadeIn_m1hgl_8\">Informations\u00a0<\/span><span class=\"_fadeIn_m1hgl_8\">trouver\u00a0<\/span><span class=\"_fadeIn_m1hgl_8\">Elle\u00a0<\/span><span class=\"_fadeIn_m1hgl_8\">dans\u00a0<\/span><span class=\"_fadeIn_m1hgl_8\">notre\u00a0<\/span><a href=\"https:\/\/ptm-mechatronics.com\/fr\/agb\/\" target=\"_blank\" rel=\"noopener\"><span class=\"_fadeIn_m1hgl_8\">G\u00e9n\u00e9ralit\u00e9s\u00a0<\/span><span class=\"_fadeIn_m1hgl_8\">Conditions g\u00e9n\u00e9rales de vente (<\/span><span class=\"_fadeIn_m1hgl_8\">CONDITIONS G\u00c9N\u00c9RALES DE VENTE)<\/span><\/a><span class=\"_fadeIn_m1hgl_8\">,\u00a0<\/span><span class=\"_fadeIn_m1hgl_8\">dans\u00a0<\/span><span class=\"_fadeIn_m1hgl_8\">dont\u00a0<\/span><span class=\"_fadeIn_m1hgl_8\">\u00e9galement\u00a0<\/span><span class=\"_fadeIn_m1hgl_8\">r\u00e9glement\u00e9\u00a0<\/span><span class=\"_fadeIn_m1hgl_8\">est,\u00a0<\/span><span class=\"_fadeIn_m1hgl_8\">que\u00a0<\/span><span class=\"_fadeIn_m1hgl_8\">notre\u00a0<\/span><span class=\"_fadeIn_m1hgl_8\">Offre\u00a0<\/span><span class=\"_fadeIn_m1hgl_8\">exclusivement\u00a0<\/span><span class=\"_fadeIn_m1hgl_8\">pour\u00a0<\/span><span class=\"_fadeIn_m1hgl_8\">commercial\u00a0<\/span><span class=\"_fadeIn_m1hgl_8\">Clients\u00a0<\/span><span class=\"_fadeIn_m1hgl_8\">s'applique.<\/span><\/p>","protected":false},"excerpt":{"rendered":"<p>Kein\u00a0Widerrufsrecht\u00a0f\u00fcr\u00a0Unternehmer Unser\u00a0Angebot\u00a0richtet\u00a0sich\u00a0ausschlie\u00dflich\u00a0an\u00a0Unternehmer\u00a0im\u00a0Sinne\u00a0des\u00a0\u00a7\u00a014\u00a0BGB,\u00a0also\u00a0an\u00a0nat\u00fcrliche\u00a0oder\u00a0juristische\u00a0Personen\u00a0bzw.\u00a0rechtsf\u00e4hige\u00a0Personengesellschaften,\u00a0die\u00a0bei\u00a0Abschluss\u00a0des\u00a0Rechtsgesch\u00e4fts\u00a0in\u00a0Aus\u00fcbung\u00a0ihrer\u00a0gewerblichen\u00a0oder\u00a0selbstst\u00e4ndigen\u00a0beruflichen\u00a0T\u00e4tigkeit\u00a0handeln. Ein\u00a0gesetzliches\u00a0Widerrufsrecht\u00a0besteht\u00a0daher\u00a0nicht. Warum\u00a0entf\u00e4llt\u00a0das\u00a0Widerrufsrecht? Das\u00a0Widerrufsrecht\u00a0nach\u00a0\u00a7\u00a0355\u00a0BGB\u00a0gilt\u00a0ausschlie\u00dflich\u00a0f\u00fcr\u00a0Verbraucher.\u00a0Da\u00a0wir\u00a0ausschlie\u00dflich\u00a0mit\u00a0Gesch\u00e4ftskunden\u00a0zusammenarbeiten,\u00a0entf\u00e4llt\u00a0die\u00a0Pflicht\u00a0zur\u00a0Einr\u00e4umung\u00a0eines\u00a0solchen\u00a0Widerrufsrechts.\u00a0Diese\u00a0Regelung\u00a0dient\u00a0der\u00a0Klarheit\u00a0und\u00a0der\u00a0Fairness\u00a0im\u00a0gesch\u00e4ftlichen\u00a0Verkehr. Unsere\u00a0freiwillige\u00a0Kulanzregelung Auch\u00a0wenn\u00a0kein\u00a0gesetzlicher\u00a0Anspruch\u00a0auf\u00a0Widerruf\u00a0besteht,\u00a0ist\u00a0uns\u00a0Ihre\u00a0Zufriedenheit\u00a0wichtig.\u00a0Sollte\u00a0es\u00a0einmal\u00a0zu\u00a0Problemen\u00a0mit\u00a0einer\u00a0Lieferung\u00a0oder\u00a0einem\u00a0Produkt\u00a0kommen,\u00a0setzen\u00a0Sie\u00a0sich\u00a0bitte\u00a0mit\u00a0uns\u00a0in\u00a0Verbindung.\u00a0Wir\u00a0pr\u00fcfen\u00a0gemeinsam\u00a0eine\u00a0kundenorientierte\u00a0L\u00f6sung\u00a0im\u00a0Rahmen\u00a0unserer\u00a0Kulanzregelung. Kontaktieren\u00a0Sie\u00a0uns\u00a0dazu\u00a0einfach\u00a0per\u00a0E-Mail\u00a0unter info@ptm-mechatronics.com\u00a0oder\u00a0telefonisch\u00a0unter +49 8134 25 797 0. Weitere\u00a0Informationen Ausf\u00fchrliche\u00a0Informationen\u00a0finden\u00a0Sie\u00a0in\u00a0unseren\u00a0Allgemeinen\u00a0Gesch\u00e4ftsbedingungen (AGB),\u00a0in\u00a0denen\u00a0auch\u00a0geregelt\u00a0ist,\u00a0dass\u00a0unser\u00a0Angebot\u00a0ausschlie\u00dflich\u00a0f\u00fcr\u00a0gewerbliche\u00a0Kunden\u00a0gilt.<\/p>","protected":false},"author":51,"featured_media":0,"parent":0,"menu_order":0,"comment_status":"closed","ping_status":"closed","template":"page-blank.php","meta":{"_acf_changed":false,"footnotes":""},"class_list":["post-28","page","type-page","status-publish","hentry"],"acf":[],"_links":{"self":[{"href":"https:\/\/ptm-mechatronics.com\/fr\/wp-json\/wp\/v2\/pages\/28","targetHints":{"allow":["GET"]}}],"collection":[{"href":"https:\/\/ptm-mechatronics.com\/fr\/wp-json\/wp\/v2\/pages"}],"about":[{"href":"https:\/\/ptm-mechatronics.com\/fr\/wp-json\/wp\/v2\/types\/page"}],"author":[{"embeddable":true,"href":"https:\/\/ptm-mechatronics.com\/fr\/wp-json\/wp\/v2\/users\/51"}],"replies":[{"embeddable":true,"href":"https:\/\/ptm-mechatronics.com\/fr\/wp-json\/wp\/v2\/comments?post=28"}],"version-history":[{"count":8,"href":"https:\/\/ptm-mechatronics.com\/fr\/wp-json\/wp\/v2\/pages\/28\/revisions"}],"predecessor-version":[{"id":13766,"href":"https:\/\/ptm-mechatronics.com\/fr\/wp-json\/wp\/v2\/pages\/28\/revisions\/13766"}],"wp:attachment":[{"href":"https:\/\/ptm-mechatronics.com\/fr\/wp-json\/wp\/v2\/media?parent=28"}],"curies":[{"name":"wp","href":"https:\/\/api.w.org\/{rel}","templated":true}]}}