{"id":15788,"date":"2025-12-11T09:40:03","date_gmt":"2025-12-11T08:40:03","guid":{"rendered":"https:\/\/ptm-mechatronics.com\/?page_id=15788"},"modified":"2025-12-12T09:56:24","modified_gmt":"2025-12-12T08:56:24","slug":"wartung","status":"publish","type":"page","link":"https:\/\/ptm-mechatronics.com\/fr\/wartung\/","title":{"rendered":"Entretien"},"content":{"rendered":"<div class=\"banner has-hover\" id=\"banner-465565285\">\n          <div class=\"banner-inner fill\">\n        <div class=\"banner-bg fill\" >\n            <img loading=\"lazy\" decoding=\"async\" width=\"1484\" height=\"585\" src=\"https:\/\/ptm-mechatronics.com\/wp-content\/uploads\/2024\/10\/Kolben-und-Motor-Hintergrund.jpg\" class=\"bg attachment-original size-original\" alt=\"\" \/>                        <div class=\"overlay\"><\/div>            \n                    <\/div>\n\t\t\n        <div class=\"banner-layers container\">\n            <div class=\"fill banner-link\"><\/div>            \n   <div id=\"text-box-1367130991\" class=\"text-box banner-layer x5 md-x95 lg-x95 y50 md-y50 lg-y50 res-text\">\n                     <div data-animate=\"fadeInDown\">           <div class=\"text-box-content text dark\">\n              \n              <div class=\"text-inner text-center\">\n                  \n<h1 class=\"uppercase\"><span style=\"font-size: 75%;\">Entretien et maintenance<\/span><\/h1>\n<p>Un entretien r\u00e9gulier et une maintenance professionnelle garantissent que vos entra\u00eenements et agitateurs PTM d\u00e9veloppent durablement leur pleine puissance. Nos techniciens de service assurent un \u00e9tat de fonctionnement optimal par des contr\u00f4les cibl\u00e9s, le nettoyage et le remplacement des composants centraux - pour des processus efficaces, stables et fiables dans votre production.<\/p>\n              <\/div>\n           <\/div>\n       <\/div>                     \n<style>\n#text-box-1367130991 {\n  width: 91%;\n}\n#text-box-1367130991 .text-box-content {\n  font-size: 100%;\n}\n@media (min-width:550px) {\n  #text-box-1367130991 {\n    width: 52%;\n  }\n}\n@media (min-width:850px) {\n  #text-box-1367130991 {\n    width: 41%;\n  }\n}\n<\/style>\n    <\/div>\n \n        <\/div>\n      <\/div>\n\n            \n<style>\n#banner-465565285 {\n  padding-top: 354px;\n}\n#banner-465565285 .overlay {\n  background-color: rgba(61, 70, 77, 0.767);\n}\n#banner-465565285 .banner-bg img {\n  object-position: 0% 78%;\n}\n@media (min-width:550px) {\n  #banner-465565285 {\n    padding-top: 321px;\n  }\n}\n@media (min-width:850px) {\n  #banner-465565285 {\n    padding-top: 417px;\n  }\n}\n<\/style>\n  <\/div>\n\n\n\n  <div class=\"banner has-hover hide-for-small\" id=\"banner-19293059\">\n          <div class=\"banner-inner fill\">\n        <div class=\"banner-bg fill\" >\n                                                \n                    <\/div>\n\t\t\n        <div class=\"banner-layers container\">\n            <div class=\"fill banner-link\"><\/div>            \n   <div id=\"text-box-1375413693\" class=\"text-box banner-layer x50 md-x50 lg-x50 y10 md-y10 lg-y10 res-text\">\n                                <div class=\"text-box-content text dark\">\n              \n              <div class=\"text-inner text-center\">\n                  \n<h3 class=\"uppercase\"><span style=\"font-size: 75%;\">Nos recommandations pour les intervalles d'entretien<\/span><\/h3>\n\t<div id=\"gap-2044536864\" class=\"gap-element clearfix\" style=\"display:block; height:auto;\">\n\t\t\n<style>\n#gap-2044536864 {\n  padding-top: 50px;\n}\n<\/style>\n\t<\/div>\n\t\n<div class=\"row\"  id=\"row-1703501667\">\n\n\t<div id=\"col-1500291379\" class=\"col medium-4 small-12 large-4\"  >\n\t\t\t\t<div class=\"col-inner\"  >\n\t\t\t\n\t<div class=\"is-border\"\n\t\tstyle=\"border-width:1px 1px 1px 1px;\">\n\t<\/div>\n\t\t\t\n<p>Groupe de produits<\/p>\n\t\t<\/div>\n\t\t\t\t\t<\/div>\n\n\t\n\n\t<div id=\"col-246723689\" class=\"col medium-4 small-12 large-4\"  >\n\t\t\t\t<div class=\"col-inner\"  >\n\t\t\t\n\t<div class=\"is-border\"\n\t\tstyle=\"border-width:1px 1px 1px 1px;\">\n\t<\/div>\n\t\t\t\n<p>Intervalle<\/p>\n\t\t<\/div>\n\t\t\t\t\t<\/div>\n\n\t\n\n\t<div id=\"col-451046048\" class=\"col medium-4 small-12 large-4\"  >\n\t\t\t\t<div class=\"col-inner\"  >\n\t\t\t\n\t<div class=\"is-border\"\n\t\tstyle=\"border-width:1px 1px 1px 1px;\">\n\t<\/div>\n\t\t\t\n<p>Utilisation<\/p>\n\t\t<\/div>\n\t\t\t\t\t<\/div>\n\n\t\n<\/div>\n<div class=\"row row-collapse align-equal row-divided\"  id=\"row-382691590\">\n\n\t<div id=\"col-1368257367\" class=\"col medium-4 small-12 large-4\"  >\n\t\t\t\t<div class=\"col-inner\"  >\n\t\t\t\n\t\t\t\n<p>Moteurs pneumatiques<br \/>\n&amp; Entra\u00eenements pour agitateurs<\/p>\n\t\t<\/div>\n\t\t\t\t\t<\/div>\n\n\t\n\n\t<div id=\"col-427309566\" class=\"col medium-4 small-12 large-4\"  >\n\t\t\t\t<div class=\"col-inner\"  >\n\t\t\t\n\t\t\t\n<p>36 mois<\/p>\n<p>12 mois<\/p>\n\t\t<\/div>\n\t\t\t\t\t<\/div>\n\n\t\n\n\t<div id=\"col-245537079\" class=\"col medium-4 small-12 large-4\"  >\n\t\t\t\t<div class=\"col-inner\"  >\n\t\t\t\n\t\t\t\n<p>En cas de fonctionnement sporadique<\/p>\n<p>En cas d'utilisation continue<\/p>\n\t\t<\/div>\n\t\t\t\t\t<\/div>\n\n\t\n<\/div>\n<div class=\"row row-collapse align-equal row-divided\"  id=\"row-829157658\">\n\n\t<div id=\"col-1307618674\" class=\"col medium-4 small-12 large-4\"  >\n\t\t\t\t<div class=\"col-inner\"  >\n\t\t\t\n\t\t\t\n<p>Syst\u00e8mes d'agitation<br \/>\n<span style=\"font-size: 80%;\">(tr\u00e9pieds, couvercles, traverses)<\/span><\/p>\n\t\t<\/div>\n\t\t\t\t\t<\/div>\n\n\t\n\n\t<div id=\"col-1132149116\" class=\"col medium-4 small-12 large-4\"  >\n\t\t\t\t<div class=\"col-inner\"  >\n\t\t\t\n\t\t\t\n<p>12 mois<\/p>\n\t\t<\/div>\n\t\t\t\t\t<\/div>\n\n\t\n\n\t<div id=\"col-1075763970\" class=\"col medium-4 small-12 large-4\"  >\n\t\t\t\t<div class=\"col-inner\"  >\n\t\t\t\n\t\t\t\n<p>Ind\u00e9pendamment de l'utilisation<\/p>\n\t\t<\/div>\n\t\t\t\t\t<\/div>\n\n\t\n<\/div>\n\t<div id=\"gap-1896887376\" class=\"gap-element clearfix\" style=\"display:block; height:auto;\">\n\t\t\n<style>\n#gap-1896887376 {\n  padding-top: 30px;\n}\n<\/style>\n\t<\/div>\n\t\n              <\/div>\n           <\/div>\n                            \n<style>\n#text-box-1375413693 {\n  width: 87%;\n}\n#text-box-1375413693 .text-box-content {\n  font-size: 100%;\n}\n@media (min-width:850px) {\n  #text-box-1375413693 {\n    width: 70%;\n  }\n}\n<\/style>\n    <\/div>\n \n        <\/div>\n      <\/div>\n\n            \n<style>\n#banner-19293059 {\n  padding-top: 770px;\n}\n@media (min-width:550px) {\n  #banner-19293059 {\n    padding-top: 450px;\n  }\n}\n<\/style>\n  <\/div>\n\n\n\n  <div class=\"banner has-hover show-for-small\" id=\"banner-420689066\">\n          <div class=\"banner-inner fill\">\n        <div class=\"banner-bg fill\" >\n                                                \n                    <\/div>\n\t\t\n        <div class=\"banner-layers container\">\n            <div class=\"fill banner-link\"><\/div>            \n   <div id=\"text-box-2128274666\" class=\"text-box banner-layer x50 md-x50 lg-x50 y10 md-y10 lg-y10 res-text\">\n                                <div class=\"text-box-content text dark\">\n              \n              <div class=\"text-inner text-center\">\n                  \n<h3 class=\"uppercase\"><span style=\"font-size: 75%;\">Nos recommandations pour les intervalles d'entretien<\/span><\/h3>\n\t<div id=\"gap-1382076201\" class=\"gap-element clearfix\" style=\"display:block; height:auto;\">\n\t\t\n<style>\n#gap-1382076201 {\n  padding-top: 20px;\n}\n@media (min-width:550px) {\n  #gap-1382076201 {\n    padding-top: 50px;\n  }\n}\n<\/style>\n\t<\/div>\n\t\n<div class=\"row row-collapse align-equal row-divided\"  id=\"row-732604263\">\n\n\t<div id=\"col-858331995\" class=\"col medium-4 small-12 large-4\"  >\n\t\t\t\t<div class=\"col-inner\"  >\n\t\t\t\n\t<div class=\"is-border\"\n\t\tstyle=\"border-width:1px 1px 1px 1px;\">\n\t<\/div>\n\t\t\t\n<p>Moteurs pneumatiques<br \/>\n&amp; Entra\u00eenements pour agitateurs<\/p>\n\t\t<\/div>\n\t\t\t\t\t<\/div>\n\n\t\n\n\t<div id=\"col-949786865\" class=\"col medium-4 small-12 large-4\"  >\n\t\t\t\t<div class=\"col-inner\"  >\n\t\t\t\n\t\t\t\n<p>En cas de fonctionnement sporadique :<br \/>\n36 mois<\/p>\n\t\t<\/div>\n\t\t\t\t\t<\/div>\n\n\t\n\n\t<div id=\"col-1948559180\" class=\"col medium-4 small-12 large-4\"  >\n\t\t\t\t<div class=\"col-inner\"  >\n\t\t\t\n\t\t\t\n<p>En cas de fonctionnement continu :<br \/>\n12 mois<\/p>\n\t\t<\/div>\n\t\t\t\t\t<\/div>\n\n\t\n<\/div>\n<div class=\"row row-collapse align-equal row-divided\"  id=\"row-21644710\">\n\n\t<div id=\"col-1376384953\" class=\"col medium-4 small-12 large-4\"  >\n\t\t\t\t<div class=\"col-inner\"  >\n\t\t\t\n\t<div class=\"is-border\"\n\t\tstyle=\"border-width:1px 1px 1px 1px;\">\n\t<\/div>\n\t\t\t\n<p>Syst\u00e8mes d'agitation<br \/>\n<span style=\"font-size: 80%;\">(tr\u00e9pieds, couvercles, traverses)<\/span><\/p>\n\t\t<\/div>\n\t\t\t\t\t<\/div>\n\n\t\n\n\t<div id=\"col-1461055528\" class=\"col medium-4 small-12 large-4\"  >\n\t\t\t\t<div class=\"col-inner\"  >\n\t\t\t\n\t\t\t\n<p>Ind\u00e9pendamment de l'utilisation :<br \/>\n12 mois<\/p>\n\t\t<\/div>\n\t\t\t\t\t<\/div>\n\n\t\n<\/div>\n              <\/div>\n           <\/div>\n                            \n<style>\n#text-box-2128274666 {\n  width: 87%;\n}\n#text-box-2128274666 .text-box-content {\n  font-size: 100%;\n}\n@media (min-width:850px) {\n  #text-box-2128274666 {\n    width: 70%;\n  }\n}\n<\/style>\n    <\/div>\n \n        <\/div>\n      <\/div>\n\n            \n<style>\n#banner-420689066 {\n  padding-top: 522px;\n}\n@media (min-width:550px) {\n  #banner-420689066 {\n    padding-top: 450px;\n  }\n}\n<\/style>\n  <\/div>\n\n\n\n\t<section class=\"section\" id=\"section_1292494746\">\n\t\t<div class=\"section-bg fill\" >\n\t\t\t\t\t\t\t\t\t\n\t\t\t\n\n\t\t<\/div>\n\n\t\t\n\n\t\t<div class=\"section-content relative\">\n\t\t\t\n<div class=\"row row-collapse align-middle align-center\"  id=\"row-319988609\">\n\n\t<div id=\"col-365177513\" class=\"col medium-2 small-12 large-2\"  >\n\t\t\t\t<div class=\"col-inner text-center\"  >\n\t\t\t\n\t\t\t\n\t<div class=\"img has-hover x md-x lg-x y md-y lg-y\" id=\"image_1786581793\">\n\t\t\t\t\t\t\t\t<div class=\"img-inner dark\" >\n\t\t\t<img loading=\"lazy\" decoding=\"async\" width=\"300\" height=\"263\" src=\"https:\/\/ptm-mechatronics.com\/wp-content\/uploads\/2024\/09\/atex-300x263-1-1.png\" class=\"attachment-large size-large\" alt=\"\" srcset=\"https:\/\/ptm-mechatronics.com\/wp-content\/uploads\/2024\/09\/atex-300x263-1-1.png 300w, https:\/\/ptm-mechatronics.com\/wp-content\/uploads\/2024\/09\/atex-300x263-1-1-100x88.png 100w\" sizes=\"auto, (max-width: 300px) 100vw, 300px\" \/>\t\t\t\t\t\t\n\t\t\t\t\t<\/div>\n\t\t\t\t\t\t\t\t\n<style>\n#image_1786581793 {\n  width: 52%;\n}\n@media (min-width:550px) {\n  #image_1786581793 {\n    width: 76%;\n  }\n}\n<\/style>\n\t<\/div>\n\t\n\t\t<\/div>\n\t\t\t\t\t<\/div>\n\n\t\n\n\t<div id=\"col-675349101\" class=\"col medium-10 small-12 large-10\"  >\n\t\t\t\t<div class=\"col-inner\"  >\n\t\t\t\n\t<div class=\"is-border\"\n\t\tstyle=\"border-width:2px 2px 2px 2px;\">\n\t<\/div>\n\t\t\t\n\t<div id=\"text-1623626235\" class=\"text\">\n\t\t\n<h3 style=\"text-align: center;\"><span style=\"font-size: 100%;\">La s\u00e9curit\u00e9 ATEX sans stress<\/span><\/h3>\n<p>Dans le domaine ATEX, des contr\u00f4les r\u00e9guliers sont prescrits par la loi. Cela semble beaucoup de travail, mais ce n'est pas n\u00e9cessaire pour vous. Nous vous d\u00e9chargeons de l'ensemble des contr\u00f4les obligatoires : non seulement pour notre appareil, mais aussi pour tous les composants mont\u00e9s, les pi\u00e8ces de connexion et les interactions pertinentes dans votre installation.<\/p>\n<p>Vous avez ainsi moins de travail, pas d'incertitudes et la certitude que tout est conforme \u00e0 la loi. <a href=\"https:\/\/eur-lex.europa.eu\/legal-content\/DE\/ALL\/?uri=celex:32014L0034\" target=\"_blank\" rel=\"noopener\"><span style=\"color: #c6c6c6;\">Directive 2014\/34\/UE<\/span><\/a>, <a href=\"https:\/\/www.gesetze-im-internet.de\/betrsichv_2015\/\" target=\"_blank\" rel=\"noopener\"><span style=\"color: #c6c6c6;\">BetrSichV<\/span><\/a> et <span style=\"color: #c6c6c6;\"><a style=\"color: #c6c6c6;\" href=\"https:\/\/www.baua.de\/DE\/Angebote\/Regelwerk\/TRBS\/TRBS-1201\" target=\"_blank\" rel=\"noopener\">TRBS 1201<\/a><\/span> est test\u00e9 de mani\u00e8re fiable.<\/p>\n<p>En bref : vous vous concentrez sur votre processus - nous nous occupons de votre s\u00e9curit\u00e9 contre les explosions.<\/p>\n\t\t\n<style>\n#text-1623626235 {\n  text-align: left;\n  color: rgb(255, 255, 255);\n}\n#text-1623626235 > * {\n  color: rgb(255, 255, 255);\n}\n<\/style>\n\t<\/div>\n\t\n\t\t<\/div>\n\t\t\t\t\n<style>\n#col-675349101 > .col-inner {\n  padding: 10px 10px 10px 20px;\n}\n<\/style>\n\t<\/div>\n\n\t\n<\/div>\n\t\t<\/div>\n\n\t\t\n<style>\n#section_1292494746 {\n  padding-top: 20px;\n  padding-bottom: 20px;\n  background-color: rgb(61, 70, 77);\n}\n@media (min-width:550px) {\n  #section_1292494746 {\n    padding-top: 30px;\n    padding-bottom: 30px;\n  }\n}\n<\/style>\n\t<\/section>\n\t\n\n  <div class=\"banner has-hover\" id=\"banner-1516399045\">\n          <div class=\"banner-inner fill\">\n        <div class=\"banner-bg fill\" >\n            <img loading=\"lazy\" decoding=\"async\" width=\"2264\" height=\"1259\" src=\"https:\/\/ptm-mechatronics.com\/wp-content\/uploads\/2025\/12\/Freundlicher-Mann-im-Business-Outfit-2-3.jpg\" class=\"bg attachment-original size-original\" alt=\"\" \/>                                    \n                    <\/div>\n\t\t\n        <div class=\"banner-layers container\">\n            <div class=\"fill banner-link\"><\/div>            \n   <div id=\"text-box-535462357\" class=\"text-box banner-layer x5 md-x5 lg-x15 y50 md-y50 lg-y30 res-text\">\n                     <div data-animate=\"fadeInDown\">           <div class=\"text-box-content text dark\">\n              \n              <div class=\"text-inner text-center\">\n                  \n<h3 class=\"uppercase\">Prendre rendez-vous<\/h3>\n<p>Convenez d'un rendez-vous de maintenance avec l'un de nos techniciens de service.<\/p>\n<a href=\"https:\/\/calendly.com\/ptmca\/30min\" target=\"_blank\" class=\"button primary\" rel=\"noopener\" style=\"border-radius:10px;\">\n\t\t<span>Prendre rendez-vous<\/span>\n\t<\/a>\n\n              <\/div>\n           <\/div>\n       <\/div>                     \n<style>\n#text-box-535462357 {\n  width: 62%;\n}\n#text-box-535462357 .text-box-content {\n  font-size: 100%;\n}\n@media (min-width:550px) {\n  #text-box-535462357 {\n    width: 56%;\n  }\n}\n@media (min-width:850px) {\n  #text-box-535462357 {\n    width: 43%;\n  }\n}\n<\/style>\n    <\/div>\n \n        <\/div>\n      <\/div>\n\n            \n<style>\n#banner-1516399045 {\n  padding-top: 307px;\n}\n@media (min-width:550px) {\n  #banner-1516399045 {\n    padding-top: 368px;\n  }\n}\n@media (min-width:850px) {\n  #banner-1516399045 {\n    padding-top: 516px;\n  }\n}\n<\/style>\n  <\/div>","protected":false},"excerpt":{"rendered":"","protected":false},"author":5,"featured_media":13684,"parent":0,"menu_order":0,"comment_status":"closed","ping_status":"closed","template":"","meta":{"_acf_changed":false,"footnotes":""},"class_list":["post-15788","page","type-page","status-publish","has-post-thumbnail","hentry"],"acf":[],"_links":{"self":[{"href":"https:\/\/ptm-mechatronics.com\/fr\/wp-json\/wp\/v2\/pages\/15788","targetHints":{"allow":["GET"]}}],"collection":[{"href":"https:\/\/ptm-mechatronics.com\/fr\/wp-json\/wp\/v2\/pages"}],"about":[{"href":"https:\/\/ptm-mechatronics.com\/fr\/wp-json\/wp\/v2\/types\/page"}],"author":[{"embeddable":true,"href":"https:\/\/ptm-mechatronics.com\/fr\/wp-json\/wp\/v2\/users\/5"}],"replies":[{"embeddable":true,"href":"https:\/\/ptm-mechatronics.com\/fr\/wp-json\/wp\/v2\/comments?post=15788"}],"version-history":[{"count":7,"href":"https:\/\/ptm-mechatronics.com\/fr\/wp-json\/wp\/v2\/pages\/15788\/revisions"}],"predecessor-version":[{"id":15865,"href":"https:\/\/ptm-mechatronics.com\/fr\/wp-json\/wp\/v2\/pages\/15788\/revisions\/15865"}],"wp:featuredmedia":[{"embeddable":true,"href":"https:\/\/ptm-mechatronics.com\/fr\/wp-json\/wp\/v2\/media\/13684"}],"wp:attachment":[{"href":"https:\/\/ptm-mechatronics.com\/fr\/wp-json\/wp\/v2\/media?parent=15788"}],"curies":[{"name":"wp","href":"https:\/\/api.w.org\/{rel}","templated":true}]}}