{"id":13599,"date":"2025-05-14T09:37:19","date_gmt":"2025-05-14T07:37:19","guid":{"rendered":"https:\/\/ptm-mechatronics.com\/?page_id=13599"},"modified":"2025-05-14T09:41:19","modified_gmt":"2025-05-14T07:41:19","slug":"widerrufsrecht","status":"publish","type":"page","link":"https:\/\/ptm-mechatronics.com\/fr\/widerrufsrecht\/","title":{"rendered":"Droit de r\u00e9tractation"},"content":{"rendered":"<section class=\"section\" id=\"section_1540378242\">\n\t\t<div class=\"section-bg fill\" >\n\t\t\t\t\t\t\t\t\t<div class=\"section-bg-overlay absolute fill\"><\/div>\n\t\t\t\n\n\t\t<\/div>\n\n\t\t\n\n\t\t<div class=\"section-content relative\">\n\t\t\t\n<h3 data-start=\"269\" data-end=\"308\"><span class=\"_fadeIn_m1hgl_8\">Pas de <\/span><span class=\"_fadeIn_m1hgl_8\">Droit de r\u00e9tractation <\/span><span class=\"_fadeIn_m1hgl_8\">pour <\/span><span class=\"_fadeIn_m1hgl_8\">Entrepreneur<\/span><\/h3>\n<p data-start=\"310\" data-end=\"601\"><span class=\"_fadeIn_m1hgl_8\">Notre <\/span><span class=\"_fadeIn_m1hgl_8\">Offre <\/span><span class=\"_fadeIn_m1hgl_8\">oriente <\/span><span class=\"_fadeIn_m1hgl_8\">se <\/span><span class=\"_fadeIn_m1hgl_8\">exclusivement <\/span><span class=\"_fadeIn_m1hgl_8\">\u00e0 <\/span><span class=\"_fadeIn_m1hgl_8\">Entrepreneur <\/span><span class=\"_fadeIn_m1hgl_8\">sur le site <\/span><span class=\"_fadeIn_m1hgl_8\">Sens <\/span><span class=\"_fadeIn_m1hgl_8\">du site <a href=\"https:\/\/www.gesetze-im-internet.de\/bgb\/__14.html\" target=\"_blank\" rel=\"noopener\">\u00a7 <\/a><\/span><span class=\"_fadeIn_m1hgl_8\">14 <\/span><span class=\"_fadeIn_m1hgl_8\">BGB<\/span><span class=\"_fadeIn_m1hgl_8\">, <\/span><span class=\"_fadeIn_m1hgl_8\">donc <\/span><span class=\"_fadeIn_m1hgl_8\">\u00e0 <\/span><span class=\"_fadeIn_m1hgl_8\">naturel <\/span><span class=\"_fadeIn_m1hgl_8\">ou <\/span><span class=\"_fadeIn_m1hgl_8\">juridique <\/span><span class=\"_fadeIn_m1hgl_8\">Personnes <\/span><span class=\"_fadeIn_m1hgl_8\">respectivement. <\/span><span class=\"_fadeIn_m1hgl_8\">dot\u00e9 d'une personnalit\u00e9 juridique <\/span><span class=\"_fadeIn_m1hgl_8\">les soci\u00e9t\u00e9s de personnes, <\/span><span class=\"_fadeIn_m1hgl_8\">le <\/span><span class=\"_fadeIn_m1hgl_8\">chez <\/span><span class=\"_fadeIn_m1hgl_8\">Conclusion <\/span><span class=\"_fadeIn_m1hgl_8\">du site <\/span><span class=\"_fadeIn_m1hgl_8\">Acte juridique <\/span><span class=\"_fadeIn_m1hgl_8\">dans <\/span><span class=\"_fadeIn_m1hgl_8\">Exercice <\/span><span class=\"_fadeIn_m1hgl_8\">de leur <\/span><span class=\"_fadeIn_m1hgl_8\">commercial <\/span><span class=\"_fadeIn_m1hgl_8\">ou <\/span><span class=\"_fadeIn_m1hgl_8\">ind\u00e9pendant <\/span><span class=\"_fadeIn_m1hgl_8\">professionnel <\/span><span class=\"_fadeIn_m1hgl_8\">Activit\u00e9 <\/span><span class=\"_fadeIn_m1hgl_8\">agir.<\/span><\/p>\n<p data-start=\"603\" data-end=\"659\"><span class=\"_fadeIn_m1hgl_8\">Un <\/span><span class=\"_fadeIn_m1hgl_8\">l\u00e9gal <\/span><span class=\"_fadeIn_m1hgl_8\">Droit de r\u00e9tractation <\/span><span class=\"_fadeIn_m1hgl_8\">existe <\/span><span class=\"_fadeIn_m1hgl_8\">donc <\/span><span class=\"_fadeIn_m1hgl_8\">pas.<\/span><\/p>\n<h3 data-start=\"661\" data-end=\"699\"><span class=\"_fadeIn_m1hgl_8\">Pourquoi <\/span><span class=\"_fadeIn_m1hgl_8\">sans objet <\/span><span class=\"_fadeIn_m1hgl_8\">le <\/span><span class=\"_fadeIn_m1hgl_8\">Droit de r\u00e9tractation ?<\/span><\/h3>\n<p data-start=\"701\" data-end=\"976\"><span class=\"_fadeIn_m1hgl_8\">Le site <\/span><span class=\"_fadeIn_m1hgl_8\">Droit de r\u00e9tractation <\/span><span class=\"_fadeIn_m1hgl_8\">selon <a href=\"https:\/\/www.gesetze-im-internet.de\/bgb\/__355.html\" target=\"_blank\" rel=\"noopener\">\u00a7 <\/a><\/span><a href=\"\/fr\/_wp_link_placeholder\/\"><span class=\"_fadeIn_m1hgl_8\">355 <\/span><span class=\"_fadeIn_m1hgl_8\">BGB <\/span><\/a><span class=\"_fadeIn_m1hgl_8\">s'applique <\/span><span class=\"_fadeIn_m1hgl_8\">exclusivement <\/span><span class=\"_fadeIn_m1hgl_8\">pour <\/span><span class=\"_fadeIn_m1hgl_8\">consommateurs. <\/span><span class=\"_fadeIn_m1hgl_8\">Puisque <\/span><span class=\"_fadeIn_m1hgl_8\">nous <\/span><span class=\"_fadeIn_m1hgl_8\">exclusivement <\/span><span class=\"_fadeIn_m1hgl_8\">avec <\/span><span class=\"_fadeIn_m1hgl_8\">Clients professionnels <\/span><span class=\"_fadeIn_m1hgl_8\">travailler ensemble, <\/span><span class=\"_fadeIn_m1hgl_8\">sans objet <\/span><span class=\"_fadeIn_m1hgl_8\">le <\/span><span class=\"_fadeIn_m1hgl_8\">Obligatoire <\/span><span class=\"_fadeIn_m1hgl_8\">vers <\/span><span class=\"_fadeIn_m1hgl_8\">Concession <\/span><span class=\"_fadeIn_m1hgl_8\">d'un <\/span><span class=\"_fadeIn_m1hgl_8\">un tel <\/span><span class=\"_fadeIn_m1hgl_8\">droit de r\u00e9tractation. <\/span><span class=\"_fadeIn_m1hgl_8\">Ce <\/span><span class=\"_fadeIn_m1hgl_8\">R\u00e9gulation <\/span><span class=\"_fadeIn_m1hgl_8\">sert \u00e0 <\/span><span class=\"_fadeIn_m1hgl_8\">le <\/span><span class=\"_fadeIn_m1hgl_8\">Clart\u00e9 <\/span><span class=\"_fadeIn_m1hgl_8\">et <\/span><span class=\"_fadeIn_m1hgl_8\">le <\/span><span class=\"_fadeIn_m1hgl_8\">\u00c9quit\u00e9 <\/span><span class=\"_fadeIn_m1hgl_8\">sur le site <\/span><span class=\"_fadeIn_m1hgl_8\">d'affaires <\/span><span class=\"_fadeIn_m1hgl_8\">Trafic.<\/span><\/p>\n<h3 data-start=\"978\" data-end=\"1015\"><span class=\"_fadeIn_m1hgl_8\">Notre site <\/span><span class=\"_fadeIn_m1hgl_8\">volontaire <\/span><span class=\"_fadeIn_m1hgl_8\">R\u00e9gime de faveur<\/span><\/h3>\n<p data-start=\"1017\" data-end=\"1322\"><span class=\"_fadeIn_m1hgl_8\">Aussi <\/span><span class=\"_fadeIn_m1hgl_8\">si <\/span><span class=\"_fadeIn_m1hgl_8\">pas de <\/span><span class=\"_fadeIn_m1hgl_8\">l\u00e9gal <\/span><span class=\"_fadeIn_m1hgl_8\">Droit <\/span><span class=\"_fadeIn_m1hgl_8\">sur <\/span><span class=\"_fadeIn_m1hgl_8\">R\u00e9vocation <\/span><span class=\"_fadeIn_m1hgl_8\">existe, <\/span><span class=\"_fadeIn_m1hgl_8\">est <\/span><span class=\"_fadeIn_m1hgl_8\">nous <\/span><span class=\"_fadeIn_m1hgl_8\">Votre <\/span><span class=\"_fadeIn_m1hgl_8\">Satisfaction <\/span><span class=\"_fadeIn_m1hgl_8\">important. <\/span><span class=\"_fadeIn_m1hgl_8\">Devrait <\/span><span class=\"_fadeIn_m1hgl_8\">il <\/span><span class=\"_fadeIn_m1hgl_8\">une fois <\/span><span class=\"_fadeIn_m1hgl_8\">sur <\/span><span class=\"_fadeIn_m1hgl_8\">Probl\u00e8mes <\/span><span class=\"_fadeIn_m1hgl_8\">avec <\/span><span class=\"_fadeIn_m1hgl_8\">d'une <\/span><span class=\"_fadeIn_m1hgl_8\">Livraison <\/span><span class=\"_fadeIn_m1hgl_8\">ou <\/span><span class=\"_fadeIn_m1hgl_8\">un <\/span><span class=\"_fadeIn_m1hgl_8\">Produit <\/span><span class=\"_fadeIn_m1hgl_8\">venir, <\/span><span class=\"_fadeIn_m1hgl_8\">mettre <\/span><span class=\"_fadeIn_m1hgl_8\">Elle <\/span><span class=\"_fadeIn_m1hgl_8\">se <\/span><span class=\"_fadeIn_m1hgl_8\">s'il vous pla\u00eet <\/span><span class=\"_fadeIn_m1hgl_8\">avec <\/span><span class=\"_fadeIn_m1hgl_8\">nous <\/span><span class=\"_fadeIn_m1hgl_8\">dans <\/span><span class=\"_fadeIn_m1hgl_8\">connexion. <\/span><span class=\"_fadeIn_m1hgl_8\">Nous <\/span><span class=\"_fadeIn_m1hgl_8\">v\u00e9rifier <\/span><span class=\"_fadeIn_m1hgl_8\">ensemble <\/span><span class=\"_fadeIn_m1hgl_8\">un <\/span><span class=\"_fadeIn_m1hgl_8\">orient\u00e9 vers le client <\/span><span class=\"_fadeIn_m1hgl_8\">Solution <\/span><span class=\"_fadeIn_m1hgl_8\">sur le site <\/span><span class=\"_fadeIn_m1hgl_8\">Cadre <\/span><span class=\"_fadeIn_m1hgl_8\">de notre <\/span><span class=\"_fadeIn_m1hgl_8\">R\u00e9gime de faveur<\/span><span class=\"_fadeIn_m1hgl_8\">.<\/span><\/p>\n<p data-start=\"1324\" data-end=\"1439\"><span class=\"_fadeIn_m1hgl_8\">Contacter <\/span><span class=\"_fadeIn_m1hgl_8\">Elle <\/span><span class=\"_fadeIn_m1hgl_8\">nous <\/span><span class=\"_fadeIn_m1hgl_8\">en plus <\/span><span class=\"_fadeIn_m1hgl_8\">simplement <\/span><span class=\"_fadeIn_m1hgl_8\">par <\/span><span class=\"_fadeIn_m1hgl_8\">E-<\/span><span class=\"_fadeIn_m1hgl_8\">Courrier \u00e9lectronique <\/span><span class=\"_fadeIn_m1hgl_8\">\u00e0 l'adresse info@ptm-mechatronics.<\/span><span class=\"_fadeIn_m1hgl_8\">com<\/span> <span class=\"_fadeIn_m1hgl_8\">ou <\/span><span class=\"_fadeIn_m1hgl_8\">par t\u00e9l\u00e9phone <\/span><span class=\"_fadeIn_m1hgl_8\">sous +<\/span><span class=\"_fadeIn_m1hgl_8\">49 8134 25 797 0<\/span><span class=\"_fadeIn_m1hgl_8\">.<\/span><\/p>\n<h3 data-start=\"1441\" data-end=\"1466\"><span class=\"_fadeIn_m1hgl_8\">Autres <\/span><span class=\"_fadeIn_m1hgl_8\">Informations<\/span><\/h3>\n<p data-start=\"1468\" data-end=\"1655\"><span class=\"_fadeIn_m1hgl_8\">d\u00e9taill\u00e9 <\/span><span class=\"_fadeIn_m1hgl_8\">Informations <\/span><span class=\"_fadeIn_m1hgl_8\">trouver <\/span><span class=\"_fadeIn_m1hgl_8\">Elle <\/span><span class=\"_fadeIn_m1hgl_8\">dans <\/span><span class=\"_fadeIn_m1hgl_8\">notre <\/span><a href=\"https:\/\/ptm-mechatronics.com\/fr\/agb\/\" target=\"_blank\" rel=\"noopener\"><span class=\"_fadeIn_m1hgl_8\">G\u00e9n\u00e9ralit\u00e9s <\/span><span class=\"_fadeIn_m1hgl_8\">Conditions g\u00e9n\u00e9rales de vente (<\/span><span class=\"_fadeIn_m1hgl_8\">CONDITIONS G\u00c9N\u00c9RALES DE VENTE)<\/span><\/a><span class=\"_fadeIn_m1hgl_8\">, <\/span><span class=\"_fadeIn_m1hgl_8\">dans <\/span><span class=\"_fadeIn_m1hgl_8\">dont <\/span><span class=\"_fadeIn_m1hgl_8\">\u00e9galement <\/span><span class=\"_fadeIn_m1hgl_8\">r\u00e9glement\u00e9 <\/span><span class=\"_fadeIn_m1hgl_8\">est, <\/span><span class=\"_fadeIn_m1hgl_8\">que <\/span><span class=\"_fadeIn_m1hgl_8\">notre <\/span><span class=\"_fadeIn_m1hgl_8\">Offre <\/span><span class=\"_fadeIn_m1hgl_8\">exclusivement <\/span><span class=\"_fadeIn_m1hgl_8\">pour <\/span><span class=\"_fadeIn_m1hgl_8\">commercial <\/span><span class=\"_fadeIn_m1hgl_8\">Clients <\/span><span class=\"_fadeIn_m1hgl_8\">s'applique.<\/span><\/p>\n\t\t<\/div>\n\n\t\t\n<style>\n#section_1540378242 {\n  padding-top: 30px;\n  padding-bottom: 30px;\n}\n#section_1540378242 .section-bg-overlay {\n  background-color: rgba(255, 255, 255, 0.459);\n}\n<\/style>\n\t<\/section>","protected":false},"excerpt":{"rendered":"","protected":false},"author":5,"featured_media":0,"parent":0,"menu_order":0,"comment_status":"closed","ping_status":"closed","template":"","meta":{"_acf_changed":false,"footnotes":""},"class_list":["post-13599","page","type-page","status-publish","hentry"],"acf":[],"_links":{"self":[{"href":"https:\/\/ptm-mechatronics.com\/fr\/wp-json\/wp\/v2\/pages\/13599","targetHints":{"allow":["GET"]}}],"collection":[{"href":"https:\/\/ptm-mechatronics.com\/fr\/wp-json\/wp\/v2\/pages"}],"about":[{"href":"https:\/\/ptm-mechatronics.com\/fr\/wp-json\/wp\/v2\/types\/page"}],"author":[{"embeddable":true,"href":"https:\/\/ptm-mechatronics.com\/fr\/wp-json\/wp\/v2\/users\/5"}],"replies":[{"embeddable":true,"href":"https:\/\/ptm-mechatronics.com\/fr\/wp-json\/wp\/v2\/comments?post=13599"}],"version-history":[{"count":6,"href":"https:\/\/ptm-mechatronics.com\/fr\/wp-json\/wp\/v2\/pages\/13599\/revisions"}],"predecessor-version":[{"id":13608,"href":"https:\/\/ptm-mechatronics.com\/fr\/wp-json\/wp\/v2\/pages\/13599\/revisions\/13608"}],"wp:attachment":[{"href":"https:\/\/ptm-mechatronics.com\/fr\/wp-json\/wp\/v2\/media?parent=13599"}],"curies":[{"name":"wp","href":"https:\/\/api.w.org\/{rel}","templated":true}]}}